{"id":238828,"date":"2025-03-21T01:58:44","date_gmt":"2025-03-21T01:58:44","guid":{"rendered":"https:\/\/linkxa.es\/contratacion\/producto\/monitor-dell-p2424ht-23-8-pulgadas-fhd-60hz\/"},"modified":"2025-10-09T20:31:20","modified_gmt":"2025-10-09T20:31:20","slug":"monitor-dell-p2424ht-23-8-pulgadas-fhd-60hz","status":"publish","type":"product","link":"https:\/\/linkxa.es\/linkshop\/producto\/monitor-dell-p2424ht-23-8-pulgadas-fhd-60hz\/","title":{"rendered":"Monitor dell p2424ht 23.8 pulgadas fhd 60hz"},"content":{"rendered":"<div style=\"text-align: center; margin-bottom: 20px;\">\n<h2 style=\"font-size: 22px; font-weight: 600; margin: 0; color: #333;\">Dell \u00a0|\u00a0 Monitores<\/h2>\n<\/div>\n<p style=\"max-width: 700px; margin: 0px auto 30px; font-size: 18px; line-height: 1.6; color: #555555; font-style: italic; text-align: left;\">Ficha T\u00e9cnica<br \/>General<br \/>Tipo de pantalla Monitor LCD con retroiluminaci\u00f3n LED \/ matriz activa TFT<br \/>Tama\u00f1o en diagonal 24&#8243;<br \/>Tama\u00f1o visualizable 23.8&#8243;<br \/>Dispositivos integrados Hub USB 3.2 Gen 1\/USB-C<br \/>Suministro de alimentaci\u00f3n por USB 90 vatios<br \/>Tipo de panel IPS<br \/>Relaci\u00f3n de aspecto 16:9<br \/>Resoluci\u00f3n nativa Full HD (1080p) 1920 x 1080 a 60 Hz<br \/>Paso de pixel 0.2745 mm<br \/>P\u00edxeles por pulgada 93<br \/>Brillo 300 cd\/m<br \/>Relaci\u00f3n de contraste 1000:1 (din\u00e1mico)<br \/>Admisi\u00f3n de color 16,8 millones de colores<br \/>Gama de colores 99% sRGB<br \/>Tiempo de respuesta 5 ms (gris-a-gris r\u00e1pido), 8 ms (gris a gris normal)<br \/>Frecuencia de actualizaci\u00f3n vertical 48 &#8211; 75 Hz<br \/>Frecuencia de actualizaci\u00f3n horizontal 30 &#8211; 88 kHz<br \/>\u00c1ngulo de visi\u00f3n horizontal 178<br \/>\u00c1ngulo de visi\u00f3n vertical 178<br \/>Recubrimiento de pantalla Anti-reflejo, 3H Hard Coating<br \/>Tecnolog\u00eda de retroiluminaci\u00f3n Retroiluminaci\u00f3n LED<br \/>Caracter\u00edsticas Sistema de iluminaci\u00f3n lateral LED, tecnolog\u00eda Flicker Free, Sin mercurio, cristal sin ars\u00e9nico, Dell Easy Arrange, tecnolog\u00eda de luz azul baja, sin bisel de 3 lados, Dell ComfortView Plus<br \/>Dimensiones (Ancho x Profundidad x Altura) 53.88 cm x 24.887 cm x 32.098 cm &#8211; con soporte (posici\u00f3n m\u00e1s baja)<br \/>Peso 7.86 kg<br \/>Audio<br \/>Tipo Altavoces &#8211; mono<br \/>Alimentaci\u00f3n de salida \/ Canal 3 vatios<br \/>Entrada<br \/>Tipo Pantalla t\u00e1ctil<br \/>Conectividad<br \/>Interfaces HDMI (HDCP 1.4)<br \/>DisplayPort 1.2 (HDCP 1.4)<br \/>USB-C 3.2 Gen 1 (alimentaci\u00f3n de hasta 90 W)<br \/>2 x bajada USB 3.2 Gen 1<br \/>Descarga USB-C 3.2 de 1\u00aa gen. (alimentaci\u00f3n de hasta 15 W)<br \/>Descarga USB 3.2 de 1\u00aa generaci\u00f3n con carga de bater\u00eda 1.2 (alimentaci\u00f3n de hasta 10 W)<br \/>LAN<br \/>Salida de audio (mini clavija)<br \/>Mec\u00e1nico<br \/>Ajustes de posici\u00f3n de pantalla Altura, plataforma giratoria, inclinaci\u00f3n<br \/>\u00c1ngulo de inclinaci\u00f3n -5\/+60<br \/>\u00c1ngulo de giro 60<br \/>Ajuste de Altura 110.52 mm<br \/>Interfaz de montaje VESA 100 x 100 mm<br \/>Diverso<br \/>Caracter\u00edsticas Ranura de bloqueo de seguridad (bloqueo de cable de venta por separado), admite interfaz VESA<br \/>Cables incluidos 1 x cable DisplayPort &#8211; DisplayPort a DisplayPort &#8211; 1.8 m<br \/>1 x cable de subida USB 3.2 de 1\u00aa generaci\u00f3n &#8211; USB tipo A a C &#8211; 1.8 m<br \/>1 x cable de subida USB 3.2 de 1\u00aa generaci\u00f3n &#8211; USB-C &#8211; 1.8 m<br \/>Cumplimiento de normas RoHS, NFPA 99, sin BFR, PVC-free, TCO Certified Edge<br \/>Tipo de ranura de seguridad Ranura de seguridad Kensington<br \/>Alimentaci\u00f3n<br \/>Voltaje de entrada CA 100-240 V (50\/60 Hz)<br \/>Consumo el\u00e9ctrico (modo Encendido) 18 W<br \/>Consumo de energ\u00eda (t\u00edpico) 17.75 vatios<br \/>Consumo de energ\u00eda (m\u00e1x.) 190 vatios<br \/>Espera de consumo de energ\u00eda 0.5 vatios<br \/>Consumo el\u00e9ctrico (modo apagado) 0.3 vatios<br \/>Software \/ Requisitos del sistema<br \/>Software incluido Dell Display Manager<br \/>Dimensiones y peso<br \/>Detalles sobre dimensiones y peso Con soporte (posici\u00f3n m\u00e1s baja) &#8211; anchura:53.88 cm &#8211; fondo:24.887 cm &#8211; altura:32.098 cm &#8211; peso:7.86 kg<br \/>Con soporte (posici\u00f3n m\u00e1s alta) &#8211; anchura:53.88 cm &#8211; fondo:24.887 cm &#8211; altura:43.15 cm &#8211; peso:7.86 kg<br \/>Sin soporte &#8211; anchura:53.88 cm &#8211; fondo:5.41 cm &#8211; altura:32.098 cm &#8211; peso:3.86 kg<br \/>Dimensiones y peso (embalaje)<br \/>Peso de embalaje 10.78 kg<br \/>Informaci\u00f3n de sostenibilidad<br \/>De acuerdo con EPEAT EPEAT Gold<br \/>Certificaci\u00f3n ENERGY STAR S\u00ed<br \/>Versi\u00f3n ENERGY STAR 8.0<br \/>Huella de carbono 633 kg de emisiones de carbono<br \/>Garant\u00eda del fabricante<br \/>Servicios incluidos 3 a\u00f1os de Garant\u00eda limitada de hardware con Servicio de intercambio avanzado y Intercambio de paneles Premium<br \/>Par\u00e1metros de entorno<br \/>Temperatura m\u00ednima de funcionamiento 0 C<br \/>Temperatura m\u00e1xima de funcionamiento 40 C<br \/>\u00c1mbito de humedad de funcionamiento 10 &#8211; 80% (sin condensaci\u00f3n)<\/p>\n","protected":false},"excerpt":{"rendered":"<p>Monitor dell p2424ht 23.8 pulgadas fhd 60hz tactil<\/p>\n","protected":false},"featured_media":238829,"comment_status":"open","ping_status":"open","template":"","meta":{"_et_pb_use_builder":"","_et_pb_old_content":"","_et_gb_content_width":""},"product_brand":[2558],"product_cat":[3647,2058,2644,2643],"product_tag":[2559,2647,2646],"class_list":{"0":"post-238828","1":"product","2":"type-product","3":"status-publish","4":"has-post-thumbnail","6":"product_brand-dell","7":"product_cat-dell","8":"product_cat-dispositivos","9":"product_cat-monitores","10":"product_cat-monitores-y-tv","11":"product_tag-dell","12":"product_tag-monitores","13":"product_tag-monitores-y-tv","14":"pa_canon-digital-0-e-incluida","15":"pa_categoria-monitores-y-tv","16":"pa_marca-dell","17":"pa_peso-3639","18":"pa_ref-dsp0000023234","20":"first","21":"instock","22":"sale","23":"taxable","24":"shipping-taxable","25":"purchasable","26":"product-type-simple"},"_links":{"self":[{"href":"https:\/\/linkxa.es\/linkshop\/wp-json\/wp\/v2\/product\/238828","targetHints":{"allow":["GET"]}}],"collection":[{"href":"https:\/\/linkxa.es\/linkshop\/wp-json\/wp\/v2\/product"}],"about":[{"href":"https:\/\/linkxa.es\/linkshop\/wp-json\/wp\/v2\/types\/product"}],"replies":[{"embeddable":true,"href":"https:\/\/linkxa.es\/linkshop\/wp-json\/wp\/v2\/comments?post=238828"}],"wp:featuredmedia":[{"embeddable":true,"href":"https:\/\/linkxa.es\/linkshop\/wp-json\/wp\/v2\/media\/238829"}],"wp:attachment":[{"href":"https:\/\/linkxa.es\/linkshop\/wp-json\/wp\/v2\/media?parent=238828"}],"wp:term":[{"taxonomy":"product_brand","embeddable":true,"href":"https:\/\/linkxa.es\/linkshop\/wp-json\/wp\/v2\/product_brand?post=238828"},{"taxonomy":"product_cat","embeddable":true,"href":"https:\/\/linkxa.es\/linkshop\/wp-json\/wp\/v2\/product_cat?post=238828"},{"taxonomy":"product_tag","embeddable":true,"href":"https:\/\/linkxa.es\/linkshop\/wp-json\/wp\/v2\/product_tag?post=238828"}],"curies":[{"name":"wp","href":"https:\/\/api.w.org\/{rel}","templated":true}]}}