{"id":238835,"date":"2025-02-20T14:11:56","date_gmt":"2025-02-20T14:11:56","guid":{"rendered":"https:\/\/linkxa.es\/contratacion\/producto\/monitor-dahua-dhi-lm22-b201s-21-1-pulgadas-fhd-75hz\/"},"modified":"2025-10-09T20:32:51","modified_gmt":"2025-10-09T20:32:51","slug":"monitor-dahua-dhi-lm22-b201s-21-1-pulgadas-fhd-75hz","status":"publish","type":"product","link":"https:\/\/linkxa.es\/linkshop\/producto\/monitor-dahua-dhi-lm22-b201s-21-1-pulgadas-fhd-75hz\/","title":{"rendered":"Monitor dahua dhi &#8211; lm22 &#8211; b201s 21.1 pulgadas fhd 75hz"},"content":{"rendered":"<div style=\"text-align: center; margin-bottom: 20px;\">\n<h2 style=\"font-size: 22px; font-weight: 600; margin: 0; color: #333;\">Dahua \u00a0|\u00a0 Monitores<\/h2>\n<\/div>\n<p style=\"max-width: 700px; margin: 0px auto 30px; font-size: 18px; line-height: 1.6; color: #555555; font-style: italic; text-align: left;\">Destacado<\/p>\n<p>Hogar 54 cm (21.2&#8243;) LCD IPS<br \/>Full HD 1920 x 1080 Pixeles 16:9<br \/>75 Hz 4 ms 250 cd \/ m\u00b2 1000:1<br \/>22 W<\/p>\n<p>Dahua Technology LM22-B201S. Diagonal de la pantalla: 54 cm (21.2&#8243;), Resoluci\u00f3n de la pantalla: 1920 x 1080 Pixeles, Tipo HD: Full HD, Tecnolog\u00eda de visualizaci\u00f3n: LCD, Tiempo de respuesta: 4 ms,<br \/>Relaci\u00f3n de aspecto nativa: 16:9, \u00c1ngulo de visi\u00f3n, horizontal: 178\u00b0, \u00c1ngulo de visi\u00f3n, vertical: 178\u00b0. Altavoces incorporados. montaje VESA. Color del producto: Negro<\/p>\n<p>Peso y dimensiones<br \/>Altura del dispositivo (con soporte)<br \/>284 mm<br \/>Ancho del dispositivo (con soporte)<br \/>492,7 mm<br \/>Ancho del marco (lateral)<br \/>3,3 mm<br \/>Ancho del marco (superior)<br \/>3,3 mm<br \/>Ancho del marco (inferior)<br \/>1,52 cm<br \/>Peso (con soporte)<br \/>2,18 kg<br \/>Profundidad dispositivo (con soporte)<br \/>48,4 mm<br \/>Control de energ\u00eda<br \/>Voltaje de salida de adaptador AC<br \/>12 V<br \/>Consumo energ\u00e9tico<br \/>22 W<br \/>Consumo de energ\u00eda (inactivo)<br \/>0,5 W<br \/>Tipo de fuente de alimentaci\u00f3n<br \/>Externo<br \/>Exhibici\u00f3n<br \/>Brillo de la pantalla (t\u00edpico)<br \/>250 cd \/ m\u00b2<br \/>Diagonal de la pantalla<br \/>54 cm (21.2&#8243;)<br \/>Forma de la pantalla<br \/>Plana<br \/>Tipo HD<br \/>Full HD<br \/>M\u00e1xima velocidad de actualizaci\u00f3n<br \/>75 Hz<br \/>N\u00famero de colores de la pantalla<br \/>16,7 millones de colores<br \/>Pantalla t\u00e1ctil<br \/>No<br \/>Raz\u00f3n de contraste (t\u00edpica)<br \/>1000:1<br \/>Relaci\u00f3n de aspecto nativa<br \/>16:9<br \/>Resoluci\u00f3n de la pantalla<br \/>1920 x 1080 Pixeles<br \/>Tecnolog\u00eda de visualizaci\u00f3n<br \/>LCD<br \/>Tiempo de respuesta<br \/>4 ms<br \/>Tipo de pantalla<br \/>IPS<br \/>Tipo de retroiluminaci\u00f3n<br \/>LED<br \/>\u00c1ngulo de visi\u00f3n, horizontal<br \/>178\u00b0<br \/>\u00c1ngulo de visi\u00f3n, vertical<br \/>178\u00b0<br \/>Condiciones ambientales<br \/>Intervalo de temperatura operativa<br \/>0 &#8211; 40 \u00b0C<br \/>Intervalo de humedad relativa para funcionamiento<br \/>10 &#8211; 85%<br \/>Puertos e Interfaces<br \/>Cantidad de puertos VGA (D-Sub)<br \/>1<br \/>Conector USB incorporado<br \/>No<br \/>HDMI<br \/>Si<br \/>N\u00famero de puertos HDMI<br \/>1<br \/>Salida de auriculares<br \/>No<\/p>\n<p>Ergonom\u00eda<br \/>Interfaz de panel de montaje<br \/>75 x 75 mm<br \/>montaje VESA<br \/>Si<br \/>Dise\u00f1o<br \/>Certificaci\u00f3n<br \/>CE<br \/>Color del producto<br \/>Negro<br \/>Posicionamiento de mercado<br \/>Hogar<br \/>Multimedia<br \/>Altavoces incorporados<br \/>Si<br \/>C\u00e1mara incorporada<br \/>No<br \/>N\u00famero de altavoces<br \/>2<br \/>Potencia estimada RMS<br \/>2 W<br \/>Empaquetado<br \/>Altura del paquete<br \/>99 mm<br \/>Ancho del paquete<br \/>598 mm<br \/>Peso del paquete<br \/>3,12 kg<br \/>Profundidad del paquete<br \/>366 mm<br \/>Contenido del embalaje<br \/>Cables incluidos<br \/>HDMI<br \/>Stand incluido<br \/>Si<\/p>\n","protected":false},"excerpt":{"rendered":"<p>Monitor dahua dhi &#8211; lm22 &#8211; b201s 21.1 pulgadas fhd 75hz<\/p>\n","protected":false},"featured_media":238836,"comment_status":"open","ping_status":"open","template":"","meta":{"_et_pb_use_builder":"","_et_pb_old_content":"","_et_gb_content_width":""},"product_brand":[2700],"product_cat":[3643,2058,2644,2643],"product_tag":[2701,2647,2646],"class_list":{"0":"post-238835","1":"product","2":"type-product","3":"status-publish","4":"has-post-thumbnail","6":"product_brand-dahua","7":"product_cat-dahua","8":"product_cat-dispositivos","9":"product_cat-monitores","10":"product_cat-monitores-y-tv","11":"product_tag-dahua","12":"product_tag-monitores","13":"product_tag-monitores-y-tv","14":"pa_canon-digital-0-e-incluida","15":"pa_categoria-monitores-y-tv","16":"pa_marca-dahua","17":"pa_peso-3803","18":"pa_ref-dsp0000023289","20":"first","21":"instock","22":"sale","23":"taxable","24":"shipping-taxable","25":"purchasable","26":"product-type-simple"},"_links":{"self":[{"href":"https:\/\/linkxa.es\/linkshop\/wp-json\/wp\/v2\/product\/238835","targetHints":{"allow":["GET"]}}],"collection":[{"href":"https:\/\/linkxa.es\/linkshop\/wp-json\/wp\/v2\/product"}],"about":[{"href":"https:\/\/linkxa.es\/linkshop\/wp-json\/wp\/v2\/types\/product"}],"replies":[{"embeddable":true,"href":"https:\/\/linkxa.es\/linkshop\/wp-json\/wp\/v2\/comments?post=238835"}],"wp:featuredmedia":[{"embeddable":true,"href":"https:\/\/linkxa.es\/linkshop\/wp-json\/wp\/v2\/media\/238836"}],"wp:attachment":[{"href":"https:\/\/linkxa.es\/linkshop\/wp-json\/wp\/v2\/media?parent=238835"}],"wp:term":[{"taxonomy":"product_brand","embeddable":true,"href":"https:\/\/linkxa.es\/linkshop\/wp-json\/wp\/v2\/product_brand?post=238835"},{"taxonomy":"product_cat","embeddable":true,"href":"https:\/\/linkxa.es\/linkshop\/wp-json\/wp\/v2\/product_cat?post=238835"},{"taxonomy":"product_tag","embeddable":true,"href":"https:\/\/linkxa.es\/linkshop\/wp-json\/wp\/v2\/product_tag?post=238835"}],"curies":[{"name":"wp","href":"https:\/\/api.w.org\/{rel}","templated":true}]}}