{"id":238841,"date":"2025-08-20T22:33:27","date_gmt":"2025-08-20T22:33:27","guid":{"rendered":"https:\/\/linkxa.es\/contratacion\/producto\/monitor-dell-p2424heb-23-8-pulgadas-60hz\/"},"modified":"2025-10-09T20:34:50","modified_gmt":"2025-10-09T20:34:50","slug":"monitor-dell-p2424heb-23-8-pulgadas-60hz","status":"publish","type":"product","link":"https:\/\/linkxa.es\/linkshop\/producto\/monitor-dell-p2424heb-23-8-pulgadas-60hz\/","title":{"rendered":"Monitor dell p2424heb 23.8 pulgadas 60hz"},"content":{"rendered":"<div style=\"text-align: center; margin-bottom: 20px;\">\n<h2 style=\"font-size: 22px; font-weight: 600; margin: 0; color: #333;\">Dell \u00a0|\u00a0 Monitores<\/h2>\n<\/div>\n<p style=\"max-width: 700px; margin: 0px auto 30px; font-size: 18px; line-height: 1.6; color: #555555; font-style: italic; text-align: left;\">Ficha T\u00e9cnica<br \/>General<br \/>Tipo de pantalla Monitor LCD con retroiluminaci\u00f3n LED \/ matriz activa TFT<br \/>Clase energ\u00e9tica Clase E<br \/>Tama\u00f1o en diagonal 24&#8243;<br \/>Tama\u00f1o visualizable 23.8&#8243;<br \/>Dispositivos integrados 2 micr\u00f3fonos, c\u00e1mara IR, sensor de proximidad, hub USB 3.2 Gen 1\/USB-C, c\u00e1mara RGB, sensor de IR<br \/>Suministro de alimentaci\u00f3n por USB 90 vatios<br \/>Tipo de panel IPS<br \/>Relaci\u00f3n de aspecto 16:9<br \/>Resoluci\u00f3n nativa Full HD (1080p) 1920 x 1080 a 60 Hz<br \/>Paso de pixel 0.2745 mm<br \/>P\u00edxeles por pulgada 92.56<br \/>Brillo 250 cd\/m<br \/>Relaci\u00f3n de contraste 1000:1<br \/>Admisi\u00f3n de color 16,8 millones de colores<br \/>Gama de colores 99% sRGB<br \/>Tiempo de respuesta 5 ms (gris-a-gris r\u00e1pido), 8 ms (gris a gris normal)<br \/>Frecuencia de actualizaci\u00f3n vertical 56 &#8211; 76 Hz<br \/>Frecuencia de actualizaci\u00f3n horizontal 30 &#8211; 83 kHz<br \/>\u00c1ngulo de visi\u00f3n horizontal 178<br \/>\u00c1ngulo de visi\u00f3n vertical 178<br \/>Recubrimiento de pantalla Anti-reflejo, 3H Hard Coating<br \/>Tecnolog\u00eda de retroiluminaci\u00f3n Retroiluminaci\u00f3n LED<br \/>Caracter\u00edsticas Sistema de colocaci\u00f3n de cables integrado, tecnolog\u00eda Flicker Free, admite conexi\u00f3n en paralelo, Sin mercurio, controlador de OSD, cristal sin ars\u00e9nico, Dell Easy Arrange, sin bisel de 3<br \/>lados, Dell ComfortView Plus<br \/>Dimensiones (Ancho x Profundidad x Altura) 53.804 cm x 18.5 cm x 40.162 cm &#8211; con soporte (posici\u00f3n m\u00e1s baja)<br \/>Peso 6.08 kg<br \/>Webcam integrada<br \/>Resoluci\u00f3n m\u00e1xima del v\u00eddeo 2560 x 1440 a 30 fps<br \/>Zoom digital 4<br \/>Caracter\u00edsticas Obturador de privacidad, Auto Focus, campo de visi\u00f3n de 78, compatible con Windows Hello<br \/>Audio<br \/>Tipo Altavoces &#8211; est\u00e9reo<br \/>Alimentaci\u00f3n de salida \/ Canal 5 vatios<br \/>Conectividad<br \/>Interfaces HDMI (HDCP 1.4)<br \/>DisplayPort 1.2 (HDCP 1.4)<br \/>USB-C 3.2 Gen 1\/DisplayPort 1.2 Alt Mode (alimentaci\u00f3n de hasta 90 W)<br \/>Salida DisplayPort (MST)<br \/>Subida USB-B 3.2 de 1\u00aa gen.<br \/>USB 3.2 Gen 1 (BC 1.2)<br \/>2 x USB 3.2 Gen 1<br \/>LAN<br \/>Salida de audio (mini clavija)<br \/>Descarga USB-C 3.2 de 1\u00aa gen. (solo datos)<br \/>Mec\u00e1nico<br \/>Ajustes de posici\u00f3n de pantalla Altura, pivote (rotaci\u00f3n), plataforma giratoria, inclinaci\u00f3n<br \/>\u00c1ngulo de inclinaci\u00f3n -5\/+21<br \/>\u00c1ngulo de giro 90<br \/>\u00c1ngulo de rotaci\u00f3n 180<br \/>Ajuste de Altura 150 mm<br \/>Interfaz de montaje VESA 100 x 100 mm<br \/>Diverso<br \/>Caracter\u00edsticas Ranura de bloqueo de seguridad (bloqueo de cable de venta por separado), admite interfaz VESA, ranura de bloqueo de soporte antirrobo, Dell Power Button Sync<br \/>Cables incluidos 1 x cable DisplayPort &#8211; DisplayPort a DisplayPort &#8211; 1.8 m<br \/>1 x cable de subida USB 3.2 de 1\u00aa generaci\u00f3n &#8211; USB tipo A a C &#8211; 1.8 m<br \/>1 x cable USB-C &#8211; USB-C &#8211; 1.8 m<br \/>Certificaci\u00f3n de software Certificado por Zoom, Certificado para Equipos de Microsoft, certificado de Cortana de Microsoft<br \/>Cumplimiento de normas Plug and Play, RoHS, NFPA 99, sin BFR, PVC-free<br \/>Tipo de precios BTO<br \/>Tipo de ranura de seguridad Ranura de seguridad Kensington<br \/>Alimentaci\u00f3n<br \/>Voltaje de entrada CA 100-240 V (50\/60 Hz)<br \/>Consumo el\u00e9ctrico (modo Encendido) 15.5 W<br \/>Consumo de energ\u00eda SDR (modo Encendido) 15.5 kWh\/1000h<br \/>Consumo de energ\u00eda (t\u00edpico) 15.38 vatios<br \/>Consumo de energ\u00eda (m\u00e1x.) 195 vatios<br \/>Espera de consumo de energ\u00eda 0.3 vatios<br \/>Consumo el\u00e9ctrico (modo apagado) 0.3 vatios<br \/>Software \/ Requisitos del sistema<br \/>Software incluido Dell Display Manager, Dell Peripheral Manager<br \/>Sistema operativo requerido Windows 10, Apple MacOS 12.4 o posterior, Windows 11 (versi\u00f3n 21H2)<br \/>Dimensiones y peso<br \/>Detalles sobre dimensiones y peso Con soporte (posici\u00f3n m\u00e1s baja) &#8211; anchura:53.804 cm &#8211; fondo:18.5 cm &#8211; altura:40.162 cm &#8211; peso:6.08 kg<br \/>Con soporte (posici\u00f3n m\u00e1s alta) &#8211; anchura:53.804 cm &#8211; fondo:18.5 cm &#8211; altura:55.162 cm &#8211; peso:6.08 kg<br \/>Sin soporte &#8211; anchura:53.804 cm &#8211; fondo:6.053 cm &#8211; altura:37.455 cm &#8211; peso:4.44 kg<br \/>Dimensiones y peso (embalaje)<br \/>Peso de embalaje 8.43 kg<br \/>Informaci\u00f3n de sostenibilidad<br \/>Certificaci\u00f3n ENERGY STAR S\u00ed<br \/>Versi\u00f3n ENERGY STAR 8.0<br \/>Garant\u00eda del fabricante<br \/>Servicios incluidos 3 a\u00f1os de servicio de hardware b\u00e1sico con intercambio avanzado tras diagn\u00f3stico remoto<br \/>Par\u00e1metros de entorno<br \/>Temperatura m\u00ednima de funcionamiento 0 C<br \/>Temperatura m\u00e1xima de funcionamiento 40 C<br \/>\u00c1mbito de humedad de funcionamiento 10 &#8211; 80% (sin condensaci\u00f3n)<\/p>\n","protected":false},"excerpt":{"rendered":"<p>Monitor dell p2424heb 23.8 pulgadas 60hz<\/p>\n","protected":false},"featured_media":238842,"comment_status":"open","ping_status":"open","template":"","meta":{"_et_pb_use_builder":"","_et_pb_old_content":"","_et_gb_content_width":""},"product_brand":[2558],"product_cat":[3647,2058,2644,2643],"product_tag":[2559,2647,2646],"class_list":{"0":"post-238841","1":"product","2":"type-product","3":"status-publish","4":"has-post-thumbnail","6":"product_brand-dell","7":"product_cat-dell","8":"product_cat-dispositivos","9":"product_cat-monitores","10":"product_cat-monitores-y-tv","11":"product_tag-dell","12":"product_tag-monitores","13":"product_tag-monitores-y-tv","14":"pa_canon-digital-0-e-incluida","15":"pa_categoria-monitores-y-tv","16":"pa_marca-dell","17":"pa_peso-3806","18":"pa_ref-dsp0000024053","20":"first","21":"instock","22":"sale","23":"taxable","24":"shipping-taxable","25":"purchasable","26":"product-type-simple"},"_links":{"self":[{"href":"https:\/\/linkxa.es\/linkshop\/wp-json\/wp\/v2\/product\/238841","targetHints":{"allow":["GET"]}}],"collection":[{"href":"https:\/\/linkxa.es\/linkshop\/wp-json\/wp\/v2\/product"}],"about":[{"href":"https:\/\/linkxa.es\/linkshop\/wp-json\/wp\/v2\/types\/product"}],"replies":[{"embeddable":true,"href":"https:\/\/linkxa.es\/linkshop\/wp-json\/wp\/v2\/comments?post=238841"}],"wp:featuredmedia":[{"embeddable":true,"href":"https:\/\/linkxa.es\/linkshop\/wp-json\/wp\/v2\/media\/238842"}],"wp:attachment":[{"href":"https:\/\/linkxa.es\/linkshop\/wp-json\/wp\/v2\/media?parent=238841"}],"wp:term":[{"taxonomy":"product_brand","embeddable":true,"href":"https:\/\/linkxa.es\/linkshop\/wp-json\/wp\/v2\/product_brand?post=238841"},{"taxonomy":"product_cat","embeddable":true,"href":"https:\/\/linkxa.es\/linkshop\/wp-json\/wp\/v2\/product_cat?post=238841"},{"taxonomy":"product_tag","embeddable":true,"href":"https:\/\/linkxa.es\/linkshop\/wp-json\/wp\/v2\/product_tag?post=238841"}],"curies":[{"name":"wp","href":"https:\/\/api.w.org\/{rel}","templated":true}]}}