{"id":238848,"date":"2024-11-30T10:50:21","date_gmt":"2024-11-30T10:50:21","guid":{"rendered":"https:\/\/linkxa.es\/contratacion\/producto\/monitor-dell-p2425-24-pulgadas-wuxga-100hz\/"},"modified":"2025-10-09T20:36:11","modified_gmt":"2025-10-09T20:36:11","slug":"monitor-dell-p2425-24-pulgadas-wuxga-100hz","status":"publish","type":"product","link":"https:\/\/linkxa.es\/linkshop\/producto\/monitor-dell-p2425-24-pulgadas-wuxga-100hz\/","title":{"rendered":"Monitor dell p2425 24 pulgadas wuxga 100hz"},"content":{"rendered":"<div style=\"text-align: center; margin-bottom: 20px;\">\n<h2 style=\"font-size: 22px; font-weight: 600; margin: 0; color: #333;\">Dell \u00a0|\u00a0 Monitores<\/h2>\n<\/div>\n<p style=\"max-width: 700px; margin: 0px auto 30px; font-size: 18px; line-height: 1.6; color: #555555; font-style: italic; text-align: left;\">Ficha T\u00e9cnica<br \/>General<br \/>Tipo de pantalla Monitor LCD con retroiluminaci\u00f3n LED \/ matriz activa TFT<br \/>Clase energ\u00e9tica Clase D<br \/>Tama\u00f1o en diagonal 24&#8243;<br \/>Tama\u00f1o visualizable 24.07&#8243;<br \/>Dispositivos integrados Concentrador USB 3.2 Gen 1<br \/>Suministro de alimentaci\u00f3n por USB 15 vatios<br \/>Tipo de panel IPS<br \/>Relaci\u00f3n de aspecto 16:10<br \/>Resoluci\u00f3n nativa WUXGA 1920 x 1200 (DisplayPort:100 Hz, HDMI:100 Hz, VGA:60 Hz)<br \/>Paso de pixel 0.27 mm<br \/>P\u00edxeles por pulgada 94.07<br \/>Brillo 300 cd\/m<br \/>Relaci\u00f3n de contraste 1500:1<br \/>Admisi\u00f3n de color 16,7 millones de colores<br \/>Gama de colores 99% sRGB<br \/>Tiempo de respuesta 5 ms (gris-a-gris r\u00e1pido), 8 ms (gris a gris normal)<br \/>Frecuencia de actualizaci\u00f3n vertical 48 &#8211; 100 Hz<br \/>Frecuencia de actualizaci\u00f3n horizontal 30 &#8211; 122 kHz<br \/>\u00c1ngulo de visi\u00f3n horizontal 178<br \/>\u00c1ngulo de visi\u00f3n vertical 178<br \/>Recubrimiento de pantalla Anti-glare 3H hardness<br \/>Tecnolog\u00eda de retroiluminaci\u00f3n Retroiluminaci\u00f3n LED<br \/>Caracter\u00edsticas Sistema de iluminaci\u00f3n lateral LED, tecnolog\u00eda Flicker Free, Sin mercurio, controlador de OSD, cristal sin ars\u00e9nico, Dell Easy Arrange, Gran \u00e1ngulo de visualizaci\u00f3n, tecnolog\u00eda de luz azul baja,<br \/>sin bisel de 3 lados, Dell ComfortView Plus<br \/>Dimensiones (Ancho x Profundidad x Altura) 53.18 cm x 18.175 cm x 36.4 cm &#8211; con soporte (posici\u00f3n m\u00e1s baja)<br \/>Peso 4.66 kg<br \/>Conectividad<br \/>Interfaces HDMI (HDCP 1.4)<br \/>DisplayPort 1.2 (HDCP 1.4)<br \/>VGA<br \/>Subida USB 3.2 Gen 1 (Tipo B)<br \/>3 x bajada USB 3.2 Gen 1 (Tipo A)<br \/>Descarga USB-C 3.2 de 1\u00aa gen. (alimentaci\u00f3n de hasta 15 W)<br \/>Mec\u00e1nico<br \/>Ajustes de posici\u00f3n de pantalla Altura, pivote (rotaci\u00f3n), plataforma giratoria, inclinaci\u00f3n<br \/>\u00c1ngulo de inclinaci\u00f3n -5\/+21<br \/>\u00c1ngulo de giro 90<br \/>\u00c1ngulo de rotaci\u00f3n 180<br \/>Ajuste de Altura 150 mm<br \/>Interfaz de montaje VESA 100 x 100 mm<br \/>Diverso<br \/>Caracter\u00edsticas Ranura de bloqueo de seguridad (bloqueo de cable de venta por separado), organizador de cables integrado, admite interfaz VESA<br \/>Cables incluidos 1 x cable DisplayPort 1.2 &#8211; DisplayPort a DisplayPort &#8211; 1.8 m<br \/>1 x cable de subida USB 3.2 de 1\u00aa generaci\u00f3n &#8211; 1.8 m<br \/>Cumplimiento de normas Plug and Play, RoHS, sin BFR, PVC-free<br \/>Tipo de precios BTO<br \/>Tipo de ranura de seguridad Ranura de seguridad Kensington<br \/>Alimentaci\u00f3n<br \/>Voltaje de entrada CA 100-240 V (50\/60 Hz)<br \/>Consumo el\u00e9ctrico (modo Encendido) 13.6 W<br \/>Consumo de energ\u00eda SDR (modo Encendido) 13.6 kWh\/1000h<br \/>Consumo de energ\u00eda (t\u00edpico) 12.2 vatios<br \/>Consumo de energ\u00eda (m\u00e1x.) 74 vatios<br \/>Espera de consumo de energ\u00eda 0.3 vatios<br \/>Consumo el\u00e9ctrico (modo apagado) 0.3 vatios<br \/>Software \/ Requisitos del sistema<br \/>Software incluido Dell Display Manager<br \/>Dimensiones y peso<br \/>Detalles sobre dimensiones y peso Con soporte (posici\u00f3n m\u00e1s baja) &#8211; anchura:53.18 cm &#8211; fondo:18.175 cm &#8211; altura:36.4 cm &#8211; peso:4.66 kg<br \/>Con soporte (posici\u00f3n m\u00e1s alta) &#8211; anchura:53.18 cm &#8211; fondo:18.175 cm &#8211; altura:51.12 cm &#8211; peso:4.66 kg<br \/>Sin soporte &#8211; anchura:53.18 cm &#8211; fondo:5.003 cm &#8211; altura:34.37 cm &#8211; peso:3.15 kg<br \/>Dimensiones y peso (embalaje)<br \/>Peso de embalaje 6.75 kg<br \/>Informaci\u00f3n de sostenibilidad<br \/>Certificaci\u00f3n ENERGY STAR S\u00ed<br \/>Garant\u00eda del fabricante<br \/>Servicios incluidos 3 a\u00f1os de servicio de hardware b\u00e1sico con intercambio avanzado tras diagn\u00f3stico remoto<br \/>Par\u00e1metros de entorno<br \/>Temperatura m\u00ednima de funcionamiento 0 C<br \/>Temperatura m\u00e1xima de funcionamiento 40 C<br \/>\u00c1mbito de humedad de funcionamiento 10 &#8211; 80% (sin condensaci\u00f3n)<\/p>\n","protected":false},"excerpt":{"rendered":"<p>Monitor dell p2425 24 pulgadas wuxga 100hz<\/p>\n","protected":false},"featured_media":233254,"comment_status":"open","ping_status":"open","template":"","meta":{"_et_pb_use_builder":"","_et_pb_old_content":"","_et_gb_content_width":""},"product_brand":[2558],"product_cat":[3647,2058,2644,2643],"product_tag":[2559,2647,2646],"class_list":{"0":"post-238848","1":"product","2":"type-product","3":"status-publish","4":"has-post-thumbnail","6":"product_brand-dell","7":"product_cat-dell","8":"product_cat-dispositivos","9":"product_cat-monitores","10":"product_cat-monitores-y-tv","11":"product_tag-dell","12":"product_tag-monitores","13":"product_tag-monitores-y-tv","14":"pa_canon-digital-0-e-incluida","15":"pa_categoria-monitores-y-tv","16":"pa_marca-dell","17":"pa_peso-3809","18":"pa_ref-dsp0000024792","20":"first","21":"instock","22":"sale","23":"taxable","24":"shipping-taxable","25":"purchasable","26":"product-type-simple"},"_links":{"self":[{"href":"https:\/\/linkxa.es\/linkshop\/wp-json\/wp\/v2\/product\/238848","targetHints":{"allow":["GET"]}}],"collection":[{"href":"https:\/\/linkxa.es\/linkshop\/wp-json\/wp\/v2\/product"}],"about":[{"href":"https:\/\/linkxa.es\/linkshop\/wp-json\/wp\/v2\/types\/product"}],"replies":[{"embeddable":true,"href":"https:\/\/linkxa.es\/linkshop\/wp-json\/wp\/v2\/comments?post=238848"}],"wp:featuredmedia":[{"embeddable":true,"href":"https:\/\/linkxa.es\/linkshop\/wp-json\/wp\/v2\/media\/233254"}],"wp:attachment":[{"href":"https:\/\/linkxa.es\/linkshop\/wp-json\/wp\/v2\/media?parent=238848"}],"wp:term":[{"taxonomy":"product_brand","embeddable":true,"href":"https:\/\/linkxa.es\/linkshop\/wp-json\/wp\/v2\/product_brand?post=238848"},{"taxonomy":"product_cat","embeddable":true,"href":"https:\/\/linkxa.es\/linkshop\/wp-json\/wp\/v2\/product_cat?post=238848"},{"taxonomy":"product_tag","embeddable":true,"href":"https:\/\/linkxa.es\/linkshop\/wp-json\/wp\/v2\/product_tag?post=238848"}],"curies":[{"name":"wp","href":"https:\/\/api.w.org\/{rel}","templated":true}]}}