{"id":238854,"date":"2025-08-08T11:43:29","date_gmt":"2025-08-08T11:43:29","guid":{"rendered":"https:\/\/linkxa.es\/contratacion\/producto\/monitor-dell-u2424h-23-8-pulgadas-fhd-120hz\/"},"modified":"2025-10-09T20:39:06","modified_gmt":"2025-10-09T20:39:06","slug":"monitor-dell-u2424h-23-8-pulgadas-fhd-120hz","status":"publish","type":"product","link":"https:\/\/linkxa.es\/linkshop\/producto\/monitor-dell-u2424h-23-8-pulgadas-fhd-120hz\/","title":{"rendered":"Monitor dell u2424h 23.8 pulgadas fhd 120hz"},"content":{"rendered":"<div style=\"text-align: center; margin-bottom: 20px;\">\n<h2 style=\"font-size: 22px; font-weight: 600; margin: 0; color: #333;\">Dell \u00a0|\u00a0 Monitores<\/h2>\n<\/div>\n<p style=\"max-width: 700px; margin: 0px auto 30px; font-size: 18px; line-height: 1.6; color: #555555; font-style: italic; text-align: left;\">Ficha T\u00e9cnica<br \/>General<br \/>Tipo de pantalla Monitor LCD con retroiluminaci\u00f3n LED \/ matriz activa TFT<br \/>Clase energ\u00e9tica Clase D<br \/>Tama\u00f1o en diagonal 24&#8243;<br \/>Tama\u00f1o visualizable 23.8&#8243;<br \/>Conexi\u00f3n Daisy S\u00ed<br \/>Dispositivos integrados Hub de USB-C\/USB 3.2 de 2\u00aa generaci\u00f3n<br \/>Tipo de panel IPS<br \/>Relaci\u00f3n de aspecto 16:9<br \/>Resoluci\u00f3n nativa Full HD (1080p) 1920 x 1080 a 120 Hz<br \/>Paso de pixel 0.2745 mm<br \/>P\u00edxeles por pulgada 92.53<br \/>Brillo 250 cd\/m<br \/>Relaci\u00f3n de contraste 1000:1<br \/>Admisi\u00f3n de color 16,7 millones de colores<br \/>Gama de colores 100% BT.709, 100% sRGB, 85% DCI-P3<br \/>Tiempo de respuesta 5 ms (r\u00e1pida), 8 ms (normal)<br \/>Frecuencia de actualizaci\u00f3n vertical 48 &#8211; 120 Hz<br \/>Frecuencia de actualizaci\u00f3n horizontal 31 &#8211; 135 kHz<br \/>\u00c1ngulo de visi\u00f3n horizontal 178<br \/>\u00c1ngulo de visi\u00f3n vertical 178<br \/>Recubrimiento de pantalla Anti-reflejo, 3H Hard Coating<br \/>Tecnolog\u00eda de retroiluminaci\u00f3n Retroiluminaci\u00f3n LED<br \/>Caracter\u00edsticas Sistema de iluminaci\u00f3n lateral LED, tecnolog\u00eda Flicker Free, Sin mercurio, cristal sin ars\u00e9nico, Dell Easy Arrange, Gran \u00e1ngulo de visualizaci\u00f3n, calibraci\u00f3n Delta E&#038;lt,2, sin bisel de 3 lados, \u00e1rea<br \/>de visualizaci\u00f3n activa de 527&#215;296 mm<br \/>Dimensiones (Ancho x Profundidad x Altura) 53.864 cm x 4.91 cm x 31.121 cm &#8211; sin soporte<br \/>Peso 3.52 kg<br \/>Conectividad<br \/>Interfaces HDMI (HDCP 1.4)<br \/>DisplayPort 1.4 (HDCP 1.4)<br \/>Salida DisplayPort (HDCP 1.4, MST)<br \/>USB-C 3,2 Gen 2 de subida<br \/>Descarga USB-C 3.2 generaci\u00f3n 2 (alimentaci\u00f3n de hasta 15 W)<br \/>2 x descarga USB 3.2 de 2\u00aa gen.<br \/>Descarga por USB 3.2 de 2\u00aa generaci\u00f3n con carga de bater\u00eda 1.2<br \/>Salida de audio (mini clavija)<br \/>Mec\u00e1nico<br \/>Interfaz de montaje VESA 100 x 100 mm<br \/>Diverso<br \/>Caracter\u00edsticas Ranura de bloqueo de seguridad (bloqueo de cable de venta por separado), admite interfaz VESA, sensor de brillo, anillo de administraci\u00f3n de cables<br \/>Cables incluidos 1 x cable DisplayPort &#8211; DisplayPort a DisplayPort &#8211; 1.8 m<br \/>1 x cable USB 3.2 Gen 2 de tipo A a tipo C &#8211; 1 m<br \/>Cumplimiento de normas RoHS, TUV Rheinland Low Blue Light Certification, sin BFR, PVC-free<br \/>Tipo de ranura de seguridad Ranura de seguridad Kensington<br \/>Alimentaci\u00f3n<br \/>Voltaje de entrada CA 100-240 V (50\/60 Hz)<br \/>Consumo el\u00e9ctrico (modo Encendido) 13.7 W<br \/>Consumo de energ\u00eda SDR (modo Encendido) 13.7 kWh\/1000h<br \/>Consumo de energ\u00eda (t\u00edpico) 11.3 vatios<br \/>Consumo de energ\u00eda (m\u00e1x.) 72 vatios<br \/>Espera de consumo de energ\u00eda 0.5 vatios<br \/>Consumo el\u00e9ctrico (modo apagado) 0.3 vatios<br \/>Software \/ Requisitos del sistema<br \/>Software incluido Dell Display Manager<br \/>Dimensiones y peso (embalaje)<br \/>Peso de embalaje 6.35 kg<br \/>Informaci\u00f3n de sostenibilidad<br \/>De acuerdo con EPEAT EPEAT Gold<br \/>Certificaci\u00f3n ENERGY STAR S\u00ed<br \/>Huella de carbono 502 kg de emisiones de carbono<br \/>Garant\u00eda del fabricante<br \/>Servicios incluidos 3 a\u00f1os de servicio de intercambio avanzado<br \/>Par\u00e1metros de entorno<br \/>Temperatura m\u00ednima de funcionamiento 0 C<br \/>Temperatura m\u00e1xima de funcionamiento 40 C<br \/>\u00c1mbito de humedad de funcionamiento 10 &#8211; 80% (sin condensaci\u00f3n)<\/p>\n","protected":false},"excerpt":{"rendered":"<p>Monitor dell u2424h 23.8 pulgadas fhd 120hz<\/p>\n","protected":false},"featured_media":238855,"comment_status":"open","ping_status":"open","template":"","meta":{"_et_pb_use_builder":"","_et_pb_old_content":"","_et_gb_content_width":""},"product_brand":[2558],"product_cat":[3647,2058,2644,2643],"product_tag":[2559,2647,2646],"class_list":{"0":"post-238854","1":"product","2":"type-product","3":"status-publish","4":"has-post-thumbnail","6":"product_brand-dell","7":"product_cat-dell","8":"product_cat-dispositivos","9":"product_cat-monitores","10":"product_cat-monitores-y-tv","11":"product_tag-dell","12":"product_tag-monitores","13":"product_tag-monitores-y-tv","14":"pa_canon-digital-0-e-incluida","15":"pa_categoria-monitores-y-tv","16":"pa_marca-dell","17":"pa_peso-3816","18":"pa_ref-dsp0000024803","20":"first","21":"instock","22":"sale","23":"taxable","24":"shipping-taxable","25":"purchasable","26":"product-type-simple"},"_links":{"self":[{"href":"https:\/\/linkxa.es\/linkshop\/wp-json\/wp\/v2\/product\/238854","targetHints":{"allow":["GET"]}}],"collection":[{"href":"https:\/\/linkxa.es\/linkshop\/wp-json\/wp\/v2\/product"}],"about":[{"href":"https:\/\/linkxa.es\/linkshop\/wp-json\/wp\/v2\/types\/product"}],"replies":[{"embeddable":true,"href":"https:\/\/linkxa.es\/linkshop\/wp-json\/wp\/v2\/comments?post=238854"}],"wp:featuredmedia":[{"embeddable":true,"href":"https:\/\/linkxa.es\/linkshop\/wp-json\/wp\/v2\/media\/238855"}],"wp:attachment":[{"href":"https:\/\/linkxa.es\/linkshop\/wp-json\/wp\/v2\/media?parent=238854"}],"wp:term":[{"taxonomy":"product_brand","embeddable":true,"href":"https:\/\/linkxa.es\/linkshop\/wp-json\/wp\/v2\/product_brand?post=238854"},{"taxonomy":"product_cat","embeddable":true,"href":"https:\/\/linkxa.es\/linkshop\/wp-json\/wp\/v2\/product_cat?post=238854"},{"taxonomy":"product_tag","embeddable":true,"href":"https:\/\/linkxa.es\/linkshop\/wp-json\/wp\/v2\/product_tag?post=238854"}],"curies":[{"name":"wp","href":"https:\/\/api.w.org\/{rel}","templated":true}]}}