{"id":238862,"date":"2025-05-20T22:42:58","date_gmt":"2025-05-20T22:42:58","guid":{"rendered":"https:\/\/linkxa.es\/contratacion\/producto\/monitor-dell-p3424web-34-pulgadas-uwqhd-60hz\/"},"modified":"2025-10-09T20:40:25","modified_gmt":"2025-10-09T20:40:25","slug":"monitor-dell-p3424web-34-pulgadas-uwqhd-60hz","status":"publish","type":"product","link":"https:\/\/linkxa.es\/linkshop\/producto\/monitor-dell-p3424web-34-pulgadas-uwqhd-60hz\/","title":{"rendered":"Monitor dell p3424web 34 pulgadas uwqhd 60hz"},"content":{"rendered":"<div style=\"text-align: center; margin-bottom: 20px;\">\n<h2 style=\"font-size: 22px; font-weight: 600; margin: 0; color: #333;\">Dell \u00a0|\u00a0 Monitores<\/h2>\n<\/div>\n<p style=\"max-width: 700px; margin: 0px auto 30px; font-size: 18px; line-height: 1.6; color: #555555; font-style: italic; text-align: left;\">Ficha T\u00e9cnica<br \/>General<br \/>Suministro de alimentaci\u00f3n por USB<br \/>90 vatios<br \/>\u00c1ngulo de visi\u00f3n horizontal<br \/>178<br \/>\u00c1ngulo de visi\u00f3n vertical<br \/>178<br \/>Tama\u00f1o en diagonal<br \/>34&#8243;<br \/>Relaci\u00f3n de contraste<br \/>1000:1<br \/>Tipo de panel<br \/>IPS<br \/>Clase energ\u00e9tica<br \/>Clase F<br \/>Tecnolog\u00eda de retroiluminaci\u00f3n<br \/>Retroiluminaci\u00f3n LED<br \/>Relaci\u00f3n de aspecto<br \/>21:9<br \/>Recubrimiento de pantalla<br \/>Anti-reflejo, 3H Hard Coating<br \/>Tipo de pantalla<br \/>Monitor LCD con retroiluminaci\u00f3n LED \/ matriz activa TFT<br \/>Peso<br \/>10.83 kg<br \/>Frecuencia de actualizaci\u00f3n vertical<br \/>56 &#8211; 76 Hz<br \/>Frecuencia de actualizaci\u00f3n horizontal<br \/>30 &#8211; 90 kHz<br \/>Paso de pixel<br \/>0.2325 mm<br \/>Brillo<br \/>300 cd\/m<br \/>Tama\u00f1o visualizable<br \/>34.14&#8243;<br \/>Admisi\u00f3n de color<br \/>1,07 millones de colores<br \/>Pantalla curvada<br \/>S\u00ed (3800R)<br \/>Resoluci\u00f3n nativa<br \/>UWQHD 3440 x 1440 a 60 Hz<br \/>P\u00edxeles por pulgada<br \/>109.68<br \/>Gama de colores<br \/>99% sRGB<br \/>Tiempo de respuesta<br \/>5 ms (gris-a-gris r\u00e1pido), 8 ms (gris a gris normal)<br \/>Dispositivos integrados<br \/>Micr\u00f3fono, c\u00e1mara, puertos KVM, hub USB 3.2 Gen 1\/USB-C<br \/>Caracter\u00edsticas<br \/>Imagen en imagen, imagen a imagen, Sin mercurio, cristal sin ars\u00e9nico, Dell Easy Arrange, tecnolog\u00eda de luz azul baja, sin bisel de 2 lados, Dell ComfortView Plus, panel sin parpadeo<br \/>Dimensiones (Ancho x Profundidad x Altura)<br \/>81.565 cm x 24.247 cm x 44.589 cm &#8211; con soporte (posici\u00f3n m\u00e1s baja)<br \/>Garant\u00eda del fabricante<br \/>Servicios incluidos<br \/>3 a\u00f1os de Garant\u00eda b\u00e1sica de intercambio avanzado<br \/>Diverso<br \/>Tipo de ranura de seguridad<br \/>Ranura de seguridad Kensington<br \/>Cables incluidos<br \/>1 x cable DisplayPort &#8211; DisplayPort a DisplayPort &#8211; 1.8 m<br \/>1 x cable USB-C 3.2 Gen. 1 &#8211; 1.8 m<br \/>1 x cable de subida USB 3.2 de 1\u00aa generaci\u00f3n &#8211; USB Tipo A a B &#8211; 1.8 m<br \/>Cumplimiento de normas<br \/>Plug and Play, RoHS, NFPA 99, TUV Rheinland, sin BFR, PVC-free, TCO Certified Edge<br \/>Caracter\u00edsticas<br \/>Ranura de bloqueo de seguridad (bloqueo de cable de venta por separado), admite interfaz VESA, con obturador de c\u00e1mara, sistema de gesti\u00f3n de cables<br \/>Alimentaci\u00f3n<br \/>Consumo de energ\u00eda (m\u00e1x.)<br \/>210 vatios<br \/>Espera de consumo de energ\u00eda<br \/>0.3 vatios<br \/>Consumo el\u00e9ctrico (modo apagado)<br \/>0.3 vatios<br \/>Consumo el\u00e9ctrico (modo Encendido)<br \/>31.5 W<br \/>Voltaje de entrada<br \/>CA 100-240 V (50\/60 Hz)<br \/>Consumo de energ\u00eda SDR (modo Encendido)<br \/>32 kWh\/1000h<br \/>Consumo de energ\u00eda (t\u00edpico)<br \/>28.08 vatios<br \/>Software \/ Requisitos del sistema<br \/>Software incluido<br \/>Dell Display Manager<br \/>Par\u00e1metros de entorno<br \/>Temperatura m\u00ednima de funcionamiento<br \/>0 C<br \/>Temperatura m\u00e1xima de funcionamiento<br \/>40 C<br \/>\u00c1mbito de humedad de funcionamiento<br \/>10 &#8211; 80% (sin condensaci\u00f3n)<br \/>Audio<br \/>Alimentaci\u00f3n de salida \/ Canal<br \/>5 vatios<br \/>Tipo<br \/>Altavoces &#8211; est\u00e9reo<br \/>Conectividad<br \/>Interfaces<br \/>HDMI<br \/>DisplayPort 1.2 (HDCP 2.2)<br \/>Subida de USB-C 3.2 Gen 1 \/ DisplayPort 1.2 en modo Alt con Power Delivery (alimentaci\u00f3n de hasta 90 W)<br \/>Subida USB-B 3.2 de 1\u00aa gen.<br \/>2 x bajada USB 3.2 Gen 1<br \/>Descarga USB 3.2 de 1\u00aa generaci\u00f3n con carga de bater\u00eda 1.2<br \/>Descarga USB-C 3.2 de 1\u00aa gen.<br \/>Jack de auriculares<br \/>Red (RJ-45)<br \/>Audio entrada<br \/>Tipo<br \/>2 micr\u00f3fonos digitales<br \/>Dimensiones y peso<br \/>Detalles sobre dimensiones y peso<br \/>Con soporte (posici\u00f3n m\u00e1s baja) &#8211; anchura: 81.565 cm &#8211; fondo: 24.247 cm &#8211; altura: 44.589 cm &#8211; peso: 10.83 kg<br \/>Sin soporte &#8211; anchura: 81.565 cm &#8211; fondo: 8.485 cm &#8211; altura: 41.999 cm &#8211; peso: 7.43 kg<br \/>Con soporte (posici\u00f3n m\u00e1s alta) &#8211; anchura: 81.565 cm &#8211; fondo: 24.247 cm &#8211; altura: 59.589 cm &#8211; peso: 10.83 kg<br \/>Dimensiones y peso (embalaje)<br \/>Peso de embalaje<br \/>15.85 kg<br \/>Mec\u00e1nico<br \/>Ajuste de Altura<br \/>150 mm<br \/>\u00c1ngulo de giro<br \/>60<br \/>Interfaz de montaje VESA<br \/>100 x 100 mm<br \/>Ajustes de posici\u00f3n de pantalla<br \/>Altura, plataforma giratoria, inclinaci\u00f3n<br \/>\u00c1ngulo de inclinaci\u00f3n<br \/>-5\/+21<br \/>Webcam integrada<br \/>Zoom digital<br \/>4<br \/>Resoluci\u00f3n del sensor<br \/>4 megap\u00edxeles<br \/>Resoluci\u00f3n m\u00e1xima del v\u00eddeo<br \/>2560 x 1440 a 30 fps<br \/>Caracter\u00edsticas<br \/>Auto Focus, compatible con Microsoft Teams, compatible con zoom, campo de visi\u00f3n de 78, compatible con Cortana, compatible con Windows Hello, apertura de la lente de F 2,0<br \/>Informaci\u00f3n de sostenibilidad<br \/>Certificaci\u00f3n ENERGY STAR<br \/>S\u00ed<br \/>Versi\u00f3n ENERGY STAR<br \/>8.0<br \/>De acuerdo con EPEAT<br \/>EPEAT Gold<\/p>\n","protected":false},"excerpt":{"rendered":"<p>Monitor dell p3424web 34 pulgadas uwqhd 60hz<\/p>\n","protected":false},"featured_media":238863,"comment_status":"open","ping_status":"open","template":"","meta":{"_et_pb_use_builder":"","_et_pb_old_content":"","_et_gb_content_width":""},"product_brand":[2558],"product_cat":[3647,2058,2644,2643],"product_tag":[2559,2647,2646],"class_list":{"0":"post-238862","1":"product","2":"type-product","3":"status-publish","4":"has-post-thumbnail","6":"product_brand-dell","7":"product_cat-dell","8":"product_cat-dispositivos","9":"product_cat-monitores","10":"product_cat-monitores-y-tv","11":"product_tag-dell","12":"product_tag-monitores","13":"product_tag-monitores-y-tv","14":"pa_canon-digital-0-e-incluida","15":"pa_categoria-monitores-y-tv","16":"pa_marca-dell","17":"pa_peso-3822","18":"pa_ref-dsp0000026054","20":"first","21":"instock","22":"sale","23":"taxable","24":"shipping-taxable","25":"purchasable","26":"product-type-simple"},"_links":{"self":[{"href":"https:\/\/linkxa.es\/linkshop\/wp-json\/wp\/v2\/product\/238862","targetHints":{"allow":["GET"]}}],"collection":[{"href":"https:\/\/linkxa.es\/linkshop\/wp-json\/wp\/v2\/product"}],"about":[{"href":"https:\/\/linkxa.es\/linkshop\/wp-json\/wp\/v2\/types\/product"}],"replies":[{"embeddable":true,"href":"https:\/\/linkxa.es\/linkshop\/wp-json\/wp\/v2\/comments?post=238862"}],"wp:featuredmedia":[{"embeddable":true,"href":"https:\/\/linkxa.es\/linkshop\/wp-json\/wp\/v2\/media\/238863"}],"wp:attachment":[{"href":"https:\/\/linkxa.es\/linkshop\/wp-json\/wp\/v2\/media?parent=238862"}],"wp:term":[{"taxonomy":"product_brand","embeddable":true,"href":"https:\/\/linkxa.es\/linkshop\/wp-json\/wp\/v2\/product_brand?post=238862"},{"taxonomy":"product_cat","embeddable":true,"href":"https:\/\/linkxa.es\/linkshop\/wp-json\/wp\/v2\/product_cat?post=238862"},{"taxonomy":"product_tag","embeddable":true,"href":"https:\/\/linkxa.es\/linkshop\/wp-json\/wp\/v2\/product_tag?post=238862"}],"curies":[{"name":"wp","href":"https:\/\/api.w.org\/{rel}","templated":true}]}}