{"id":238871,"date":"2025-06-07T03:29:29","date_gmt":"2025-06-07T03:29:29","guid":{"rendered":"https:\/\/linkxa.es\/contratacion\/producto\/monitor-acer-v176l-17-pulgadas-sxga-75hz\/"},"modified":"2025-10-09T20:42:57","modified_gmt":"2025-10-09T20:42:57","slug":"monitor-acer-v176l-17-pulgadas-sxga-75hz","status":"publish","type":"product","link":"https:\/\/linkxa.es\/linkshop\/producto\/monitor-acer-v176l-17-pulgadas-sxga-75hz\/","title":{"rendered":"Monitor acer v176l 17 pulgadas sxga 75hz"},"content":{"rendered":"<div style=\"text-align: center; margin-bottom: 20px;\">\n<h2 style=\"font-size: 22px; font-weight: 600; margin: 0; color: #333;\">Acer \u00a0|\u00a0 Monitores<\/h2>\n<\/div>\n<p style=\"max-width: 700px; margin: 0px auto 30px; font-size: 18px; line-height: 1.6; color: #555555; font-style: italic; text-align: left;\">Caracter\u00edsticas Resoluci\u00f3n de la pantalla 1280 x 1024 Pixeles Versi\u00f3n HDMI 1.4 M\u00e1xima velocidad de actualizaci\u00f3n 75 Hz Control de energ\u00eda Consumo energ\u00e9tico 12.5 W Tipo de fuente de alimentaci\u00f3n Internal Consumo de energ\u00eda (apagado) 0.3 W Consumo de energ\u00eda (inactivo) 0.5 W Escala de eficiencia energ\u00e9tica A to G Clase de eficiencia energ\u00e9tica (SDR) E Clase de eficiencia energ\u00e9tica (HDR) Not available Consumo de energ\u00eda (SDR) por 1000 horas 13 kWh Desempe\u00f1o Diagonal de la pantalla 17 \u00bb Color del producto Black NVIDIA G-SYNC N AMD FreeSync N Relaci\u00f3n de aspecto nativa 5:4 Detalles t\u00e9cnicos Tipo de pantalla TN montaje VESA Y Dise\u00f1o Posicionamiento de mercado Business Color de pies Black Tipo de retroiluminaci\u00f3n LED Pantalla t\u00e1ctil N \u00c1ngulo de inclinaci\u00f3n -5 &#8211; 15 Montaje de pared Y Ergonom\u00eda Ajustes de altura N Ajuste de la inclinaci\u00f3n Y Exhibici\u00f3n Tama\u00f1o de pixel 0.26 x 0.26 mm \u00c1ngulo de visi\u00f3n, horizontal 170 \u00c1ngulo de visi\u00f3n, vertical 160 Tiempo de respuesta 5 ms Diagonal de pantalla 43.2 cm Tecnolog\u00eda de visualizaci\u00f3n LCD Pantalla antirreflectante Y Forma de la pantalla Flat screen N\u00famero de colores de la pantalla 16.7 million colours Cobertura NTSC (t\u00edpica) 72 % Brillo de la pantalla (t\u00edpico) 250 cd \/ m Montaje Interfaz de panel de montaje 100 x 100 mm Multimedia C\u00e1mara incorporada N Potencia estimada RMS 1 W Altavoces incorporados Y Peso y dimensiones Ancho del dispositivo (con soporte) 369 mm Altura del dispositivo (con soporte) 394.5 mm Profundidad dispositivo (con soporte) 191 mm Peso (sin base) 2160 g Altura (sin base) 308.7 mm Ancho (sin base) 369 mm Profundidad (sin base) 55 mm Peso (con soporte) 2560 g Proyector Raz\u00f3n de contraste (t\u00edpica) 1000:1 Relaci\u00f3n de contraste (din\u00e1mico) 100000000:1 Puertos e Interfaces HDMI Y Conector USB incorporado N Cantidad de puertos VGA (D-Sub) 1 N\u00famero de puertos HDMI 1 Sostenibilidad Cumplimiento de sostenibilidad Y Certificados de sostenibilidad TCO European Product Registry for Energy Labelling (EPREL) code 367864 V\u00eddeo Tipo HD SXGA<\/p>\n","protected":false},"excerpt":{"rendered":"<p>Monitor acer v176l 17 pulgadas sxga 75hz<\/p>\n","protected":false},"featured_media":238872,"comment_status":"open","ping_status":"open","template":"","meta":{"_et_pb_use_builder":"","_et_pb_old_content":"","_et_gb_content_width":""},"product_brand":[2518],"product_cat":[3825,2058,2644,2643],"product_tag":[2521,2647,2646],"class_list":{"0":"post-238871","1":"product","2":"type-product","3":"status-publish","4":"has-post-thumbnail","6":"product_brand-acer","7":"product_cat-acer","8":"product_cat-dispositivos","9":"product_cat-monitores","10":"product_cat-monitores-y-tv","11":"product_tag-acer","12":"product_tag-monitores","13":"product_tag-monitores-y-tv","14":"pa_canon-digital-0-e-incluida","15":"pa_categoria-monitores-y-tv","16":"pa_marca-acer","17":"pa_peso-3827","18":"pa_ref-dsp0000027970","20":"first","21":"instock","22":"sale","23":"taxable","24":"shipping-taxable","25":"purchasable","26":"product-type-simple"},"_links":{"self":[{"href":"https:\/\/linkxa.es\/linkshop\/wp-json\/wp\/v2\/product\/238871","targetHints":{"allow":["GET"]}}],"collection":[{"href":"https:\/\/linkxa.es\/linkshop\/wp-json\/wp\/v2\/product"}],"about":[{"href":"https:\/\/linkxa.es\/linkshop\/wp-json\/wp\/v2\/types\/product"}],"replies":[{"embeddable":true,"href":"https:\/\/linkxa.es\/linkshop\/wp-json\/wp\/v2\/comments?post=238871"}],"wp:featuredmedia":[{"embeddable":true,"href":"https:\/\/linkxa.es\/linkshop\/wp-json\/wp\/v2\/media\/238872"}],"wp:attachment":[{"href":"https:\/\/linkxa.es\/linkshop\/wp-json\/wp\/v2\/media?parent=238871"}],"wp:term":[{"taxonomy":"product_brand","embeddable":true,"href":"https:\/\/linkxa.es\/linkshop\/wp-json\/wp\/v2\/product_brand?post=238871"},{"taxonomy":"product_cat","embeddable":true,"href":"https:\/\/linkxa.es\/linkshop\/wp-json\/wp\/v2\/product_cat?post=238871"},{"taxonomy":"product_tag","embeddable":true,"href":"https:\/\/linkxa.es\/linkshop\/wp-json\/wp\/v2\/product_tag?post=238871"}],"curies":[{"name":"wp","href":"https:\/\/api.w.org\/{rel}","templated":true}]}}