{"id":238889,"date":"2025-07-13T00:54:40","date_gmt":"2025-07-13T00:54:40","guid":{"rendered":"https:\/\/linkxa.es\/contratacion\/producto\/monitor-dell-24-pulgadas-p2425he-fhd-100hz\/"},"modified":"2025-10-09T20:46:22","modified_gmt":"2025-10-09T20:46:22","slug":"monitor-dell-24-pulgadas-p2425he-fhd-100hz","status":"publish","type":"product","link":"https:\/\/linkxa.es\/linkshop\/producto\/monitor-dell-24-pulgadas-p2425he-fhd-100hz\/","title":{"rendered":"Monitor dell 24 pulgadas p2425he fhd 100hz"},"content":{"rendered":"<div style=\"text-align: center; margin-bottom: 20px;\">\n<h2 style=\"font-size: 22px; font-weight: 600; margin: 0; color: #333;\">Dell \u00a0|\u00a0 Monitores<\/h2>\n<\/div>\n<p style=\"max-width: 700px; margin: 0px auto 30px; font-size: 18px; line-height: 1.6; color: #555555; font-style: italic; text-align: left;\">Ficha T\u00e9cnica<br \/>General<br \/>Suministro de alimentaci\u00f3n por USB<br \/>90 vatios<br \/>Conexi\u00f3n Daisy<br \/>S\u00ed<br \/>Tama\u00f1o en diagonal<br \/>24&#8243;<br \/>Relaci\u00f3n de aspecto<br \/>16:9<br \/>\u00c1ngulo de visi\u00f3n horizontal<br \/>178<br \/>\u00c1ngulo de visi\u00f3n vertical<br \/>178<br \/>Relaci\u00f3n de contraste<br \/>1500:1<br \/>Tipo de panel<br \/>IPS<br \/>Clase energ\u00e9tica<br \/>Clase D<br \/>Tecnolog\u00eda de retroiluminaci\u00f3n<br \/>Retroiluminaci\u00f3n LED<br \/>Admisi\u00f3n de color<br \/>16,7 millones de colores<br \/>Peso<br \/>3.69 kg<br \/>Tipo de pantalla<br \/>Monitor LCD con retroiluminaci\u00f3n LED \/ matriz activa TFT<br \/>Paso de pixel<br \/>0.2745 mm<br \/>Brillo<br \/>250 cd\/m<br \/>Frecuencia de actualizaci\u00f3n vertical<br \/>48 &#8211; 100 Hz<br \/>Tama\u00f1o visualizable<br \/>23.81&#8243;<br \/>Recubrimiento de pantalla<br \/>Anti-glare 3H hardness<br \/>Dispositivos integrados<br \/>Hub USB 3.2 Gen 1\/USB-C<br \/>P\u00edxeles por pulgada<br \/>92.53<br \/>Resoluci\u00f3n nativa<br \/>Full HD (1080p) 1920 x 1080 a 100 Hz<br \/>Gama de colores<br \/>99% sRGB<br \/>Tiempo de respuesta<br \/>5 ms (gris-a-gris r\u00e1pido), 8 ms (gris a gris normal)<br \/>Frecuencia de actualizaci\u00f3n horizontal<br \/>30 &#8211; 110 kHz<br \/>Dimensiones (Ancho x Profundidad x Altura)<br \/>53.864 cm x 5.003 cm x 31.423 cm &#8211; sin soporte<br \/>Caracter\u00edsticas<br \/>Gran \u00e1ngulo de visualizaci\u00f3n, sin bisel de 3 lados, controlador de OSD, Dell ComfortView Plus, tecnolog\u00eda de luz azul baja, tecnolog\u00eda Flicker Free, sistema de iluminaci\u00f3n lateral LED, Dell Easy Arrange, Sin mercurio, cristal<br \/>sin ars\u00e9nico<br \/>URL C\u00f3digo QR Etiqueta de energ\u00eda<br \/>Https:\/\/eprel.ec.europa.eu\/qr\/1865680<br \/>Garant\u00eda del fabricante<br \/>Servicios incluidos<br \/>3 a\u00f1os de servicio de hardware b\u00e1sico con intercambio avanzado tras diagn\u00f3stico remoto<br \/>Diverso<br \/>Tipo de precios<br \/>BTO<br \/>Accesorios incluidos<br \/>Brida<br \/>Tipo de ranura de seguridad<br \/>Ranura de seguridad Kensington<br \/>Cumplimiento de normas<br \/>Plug and Play, RoHS, sin BFR, PVC-free<br \/>Cables incluidos<br \/>1 x cable DisplayPort 1.4 &#8211; DisplayPort a DisplayPort &#8211; 1.8 m<br \/>1 x cable USB-C 3.2 de 2\u00aa generaci\u00f3n &#8211; 1 m<br \/>Caracter\u00edsticas<br \/>Admite interfaz VESA, ranura de bloqueo de seguridad (bloqueo de cable de venta por separado), organizador de cables integrado<br \/>Alimentaci\u00f3n<br \/>Consumo de energ\u00eda (t\u00edpico)<br \/>15.2 vatios<br \/>Consumo de energ\u00eda (m\u00e1x.)<br \/>180 vatios<br \/>Espera de consumo de energ\u00eda<br \/>0.3 vatios<br \/>Consumo el\u00e9ctrico (modo apagado)<br \/>0.3 vatios<br \/>Consumo el\u00e9ctrico (modo Encendido)<br \/>13.9 W<br \/>Voltaje de entrada<br \/>CA 100-240 V (50\/60 Hz)<br \/>Consumo de energ\u00eda SDR (modo Encendido)<br \/>13.9 kWh\/1000h<br \/>Software \/ Requisitos del sistema<br \/>Software incluido<br \/>Dell Display Manager<br \/>Par\u00e1metros de entorno<br \/>Temperatura m\u00ednima de funcionamiento<br \/>0 C<br \/>Temperatura m\u00e1xima de funcionamiento<br \/>40 C<br \/>\u00c1mbito de humedad de funcionamiento<br \/>10 &#8211; 80% (sin condensaci\u00f3n)<br \/>Conectividad<br \/>Interfaces<br \/>HDMI<br \/>DisplayPort 1.4 (HDCP 1.4)<br \/>Salida DisplayPort (HDCP 1.4, MST)<br \/>Subida de USB-C 3,2 Gen 1 \/ DisplayPort 1,4 en modo Alt con Power Delivery (Modo Alt DisplayPort, alimentaci\u00f3n hasta 90 W)<br \/>3 x bajada USB 3.2 Gen 1 (Tipo A)<br \/>Descarga USB-C 3.2 de 1\u00aa gen. (alimentaci\u00f3n de hasta 15 W)<br \/>LAN<br \/>Dimensiones y peso (embalaje)<br \/>Peso de embalaje<br \/>5.8 kg<br \/>Mec\u00e1nico<br \/>Interfaz de montaje VESA<br \/>100 x 100 mm<br \/>Informaci\u00f3n de sostenibilidad<br \/>Certificaci\u00f3n ENERGY STAR<br \/>S\u00ed<br \/>De acuerdo con EPEAT<br \/>EPEAT Gold<\/p>\n","protected":false},"excerpt":{"rendered":"<p>Monitor dell 24 pulgadas p2425he fhd 100hz<\/p>\n","protected":false},"featured_media":238890,"comment_status":"open","ping_status":"open","template":"","meta":{"_et_pb_use_builder":"","_et_pb_old_content":"","_et_gb_content_width":""},"product_brand":[2558],"product_cat":[3647,2058,2644,2643],"product_tag":[2559,2647,2646],"class_list":{"0":"post-238889","1":"product","2":"type-product","3":"status-publish","4":"has-post-thumbnail","6":"product_brand-dell","7":"product_cat-dell","8":"product_cat-dispositivos","9":"product_cat-monitores","10":"product_cat-monitores-y-tv","11":"product_tag-dell","12":"product_tag-monitores","13":"product_tag-monitores-y-tv","14":"pa_canon-digital-0-e-incluida","15":"pa_categoria-monitores-y-tv","16":"pa_marca-dell","17":"pa_peso-3834","18":"pa_ref-dsp0000028070","20":"first","21":"instock","22":"sale","23":"taxable","24":"shipping-taxable","25":"purchasable","26":"product-type-simple"},"_links":{"self":[{"href":"https:\/\/linkxa.es\/linkshop\/wp-json\/wp\/v2\/product\/238889","targetHints":{"allow":["GET"]}}],"collection":[{"href":"https:\/\/linkxa.es\/linkshop\/wp-json\/wp\/v2\/product"}],"about":[{"href":"https:\/\/linkxa.es\/linkshop\/wp-json\/wp\/v2\/types\/product"}],"replies":[{"embeddable":true,"href":"https:\/\/linkxa.es\/linkshop\/wp-json\/wp\/v2\/comments?post=238889"}],"wp:featuredmedia":[{"embeddable":true,"href":"https:\/\/linkxa.es\/linkshop\/wp-json\/wp\/v2\/media\/238890"}],"wp:attachment":[{"href":"https:\/\/linkxa.es\/linkshop\/wp-json\/wp\/v2\/media?parent=238889"}],"wp:term":[{"taxonomy":"product_brand","embeddable":true,"href":"https:\/\/linkxa.es\/linkshop\/wp-json\/wp\/v2\/product_brand?post=238889"},{"taxonomy":"product_cat","embeddable":true,"href":"https:\/\/linkxa.es\/linkshop\/wp-json\/wp\/v2\/product_cat?post=238889"},{"taxonomy":"product_tag","embeddable":true,"href":"https:\/\/linkxa.es\/linkshop\/wp-json\/wp\/v2\/product_tag?post=238889"}],"curies":[{"name":"wp","href":"https:\/\/api.w.org\/{rel}","templated":true}]}}