{"id":238905,"date":"2025-10-26T18:52:10","date_gmt":"2025-10-26T18:52:10","guid":{"rendered":"https:\/\/linkxa.es\/contratacion\/?post_type=product&#038;p=238905"},"modified":"2026-04-23T12:46:11","modified_gmt":"2026-04-23T12:46:11","slug":"registro-y-gestion-de-dominios-tlds-multiples","status":"publish","type":"product","link":"https:\/\/linkxa.es\/linkshop\/producto\/registro-y-gestion-de-dominios-tlds-multiples\/","title":{"rendered":"Registro y gesti\u00f3n de dominios (TLDs m\u00faltiples)"},"content":{"rendered":"<p>&nbsp;<\/p>\n<blockquote data-start=\"628\" data-end=\"1881\">\n<h3 data-start=\"659\" data-end=\"730\">Registro y gesti\u00f3n de dominios \u2013 Tu identidad digital comienza aqu\u00ed<\/h3>\n<p data-start=\"736\" data-end=\"996\">El dominio es el <strong data-start=\"753\" data-end=\"803\">primer paso para construir tu presencia online<\/strong>.<br data-start=\"804\" data-end=\"807\" \/>Con <strong data-start=\"813\" data-end=\"829\">Linkxa Cloud<\/strong>, puedes registrar, transferir o renovar tu dominio en la extensi\u00f3n que mejor represente tu marca:<br data-start=\"927\" data-end=\"930\" \/><strong data-start=\"932\" data-end=\"970\">.com, .net, .es, .org, .io, .cloud<\/strong>, entre otras disponibles.<\/p>\n<p data-start=\"1002\" data-end=\"1206\">Nuestro servicio te ofrece una <strong data-start=\"1033\" data-end=\"1083\">gesti\u00f3n integral del ciclo de vida del dominio<\/strong>, con soporte t\u00e9cnico especializado y medidas de seguridad avanzadas para que nunca pierdas el control de tu marca digital.<\/p>\n<p data-start=\"1212\" data-end=\"1227\">\ud83d\udd39 <strong data-start=\"1215\" data-end=\"1227\">Incluye:<\/strong><\/p>\n<ul data-start=\"1230\" data-end=\"1520\">\n<li data-start=\"1230\" data-end=\"1290\">\n<p data-start=\"1232\" data-end=\"1290\">Registro o renovaci\u00f3n del dominio por 1 a\u00f1o (renovable).<\/p>\n<\/li>\n<li data-start=\"1293\" data-end=\"1364\">\n<p data-start=\"1295\" data-end=\"1364\">Acceso completo a la gesti\u00f3n de DNS, redirecciones y zona avanzada.<\/p>\n<\/li>\n<li data-start=\"1367\" data-end=\"1438\">\n<p data-start=\"1369\" data-end=\"1438\">Protecci\u00f3n de identidad (WHOIS Privacy) y bloqueo de transferencia.<\/p>\n<\/li>\n<li data-start=\"1441\" data-end=\"1517\">\n<p data-start=\"1443\" data-end=\"1517\">Recordatorios autom\u00e1ticos de renovaci\u00f3n y soporte t\u00e9cnico personalizado.<\/p>\n<\/li>\n<\/ul>\n<p data-start=\"1523\" data-end=\"1552\">\ud83d\udd39 <strong data-start=\"1526\" data-end=\"1552\">Ventajas Linkxa Cloud:<\/strong><\/p>\n<ul data-start=\"1555\" data-end=\"1754\">\n<li data-start=\"1555\" data-end=\"1633\">\n<p data-start=\"1557\" data-end=\"1633\">Administraci\u00f3n centralizada junto a tu hosting, correo y certificados SSL.<\/p>\n<\/li>\n<li data-start=\"1636\" data-end=\"1691\">\n<p data-start=\"1638\" data-end=\"1691\">Activaci\u00f3n r\u00e1pida tras el registro o la renovaci\u00f3n.<\/p>\n<\/li>\n<li data-start=\"1694\" data-end=\"1751\">\n<p data-start=\"1696\" data-end=\"1751\">Soporte local y asistencia directa del equipo Linkxa.<\/p>\n<\/li>\n<\/ul>\n<p data-start=\"1757\" data-end=\"1891\">\u2733\ufe0f <strong data-start=\"1760\" data-end=\"1788\">Extensiones disponibles:<\/strong><br data-start=\"1788\" data-end=\"1791\" \/><code data-start=\"1793\" data-end=\"1799\">.com<\/code>, <code data-start=\"1801\" data-end=\"1807\">.net<\/code>, <code data-start=\"1809\" data-end=\"1814\">.es<\/code>, <code data-start=\"1816\" data-end=\"1822\">.org<\/code>, <code data-start=\"1824\" data-end=\"1831\">.info<\/code>, <code data-start=\"1833\" data-end=\"1838\">.io<\/code>, <code data-start=\"1840\" data-end=\"1848\">.cloud<\/code>, <code data-start=\"1850\" data-end=\"1856\">.biz<\/code>, <code data-start=\"1858\" data-end=\"1866\">.store<\/code>, <code data-start=\"1868\" data-end=\"1877\">.online<\/code>, entre otras.<\/p>\n<p data-start=\"1438\" data-end=\"1456\">\ud83d\udd39 <strong data-start=\"1441\" data-end=\"1456\">Ideal para:<\/strong><\/p>\n<ul data-start=\"1459\" data-end=\"1714\">\n<li data-start=\"1459\" data-end=\"1529\">\n<p data-start=\"1461\" data-end=\"1529\">Empresas y profesionales que buscan una presencia s\u00f3lida y global.<\/p>\n<\/li>\n<li data-start=\"1532\" data-end=\"1597\">\n<p data-start=\"1534\" data-end=\"1597\">Proyectos que requieren confianza y reconocimiento en la red.<\/p>\n<\/li>\n<li data-start=\"1600\" data-end=\"1711\">\n<p data-start=\"1602\" data-end=\"1711\">Usuarios que desean centralizar sus servicios (hosting, correo, certificados SSL) bajo una sola plataforma.<\/p>\n<\/li>\n<\/ul>\n<p data-start=\"1717\" data-end=\"1881\">Con <strong data-start=\"1721\" data-end=\"1737\">Linkxa Cloud<\/strong>, tu dominio no es solo una direcci\u00f3n web: es <strong data-start=\"1783\" data-end=\"1818\">la base de tu identidad digital<\/strong>, gestionada con seguridad, transparencia y asistencia experta.<\/p>\n<\/blockquote>\n<p><strong data-start=\"1903\" data-end=\"1936\">Convierte tu nombre en marca.<\/strong><br data-start=\"1936\" data-end=\"1939\" \/>Con Linkxa Cloud, tu dominio est\u00e1 seguro, actualizado y listo para crecer contigo.<\/p>\n<p><a style=\"display: inline-block;background: #fe8c12;color: #fff;padding: 6px 12px;border-radius: 12px;text-decoration: none\" href=\"https:\/\/linkxata.com\/registrar-dominio\/\" target=\"_blank\" rel=\"noopener\">\ud83d\udd0d Encuentra tu Nombre de dominio Ideal<\/a><\/p>\n","protected":false},"excerpt":{"rendered":"<p><strong data-start=\"367\" data-end=\"439\">Registra tu dominio (.com, .net, .es, .cloud, .io\u2026) con Linkxa Cloud y protege tu marca online.<\/strong><br data-start=\"439\" data-end=\"442\" \/>Gesti\u00f3n completa, DNS profesionales y soporte t\u00e9cnico local para mantener tu presencia web siempre activa y segura.<\/p>\n","protected":false},"featured_media":105655,"comment_status":"open","ping_status":"closed","template":"","meta":{"_et_pb_use_builder":"","_et_pb_old_content":"","_et_gb_content_width":""},"product_brand":[4833],"product_cat":[3836,3835,4832,4842],"product_tag":[1880,1884,1883,1881,1882],"class_list":{"0":"post-238905","1":"product","2":"type-product","3":"status-publish","4":"has-post-thumbnail","6":"product_brand-linkxa-telcom","7":"product_cat-dominios","8":"product_cat-linkxa-hosting","9":"product_cat-linkxa-telcom","10":"product_cat-servicios","11":"product_tag-crea-tu-web","12":"product_tag-diseno-web-facil","13":"product_tag-dominio-incluido","14":"product_tag-plan-launch","15":"product_tag-web-con-ia","17":"first","18":"instock","19":"virtual","20":"taxable","21":"purchasable","22":"product-type-subscription"},"_links":{"self":[{"href":"https:\/\/linkxa.es\/linkshop\/wp-json\/wp\/v2\/product\/238905","targetHints":{"allow":["GET"]}}],"collection":[{"href":"https:\/\/linkxa.es\/linkshop\/wp-json\/wp\/v2\/product"}],"about":[{"href":"https:\/\/linkxa.es\/linkshop\/wp-json\/wp\/v2\/types\/product"}],"replies":[{"embeddable":true,"href":"https:\/\/linkxa.es\/linkshop\/wp-json\/wp\/v2\/comments?post=238905"}],"wp:featuredmedia":[{"embeddable":true,"href":"https:\/\/linkxa.es\/linkshop\/wp-json\/wp\/v2\/media\/105655"}],"wp:attachment":[{"href":"https:\/\/linkxa.es\/linkshop\/wp-json\/wp\/v2\/media?parent=238905"}],"wp:term":[{"taxonomy":"product_brand","embeddable":true,"href":"https:\/\/linkxa.es\/linkshop\/wp-json\/wp\/v2\/product_brand?post=238905"},{"taxonomy":"product_cat","embeddable":true,"href":"https:\/\/linkxa.es\/linkshop\/wp-json\/wp\/v2\/product_cat?post=238905"},{"taxonomy":"product_tag","embeddable":true,"href":"https:\/\/linkxa.es\/linkshop\/wp-json\/wp\/v2\/product_tag?post=238905"}],"curies":[{"name":"wp","href":"https:\/\/api.w.org\/{rel}","templated":true}]}}