{"id":238971,"date":"2025-07-17T05:18:30","date_gmt":"2025-07-17T05:18:30","guid":{"rendered":"https:\/\/linkxa.es\/contratacion\/producto\/kit-sujeccion-antena-nbe-300-ubiquiti\/"},"modified":"2025-12-07T19:51:46","modified_gmt":"2025-12-07T19:51:46","slug":"cloud-gateway-ubiquiti-ux7-2-puertos","status":"publish","type":"product","link":"https:\/\/linkxa.es\/linkshop\/producto\/cloud-gateway-ubiquiti-ux7-2-puertos\/","title":{"rendered":"Cloud gateway ubiquiti ux7 2 puertos"},"content":{"rendered":"<div style=\"text-align: center; margin-bottom: 20px;\">\n<h2 style=\"font-size: 22px; font-weight: 600; margin: 0; color: #333;\">Ubiquiti\u00a0|\u00a0 Switch<\/h2>\n<\/div>\n<p style=\"max-width: 700px; margin: 0px auto 30px; font-size: 18px; line-height: 1.6; color: #555555; font-style: italic; text-align: left;\">-DIMENSIONES Y PESO<br \/>117 x 117 x 42.5 mm (4.61 x 4.61 x 1.67&#8243;)<br \/>Peso: 422 g (14.9 oz)<br \/>Formato: Compact desktop<br \/>-COBERTURA INAL\u00c1MBRICA<br \/>\u00c1rea de cobertura: 160 m\u00b2 (1,750 ft\u00b2)<br \/>Est\u00e1ndares WiFi: 802.11a\/b\/g\/n\/ac\/ax\/be (WiFi 6\/6E, WiFi 7)<br \/>-RENDIMIENTO INAL\u00c1MBRICO<br \/>Velocidades m\u00e1ximas:<br \/>6 GHz: 5.7 Gbps<br \/>5 GHz: 4.3 Gbps<br \/>2.4 GHz: 688 Mbps<\/p>\n<p>MIMO:<br \/>6 GHz: 2&#215;2 MU-MIMO<br \/>5 GHz: 2&#215;2 MU-MIMO<br \/>2.4 GHz: 2&#215;2 MU-MIMO<\/p>\n<p>Ganancia de antena:<br \/>6 GHz: 6 dBi<br \/>5 GHz: 7 dBi<br \/>2.4 GHz: 4 dBi<\/p>\n<p>Potencia m\u00e1xima de transmisi\u00f3n:<br \/>6 GHz: 24 dBm<br \/>5 GHz: 26 dBm<br \/>2.4 GHz: 23 dBm<br \/>-SEGURIDAD INAL\u00c1MBRICA<br \/>WPA-PSK, WPA-Enterprise (WPA\/WPA2\/WPA3\/PPSK)<br \/>Aislamiento de tr\u00e1fico de invitados<br \/>Hasta 4 BSSIDs por radio (modo Gateway y AP)<br \/>-VELOCIDADES SOPORTADAS<br \/>802.11a\/g: hasta 54 Mbps<br \/>802.11b: hasta 11 Mbps<br \/>802.11n: hasta 300 Mbps<br \/>802.11ac (WiFi 5): hasta 1.7 Gbps<br \/>802.11ax (WiFi 6\/6E): hasta 2.4 Gbps<br \/>802.11be (WiFi 7): hasta 5.7 Gbps<br \/>-ALIMENTACI\u00d3N<br \/>Consumo m\u00e1ximo: 22W<br \/>M\u00e9todo de alimentaci\u00f3n: USB tipo C (5V DC\/5A)<br \/>Fuente de alimentaci\u00f3n: Adaptador USB tipo C incluido<br \/>Rango de voltaje soportado: 100?240V AC<br \/>-PROCESADOR Y MEMORIA<br \/>Procesador: ARM\u00ae Cortex\u00ae-A53 de cuatro n\u00facleos a 1.5 GHz<br \/>Memoria RAM: 3 GB<br \/>-CONECTIVIDAD Y PUERTOS<br \/>Puertos WAN predeterminados:<br \/>(1) 10 GbE RJ45<\/p>\n<p>Distribuci\u00f3n de puertos:<br \/>1 puerto 2.5 GbE RJ45 (2.5G\/1G\/100M\/10M)<br \/>1 puerto 10 GbE RJ45 (10G\/5G\/2.5G\/1G\/100M)<br \/>M\u00e1ximo de puertos WAN: 1<br \/>-RENDIMIENTO<br \/>Dispositivos UniFi gestionados: 30+<br \/>Usuarios simult\u00e1neos conectados: 300+<br \/>Rendimiento IDS\/IPS: 2.3 Gbps<br \/>-FIREWALL Y SEGURIDAD<br \/>Firewall con estado<br \/>Firewall de capa 7 con reconocimiento de aplicaciones<br \/>Identificaci\u00f3n de tr\u00e1fico y DPI<br \/>Firewall basado en zonas con filtrado avanzado por regiones, dominios y aplicaciones<br \/>Filtrado de contenido<br \/>Prevenci\u00f3n y detecci\u00f3n de intrusos (IPS\/IDS)<br \/>Bloqueo de anuncios<br \/>M\u00e1s de 20.000 firmas de IDS\/IPS con CyberSecure<br \/>Segmentaci\u00f3n de tr\u00e1fico por VLAN\/subred<br \/>-VPN Y CONECTIVIDAD REMOTA<br \/>VPN Site-to-Site: Site Magic, IPsec, OpenVPN<br \/>VPN Server: One-Click VPN, Teleport, WireGuard, OpenVPN, L2TP<br \/>VPN Client: WireGuard, OpenVPN<br \/>-FUNCIONES AVANZADAS<br \/>Ruteo din\u00e1mico OSPF<br \/>QoS avanzado<br \/>Multicast DNS (mDNS)<br \/>NAT avanzado (SNAT, DNAT, enmascaramiento, NAT Pooling, NAT 1:1)<br \/>Servidor RADIUS integrado<br \/>Soporte para RADIUS sobre TLS (RadSec)<br \/>Backup LTE UniFi para tolerancia a fallos<br \/>Informes de calidad de internet y cortes<br \/>Ruteo WAN y VPN basado en pol\u00edticas<br \/>Servidor DHCP personalizable<br \/>Compatibilidad con ISP IPv6<br \/>Proxy IGMP<br \/>-COMPATIBILIDAD CON APLICACIONES UNIFI<br \/>Compatible con UniFi Network<br \/>-GESTI\u00d3N Y MONITORIZACI\u00d3N<br \/>Gesti\u00f3n v\u00eda Ethernet y Bluetooth<br \/>Indicadores LED: Ethernet<br \/>Bot\u00f3n f\u00edsico de reseteo de f\u00e1brica<br \/>-CONDICIONES AMBIENTALES<br \/>Temperatura de funcionamiento: -10 a 40 \u00b0C<br \/>Humedad de funcionamiento: 5 a 95% sin condensaci\u00f3n<br \/>Protecci\u00f3n ESD\/EMP: Aire \u00b18kV, Contacto \u00b14kV<br \/>-CUMPLIMIENTO Y CERTIFICACIONES<br \/>Compatible con NDAA<br \/>Certificaciones: CE, FCC, IC<br \/>-REQUISITOS DE APLICACI\u00d3N<br \/>Aplicaci\u00f3n UniFi Network versi\u00f3n 9.0.108 o superior<\/p>\n","protected":false},"excerpt":{"rendered":"<p>Cloud gateway ubiquiti ux7 2 puertos &#8211; mesh wifi 7<\/p>\n","protected":false},"featured_media":239006,"comment_status":"open","ping_status":"open","template":"","meta":{"_et_pb_use_builder":"","_et_pb_old_content":"","_et_gb_content_width":""},"product_brand":[3298],"product_cat":[2058,3261,3270,3864],"product_tag":[3264,3273,3300],"class_list":{"0":"post-238971","1":"product","2":"type-product","3":"status-publish","4":"has-post-thumbnail","6":"product_brand-ubiquiti","7":"product_cat-dispositivos","8":"product_cat-redes","9":"product_cat-switch","10":"product_cat-ubiquiti-switch","11":"product_tag-redes","12":"product_tag-switch","13":"product_tag-ubiquiti","14":"product_shipping_class-2088","15":"pa_canon-digital-impuesto-incluido-de-0-e","16":"pa_categoria-redes","17":"pa_marca-ubiquiti","18":"pa_peso-3903","19":"pa_referencia-mgs0000028695","21":"first","22":"instock","23":"sale","24":"taxable","25":"shipping-taxable","26":"purchasable","27":"product-type-simple"},"_links":{"self":[{"href":"https:\/\/linkxa.es\/linkshop\/wp-json\/wp\/v2\/product\/238971","targetHints":{"allow":["GET"]}}],"collection":[{"href":"https:\/\/linkxa.es\/linkshop\/wp-json\/wp\/v2\/product"}],"about":[{"href":"https:\/\/linkxa.es\/linkshop\/wp-json\/wp\/v2\/types\/product"}],"replies":[{"embeddable":true,"href":"https:\/\/linkxa.es\/linkshop\/wp-json\/wp\/v2\/comments?post=238971"}],"wp:featuredmedia":[{"embeddable":true,"href":"https:\/\/linkxa.es\/linkshop\/wp-json\/wp\/v2\/media\/239006"}],"wp:attachment":[{"href":"https:\/\/linkxa.es\/linkshop\/wp-json\/wp\/v2\/media?parent=238971"}],"wp:term":[{"taxonomy":"product_brand","embeddable":true,"href":"https:\/\/linkxa.es\/linkshop\/wp-json\/wp\/v2\/product_brand?post=238971"},{"taxonomy":"product_cat","embeddable":true,"href":"https:\/\/linkxa.es\/linkshop\/wp-json\/wp\/v2\/product_cat?post=238971"},{"taxonomy":"product_tag","embeddable":true,"href":"https:\/\/linkxa.es\/linkshop\/wp-json\/wp\/v2\/product_tag?post=238971"}],"curies":[{"name":"wp","href":"https:\/\/api.w.org\/{rel}","templated":true}]}}