{"id":239020,"date":"2025-11-04T04:28:28","date_gmt":"2025-11-04T04:28:28","guid":{"rendered":"https:\/\/linkxa.es\/contratacion\/producto\/ubiquiti-lbe-m5-23-5ghz-litebeam-23-dbi\/"},"modified":"2025-12-07T22:24:39","modified_gmt":"2025-12-07T22:24:39","slug":"ubiquiti-lbe-m5-23-5ghz-litebeam-23-dbi","status":"publish","type":"product","link":"https:\/\/linkxa.es\/linkshop\/producto\/ubiquiti-lbe-m5-23-5ghz-litebeam-23-dbi\/","title":{"rendered":"Ubiquiti lbe &#8211; m5 &#8211; 23 5ghz litebeam 23 dbi"},"content":{"rendered":"<div style=\"text-align: center; margin-bottom: 20px;\">\n<h2 style=\"font-size: 22px; font-weight: 600; margin: 0; color: #333;\">Ubiquiti\u00a0|\u00a0 Accesorios redes<\/h2>\n<\/div>\n<p style=\"max-width: 700px; margin: 0px auto 30px; font-size: 18px; line-height: 1.6; color: #555555; font-style: italic; text-align: left;\">El Ubiquiti LBE-M5-23 es la \u00faltima evoluci\u00f3n, es ligero y compacto, CPE (equipo en las instalaciones del cliente) de banda ancha inal\u00e1mbrica para exteriores de Ubiquiti Networks. El LBE-M5-23 fue dise\u00f1ado para ser asequible<br \/>Soluci\u00f3n precio \/ rendimiento para puentes de banda ancha inal\u00e1mbricos de larga distancia.<\/p>\n<p>Opera en el rango de frecuencia y caracter\u00edsticas de 5 GHz sin licencia en todo el mundo alto rendimiento de hasta 100+ Mbps en rendimiento real en exteriores y un incre\u00edble rango de hasta 30+ km.<\/p>\n<p>ESPECIFICACIONES Ubiquiti LBE-M5-23<\/p>\n<p>General<\/p>\n<p>Procesador MIPS 74K<br \/>Memoria 64 MB<br \/>Interfaz de red 1x 10\/100 Ethernet<br \/>Aprobaciones inal\u00e1mbricas FCC, IC, CE<br \/>Cumplimiento de RoHS S\u00ed<br \/>Temperatura de funcionamiento -40 a 70 \u00b0 C<br \/>Humedad de funcionamiento 5 do 95% sin condensaci\u00f3n<\/p>\n<p>Frecuencia de funcionamiento<\/p>\n<p>Frecuencia de funcionamiento 5150 &#8211; 5875 MHz<br \/>Max. TX 25dBm<\/p>\n<p>Energ\u00eda<\/p>\n<p>Max. Consumo de energ\u00eda 4 W<br \/>Fuente de alimentaci\u00f3n 24V, 0.2A PoE (incluido)<\/p>\n<p>Dimensiones y peso<\/p>\n<p>Dimensiones 362 x 267 x 184 mm<br \/>Peso 0,75 kg<\/p>\n<p>Comprar Ubiquiti LBE-M5-23<\/p>\n","protected":false},"excerpt":{"rendered":"<p>Ubiquiti lbe &#8211; m5 &#8211; 23 5ghz litebeam 23 dbi<\/p>\n","protected":false},"featured_media":0,"comment_status":"open","ping_status":"open","template":"","meta":{"_et_pb_use_builder":"","_et_pb_old_content":"","_et_gb_content_width":""},"product_brand":[3298],"product_cat":[3280,2058,3261,3852],"product_tag":[3283,3264,3300],"class_list":{"0":"post-239020","1":"product","2":"type-product","3":"status-publish","5":"product_brand-ubiquiti","6":"product_cat-accesorios-redes","7":"product_cat-dispositivos","8":"product_cat-redes","9":"product_cat-ubiquiti-accesorios-redes","10":"product_tag-accesorios-redes","11":"product_tag-redes","12":"product_tag-ubiquiti","13":"product_shipping_class-2059","14":"pa_canon-digital-impuesto-incluido-de-0-e","15":"pa_categoria-redes","16":"pa_marca-ubiquiti","17":"pa_peso-3868","18":"pa_referencia-lbe-m5-23","20":"first","21":"instock","22":"sale","23":"taxable","24":"shipping-taxable","25":"purchasable","26":"product-type-simple"},"_links":{"self":[{"href":"https:\/\/linkxa.es\/linkshop\/wp-json\/wp\/v2\/product\/239020","targetHints":{"allow":["GET"]}}],"collection":[{"href":"https:\/\/linkxa.es\/linkshop\/wp-json\/wp\/v2\/product"}],"about":[{"href":"https:\/\/linkxa.es\/linkshop\/wp-json\/wp\/v2\/types\/product"}],"replies":[{"embeddable":true,"href":"https:\/\/linkxa.es\/linkshop\/wp-json\/wp\/v2\/comments?post=239020"}],"wp:attachment":[{"href":"https:\/\/linkxa.es\/linkshop\/wp-json\/wp\/v2\/media?parent=239020"}],"wp:term":[{"taxonomy":"product_brand","embeddable":true,"href":"https:\/\/linkxa.es\/linkshop\/wp-json\/wp\/v2\/product_brand?post=239020"},{"taxonomy":"product_cat","embeddable":true,"href":"https:\/\/linkxa.es\/linkshop\/wp-json\/wp\/v2\/product_cat?post=239020"},{"taxonomy":"product_tag","embeddable":true,"href":"https:\/\/linkxa.es\/linkshop\/wp-json\/wp\/v2\/product_tag?post=239020"}],"curies":[{"name":"wp","href":"https:\/\/api.w.org\/{rel}","templated":true}]}}