{"id":239024,"date":"2025-05-03T21:15:04","date_gmt":"2025-05-03T21:15:04","guid":{"rendered":"https:\/\/linkxa.es\/contratacion\/producto\/punto-acceso-inalambrico-ubiquiti-u6-in-wall-2\/"},"modified":"2025-12-07T22:26:22","modified_gmt":"2025-12-07T22:26:22","slug":"punto-acceso-inalambrico-ubiquiti-u6-in-wall-2","status":"publish","type":"product","link":"https:\/\/linkxa.es\/linkshop\/producto\/punto-acceso-inalambrico-ubiquiti-u6-in-wall-2\/","title":{"rendered":"Punto acceso inalambrico ubiquiti u6 in &#8211; wall"},"content":{"rendered":"<div style=\"text-align: center; margin-bottom: 20px;\">\n<h2 style=\"font-size: 22px; font-weight: 600; margin: 0; color: #333;\">Ubiquiti\u00a0|\u00a0 Puntos de acceso<\/h2>\n<\/div>\n<p style=\"max-width: 700px; margin: 0px auto 30px; font-size: 18px; line-height: 1.6; color: #555555; font-style: italic; text-align: left;\">Adopte el U6-IW en minutos con su aplicaci\u00f3n de red UniFi y:<\/p>\n<p>Administre de forma centralizada m\u00faltiples redes desde una interfaz intuitiva<br \/>Disfrute de informaci\u00f3n de dispositivos en tiempo real y opciones de configuraci\u00f3n profundas<br \/>Actualice el firmware del dispositivo de forma remota<br \/>Administre usuarios de red e invitados con facilidad<br \/>Personalice el dise\u00f1o, la arquitectura y la privacidad de los puntos de acceso para invitados<br \/>Configure dispositivos r\u00e1pidamente y admin\u00edstrelos sobre la marcha con una potente aplicaci\u00f3n m\u00f3vil<\/p>\n<p>Caracter\u00edsticas<\/p>\n<p>Compatibilidad con WiFi 6 (bandas de 2,4\/5 GHz)<br \/>Tasa de rendimiento agregado de 5,3 Gbps<br \/>(1) puerto GbE RJ45 (entrada PoE)<br \/>(4) puertos GbE RJ45, incluido uno compatible con salida PoE *Se requiere entrada PoE+<\/p>\n<p>Especificaciones Ubiquiti U6 In-Wall<\/p>\n<p>Caracter\u00edsticas<br \/>2,4 GHz: Si<br \/>5 GHz: Si<br \/>6 GHz: No<br \/>Rango m\u00e1ximo de transferencia de datos: 573,5 Mbit\/s<br \/>Velocidad m\u00e1xima de transferencia de datos (2,4 GHz): 573,5 Mbit\/s<br \/>Velocidad m\u00e1xima de transferencia de datos (5 GHz): 4,8 Mbit\/s<br \/>Velocidad de transmisi\u00f3n de datos: 573,5 Mbit\/s<br \/>Bluetooth: Si<br \/>MIMO: Si<br \/>Tipo MIMO: Multi User MIMO<br \/>Soporte VLAN: Si<br \/>Selecci\u00f3n de frecuencia din\u00e1mica (DFS): Si<br \/>Calidad de servicio (QoS) soporte: Si<\/p>\n<p>Seguridad<br \/>Algoritmos de seguridad soportados: WPA, WPA-Enterprise, WPA-PSK, WPA2, WPA3<\/p>\n<p>Protocolos<br \/>Protocolos de red compatibles: 802.11a, 802.11b, 802.11g, 802.11n, 802.11ac, 802.11ax, 802.1Q<\/p>\n<p>Puertos e Interfaces<br \/>Ethernet LAN (RJ-45) cantidad de puertos: 5<br \/>Cantidad de puertos RJ-45 internos: 1<br \/>Conexi\u00f3n WAN: Wi-Fi<\/p>\n<p>Control de energ\u00eda<br \/>Energ\u00eda sobre Ethernet (PoE): Si<br \/>Voltaje de entrada AC: 44 &#8211; 57 V<br \/>Consumo de energ\u00eda (m\u00e1x.): 13,5 W<\/p>\n<p>Dise\u00f1o<br \/>Ubicaci\u00f3n: Pared<br \/>Color del producto: Blanco<br \/>Material de la carcasa: Aluminio, Pl\u00e1stico<br \/>Bot\u00f3n de restaurar: Si<br \/>Indicadores LED: Si<br \/>Certificaci\u00f3n: CE, FCC, IC<\/p>\n<p>Antena<br \/>Tipo de antena: Interno<br \/>Ganancia de la antena (m\u00e1x.): 5,9 dBi<\/p>\n<p>Peso y dimensiones<br \/>Ancho: 96 mm<br \/>Profundidad: 31,2 mm<br \/>Altura: 139,7 mm<br \/>Peso: 460 g<\/p>\n<p>Contenido del embalaje<br \/>N\u00famero de productos incluidos: 1 pieza(s)<br \/>Kit de montaje: Si<\/p>\n<p>Condiciones ambientales<br \/>Intervalo de humedad relativa para funcionamiento: 5 &#8211; 95%<br \/>Intervalo de temperatura operativa: -30 &#8211; 60 C<\/p>\n","protected":false},"excerpt":{"rendered":"<p>Punto acceso inalambrico ubiquiti u6 in &#8211; wall<\/p>\n","protected":false},"featured_media":236224,"comment_status":"open","ping_status":"open","template":"","meta":{"_et_pb_use_builder":"","_et_pb_old_content":"","_et_gb_content_width":""},"product_brand":[3298],"product_cat":[2058,3299,3261,3844],"product_tag":[3302,3264,3300],"class_list":{"0":"post-239024","1":"product","2":"type-product","3":"status-publish","4":"has-post-thumbnail","6":"product_brand-ubiquiti","7":"product_cat-dispositivos","8":"product_cat-puntos-de-acceso","9":"product_cat-redes","10":"product_cat-ubiquiti","11":"product_tag-puntos-de-acceso","12":"product_tag-redes","13":"product_tag-ubiquiti","14":"product_shipping_class-2059","15":"pa_canon-digital-impuesto-incluido-de-0-e","16":"pa_categoria-redes","17":"pa_marca-ubiquiti","18":"pa_peso-3876","19":"pa_referencia-mgs0000014858","21":"first","22":"instock","23":"sale","24":"taxable","25":"shipping-taxable","26":"purchasable","27":"product-type-simple"},"_links":{"self":[{"href":"https:\/\/linkxa.es\/linkshop\/wp-json\/wp\/v2\/product\/239024","targetHints":{"allow":["GET"]}}],"collection":[{"href":"https:\/\/linkxa.es\/linkshop\/wp-json\/wp\/v2\/product"}],"about":[{"href":"https:\/\/linkxa.es\/linkshop\/wp-json\/wp\/v2\/types\/product"}],"replies":[{"embeddable":true,"href":"https:\/\/linkxa.es\/linkshop\/wp-json\/wp\/v2\/comments?post=239024"}],"wp:featuredmedia":[{"embeddable":true,"href":"https:\/\/linkxa.es\/linkshop\/wp-json\/wp\/v2\/media\/236224"}],"wp:attachment":[{"href":"https:\/\/linkxa.es\/linkshop\/wp-json\/wp\/v2\/media?parent=239024"}],"wp:term":[{"taxonomy":"product_brand","embeddable":true,"href":"https:\/\/linkxa.es\/linkshop\/wp-json\/wp\/v2\/product_brand?post=239024"},{"taxonomy":"product_cat","embeddable":true,"href":"https:\/\/linkxa.es\/linkshop\/wp-json\/wp\/v2\/product_cat?post=239024"},{"taxonomy":"product_tag","embeddable":true,"href":"https:\/\/linkxa.es\/linkshop\/wp-json\/wp\/v2\/product_tag?post=239024"}],"curies":[{"name":"wp","href":"https:\/\/api.w.org\/{rel}","templated":true}]}}