{"id":239025,"date":"2024-12-25T23:49:35","date_gmt":"2024-12-25T23:49:35","guid":{"rendered":"https:\/\/linkxa.es\/contratacion\/producto\/punto-acceso-inalambrico-ubiquiti-u6-mesh\/"},"modified":"2025-12-07T22:26:31","modified_gmt":"2025-12-07T22:26:31","slug":"punto-acceso-inalambrico-ubiquiti-u6-mesh","status":"publish","type":"product","link":"https:\/\/linkxa.es\/linkshop\/producto\/punto-acceso-inalambrico-ubiquiti-u6-mesh\/","title":{"rendered":"Punto acceso inalambrico ubiquiti u6 mesh"},"content":{"rendered":"<div style=\"text-align: center; margin-bottom: 20px;\">\n<h2 style=\"font-size: 22px; font-weight: 600; margin: 0; color: #333;\">Ubiquiti\u00a0|\u00a0 Puntos de acceso<\/h2>\n<\/div>\n<p style=\"max-width: 700px; margin: 0px auto 30px; font-size: 18px; line-height: 1.6; color: #555555; font-style: italic; text-align: left;\">Ubiquiti Networks U6-Mesh, 4800 Mbit\/s, 573,5 Mbit\/s, 4800 Mbit\/s, 1000 Mbit\/s, 2.4 &#8211; 5 GHz, IEEE 802.11a, IEEE 802.11ac, IEEE 802.11ax, IEEE 802.11b, IEEE 802.11g, IEEE 802.11n, IEEE 802.1Q,&#8230;<\/p>\n<p>Ubiquiti Networks U6-Mesh. Rango m\u00e1ximo de transferencia de datos: 4800 Mbit\/s, Velocidad m\u00e1xima de transferencia de datos (2,4 GHz): 573,5 Mbit\/s, Velocidad m\u00e1xima de transferencia de datos (5 GHz): 4800 Mbit\/s. Algoritmos de<br \/>seguridad soportados: WPA, WPA-Enterprise, WPA-PSK, WPA2, WPA3. Voltaje de entrada AC: 44 &#8211; 57 V, Corriente de entrada: 0.32 A, Consumo de energ\u00eda (max): 11,4 W. Ubicaci\u00f3n: Techo, M\u00e1stil, Mesa, Pared, Color del producto: Blanco,<br \/>Material de la carcasa: Aluminio, Pl\u00e1stico. Tipo de antena: Interno, Ganancia de la antena (max): 5 dBi<\/p>\n<p>Especificaci\u00f3n<br \/>Caracter\u00edsticas<br \/>2,4 GHz Si<br \/>5 GHz Si<br \/>Tasa de transferencia (m\u00e1x) 4800 Mbit\/s Mbit\/s<br \/>Velocidad m\u00e1xima de transferencia de datos (2,4 GHz) 573,5 Mbit\/s Mbit\/s<br \/>Velocidad m\u00e1xima de transferencia de datos (5 GHz) 4800 Mbit\/s Mbit\/s<br \/>Ethernet LAN, velocidad de transferencia de datos 1000 Mbit\/s Mbit\/s<br \/>Frecuencia de banda 2.4 &#8211; 5 GHz<br \/>Est\u00e1ndares de red IEEE 802.11a, IEEE 802.11ac, IEEE 802.11ax, IEEE 802.11b, IEEE 802.11g, IEEE 802.11n, IEEE 802.1Q, IEEE 802.3af<br \/>Type of cable technology performance, including the fiber or cable type Tecnolog\u00eda de cableado 10\/100\/1000Base-T(X)<br \/>Bluetooth Si<br \/>MIMO Si<br \/>Tipo MIMO Multi User MIMO<br \/>Soporte VLAN Si<br \/>Calidad de servicio (QoS) soporte Si<br \/>Seguridad<br \/>Algoritmos de seguridad soportados WPA, WPA-Enterprise, WPA-PSK, WPA2, WPA3<br \/>Puertos e Interfaces<br \/>Ethernet LAN (RJ-45) cantidad de puertos 1<br \/>Control de energ\u00eda<br \/>Energ\u00eda sobre Ethernet (PoE) Si<br \/>Voltaje de entrada AC 44 &#8211; 57 V<br \/>Corriente de entrada 0.32 A<br \/>Consumo de energ\u00eda (max) 11,4 W<br \/>Dise\u00f1o<br \/>Ubicaci\u00f3n Techo, M\u00e1stil, Mesa, Pared<br \/>Color del producto Blanco<br \/>Material de la carcasa Aluminio, Pl\u00e1stico<br \/>C\u00f3digo IP (International Protection) IPX5<br \/>Bot\u00f3n de restaurar Si<br \/>Indicadores LED Si<br \/>Antena<br \/>Tipo de antena Interno<br \/>Ganancia de la antena (max) 5 dBi dBi<br \/>Condiciones ambientales<br \/>Intervalo de humedad relativa para funcionamiento 5 &#8211; 95%<br \/>Intervalo de temperatura operativa -30 &#8211; 60 C<br \/>Peso y dimensiones<br \/>Ancho 48,5 mm<br \/>Profundidad 48,5 mm<br \/>Height of the product Altura 159,5 mm<br \/>Peso del producto sin embalaje (peso neto). Si es posible, se da el peso neto incluyendo los accesorios y suministros est\u00e1ndar. Tenga en cuenta que a veces el fabricante deja de lado el peso de los accesorios y \/ o suministros. Peso 400<br \/>g<br \/>Empaquetado<br \/>N\u00famero de productos incluidos 1 pieza(s)<br \/>Incluye adaptador PoE Si<\/p>\n","protected":false},"excerpt":{"rendered":"<p>Punto acceso inalambrico ubiquiti u6 mesh<\/p>\n","protected":false},"featured_media":238972,"comment_status":"open","ping_status":"open","template":"","meta":{"_et_pb_use_builder":"","_et_pb_old_content":"","_et_gb_content_width":""},"product_brand":[3298],"product_cat":[2058,3299,3261,3844],"product_tag":[3302,3264,3300],"class_list":{"0":"post-239025","1":"product","2":"type-product","3":"status-publish","4":"has-post-thumbnail","6":"product_brand-ubiquiti","7":"product_cat-dispositivos","8":"product_cat-puntos-de-acceso","9":"product_cat-redes","10":"product_cat-ubiquiti","11":"product_tag-puntos-de-acceso","12":"product_tag-redes","13":"product_tag-ubiquiti","14":"product_shipping_class-2059","15":"pa_canon-digital-impuesto-incluido-de-0-e","16":"pa_categoria-redes","17":"pa_marca-ubiquiti","18":"pa_peso-3878","19":"pa_referencia-mgs0000014859","21":"first","22":"instock","23":"sale","24":"taxable","25":"shipping-taxable","26":"purchasable","27":"product-type-simple"},"_links":{"self":[{"href":"https:\/\/linkxa.es\/linkshop\/wp-json\/wp\/v2\/product\/239025","targetHints":{"allow":["GET"]}}],"collection":[{"href":"https:\/\/linkxa.es\/linkshop\/wp-json\/wp\/v2\/product"}],"about":[{"href":"https:\/\/linkxa.es\/linkshop\/wp-json\/wp\/v2\/types\/product"}],"replies":[{"embeddable":true,"href":"https:\/\/linkxa.es\/linkshop\/wp-json\/wp\/v2\/comments?post=239025"}],"wp:featuredmedia":[{"embeddable":true,"href":"https:\/\/linkxa.es\/linkshop\/wp-json\/wp\/v2\/media\/238972"}],"wp:attachment":[{"href":"https:\/\/linkxa.es\/linkshop\/wp-json\/wp\/v2\/media?parent=239025"}],"wp:term":[{"taxonomy":"product_brand","embeddable":true,"href":"https:\/\/linkxa.es\/linkshop\/wp-json\/wp\/v2\/product_brand?post=239025"},{"taxonomy":"product_cat","embeddable":true,"href":"https:\/\/linkxa.es\/linkshop\/wp-json\/wp\/v2\/product_cat?post=239025"},{"taxonomy":"product_tag","embeddable":true,"href":"https:\/\/linkxa.es\/linkshop\/wp-json\/wp\/v2\/product_tag?post=239025"}],"curies":[{"name":"wp","href":"https:\/\/api.w.org\/{rel}","templated":true}]}}