{"id":239027,"date":"2025-05-16T06:23:53","date_gmt":"2025-05-16T06:23:53","guid":{"rendered":"https:\/\/linkxa.es\/contratacion\/producto\/switch-16-puertos-ubiquiti-susw-16-poe-gigabit\/"},"modified":"2025-12-07T22:27:08","modified_gmt":"2025-12-07T22:27:08","slug":"switch-16-puertos-ubiquiti-susw-16-poe-gigabit","status":"publish","type":"product","link":"https:\/\/linkxa.es\/linkshop\/producto\/switch-16-puertos-ubiquiti-susw-16-poe-gigabit\/","title":{"rendered":"Switch 16 puertos ubiquiti susw &#8211; 16 &#8211; poe gigabit"},"content":{"rendered":"<div style=\"text-align: center; margin-bottom: 20px;\">\n<h2 style=\"font-size: 22px; font-weight: 600; margin: 0; color: #333;\">Ubiquiti\u00a0|\u00a0 Switch<\/h2>\n<\/div>\n<p style=\"max-width: 700px; margin: 0px auto 30px; font-size: 18px; line-height: 1.6; color: #555555; font-style: italic; text-align: left;\">USW-16-POE<br \/>UniFi Gigabit Switch Generaci\u00f3n 2, switch capa 2 con 16 puertos Ethernet Gigabit (8 de ellos 802.3at PoE+) y 2 SFP. Incorpora una pantalla 1.3 LCM t\u00e1ctil informativa.<\/p>\n<p>Administrado y configurado por el controlador de red UniFi con soporte de aplicaci\u00f3n m\u00f3vil UniFi, el USW-16-POE ofrece un amplio conjunto de funciones y protocolos de conmutaci\u00f3n de capa 2 avanzados, incluido el modo<br \/>de operaci\u00f3n (conmutaci\u00f3n, duplicaci\u00f3n o agregado) por puerto. El controlador de red UniFi y la aplicaci\u00f3n m\u00f3vil permiten a los administradores configurar y monitorear pr\u00e1cticamente todas las funciones del conmutador en<br \/>una interfaz gr\u00e1fica de usuario desde cualquier lugar.<\/p>\n<p>(8) puertos Gigabit RJ45 con PoE 802.3af\/at<br \/>(8) puertos Gigabit RJ45<br \/>(2) puertos 1G SFP<br \/>Montaje en bastidor 1U (hardware incluido)<br \/>Pantalla t\u00e1ctil 1.3 pulgadas LCM para proporcionar informaci\u00f3n de estado<br \/>Dise\u00f1o compacto sin ventilador.<\/p>\n<p>Dimensiones<br \/>442,4 x 200 x 43,7 mm (17,42 x 7,87 x 1,72 \u00ab)<\/p>\n<p>Peso<br \/>2,80 kg (6,17 lb)<br \/>Con soportes 2.89 kg (6.37 lb)<\/p>\n<p>Interfaces de Red<br \/>(16) Puertos 10\/100\/1000 RJ45<br \/>(2) Puertos Ethernet 1G SFP<\/p>\n<p>Interfaz de gesti\u00f3n<br \/>Ethernet in band<\/p>\n<p>Rendimiento total sin bloqueo<br \/>18 Gbps<\/p>\n<p>Capacidad de conmutaci\u00f3n<br \/>36 Gbps<\/p>\n<p>Tasa de reenv\u00edo<br \/>26.78 Mpps<\/p>\n<p>M\u00e9todo alimentaci\u00f3n<br \/>100-240 VCA, 50\/60 Hz, entrada universal<\/p>\n<p>Fuente de alimentaci\u00f3n<br \/>AC \/ DC, interno, 60W<\/p>\n<p>Rango de voltaje<br \/>100 a 240 VCA<\/p>\n<p>Consumo m\u00e1ximo de energ\u00eda (sin salida PoE)<br \/>18W<\/p>\n<p>LEDs<br \/>Estado del sistema<br \/>Puertos de datos RJ45 PoE, Velocidad \/ Enlace \/ Actividad<br \/>Enlace \/ actividad de puertos de datos SFP<\/p>\n<p>Protecci\u00f3n ESD \/ EMP<br \/>Aire: \u00b1 16 kV, contacto: \u00b1 12 kV<\/p>\n<p>Choque y Vibraci\u00f3n<br \/>ETSI300-319-1.4 est\u00e1ndar<\/p>\n<p>Temperatura de funcionamiento<br \/>-5 a 40 \u00b0 C (23 a 104 \u00b0 F)<\/p>\n<p>Humedad de funcionamiento<br \/>10 &#8211; 90% sin condensaci\u00f3n<\/p>\n<p>Certificaciones<br \/>CE, FCC, ICPoE<\/p>\n<p>PoE total disponible<br \/>42W<\/p>\n<p>Interfaces PoE Puertos 1-8<br \/>POE + IEEE 802.3af \/ at (pines 1, 2+, 3, 6-)<\/p>\n<p>Max. Potencia PoE por puerto por PSE802.3at<br \/>32W<\/p>\n<p>Rango de voltaje<br \/>Modo 802.3af 44-57V<br \/>Modo 802.3at 50-57V<\/p>\n","protected":false},"excerpt":{"rendered":"<p>Switch 16 puertos ubiquiti susw &#8211; 16 &#8211; poe gigabit l2 2ptos sfp poex8 42w<\/p>\n","protected":false},"featured_media":0,"comment_status":"open","ping_status":"open","template":"","meta":{"_et_pb_use_builder":"","_et_pb_old_content":"","_et_gb_content_width":""},"product_brand":[3298],"product_cat":[2058,3261,3270,3864],"product_tag":[3264,3273,3300],"class_list":{"0":"post-239027","1":"product","2":"type-product","3":"status-publish","5":"product_brand-ubiquiti","6":"product_cat-dispositivos","7":"product_cat-redes","8":"product_cat-switch","9":"product_cat-ubiquiti-switch","10":"product_tag-redes","11":"product_tag-switch","12":"product_tag-ubiquiti","13":"product_shipping_class-2088","14":"pa_canon-digital-impuesto-incluido-de-0-e","15":"pa_categoria-redes","16":"pa_marca-ubiquiti","17":"pa_peso-3882","18":"pa_referencia-mgs0000022588","20":"first","21":"instock","22":"sale","23":"taxable","24":"shipping-taxable","25":"purchasable","26":"product-type-simple"},"_links":{"self":[{"href":"https:\/\/linkxa.es\/linkshop\/wp-json\/wp\/v2\/product\/239027","targetHints":{"allow":["GET"]}}],"collection":[{"href":"https:\/\/linkxa.es\/linkshop\/wp-json\/wp\/v2\/product"}],"about":[{"href":"https:\/\/linkxa.es\/linkshop\/wp-json\/wp\/v2\/types\/product"}],"replies":[{"embeddable":true,"href":"https:\/\/linkxa.es\/linkshop\/wp-json\/wp\/v2\/comments?post=239027"}],"wp:attachment":[{"href":"https:\/\/linkxa.es\/linkshop\/wp-json\/wp\/v2\/media?parent=239027"}],"wp:term":[{"taxonomy":"product_brand","embeddable":true,"href":"https:\/\/linkxa.es\/linkshop\/wp-json\/wp\/v2\/product_brand?post=239027"},{"taxonomy":"product_cat","embeddable":true,"href":"https:\/\/linkxa.es\/linkshop\/wp-json\/wp\/v2\/product_cat?post=239027"},{"taxonomy":"product_tag","embeddable":true,"href":"https:\/\/linkxa.es\/linkshop\/wp-json\/wp\/v2\/product_tag?post=239027"}],"curies":[{"name":"wp","href":"https:\/\/api.w.org\/{rel}","templated":true}]}}