{"id":239031,"date":"2025-02-16T12:44:16","date_gmt":"2025-02-16T12:44:16","guid":{"rendered":"https:\/\/linkxa.es\/contratacion\/producto\/punto-acceso-inalambrico-ubiquiti-u7-lite\/"},"modified":"2025-12-07T22:28:48","modified_gmt":"2025-12-07T22:28:48","slug":"punto-acceso-inalambrico-ubiquiti-u7-lite","status":"publish","type":"product","link":"https:\/\/linkxa.es\/linkshop\/producto\/punto-acceso-inalambrico-ubiquiti-u7-lite\/","title":{"rendered":"Punto acceso inalambrico ubiquiti u7 lite"},"content":{"rendered":"<div style=\"text-align: center; margin-bottom: 20px;\">\n<h2 style=\"font-size: 22px; font-weight: 600; margin: 0; color: #333;\">Ubiquiti\u00a0|\u00a0 Puntos de acceso<\/h2>\n<\/div>\n<p style=\"max-width: 700px; margin: 0px auto 30px; font-size: 18px; line-height: 1.6; color: #555555; font-style: italic; text-align: left;\">NOTA: inyector Poe no incluido,<br \/>&#8211; DIMENSIONES Y PESO<br \/>Dimensiones: \u00d8171.5 x 33 mm (\u00d86.8 x 1.3&#8243;)\u00a0<br \/>Peso: 313 g (11 oz)\u00a0<br \/>&#8211; EST\u00c1NDAR Y RENDIMIENTO WIFI<br \/>Est\u00e1ndar WiFi: WiFi 7 (802.11be)\u00a0<br \/>Streams espaciales: 4\u00a0<br \/>\u00c1rea de cobertura: 115 m\u00b2 (1,250 ft\u00b2)\u00a0<br \/>Cantidad m\u00e1xima de clientes: 200+\u00a0<br \/>MIMO por banda:\u00a0<br \/>5 GHz: 2 x 2 (DL\/UL MU-MIMO)\u00a0<br \/>2.4 GHz: 2 x 2 (DL\/UL MU-MIMO)\u00a0<br \/>Velocidades m\u00e1ximas de datos:\u00a0<br \/>5 GHz: 4.3 Gbps (BW240)\u00a0<br \/>2.4 GHz: 688 Mbps (BW40)\u00a0<br \/>Ganancia de antena:\u00a0<br \/>5 GHz: 5 dBi\u00a0<br \/>2.4 GHz: 4 dBi\u00a0<br \/>Potencia m\u00e1xima de transmisi\u00f3n:\u00a0<br \/>5 GHz: 24 dBm\u00a0<br \/>2.4 GHz: 23 dBm\u00a0<br \/>M\u00e1ximo de BSSIDs: 8 por radio\u00a0<br \/>&#8211; VELOCIDADES SOPORTADAS POR EST\u00c1NDAR<br \/>WiFi 7 (802.11be): 7.3 Mbps a 4.3 Gbps (MCS0 &#8211; MCS13 NSS1\/2)\u00a0<br \/>WiFi 6 (802.11ax): 7.3 Mbps a 2.4 Gbps (MCS0 &#8211; MCS11 NSS1\/2)\u00a0<br \/>WiFi 5 (802.11ac): 6.5 Mbps a 1.7 Gbps (MCS0 &#8211; MCS9 NSS1\/2)\u00a0<br \/>WiFi 4 (802.11n): 6.5 Mbps a 300 Mbps (MCS0 &#8211; MCS15)\u00a0<br \/>&#8211; FUNCIONES AVANZADAS<br \/>Wireless Meshing: S\u00ed\u00a0<br \/>Band Steering: S\u00ed\u00a0<br \/>802.11v BSS Transition Management: S\u00ed\u00a0<br \/>802.11r Fast Roaming: S\u00ed\u00a0<br \/>802.11k Radio Resource Management (RRM): S\u00ed\u00a0<br \/>Advanced Radio Management: S\u00ed\u00a0<br \/>Passpoint (Hotspot 2.0): S\u00ed\u00a0<br \/>Portal cautivo con p\u00e1gina personalizada: S\u00ed\u00a0<br \/>Autenticaci\u00f3n por voucher: S\u00ed\u00a0<br \/>Autenticaci\u00f3n con pago: S\u00ed\u00a0<br \/>Soporte para portal externo: S\u00ed\u00a0<br \/>Autenticaci\u00f3n por contrase\u00f1a: S\u00ed\u00a0<br \/>Aislamiento de red para invitados: S\u00ed\u00a0<br \/>Llave precompartida privada (PPSK): S\u00ed\u00a0<br \/>Limitaci\u00f3n de velocidad por dispositivo: S\u00ed\u00a0<br \/>Aislamiento de dispositivo cliente: S\u00ed\u00a0<br \/>Programaci\u00f3n de WiFi: S\u00ed\u00a0<br \/>RADIUS sobre TLS (RadSec): S\u00ed\u00a0<br \/>Asignaci\u00f3n din\u00e1mica de VLAN v\u00eda RADIUS: S\u00ed\u00a0<br \/>&#8211; INTERFAZ Y HARDWARE<br \/>Puerto de red: (1) RJ45 2.5 GbE\u00a0<br \/>M\u00e9todo de alimentaci\u00f3n: PoE\u00a0<br \/>Consumo m\u00e1ximo de energ\u00eda: 13W\u00a0<br \/>Rango de voltaje soportado: 42.5?57V DC\u00a0<br \/>Material del cuerpo: Policarbonato estabilizado UV\u00a0<br \/>Material del soporte: Policarbonato estabilizado UV, acero galvanizado (SGCC)\u00a0<br \/>&#8211; MONTAJE<br \/>Opciones de montaje: Techo, pared\u00a0<br \/>Montura incluida: Lite Mount\u00a0<br \/>&#8211; INDICADORES LED<br \/>LEDs del sistema: Blanco\/Azul\u00a0<br \/>&#8211; ANCHO DE BANDA DE CANAL SOPORTADO<br \/>HT 20\/40 MHz\u00a0<br \/>VHT 20\/40\/80\/160 MHz\u00a0<br \/>HE 20\/40\/80\/160 MHz\u00a0<br \/>EHT 20\/40\/80\/160\/240 MHz\u00a0<br \/>&#8211; CONDICIONES AMBIENTALES<br \/>Temperatura operativa: -30 a 40\u00b0C (-22 a 104\u00b0F)\u00a0<br \/>Humedad operativa: 5% a 95% sin condensaci\u00f3n\u00a0<br \/>&#8211; CERTIFICACIONES<br \/>Certificaciones: CE, FCC, IC\u00a0<br \/>Cumplimiento NDAA: S\u00ed\u00a0<br \/>&#8211; SOFTWARE<br \/>Requisitos de aplicaci\u00f3n:\u00a0<br \/>UniFi Network versi\u00f3n 9.0.114 o posterior\u00a0<br \/>UniFi OS iOS? versi\u00f3n 10.20.2 o posterior\u00a0<br \/>Android? versi\u00f3n 10.21.7 o posterior\u00a0<br \/>\u00ab`<\/p>\n","protected":false},"excerpt":{"rendered":"<p>Punto acceso inalambrico ubiquiti u7 lite<\/p>\n","protected":false},"featured_media":238985,"comment_status":"open","ping_status":"open","template":"","meta":{"_et_pb_use_builder":"","_et_pb_old_content":"","_et_gb_content_width":""},"product_brand":[3298],"product_cat":[2058,3299,3261,3844],"product_tag":[3302,3264,3300],"class_list":{"0":"post-239031","1":"product","2":"type-product","3":"status-publish","4":"has-post-thumbnail","6":"product_brand-ubiquiti","7":"product_cat-dispositivos","8":"product_cat-puntos-de-acceso","9":"product_cat-redes","10":"product_cat-ubiquiti","11":"product_tag-puntos-de-acceso","12":"product_tag-redes","13":"product_tag-ubiquiti","14":"product_shipping_class-2059","15":"pa_canon-digital-impuesto-incluido-de-0-e","16":"pa_categoria-redes","17":"pa_marca-ubiquiti","18":"pa_peso-3890","19":"pa_referencia-mgs0000027252","21":"first","22":"instock","23":"sale","24":"taxable","25":"shipping-taxable","26":"purchasable","27":"product-type-simple"},"_links":{"self":[{"href":"https:\/\/linkxa.es\/linkshop\/wp-json\/wp\/v2\/product\/239031","targetHints":{"allow":["GET"]}}],"collection":[{"href":"https:\/\/linkxa.es\/linkshop\/wp-json\/wp\/v2\/product"}],"about":[{"href":"https:\/\/linkxa.es\/linkshop\/wp-json\/wp\/v2\/types\/product"}],"replies":[{"embeddable":true,"href":"https:\/\/linkxa.es\/linkshop\/wp-json\/wp\/v2\/comments?post=239031"}],"wp:featuredmedia":[{"embeddable":true,"href":"https:\/\/linkxa.es\/linkshop\/wp-json\/wp\/v2\/media\/238985"}],"wp:attachment":[{"href":"https:\/\/linkxa.es\/linkshop\/wp-json\/wp\/v2\/media?parent=239031"}],"wp:term":[{"taxonomy":"product_brand","embeddable":true,"href":"https:\/\/linkxa.es\/linkshop\/wp-json\/wp\/v2\/product_brand?post=239031"},{"taxonomy":"product_cat","embeddable":true,"href":"https:\/\/linkxa.es\/linkshop\/wp-json\/wp\/v2\/product_cat?post=239031"},{"taxonomy":"product_tag","embeddable":true,"href":"https:\/\/linkxa.es\/linkshop\/wp-json\/wp\/v2\/product_tag?post=239031"}],"curies":[{"name":"wp","href":"https:\/\/api.w.org\/{rel}","templated":true}]}}