{"id":239039,"date":"2025-03-05T04:52:46","date_gmt":"2025-03-05T04:52:46","guid":{"rendered":"https:\/\/linkxa.es\/contratacion\/producto\/ubiquiti-iso-beam-620-protecto-externo\/"},"modified":"2025-12-07T22:31:32","modified_gmt":"2025-12-07T22:31:32","slug":"ubiquiti-iso-beam-620-protecto-externo","status":"publish","type":"product","link":"https:\/\/linkxa.es\/linkshop\/producto\/ubiquiti-iso-beam-620-protecto-externo\/","title":{"rendered":"Ubiquiti iso beam 620 protecto externo"},"content":{"rendered":"<div style=\"text-align: center; margin-bottom: 20px;\">\n<h2 style=\"font-size: 22px; font-weight: 600; margin: 0; color: #333;\">Ubiquiti\u00a0|\u00a0 Antenas y parab\u00f3licas<\/h2>\n<\/div>\n<p style=\"max-width: 700px; margin: 0px auto 30px; font-size: 18px; line-height: 1.6; color: #555555; font-style: italic; text-align: left;\">El Ubiquiti ISO-BEAM-620, proporciona una gran capacidad de aislamiento para entornos de colocalizaci\u00f3n y enlaces punto a punto. Tambi\u00e9n ofrece un mejor comportamiento frente al viento.<\/p>\n<p>El Ubiquiti ISO-BEAM-620 es compatible con cualquiera de las siguientes antenas:<\/p>\n<p>airFiber\u00aeAF?5G30?S45, PowerBeam?PBE?5AC?620, PowerBeam PBE?M5?620, and RocketDish?RD?5G30?LW<\/p>\n<p>La instalaci\u00f3n es f\u00e1cil y r\u00e1pida, siendo necesario un \u00fanico tornillo.<\/p>\n","protected":false},"excerpt":{"rendered":"<p>Ubiquiti iso beam 620 protecto externo puntos de acceso<\/p>\n","protected":false},"featured_media":0,"comment_status":"open","ping_status":"open","template":"","meta":{"_et_pb_use_builder":"","_et_pb_old_content":"","_et_gb_content_width":""},"product_brand":[3298],"product_cat":[3907,2058,3261,3908],"product_tag":[3909,3264,3300],"class_list":{"0":"post-239039","1":"product","2":"type-product","3":"status-publish","5":"product_brand-ubiquiti","6":"product_cat-antenas-y-parabolicas","7":"product_cat-dispositivos","8":"product_cat-redes","9":"product_cat-ubiquiti-antenas-y-parabolicas","10":"product_tag-antenas-y-parabolicas","11":"product_tag-redes","12":"product_tag-ubiquiti","13":"product_shipping_class-2059","14":"pa_canon-digital-impuesto-incluido-de-0-e","15":"pa_categoria-redes","16":"pa_marca-ubiquiti","17":"pa_peso-3551","18":"pa_referencia-mgs0000029730","20":"first","21":"instock","22":"sale","23":"taxable","24":"shipping-taxable","25":"purchasable","26":"product-type-simple"},"_links":{"self":[{"href":"https:\/\/linkxa.es\/linkshop\/wp-json\/wp\/v2\/product\/239039","targetHints":{"allow":["GET"]}}],"collection":[{"href":"https:\/\/linkxa.es\/linkshop\/wp-json\/wp\/v2\/product"}],"about":[{"href":"https:\/\/linkxa.es\/linkshop\/wp-json\/wp\/v2\/types\/product"}],"replies":[{"embeddable":true,"href":"https:\/\/linkxa.es\/linkshop\/wp-json\/wp\/v2\/comments?post=239039"}],"wp:attachment":[{"href":"https:\/\/linkxa.es\/linkshop\/wp-json\/wp\/v2\/media?parent=239039"}],"wp:term":[{"taxonomy":"product_brand","embeddable":true,"href":"https:\/\/linkxa.es\/linkshop\/wp-json\/wp\/v2\/product_brand?post=239039"},{"taxonomy":"product_cat","embeddable":true,"href":"https:\/\/linkxa.es\/linkshop\/wp-json\/wp\/v2\/product_cat?post=239039"},{"taxonomy":"product_tag","embeddable":true,"href":"https:\/\/linkxa.es\/linkshop\/wp-json\/wp\/v2\/product_tag?post=239039"}],"curies":[{"name":"wp","href":"https:\/\/api.w.org\/{rel}","templated":true}]}}