{"id":239040,"date":"2025-03-05T21:50:37","date_gmt":"2025-03-05T21:50:37","guid":{"rendered":"https:\/\/linkxa.es\/contratacion\/producto\/antena-parabolica-ubiquiti-nbe-5ac-gen2-nanobeam-5ghz\/"},"modified":"2025-12-07T22:32:03","modified_gmt":"2025-12-07T22:32:03","slug":"antena-parabolica-ubiquiti-nbe-5ac-gen2-nanobeam-5ghz","status":"publish","type":"product","link":"https:\/\/linkxa.es\/linkshop\/producto\/antena-parabolica-ubiquiti-nbe-5ac-gen2-nanobeam-5ghz\/","title":{"rendered":"Antena parabolica ubiquiti nbe &#8211; 5ac &#8211; gen2 nanobeam 5ghz"},"content":{"rendered":"<div style=\"text-align: center; margin-bottom: 20px;\">\n<h2 style=\"font-size: 22px; font-weight: 600; margin: 0; color: #333;\">Ubiquiti\u00a0|\u00a0 Antenas y parab\u00f3licas<\/h2>\n<\/div>\n<p style=\"max-width: 700px; margin: 0px auto 30px; font-size: 18px; line-height: 1.6; color: #555555; font-style: italic; text-align: left;\">Ubiquiti Networks UBIQUITI NBE-5AC-Gen2 5 GHz NanoBeam AC, Gen2<\/p>\n<p>Usando tecnolog\u00eda airMAX ac, la PowerBeam soporta hasta 450 Mbps reales<br \/>TCP\/IP. Tiene una antena que ofrece 19 dBi de ganancia, opera en el intervalo de<br \/>frecuencia de 5150 5875 MHz. Cuenta con un procesador Atheros MIPS 74KC a<br \/>560 MHz y 128MB de RAM DDR2, adem\u00e1s de 8 MB de Flash. Tambi\u00e9n tiene un<br \/>puerto Gigabit Ethernet 10\/100\/1000.<br \/>Red de gestion integrada<\/p>\n<p>El Litebeam AC-Gen2 integra una red Wireless independiente para agilizar y<br \/>facilitar la instalacion del equipo con un dispositivo movil<br \/>Inmunidad al Ruido Mejorada<\/p>\n<p>Tambi\u00e9n ofrece un mejor comportamiento frente al viento. La PowerBeam ac<br \/>dirige la energ\u00eda de RF en un ancho de haz m\u00e1s preciso. Con la energ\u00eda en una<br \/>direcci\u00f3n, la PowerBeam ac bloquea o filtra espacialmente el ruido, por lo tanto<br \/>la inmunidad se mejora.<br \/>Esta caracter\u00edstica es especialmente importante en un \u00e1rea llena de otras<br \/>se\u00f1ales RF de frecuencias similares o iguales.<br \/>Dise\u00f1o Integral<\/p>\n<p>La tecnolog\u00eda InnerFeed de Ubiquiti integra la interface de radio dentro de la<br \/>antena, por lo que no necesita cables. Lo que mejora el rendimiento, ya que<br \/>elimina las perdidas por cable.<\/p>\n<p>Proporciona un mayor rendimiento debido a un procesador m\u00e1s r\u00e1pido y su<br \/>dise\u00f1o mec\u00e1nico innovador a un bajo costo, la PowerBeam ac es<br \/>extremadamente vers\u00e1til y rentable en su implementaci\u00f3n.<br \/>Tecnolog\u00eda airMAX ac Incluida<\/p>\n<p>A diferencia del protocolo est\u00e1ndar Wi-Fi, el protocolo de Acceso M\u00faltiple por<br \/>Divisi\u00f3n de Tiempo, en ingl\u00e9s Time Division Multiple Access (TDMA) de Ubiquiti,<br \/>permite a cada cliente enviar y recibir datos usando un esquema de ranuras de<br \/>tiempo pre-asignadas programadas por un controlador inteligente.<\/p>\n<p>Estas ranuras de tiempo eliminaran la colisi\u00f3n de nodos ocultos y maximizaran<br \/>la eficiencia.<br \/>Lo que significa proporcionara un mejor rendimiento en latencia y escalabilidad<br \/>comparado con cualquier otro sistema para exteriores en su clase.<\/p>\n<p>El kit incluye todo lo necesario para su f\u00e1cil instalaci\u00f3n.<\/p>\n<p>Caracteristicas<\/p>\n<p>Fuente de alimentacion 24V, 0.5A Gigabit PoE<br \/>Modo de alimentacion Passive PoE (Pairs 4, 5+, 7, 8 Return)<br \/>Rango de voltaje soportado 20-26VDC<br \/>Consumo maximo 8,5W<br \/>Ganancia 19 dBi<br \/>Frecuencia de operacion 5170 &#8211; 5875 MHz<br \/>LEDs (1) Power, (1) LAN, (4) WLAN<br \/>Ancho de canal<br \/>Modo PTP 10\/20\/30\/40\/50\/60\/80 MHz<br \/>Modo PTMP 10\/20\/30\/40 MHz<br \/>Polarizacion Dual Linear<br \/>Carcasa de plastico UV estabilizado<br \/>Kit de montaje en mastil incluido<br \/>Proteccion ESD\/EMP Aire: 24 kV, Contacta: 24 kV<br \/>Temperatura de funcionamiento -40 to 80 C<br \/>Humedad de funcionamiento 5 to 95% Sin condensacion<\/p>\n","protected":false},"excerpt":{"rendered":"<p>Antena parabolica ubiquiti nbe &#8211; 5ac &#8211; gen2 nanobeam 5ghz ac 19dbi gen2<\/p>\n","protected":false},"featured_media":0,"comment_status":"open","ping_status":"open","template":"","meta":{"_et_pb_use_builder":"","_et_pb_old_content":"","_et_gb_content_width":""},"product_brand":[3298],"product_cat":[3907,2058,3261,3908],"product_tag":[3909,3264,3300],"class_list":{"0":"post-239040","1":"product","2":"type-product","3":"status-publish","5":"product_brand-ubiquiti","6":"product_cat-antenas-y-parabolicas","7":"product_cat-dispositivos","8":"product_cat-redes","9":"product_cat-ubiquiti-antenas-y-parabolicas","10":"product_tag-antenas-y-parabolicas","11":"product_tag-redes","12":"product_tag-ubiquiti","13":"product_shipping_class-2059","14":"pa_canon-digital-impuesto-incluido-de-0-e","15":"pa_categoria-redes","16":"pa_marca-ubiquiti","17":"pa_peso-3911","18":"pa_referencia-nbe-5ac-gen2","20":"first","21":"instock","22":"sale","23":"taxable","24":"shipping-taxable","25":"purchasable","26":"product-type-simple"},"_links":{"self":[{"href":"https:\/\/linkxa.es\/linkshop\/wp-json\/wp\/v2\/product\/239040","targetHints":{"allow":["GET"]}}],"collection":[{"href":"https:\/\/linkxa.es\/linkshop\/wp-json\/wp\/v2\/product"}],"about":[{"href":"https:\/\/linkxa.es\/linkshop\/wp-json\/wp\/v2\/types\/product"}],"replies":[{"embeddable":true,"href":"https:\/\/linkxa.es\/linkshop\/wp-json\/wp\/v2\/comments?post=239040"}],"wp:attachment":[{"href":"https:\/\/linkxa.es\/linkshop\/wp-json\/wp\/v2\/media?parent=239040"}],"wp:term":[{"taxonomy":"product_brand","embeddable":true,"href":"https:\/\/linkxa.es\/linkshop\/wp-json\/wp\/v2\/product_brand?post=239040"},{"taxonomy":"product_cat","embeddable":true,"href":"https:\/\/linkxa.es\/linkshop\/wp-json\/wp\/v2\/product_cat?post=239040"},{"taxonomy":"product_tag","embeddable":true,"href":"https:\/\/linkxa.es\/linkshop\/wp-json\/wp\/v2\/product_tag?post=239040"}],"curies":[{"name":"wp","href":"https:\/\/api.w.org\/{rel}","templated":true}]}}