{"id":239041,"date":"2025-06-20T20:21:34","date_gmt":"2025-06-20T20:21:34","guid":{"rendered":"https:\/\/linkxa.es\/contratacion\/producto\/antena-parabolica-ubiquiti-nbe-m5-16-nanobeam-16dbi\/"},"modified":"2025-12-07T22:32:33","modified_gmt":"2025-12-07T22:32:33","slug":"antena-parabolica-ubiquiti-nbe-m5-16-nanobeam-16dbi","status":"publish","type":"product","link":"https:\/\/linkxa.es\/linkshop\/producto\/antena-parabolica-ubiquiti-nbe-m5-16-nanobeam-16dbi\/","title":{"rendered":"Antena parabolica ubiquiti nbe &#8211; m5 &#8211; 16 nanobeam 16dbi"},"content":{"rendered":"<div style=\"text-align: center; margin-bottom: 20px;\">\n<h2 style=\"font-size: 22px; font-weight: 600; margin: 0; color: #333;\">Ubiquiti\u00a0|\u00a0 Antenas y parab\u00f3licas<\/h2>\n<\/div>\n<p style=\"max-width: 700px; margin: 0px auto 30px; font-size: 18px; line-height: 1.6; color: #555555; font-style: italic; text-align: left;\">El nuevo dispositivo CPE de Ubiquiti Networks, Nanobeam. ha mejorado la<br \/>inmunidad a las interferencias externas, la tecnolog\u00eda utilizada en la NBE<br \/>puede enfocar la energ\u00eda de RF en un paquete m\u00e1s peque\u00f1o, que evita la<br \/>interferencia de otros dispositivos de la red. Esta caracter\u00edstica es<br \/>especialmente adecuado para el espacio a\u00e9reo ocupado en los que est\u00e1<br \/>conectado a varios dispositivos que funcionen en la misma banda.<br \/>NanoBeam compatible con la tecnolog\u00eda TDMA y AirMax.<br \/>ESPECIFICACIONES TECNICAS<\/p>\n<p>Modelo NBE-M5-16<br \/>Procesador Atheros MIPS 74KC, 560 MHz<br \/>RAM Memoria de 64 MB DDR2,8 MB de Flash<br \/>Interfaz LAN (1) Puerto Ethernet 10\/100<br \/>Dimensiones(mm) 140 x 140 x 54<br \/>Peso 0.320 kg<br \/>Encendido 24V, 0.5A GigE PoE (incluido)<br \/>M\u00e9todo de alimentaci\u00f3n PoE pasivo<br \/>Consumo m\u00e1ximo de corriente 8<br \/>Frecuencia 5170 &#8211; 5875<br \/>ganancia de la antena 16 dBi<br \/>LEDs (1) Encendido, (1) LAN, (4) WLAN<br \/>anchos de canal 5\/8\/10\/20\/30\/40 MHz<br \/>Polarizacion Dual lineal<br \/>Material Pl\u00e1stico resistente a los UV<br \/>montaje soporte suministrado, montaje a la pared<br \/>ESD \/ Protecci\u00f3n EMP Aire \/ 24 kV de la red<br \/>Temperatura -40 To 70 C<br \/>Humedad 5 a 95% sin condensaci\u00f3n<br \/>est\u00e1ndar ETSI300-319-1.4<br \/>Certificaciones FCC, IC, CE<br \/>conformes a RoHS SI<\/p>\n","protected":false},"excerpt":{"rendered":"<p>Antena parabolica ubiquiti nbe &#8211; m5 &#8211; 16 nanobeam 16dbi<\/p>\n","protected":false},"featured_media":0,"comment_status":"open","ping_status":"open","template":"","meta":{"_et_pb_use_builder":"","_et_pb_old_content":"","_et_gb_content_width":""},"product_brand":[3298],"product_cat":[3907,2058,3261,3908],"product_tag":[3909,3264,3300],"class_list":{"0":"post-239041","1":"product","2":"type-product","3":"status-publish","5":"product_brand-ubiquiti","6":"product_cat-antenas-y-parabolicas","7":"product_cat-dispositivos","8":"product_cat-redes","9":"product_cat-ubiquiti-antenas-y-parabolicas","10":"product_tag-antenas-y-parabolicas","11":"product_tag-redes","12":"product_tag-ubiquiti","13":"product_shipping_class-2059","14":"pa_canon-digital-impuesto-incluido-de-0-e","15":"pa_categoria-redes","16":"pa_marca-ubiquiti","17":"pa_peso-3913","18":"pa_referencia-nbe-m5-16","20":"first","21":"instock","22":"sale","23":"taxable","24":"shipping-taxable","25":"purchasable","26":"product-type-simple"},"_links":{"self":[{"href":"https:\/\/linkxa.es\/linkshop\/wp-json\/wp\/v2\/product\/239041","targetHints":{"allow":["GET"]}}],"collection":[{"href":"https:\/\/linkxa.es\/linkshop\/wp-json\/wp\/v2\/product"}],"about":[{"href":"https:\/\/linkxa.es\/linkshop\/wp-json\/wp\/v2\/types\/product"}],"replies":[{"embeddable":true,"href":"https:\/\/linkxa.es\/linkshop\/wp-json\/wp\/v2\/comments?post=239041"}],"wp:attachment":[{"href":"https:\/\/linkxa.es\/linkshop\/wp-json\/wp\/v2\/media?parent=239041"}],"wp:term":[{"taxonomy":"product_brand","embeddable":true,"href":"https:\/\/linkxa.es\/linkshop\/wp-json\/wp\/v2\/product_brand?post=239041"},{"taxonomy":"product_cat","embeddable":true,"href":"https:\/\/linkxa.es\/linkshop\/wp-json\/wp\/v2\/product_cat?post=239041"},{"taxonomy":"product_tag","embeddable":true,"href":"https:\/\/linkxa.es\/linkshop\/wp-json\/wp\/v2\/product_tag?post=239041"}],"curies":[{"name":"wp","href":"https:\/\/api.w.org\/{rel}","templated":true}]}}