{"id":239043,"date":"2025-10-28T04:20:00","date_gmt":"2025-10-28T04:20:00","guid":{"rendered":"https:\/\/linkxa.es\/contratacion\/producto\/antena-ubiquiti-nsm2-nanostation-m2-2-4ghz\/"},"modified":"2025-12-07T22:33:36","modified_gmt":"2025-12-07T22:33:36","slug":"antena-ubiquiti-nsm2-nanostation-m2-2-4ghz","status":"publish","type":"product","link":"https:\/\/linkxa.es\/linkshop\/producto\/antena-ubiquiti-nsm2-nanostation-m2-2-4ghz\/","title":{"rendered":"Antena ubiquiti nsm2 nanostation m2 2.4ghz"},"content":{"rendered":"<div style=\"text-align: center; margin-bottom: 20px;\">\n<h2 style=\"font-size: 22px; font-weight: 600; margin: 0; color: #333;\">Ubiquiti\u00a0|\u00a0 Accesorios redes<\/h2>\n<\/div>\n<p style=\"max-width: 700px; margin: 0px auto 30px; font-size: 18px; line-height: 1.6; color: #555555; font-style: italic; text-align: left;\">2.4GHz Hi Power 2&#215;2 MIMO AirMax TDMA Station.<\/p>\n<p>M\u00e1s de 150 Mbps reales de rendimiento en exterior y un alcance superior a<br \/>15km. Gracias a la tecnolog\u00eda 2&#215;2 MIMO que utiliza el nuevo NanoStation, los<br \/>enlaces son significativamente m\u00e1s r\u00e1pidos y a una distancia superior que<br \/>nunca antes.<\/p>\n<p>Aislamiento de polarizaci\u00f3n cruzada optimizada y un dise\u00f1o muy compacto.<\/p>\n<p>El nuevo NanoStation M ofrece un segundo puerto Ethernet con posibilidad de<br \/>activar por Software la funci\u00f3n PoE para una perfecta integraci\u00f3n con V\u00eddeo<br \/>IP.<\/p>\n<p>INFORMACI\u00d3N DEL SISTEMA<\/p>\n<p>Procesador Atheros MIPS 24KC, 400MHz<br \/>Memoria 32MB SDRAM, 8MB Flash<br \/>Interface de Red 2 X 10\/100 BASE-TX (Cat. 5, RJ-45) Interface Ethernet<\/p>\n<p>REGULACI\u00d3N\/ CERTIFICACIONES<\/p>\n<p>Aprobaciones Wireless FCC Part 15.247, IC RS210, CE<br \/>Conformidad RoHS<\/p>\n<p>FRECUENCIA DE FUNCIONAMIENTO<\/p>\n<p>2412MHz-2462MHz<\/p>\n<p>DATOS F\u00cdSICOS\/ ELECTRICOS \/ AMBIENTALES<\/p>\n<p>Potencia de transmisi\u00f3n: 9dBm ( EU ), 28dBm ( Otros pa\u00edses )<\/p>\n<p>Potencia de transmisi\u00f3n ( PIRE ): 20dBm ( EU ). 39dBm ( Otros pa\u00edses )<\/p>\n<p>Dimensiones de la caja 29.4 cm x 8 cm x 3cm<br \/>Peso 0.4kg<\/p>\n<p>Caracter\u00edsticas de caja<\/p>\n<p>Caja Exterior, Pl\u00e1stico UV estabilizado<br \/>Kit de Montaje Kit de montaje en m\u00e1stil incluido<br \/>M\u00e1ximo consumo 8 Watts<br \/>Fuente de Alimentaci\u00f3n Adaptador con PoE incluido de 24V, 0.5A protecci\u00f3n<br \/>contra sobre tensi\u00f3n<\/p>\n<p>M\u00e9todo de Alimentaci\u00f3n Passive Power over Ethernet (pares 4,5+, 7,8<br \/>retorno)<br \/>Temperatura de funcionamiento -30C to +80C<br \/>Humedad de funcionamiento 5 to 95% de condensaci\u00f3n<br \/>Shock y Vibraci\u00f3n ETSI300-319-1.4<\/p>\n","protected":false},"excerpt":{"rendered":"<p>Antena ubiquiti nsm2 nanostation m2 2.4ghz 11dbi mimo arimax<\/p>\n","protected":false},"featured_media":0,"comment_status":"open","ping_status":"open","template":"","meta":{"_et_pb_use_builder":"","_et_pb_old_content":"","_et_gb_content_width":""},"product_brand":[3298],"product_cat":[3280,2058,3261,3852],"product_tag":[3283,3264,3300],"class_list":{"0":"post-239043","1":"product","2":"type-product","3":"status-publish","5":"product_brand-ubiquiti","6":"product_cat-accesorios-redes","7":"product_cat-dispositivos","8":"product_cat-redes","9":"product_cat-ubiquiti-accesorios-redes","10":"product_tag-accesorios-redes","11":"product_tag-redes","12":"product_tag-ubiquiti","13":"product_shipping_class-2059","14":"pa_canon-digital-impuesto-incluido-de-0-e","15":"pa_categoria-redes","16":"pa_marca-ubiquiti","17":"pa_peso-3917","18":"pa_referencia-nsm2","20":"first","21":"instock","22":"sale","23":"taxable","24":"shipping-taxable","25":"purchasable","26":"product-type-simple"},"_links":{"self":[{"href":"https:\/\/linkxa.es\/linkshop\/wp-json\/wp\/v2\/product\/239043","targetHints":{"allow":["GET"]}}],"collection":[{"href":"https:\/\/linkxa.es\/linkshop\/wp-json\/wp\/v2\/product"}],"about":[{"href":"https:\/\/linkxa.es\/linkshop\/wp-json\/wp\/v2\/types\/product"}],"replies":[{"embeddable":true,"href":"https:\/\/linkxa.es\/linkshop\/wp-json\/wp\/v2\/comments?post=239043"}],"wp:attachment":[{"href":"https:\/\/linkxa.es\/linkshop\/wp-json\/wp\/v2\/media?parent=239043"}],"wp:term":[{"taxonomy":"product_brand","embeddable":true,"href":"https:\/\/linkxa.es\/linkshop\/wp-json\/wp\/v2\/product_brand?post=239043"},{"taxonomy":"product_cat","embeddable":true,"href":"https:\/\/linkxa.es\/linkshop\/wp-json\/wp\/v2\/product_cat?post=239043"},{"taxonomy":"product_tag","embeddable":true,"href":"https:\/\/linkxa.es\/linkshop\/wp-json\/wp\/v2\/product_tag?post=239043"}],"curies":[{"name":"wp","href":"https:\/\/api.w.org\/{rel}","templated":true}]}}