{"id":239056,"date":"2025-08-20T07:10:06","date_gmt":"2025-08-20T07:10:06","guid":{"rendered":"https:\/\/linkxa.es\/contratacion\/producto\/ubiquiti-rocket-rp-5ac-gen2-5-ghz-rocket-2\/"},"modified":"2025-12-07T22:40:20","modified_gmt":"2025-12-07T22:40:20","slug":"ubiquiti-rocket-rp-5ac-gen2-5-ghz-rocket-2","status":"publish","type":"product","link":"https:\/\/linkxa.es\/linkshop\/producto\/ubiquiti-rocket-rp-5ac-gen2-5-ghz-rocket-2\/","title":{"rendered":"Ubiquiti rocket rp &#8211; 5ac &#8211; gen2 5 ghz rocket"},"content":{"rendered":"<div style=\"text-align: center; margin-bottom: 20px;\">\n<h2 style=\"font-size: 22px; font-weight: 600; margin: 0; color: #333;\">Ubiquiti\u00a0|\u00a0 Antenas y parab\u00f3licas<\/h2>\n<\/div>\n<p style=\"max-width: 700px; margin: 0px auto 30px; font-size: 18px; line-height: 1.6; color: #555555; font-style: italic; text-align: left;\">Ubiquiti Rocket Prism RP5ACGen2<\/p>\n<p>Los puntos de acceso Rocket\u00ae Prism (R2AC en su versi\u00f3n en 2,4 Ghz y RP5ACGen2<br \/>en la versi\u00f3n en 5 Ghz) incorporan tecnolog\u00edas \u00abAirMAX AC\u00bb y \u00abAirPrism\u00bb para un<br \/>rendimiento m\u00e1ximo de redes inal\u00e1mbricas en \u00e1reas de alta densidad, tanto en 5<br \/>(RocketPrism 5AC Gen 2, RP5ACGen2) como en 2,4 GHz (RocketPrism 2AC, R2AC)<\/p>\n<p>-Disponen de radio exclusivo para gesti\u00f3n a trav\u00e9s de app m\u00f3vil y proteccion<br \/>antirayos\/ESD mejorada<br \/>-Soporta sincronizaci\u00f3n GPS<br \/>-Tecnolog\u00eda AirPrism: rompedora selecci\u00f3n y aislamiento de canal en bandas libres,<br \/>aumentando el rendimiento en entornos en los que coexisten muchos dispositivos<br \/>-Analizador de espectro airView\u00ae en tiempo real<br \/>-Carcasa met\u00e1lica con apantallamiento mejorado<\/p>\n<p>El Rocket\u00ae5ac Prism-Gen2 trabaja en toda la banda de 5GHz e incorpora la<br \/>tecnologia airMAX, al igual que la tecnologia airPrism, para el maximo rendimiento<br \/>en zonas de alta densidad.<\/p>\n<p>Tecnologia de filtrado revolucionaria<br \/>Gracias a la tecnologia airPrism patentada por Ubiquiti es capaz de aislar la se\u00f1al<br \/>dentro de cada canal, lo que incrementa el ancho de banda y rendimiento en Red de<br \/>gestion integrada<\/p>\n<p>Red de gestion integrada<br \/>El Rocket\u00ae5ac Prism-Gen2 integra una red Wireless independiente para agilizar y<br \/>facilitar la instalacion del equipo con un dispositivo movil instalaciones<br \/>colocalizadas.<\/p>\n<p>Dise\u00f1ado para alto rendimiento<br \/>El Rocket\u00ae5ac Prism-Gen2 dispone de una carcasa de aluminio, GPS, circuiteria<br \/>airPrism y un analizador de espectro en tiempo real para lograr la maxima eficiencia<br \/>y aprovechamiento del espectro, asi como el maximo ancho de banda.<\/p>\n<p>Empareje el Rocket Prism 5AC Gen 2 con antenas airMAX AC para un rendimiento<br \/>\u00f3ptimo:<\/p>\n<p>Enlace troncal Punto a Punto<br \/>Con RocketDish AC Antenna<\/p>\n<p>Enlaces Punto-Multipunto<br \/>Con airMAX AC antenas Sectoriales, especialmente con el modelo de 3 bloques<br \/>AP5AC90HD: en la antena AP-5AC-90-HD, de 90\u00ba de cobertura dividida en 3 bloques<br \/>de 30\u00ba,puede instalar hasta 3 radios RP5ACGen2. Cada radio puede transmitir y<br \/>recibir de forma independiente en su rango de 30\u00b0 de apertura.<\/p>\n<p>Caracter\u00edsticas<\/p>\n<p>-5 GHz Frequency Band<br \/>-Analizador de espectro en tiempo real<br \/>Alto rendimiento en uso conjunto con antenas Airmax AC en entornos de alto ruido<br \/>-GPS para mejor orientaci\u00f3n<br \/>-Mejor protecci\u00f3n antidescargas ESD<br \/>-Gigabit Ethernet<\/p>\n","protected":false},"excerpt":{"rendered":"<p>Ubiquiti rocket rp &#8211; 5ac &#8211; gen2 5 ghz rocket ac prism gen2<\/p>\n","protected":false},"featured_media":0,"comment_status":"open","ping_status":"open","template":"","meta":{"_et_pb_use_builder":"","_et_pb_old_content":"","_et_gb_content_width":""},"product_brand":[3298],"product_cat":[3907,2058,3261,3908],"product_tag":[3909,3264,3300],"class_list":{"0":"post-239056","1":"product","2":"type-product","3":"status-publish","5":"product_brand-ubiquiti","6":"product_cat-antenas-y-parabolicas","7":"product_cat-dispositivos","8":"product_cat-redes","9":"product_cat-ubiquiti-antenas-y-parabolicas","10":"product_tag-antenas-y-parabolicas","11":"product_tag-redes","12":"product_tag-ubiquiti","13":"product_shipping_class-2059","14":"pa_canon-digital-impuesto-incluido-de-0-e","15":"pa_categoria-redes","16":"pa_marca-ubiquiti","17":"pa_peso-3940","18":"pa_referencia-rp-5ac-gen2","20":"first","21":"instock","22":"sale","23":"taxable","24":"shipping-taxable","25":"purchasable","26":"product-type-simple"},"_links":{"self":[{"href":"https:\/\/linkxa.es\/linkshop\/wp-json\/wp\/v2\/product\/239056","targetHints":{"allow":["GET"]}}],"collection":[{"href":"https:\/\/linkxa.es\/linkshop\/wp-json\/wp\/v2\/product"}],"about":[{"href":"https:\/\/linkxa.es\/linkshop\/wp-json\/wp\/v2\/types\/product"}],"replies":[{"embeddable":true,"href":"https:\/\/linkxa.es\/linkshop\/wp-json\/wp\/v2\/comments?post=239056"}],"wp:attachment":[{"href":"https:\/\/linkxa.es\/linkshop\/wp-json\/wp\/v2\/media?parent=239056"}],"wp:term":[{"taxonomy":"product_brand","embeddable":true,"href":"https:\/\/linkxa.es\/linkshop\/wp-json\/wp\/v2\/product_brand?post=239056"},{"taxonomy":"product_cat","embeddable":true,"href":"https:\/\/linkxa.es\/linkshop\/wp-json\/wp\/v2\/product_cat?post=239056"},{"taxonomy":"product_tag","embeddable":true,"href":"https:\/\/linkxa.es\/linkshop\/wp-json\/wp\/v2\/product_tag?post=239056"}],"curies":[{"name":"wp","href":"https:\/\/api.w.org\/{rel}","templated":true}]}}