{"id":239058,"date":"2025-09-17T04:39:14","date_gmt":"2025-09-17T04:39:14","guid":{"rendered":"https:\/\/linkxa.es\/contratacion\/producto\/adaptador-usb-2-0-wifi-300-mbps\/"},"modified":"2025-12-08T11:54:13","modified_gmt":"2025-12-08T11:54:13","slug":"adaptador-usb-2-0-wifi-300-mbps","status":"publish","type":"product","link":"https:\/\/linkxa.es\/linkshop\/producto\/adaptador-usb-2-0-wifi-300-mbps\/","title":{"rendered":"Adaptador usb 2.0 wifi 300 mbps"},"content":{"rendered":"<div style=\"text-align: center; margin-bottom: 20px;\">\n<h2 style=\"font-size: 22px; font-weight: 600; margin: 0; color: #333;\">Tp &#8211; link\u00a0|\u00a0 Adaptadores usb red<\/h2>\n<p><strong>Adaptador usb 2.0 wifi 300 mbps tp &#8211; link formato mini<\/strong><\/p>\n<\/div>\n<p style=\"max-width: 700px; margin: 0px auto 30px; font-size: 18px; line-height: 1.6; color: #555555; font-style: italic; text-align: left;\">?La Velocidad Inal\u00e1mbrica N hasta de 300Mbps hace al TL-WN823N ideal para<br \/>el streaming de video en alta definici\u00f3n, juegos en l\u00ednea y llamadas VoIP<br \/>?F\u00e1cil encriptaci\u00f3n de seguridad inal\u00e1mbrica con s\u00f3lo presionar el bot\u00f3n<br \/>WPS(Wi-Fi Protected Setup Configuraci\u00f3n de Wi-Fi Protegida)<br \/>?Soporta la funci\u00f3n Soft AP para la Compartici\u00f3n de Internet Inal\u00e1mbrico<br \/>?Soporta la seguridad WEP, WPA\/WPA2, WPA-PSK\/WPA2-PSK de 64\/128<br \/>?Soporta Windows XP 32\/64bit, Vista 32\/64bit, Windows 7 32\/64bit<br \/>?Soporta el modo ad-hoc y de infraestructura<br \/>?Soporta Sony PSP X-Link para juegos en l\u00ednea sin retrasos para Windows<br \/>XP ?La utilidad incluida proporciona una r\u00e1pida instalaci\u00f3n y sin<br \/>complicaciones ?Compatible sin contratiempos con los productos<br \/>802.11b\/g\/n Interface USB 2.0<br \/>Button Bot\u00f3n de Configuraci\u00f3n Wi-Fi Protegida (WPS)<br \/>Dimensions (W X D X H) 1.54 x 0.72 x 0.31 in. (39 x 18.35 x 7.87mm)<br \/>Antenna Type Interna<br \/>WIRELESS FEATURES<br \/>Wireless Standards IEEE 802.11b, IEEE 802.11g, IEEE 802.11n<br \/>Frequency 2.400~2.4835GHz<br \/>Signal Rate 11b: Hasta 11Mbps (din\u00e1mica)<br \/>11g: Hasta 54Mbps (din\u00e1mica)<br \/>11n: Hasta 300Mbps (din\u00e1mica)<br \/>EIRP &#038;lt,20dBm (EIRP)<br \/>Reception Sensitivity 300M: -65dBm@10% PER<br \/>270M: -65dBm@10% PER<br \/>130M: -68dBm@10% PER<br \/>108M: -68dBm@10% PER<br \/>54M: -72dBm@10% PER<br \/>11M: -85dBm@8% PER<br \/>6M: -87dBm@10% PER<br \/>1M:-93dBm@8% PER<br \/>Wireless Modes Modo Soft AP<br \/>Modo Client (soporta Ad-hoc\/red de infraestructura)<br \/>Wireless Security 64\/128-bit WEP<br \/>WPA-PSK \/ WPA2-PSK<br \/>WPA \/ WPA2<\/p>\n<p>Modulation Technology DBPSK, DQPSK, CCK, OFDM, 16-QAM, 64-QAM<br \/>OTHERS<br \/>Certification CE, FCC, IC, RoHS<br \/>Package Contents Adaptador Inal\u00e1mbrico, TL-WN823N<br \/>CD de Recursos<br \/>Gu\u00eda de R\u00e1pida Instalaci\u00f3n<br \/>System Requirements Windows 7(32\/64bits)<br \/>Windows Vista(32\/64bits)<br \/>Windows XP(32\/64bits)<br \/>Environment Temperatura de Funcionamiento: 0?~40? (32?~104?)<br \/>Temperatura de Almacenamiento: -40?~70? (-40?~158?)<br \/>Humedad de Funcionamiento: 10%~90% sin condensaci\u00f3n<br \/>Humedad de Almacenamiento: 5%~90% sin condensaci\u00f3n<\/p>\n","protected":false},"excerpt":{"rendered":"<p>Adaptador usb 2.0 wifi 300 mbps tp &#8211; link formato mini<\/p>\n","protected":false},"featured_media":0,"comment_status":"open","ping_status":"open","template":"","meta":{"_et_pb_use_builder":"","_et_pb_old_content":"","_et_gb_content_width":""},"product_brand":[3946],"product_cat":[3266,2058,3261,3947],"product_tag":[3268,3264,3948],"class_list":{"0":"post-239058","1":"product","2":"type-product","3":"status-publish","5":"product_brand-tp-link","6":"product_cat-adaptadores-usb-red","7":"product_cat-dispositivos","8":"product_cat-redes","9":"product_cat-tp-link","10":"product_tag-adaptadores-usb-red","11":"product_tag-redes","12":"product_tag-tp-link","13":"product_shipping_class-2088","14":"pa_canon-digital-impuesto-incluido-de-0-e","15":"pa_categoria-redes","16":"pa_marca-tp-link","17":"pa_peso-3945","18":"pa_referencia-tl-wn823n","20":"first","21":"instock","22":"sale","23":"taxable","24":"shipping-taxable","25":"purchasable","26":"product-type-simple"},"_links":{"self":[{"href":"https:\/\/linkxa.es\/linkshop\/wp-json\/wp\/v2\/product\/239058","targetHints":{"allow":["GET"]}}],"collection":[{"href":"https:\/\/linkxa.es\/linkshop\/wp-json\/wp\/v2\/product"}],"about":[{"href":"https:\/\/linkxa.es\/linkshop\/wp-json\/wp\/v2\/types\/product"}],"replies":[{"embeddable":true,"href":"https:\/\/linkxa.es\/linkshop\/wp-json\/wp\/v2\/comments?post=239058"}],"wp:attachment":[{"href":"https:\/\/linkxa.es\/linkshop\/wp-json\/wp\/v2\/media?parent=239058"}],"wp:term":[{"taxonomy":"product_brand","embeddable":true,"href":"https:\/\/linkxa.es\/linkshop\/wp-json\/wp\/v2\/product_brand?post=239058"},{"taxonomy":"product_cat","embeddable":true,"href":"https:\/\/linkxa.es\/linkshop\/wp-json\/wp\/v2\/product_cat?post=239058"},{"taxonomy":"product_tag","embeddable":true,"href":"https:\/\/linkxa.es\/linkshop\/wp-json\/wp\/v2\/product_tag?post=239058"}],"curies":[{"name":"wp","href":"https:\/\/api.w.org\/{rel}","templated":true}]}}