{"id":239062,"date":"2025-03-17T23:17:09","date_gmt":"2025-03-17T23:17:09","guid":{"rendered":"https:\/\/linkxa.es\/contratacion\/producto\/adaptador-red-usb-3-0-a-ethernet\/"},"modified":"2025-12-08T11:55:12","modified_gmt":"2025-12-08T11:55:12","slug":"adaptador-red-usb-3-0-a-ethernet","status":"publish","type":"product","link":"https:\/\/linkxa.es\/linkshop\/producto\/adaptador-red-usb-3-0-a-ethernet\/","title":{"rendered":"Adaptador red usb 3.0 a ethernet"},"content":{"rendered":"<div style=\"text-align: center; margin-bottom: 20px;\">\n<h2 style=\"font-size: 22px; font-weight: 600; margin: 0; color: #333;\">Tp &#8211; link\u00a0|\u00a0 Adaptadores usb red<\/h2>\n<p><strong>Adaptador de red usb 3.0 a ethernet gigabit tp link<\/strong><\/p>\n<\/div>\n<p style=\"max-width: 700px; margin: 0px auto 30px; font-size: 18px; line-height: 1.6; color: #555555; font-style: italic; text-align: left;\">Adaptador de Red USB 3.0 a Ethernet Gigabit UE300<\/p>\n<p>La soluci\u00f3n m\u00e1s r\u00e1pida de USB 3.0 a Gigabit que garantiza gran velocidad<br \/>de transferencia<br \/>Conectar y Listo en Windows (XP\/Vista\/7\/8\/8.1), Mac OS X (10.9\/10.10),<br \/>Linux OS. Nota: Necesario Driver para Mac OS X (10.5-10.8)<br \/>Dise\u00f1o Plegable y Port\u00e1til, ideal para adaptarse a su Ultrabook<\/p>\n<p>Especificaciones<br \/>Dimensiones 71 x 26 x 16.2mm (2.8 x 1.0 x 0.6 in).<br \/>Interfaz de Entrada 1 Puerto Ethernet RJ45 10\/100\/1000Mbps<br \/>Interfaz de Salida 1 Puerto USB 3.0<br \/>Chipset RTL8153<br \/>Sistemas Soportados Windows XP\/Vista\/7\/8\/8.1, Mac OS X<br \/>10.5\/10.6\/10.7\/10.8\/10.9\/10.10\/, Sistemas Basados en Linux<br \/>Contenido de Paquete Adaptador de Red USB 3.0 a Ethernet Gigabit, Gu\u00eda<br \/>de Instalaci\u00f3n R\u00e1pida<\/p>\n","protected":false},"excerpt":{"rendered":"<p>Adaptador de red usb 3.0 a ethernet gigabit tp link<\/p>\n","protected":false},"featured_media":239063,"comment_status":"open","ping_status":"open","template":"","meta":{"_et_pb_use_builder":"","_et_pb_old_content":"","_et_gb_content_width":""},"product_brand":[3946],"product_cat":[3266,2058,3261,3947],"product_tag":[3268,3264,3948],"class_list":{"0":"post-239062","1":"product","2":"type-product","3":"status-publish","4":"has-post-thumbnail","6":"product_brand-tp-link","7":"product_cat-adaptadores-usb-red","8":"product_cat-dispositivos","9":"product_cat-redes","10":"product_cat-tp-link","11":"product_tag-adaptadores-usb-red","12":"product_tag-redes","13":"product_tag-tp-link","14":"product_shipping_class-2088","15":"pa_canon-digital-impuesto-incluido-de-0-e","16":"pa_categoria-redes","17":"pa_marca-tp-link","18":"pa_peso-3952","19":"pa_referencia-ue300","21":"first","22":"instock","23":"sale","24":"taxable","25":"shipping-taxable","26":"purchasable","27":"product-type-simple"},"_links":{"self":[{"href":"https:\/\/linkxa.es\/linkshop\/wp-json\/wp\/v2\/product\/239062","targetHints":{"allow":["GET"]}}],"collection":[{"href":"https:\/\/linkxa.es\/linkshop\/wp-json\/wp\/v2\/product"}],"about":[{"href":"https:\/\/linkxa.es\/linkshop\/wp-json\/wp\/v2\/types\/product"}],"replies":[{"embeddable":true,"href":"https:\/\/linkxa.es\/linkshop\/wp-json\/wp\/v2\/comments?post=239062"}],"wp:featuredmedia":[{"embeddable":true,"href":"https:\/\/linkxa.es\/linkshop\/wp-json\/wp\/v2\/media\/239063"}],"wp:attachment":[{"href":"https:\/\/linkxa.es\/linkshop\/wp-json\/wp\/v2\/media?parent=239062"}],"wp:term":[{"taxonomy":"product_brand","embeddable":true,"href":"https:\/\/linkxa.es\/linkshop\/wp-json\/wp\/v2\/product_brand?post=239062"},{"taxonomy":"product_cat","embeddable":true,"href":"https:\/\/linkxa.es\/linkshop\/wp-json\/wp\/v2\/product_cat?post=239062"},{"taxonomy":"product_tag","embeddable":true,"href":"https:\/\/linkxa.es\/linkshop\/wp-json\/wp\/v2\/product_tag?post=239062"}],"curies":[{"name":"wp","href":"https:\/\/api.w.org\/{rel}","templated":true}]}}