{"id":239065,"date":"2025-07-01T14:45:00","date_gmt":"2025-07-01T14:45:00","guid":{"rendered":"https:\/\/linkxa.es\/contratacion\/producto\/swicht-8-puertos-10-100-1000\/"},"modified":"2025-12-08T11:55:39","modified_gmt":"2025-12-08T11:55:39","slug":"swicht-8-puertos-10-100-1000","status":"publish","type":"product","link":"https:\/\/linkxa.es\/linkshop\/producto\/swicht-8-puertos-10-100-1000\/","title":{"rendered":"Swicht 8 puertos 10 100 1000"},"content":{"rendered":"<div style=\"text-align: center; margin-bottom: 20px;\">\n<h2 style=\"font-size: 22px; font-weight: 600; margin: 0; color: #333;\">Tp &#8211; link\u00a0|\u00a0 Switch<\/h2>\n<p><strong>Swicht 8 puertos 10 &#8211; 100 &#8211; 1000 + 2 ptos spf poe 53w tp &#8211; link<\/strong><\/p>\n<\/div>\n<p style=\"max-width: 700px; margin: 0px auto 30px; font-size: 18px; line-height: 1.6; color: #555555; font-style: italic; text-align: left;\">JetStream Smart Switch de 8 puertos Gigabit PoE con 2 ranuras SFP TL-<br \/>SG2210P<\/p>\n<p>Cuenta con 8 puertos PoE con una potencia PoE total de 53W y caracter\u00edsticas<br \/>de administraci\u00f3n de energ\u00eda PoE<br \/>Conexiones Gigabit Ethernet en todos los puertos que proporcionan la<br \/>m\u00e1xima velocidad de transferencia de datos<br \/>Estrategias de seguridad integradas que incluyen 802.1Q VLAN, ACL,<br \/>Seguridad por Puerto y control de tormentas que ayudan a proteger la inversi\u00f3n<br \/>de LAN \u00e1rea<br \/>Aplicaciones L2\/L3\/L4 QoS e IGMP snooping para optimizar voz y video<br \/>Modos de gesti\u00f3n mediante WEB\/CLI, SNMP y RMON que disponen de<br \/>numerosas funciones de administraci\u00f3n<br \/>Innovadora tecnolog\u00eda de eficiencia energ\u00e9tica que permite ahorrar hasta un<br \/>50% del consumo de energ\u00eda<\/p>\n<p>Qu\u00e9 hace este producto?<br \/>El Smart Switch Gigabit TL-SG2210P de TP-LINK est\u00e1 equipado con 8 puertos<br \/>RJ45 Gigabit y 2 ranuras SFP. Todos los puertos RJ45 son compatibles con el<br \/>est\u00e1ndar PoE y cuentan con una potencia PoE total de 53W y caracter\u00edsticas de<br \/>administraci\u00f3n de energ\u00eda PoE. El switch proporciona un alto rendimiento,<br \/>calidad de servicio a nivel de empresa, estrategias de seguridad y enriquecidas<br \/>caracter\u00edsticas de gesti\u00f3n de capa 2.<br \/>El Smart Switch Gigabit TL-SG2210P de TP-LINK est\u00e1 especialmente dise\u00f1ado<br \/>para redes de peque\u00f1as y medianas empresas que requieran una gesti\u00f3n<br \/>eficiente de la red. El TL-SG2210P viene con un completo conjunto de<br \/>caracter\u00edsticas, tales como agregaci\u00f3n de enlaces, 802.1Q VLAN, Listas de<br \/>Control de Acceso (ACL), Calidad de Servicio (QoS L2 a L4), control de tormentas<br \/>e IGMP Snooping para proporcionar a una peque\u00f1a o mediana empresa una red<br \/>que est\u00e9 orientada al crecimiento al tiempo que garantiza rendimiento y<br \/>fiabilidad. Lo que es m\u00e1s, su interfaz de administraci\u00f3n Web f\u00e1cil de usar<br \/>implica una instalaci\u00f3n m\u00e1s r\u00e1pida y una configuraci\u00f3n en menor tiempo,<br \/>proporcionando la soluci\u00f3n ideal para su red de negocios.<br \/>Alimentaci\u00f3n PoE compatible con IEEE 802.3af<\/p>\n<p>El TL-SG2210P soporta 8 puertos PoE IEEE 802.3af y tiene una fuente de<br \/>alimentaci\u00f3n total de 53W para alimentar cualquier dispositivo de energ\u00eda<br \/>compatible con 802.3af. Es una opci\u00f3n eficiente y rentable para trabajar con<br \/>puntos de acceso inal\u00e1mbricos, c\u00e1maras de vigilancia, tel\u00e9fonos IP y otros<br \/>dispositivos que soporten PoE, mientras se deshace de los cables o l\u00edneas<br \/>el\u00e9ctricas que funcionan alrededor. Compacto y flexible, el TL-SG2210P es ideal<br \/>para utilizar de forma flexible el PoE para implementar puntos de acceso<br \/>inal\u00e1mbricos y c\u00e1maras de vigilancia en red basadas en IP para proyectos o<br \/>redes de peque\u00f1as empresas.<br \/>Caracter\u00edsticas avanzadas de QoS<\/p>\n<p>Para integrar voz, datos y servicio de video en una red, el switch aplica ricas<br \/>pol\u00edticas de QoS. El administrador puede designar la prioridad del tr\u00e1fico<br \/>bas\u00e1ndose en una variedad de medios, incluyendo Prioridad por Puertos,<br \/>Prioridad 802.1P y Prioridad DSCP, para asegurar que la voz y el v\u00eddeo son<br \/>siempre claros, n\u00edtidos y libres de retardos. En conjunci\u00f3n con la VLAN de voz<br \/>que soporta el switch, las aplicaciones de voz operar\u00e1n con un rendimiento<br \/>mucho m\u00e1s sencillo.<br \/>Caracter\u00edsticas abundantes de Capa 2<\/p>\n<p>Para una mayor aplicaci\u00f3n de capa 2, el TL-SG2210P soporta una l\u00ednea completa<br \/>de caracter\u00edsticas de capa 2 incluyendo etiquetado VLAN 802.1Q, Aislamiento de<br \/>Puertos, Port Mirroring, STP \/ RSTP \/ MSTP, Protocolo de Control de Agregaci\u00f3n<br \/>de Enlaces (LACP) y la funci\u00f3n de Control del flujo 802.3x. Adem\u00e1s, los switches<br \/>proporcionan caracter\u00edsticas avanzadas para el mantenimiento de la red, como<br \/>Detecci\u00f3n de Bucles, diagn\u00f3stico del cable e inspecci\u00f3n IGMP. La inspecci\u00f3n<br \/>IGMP asegura que el switch transmita de forma inteligente el flujo de<br \/>multidifusi\u00f3n s\u00f3lo a los suscriptores adecuados, mientras que el l\u00edmite de IGMP<br \/>y filtrado restringe cada suscriptor a nivel de puerto para evitar el acceso no<br \/>autorizado de multidifusi\u00f3n.<br \/>Caracter\u00edsticas de gesti\u00f3n a nivel empresarial<\/p>\n<p>El TL-SG2210P es f\u00e1cil de usar y administrar. Es compatible con varias<br \/>caracter\u00edsticas est\u00e1ndares de gesti\u00f3n f\u00e1ciles de usar, tales como una intuitiva<br \/>Interfaz Gr\u00e1fica de Usuario (GUI) basada en web o la Interfaz de Comandos<br \/>est\u00e1ndar de la industria (CLI). El soporte SNMP (v1\/2\/3) y RMON permite que el<br \/>switch realice un sondeo de informaci\u00f3n de estado \u00fatil y env\u00ede capturas de<br \/>eventos anormales.<br \/>Caracter\u00edsticas PoE<\/p>\n<p>Soporta 802.3af<br \/>Puertos PoE: 8 puertos<br \/>Alimentaci\u00f3n disponible: 53W<\/p>\n<p>Caracter\u00edsticas de nivel 2<\/p>\n<p>Agregaci\u00f3n est\u00e1tica de enlaces\/ Protocolo de Control de Agregaci\u00f3n de<br \/>Enlaces (LACP)<br \/>Hasta 512 VLANs de manera simult\u00e1nea (de entre 4K VLAN IDs)<br \/>STP\/RSTP\/MSTP<br \/>Inspecci\u00f3n IGMP<br \/>LLDP(LLDP-MED)<\/p>\n<p>Calidad de Servicio<\/p>\n<p>4 colas de prioridad<br \/>Soporte IEEE 802.1P<br \/>QoS DSCP<br \/>Caracter\u00edsticas de limitaci\u00f3n de tr\u00e1fico<\/p>\n<p>Estrategias de Seguridad<\/p>\n<p>Listas de Control de Acceso (L2~L4 ACL)<br \/>Seguridad por puerto<br \/>Control de tormentas<br \/>Encriptaciones SSL y SSH<\/p>\n<p>Gesti\u00f3n<\/p>\n<p>GUI basada en Web<br \/>Interfaz de L\u00ednea de Comandos (Telnet)<br \/>SNMP v1\/v2c\/v3<br \/>RMON (Grupos 1, 2, 3, 9)<\/p>\n<p>CARACTER\u00cdSTICAS DE HARDWARE<br \/>Est\u00e1ndares y Protocolos IEEE 802.3i, IEEE 802.3u, IEEE 802.3z, IEEE 802.3ab,<br \/>IEEE 802.3ad, IEE 802.3af, IEEE 802.3x, IEEE 802.1d, IEEE 802.1s,<br \/>IEEE 802.1w, IEEE 802.1q, IEEE 802.1p<br \/>Interfaz 8 puertos 10\/100\/1000Mbps RJ45<br \/>2 ranuras SFP 1000Mbps<br \/>(Auto-Negociaci\u00f3n\/Auto MDI\/MDIX)<br \/>Medios de Red 10BASE-T: Cable UTP categor\u00eda 3, 4, 5 cable (m\u00e1ximo 100m)<br \/>100BASE-TX\/1000Base-T: Cable UTP categor\u00eda 5, 5e o superior (m\u00e1ximo 100m)<br \/>100BASE-FX: MMF, SMF<br \/>1000BASE-X: MMF, SMF<br \/>Cantidad de Ventiladores Sin ventiladores<br \/>Fuente de Alimentaci\u00f3n 100~240VAC, 50\/60Hz<br \/>Consumo de Potencia M\u00e1ximo (PoE on): 63.4W<br \/>M\u00e1ximo (PoE off): 10.4W<br \/>Puertos PoE (RJ45) Est\u00e1ndar: Cumplen 802.3af<br \/>Puertos PoE: 8 Puertos<br \/>Potencia total disponible: 53W<br \/>Dimensiones 8.2* x 4.9 x 1.0 pulgadas (209 x 126 x 26mm)<br \/>RENDIMIENTO<br \/>Ancho de Banda \/ Backplane 20Gbps<br \/>Tasa de Reenv\u00edo de Paquetes 14.9Mpps<br \/>Tabla de Direcciones MAC 8k<br \/>Memoria del Buffer de Paquete 512KB<br \/>Jumbo Frame 9216 Bytes<br \/>CARACTER\u00cdSTICAS DE SOFTWARE<br \/>Calidad de Servicio Soporta prioridad 802.1p CoS\/DSCP<br \/>Soporta hasta 4 colas de prioridad<br \/>Programaci\u00f3n de colas: SP, WRR, SP+WRR<br \/>Limitaci\u00f3n del tr\u00e1fico basado en Puerto\/Flujo<br \/>VLAN de Voz<br \/>VLAN Soporta hasta 512 VLAN simult\u00e1neamente (de entre 4K VLAN IDs)<br \/>Lista de Control de Acceso Filtros por paquetes L2L4 basados en<br \/>direcciones MAC, direcciones IP, puertos TCP\/UDP, 802.1p, DSCP, protocolo e ID<br \/>VLAN tanto en origen como destino<br \/>Basada en rangos de tiempo<br \/>Seguridad SSH v1\/v2<br \/>SSL v2\/v3\/TLSv1<br \/>Seguridad por Puerto<br \/>Control de tormentas de Broadcast\/Multicast\/Unicast desconocido<br \/>Caracter\u00edsticas de Conmutaci\u00f3n L2 Inspecci\u00f3n IGMP V1\/V2\/V3<br \/>802.3ad LACP (Hasta 6 grupos de agregaci\u00f3n y 4 puertos por grupo)<br \/>Spanning Tree STP\/RSTP\/MSTP<br \/>BPDU Filtro\/Guarda<br \/>Protecci\u00f3n TC\/Root<br \/>Detecci\u00f3n de bucles<br \/>Control de flujo 802.3x<br \/>LLDP(LLDP-MED)<br \/>Gesti\u00f3n Gesti\u00f3n GUI basada en Web y CLI<br \/>SNMP v1\/v2c\/v3 compatible con MIBs p\u00fablicas y privadas de TP-LINK<br \/>RMON (Grupos 1, 2, 3, 9)<br \/>Monitorizaci\u00f3n de CPU<br \/>Reflejo de puertos<br \/>Ajuste de la hora: SNTP<br \/>Actualizaci\u00f3n del firmware: TFTP &#038; Web<br \/>Diagn\u00f3stico del sistema: VCT<br \/>SYSLOG &#038; MIBS P\u00fablicas<br \/>Otros<br \/>Certificaciones CE, FCC, RoHS<br \/>Contenido del Paquete TL-SG2210P<br \/>Adaptador de corriente<br \/>Gu\u00eda de Instalaci\u00f3n R\u00e1pida<br \/>CD de Recursos<br \/>Pies de goma<br \/>Requisitos del sistema Microsoft Windows 98SE, NT, 2000, XP, Vista<br \/>or Windows 7\/8, MAC OS, NetWare, UNIX or Linux.<br \/>Factores Ambientales Temperatura de funcionamiento: 0~40<br \/>(32~104),<br \/>Temperatura de almacenamiento: -40~70 (-40~158)<br \/>Humedad de funcionamiento: 10%~90% sin condensaci\u00f3n<br \/>Humedad de almacenamiento: 5%~90% sin condensaci\u00f3n<\/p>\n","protected":false},"excerpt":{"rendered":"<p>Swicht 8 puertos 10 &#8211; 100 &#8211; 1000 + 2 ptos spf poe 53w tp &#8211; link<\/p>\n","protected":false},"featured_media":239066,"comment_status":"open","ping_status":"open","template":"","meta":{"_et_pb_use_builder":"","_et_pb_old_content":"","_et_gb_content_width":""},"product_brand":[3946],"product_cat":[2058,3261,3270,3955],"product_tag":[3264,3273,3948],"class_list":{"0":"post-239065","1":"product","2":"type-product","3":"status-publish","4":"has-post-thumbnail","6":"product_brand-tp-link","7":"product_cat-dispositivos","8":"product_cat-redes","9":"product_cat-switch","10":"product_cat-tp-link-switch","11":"product_tag-redes","12":"product_tag-switch","13":"product_tag-tp-link","14":"product_shipping_class-2059","15":"pa_canon-digital-impuesto-incluido-de-0-e","16":"pa_categoria-redes","17":"pa_marca-tp-link","18":"pa_peso-3954","19":"pa_referencia-tl-sg2210p","21":"first","22":"instock","23":"sale","24":"taxable","25":"shipping-taxable","26":"purchasable","27":"product-type-simple"},"_links":{"self":[{"href":"https:\/\/linkxa.es\/linkshop\/wp-json\/wp\/v2\/product\/239065","targetHints":{"allow":["GET"]}}],"collection":[{"href":"https:\/\/linkxa.es\/linkshop\/wp-json\/wp\/v2\/product"}],"about":[{"href":"https:\/\/linkxa.es\/linkshop\/wp-json\/wp\/v2\/types\/product"}],"replies":[{"embeddable":true,"href":"https:\/\/linkxa.es\/linkshop\/wp-json\/wp\/v2\/comments?post=239065"}],"wp:featuredmedia":[{"embeddable":true,"href":"https:\/\/linkxa.es\/linkshop\/wp-json\/wp\/v2\/media\/239066"}],"wp:attachment":[{"href":"https:\/\/linkxa.es\/linkshop\/wp-json\/wp\/v2\/media?parent=239065"}],"wp:term":[{"taxonomy":"product_brand","embeddable":true,"href":"https:\/\/linkxa.es\/linkshop\/wp-json\/wp\/v2\/product_brand?post=239065"},{"taxonomy":"product_cat","embeddable":true,"href":"https:\/\/linkxa.es\/linkshop\/wp-json\/wp\/v2\/product_cat?post=239065"},{"taxonomy":"product_tag","embeddable":true,"href":"https:\/\/linkxa.es\/linkshop\/wp-json\/wp\/v2\/product_tag?post=239065"}],"curies":[{"name":"wp","href":"https:\/\/api.w.org\/{rel}","templated":true}]}}