{"id":239068,"date":"2025-11-13T19:43:08","date_gmt":"2025-11-13T19:43:08","guid":{"rendered":"https:\/\/linkxa.es\/contratacion\/producto\/switch-24-puertos-10-100mbps\/"},"modified":"2025-12-08T11:56:07","modified_gmt":"2025-12-08T11:56:07","slug":"switch-24-puertos-10-100mbps","status":"publish","type":"product","link":"https:\/\/linkxa.es\/linkshop\/producto\/switch-24-puertos-10-100mbps\/","title":{"rendered":"Switch 24 puertos 10 100mbps +"},"content":{"rendered":"<div style=\"text-align: center; margin-bottom: 20px;\">\n<h2 style=\"font-size: 22px; font-weight: 600; margin: 0; color: #333;\">Tp &#8211; link\u00a0|\u00a0 Switch<\/h2>\n<p><strong>Switch 24 puertos 10 &#8211; 100mbps + 4ptos gigabit poetp &#8211; link<\/strong><\/p>\n<\/div>\n<p style=\"max-width: 700px; margin: 0px auto 30px; font-size: 18px; line-height: 1.6; color: #555555; font-style: italic; text-align: left;\">Switch Inteligente de 24 puertos 10\/100Mbps + 4 Puertos Gigabit PoE+<br \/>T1500-28PCT (TL-SL2428P)<\/p>\n<p>Soporta 24 puertos 802.3at \/ af-compatible con una fuente de alimentaci\u00f3n<br \/>de 180W total<br \/>La estrategia de seguridad PoE + integrada incluyendo 802.1Q VLAN,<br \/>seguridad de puerto y control de tormentas ayudan a proteger la inversi\u00f3n<br \/>\u00e1rea LAN<br \/>L2 \/ L3 \/ L4 QoS y IGMP snooping optimizan aplicaciones de video y voz<br \/>Modos de Administraci\u00f3n WEB \/ CLI , SNMP, RMON brindan abundantes<br \/>funciones de administraci\u00f3n<\/p>\n<p>Lo Que Hace Este Producto<br \/>El T1500-28PCT proporciona 24 puertos 10 \/ 100Mbps que soporta 802.3at \/<br \/>af-compatible con PoE, con una potencia total de suministro PoE de hasta<br \/>180 W, potente y lo suficientemente flexible para los usuarios para<br \/>desplegar puntos de acceso inal\u00e1mbricos o c\u00e1maras de vigilancia de red<br \/>basadas en IP. El switch tambi\u00e9n viene equipado con 4 puertos 10\/100 \/<br \/>1000Mbps RJ45 y 2 ranuras SFP combo, la expansi\u00f3n de tu red de manera<br \/>flexible. Adem\u00e1s, proporciona un alto rendimiento, calidad de servicio a nivel<br \/>de empresa, estrategias de seguridad \u00fatiles y ricas caracter\u00edsticas de<br \/>administraci\u00f3n de capa 2.<\/p>\n<p>El switch inteligente PoE T1500-28PCT es una soluci\u00f3n de producto rentable<br \/>para la peque\u00f1a y mediana empresa. El T1500-28PCT tiene caracter\u00edsticas<br \/>de seguridad \u00fatiles. La funci\u00f3n de control de tormentas protege contra<br \/>Broadcast, Multicast y Tormenta unicast desconocida. La Calidad de<br \/>Servicio (QoS, L2 a L4) proporciona una mayor capacidad de administraci\u00f3n<br \/>de tr\u00e1fico para mover los datos m\u00e1s r\u00e1pida y fluidamente. Las interfaces<br \/>f\u00e1ciles de usar de administraci\u00f3n web, junto con SNMP y RMON, significa una<br \/>configuraci\u00f3n m\u00e1s r\u00e1pida y configuraci\u00f3n con menos tiempo de inactividad.<br \/>Para grupos de trabajo y departamentos que requieren un switch de capa 2<br \/>, el switch inteligente PoE T1500-28PCT de TP-LINKte ofrece la soluci\u00f3n ideal<br \/>de acceso de \u00faltima generaci\u00f3n.<br \/>Power over Ethernet Compatible con IEEE 802.3at\/af<\/p>\n<p>El T1500-28PCT soporta 24 puertos compatibles con IEEE 802.3at \/ af con<br \/>PoE y tiene una fuente de alimentaci\u00f3n de 180W total para alimentar<br \/>cualquier dispositivo de alimentaci\u00f3n compatible con 802.3at o 802.3af. Es<br \/>una opci\u00f3n eficiente y rentable para trabajar con puntos de acceso<br \/>inal\u00e1mbricos, c\u00e1maras de vigilancia, tel\u00e9fonos IP y otros dispositivos PoE<br \/>soportado, mientras obtienes eliminaci\u00f3n de cables o l\u00edneas el\u00e9ctricas que<br \/>funcionan alrededor. Compacto y flexible, el T1500-28PCT es ideal para<br \/>utilizar con flexibilidad PoE para implementar puntos de acceso<br \/>inal\u00e1mbricos o c\u00e1maras de vigilancia de red basadas en IP para proyectos o<br \/>redes de peque\u00f1as empresas.<br \/>Caracter\u00edsticas Avanzadas QoS<br \/>Para integrar voz, datos y servicio de video en una red, el switch aplica ricas<br \/>pol\u00edticas de calidad de servicio. El administrador puede designar la prioridad<br \/>de tr\u00e1fico basado en una variedad de medios, incluyendo Prioridad de<br \/>Puerto, Prioridad 802.1P y Prioridad DSCP , para asegurar que la voz y el<br \/>video sean siempre claros, suaves y libres de Fluctuaci\u00f3n. En conjunto con la<br \/>VLAN de voz de los soportes del switch, las aplicaciones de voz operar\u00e1n<br \/>con un rendimiento mucho m\u00e1s suave.<br \/>Caracter\u00edsticas Abundantes Layer 2<br \/>Para mayor aplicaci\u00f3n de switches capa 2, el T1500-28PCT soporta una<br \/>l\u00ednea completa de caracter\u00edsticas capa 2 , incluyendo etiqueta VLAN 802.1Q,<br \/>Puerto de Aislamiento, Duplicaci\u00f3n de Puerto, STP \/ RSTP \/ MSTP, Link<br \/>Aggregation Group y la funci\u00f3n de control de flujo 802.3x. Y m\u00e1s, los<br \/>switches proporcionan caracter\u00edsticas avanzadas de mantenimiento de red,<br \/>tales como Loop Back Detection, Diagn\u00f3stico de Cable e Inspecci\u00f3n IGMP. El<br \/>IGMP snooping asegura que el switch transmita de forma inteligente el flujo<br \/>de multidifusi\u00f3n s\u00f3lo a los suscriptores adecuados, mientras que el l\u00edmite de<br \/>IGMP y filtrado de restricci\u00f3n por cada suscriptor en un nivel de puerto evita<br \/>el acceso no autorizado de multidifusi\u00f3n.<br \/>Caracter\u00edsticas de Administraci\u00f3n a Nivel Empresarial<br \/>El T1500-28PCT es f\u00e1cil de usar y administrar. Es compatible con varias<br \/>funciones de administraci\u00f3n est\u00e1ndar f\u00e1ciles de usar, tales como interfaz<br \/>intuitiva basada en web, gr\u00e1fica de usuario (GUI) o SNMP (v1 \/ 2\/3) y el<br \/>soporte RMON permite al switch a ser encuestados para valuar informaci\u00f3n<br \/>de estado y enviar capturas de eventos anormales.<br \/>CARACTER\u00cdSTICAS DE HARDWARE<br \/>Est\u00e1ndares y Protocolos IEEE 802.3i, IEEE 802.3u, IEEE 802.3ab, IEEE<br \/>802.3z, IEEE 802.3ad, IEEE 802.3x, IEEE 802.1d, IEEE 802.1s, IEEE 802.1w, IEEE<br \/>802.1q,<br \/>IEEE 802.1p<br \/>Interface 24 Puertos RJ 45 10\/100Mbps<br \/>(Auto Negociaci\u00f3n\/Auto MDI\/MDIX)<br \/>4 Puertos RJ45 10\/100\/1000Mbps<br \/>(Auto Negociaci\u00f3n\/Auto MDI\/MDIX)<br \/>2 Ranuras Combo Gigabit SFP<br \/>Medios de Red 10BASE-T: UTP category 3, 4, 5 cable (maximum 100m)<br \/>100BASE-TX\/1000Base-T: UTP category 5, 5e or above cable<br \/>(maximum 100m)<br \/>1000BASE-X: MMF, SMF<br \/>Cantidad de Ventiladores 2<br \/>Cerradura de Seguridad F\u00edsica Yes<br \/>Fuente de Alimentaci\u00f3n 100~240VAC, 50\/60Hz<br \/>Consumo de Energ\u00eda M\u00e1ximo (en PoE): 222.15W (220V\/50Hz)<br \/>PoE Budget 192W<br \/>Puertos PoE+ (RJ45) Est\u00e1ndar: compatible con 802.3at\/af<br \/>Puertos PoE+: 24 Puertos<br \/>Fuente de Alimentaci\u00f3n: 180W<br \/>Dimensiones (W X D X H) 17.3*8.7*1.7 pulg.(440*220*44 mm)<br \/>Montaje Rack Mountable<br \/>Consumo M\u00e1ximo de energ\u00eda 21.7W (220V\/50Hz with no PD connected)<br \/>229.73W (110V\/60Hz with 192W PD connected)<br \/>Disipaci\u00f3n M\u00e1xima de Calor 74.04 BTU\/h (with no PD connected)<br \/>783.84 BTU\/h (with 192W PD connected)<br \/>RENDIMIENTO<br \/>Ancho de Banda \/ Backplane 12.8Gbps<br \/>Tasa de Reenv\u00edo de Paquetes 9.5Mpps<br \/>Tabla de MAC Address 8k<br \/>Jumbo Frame 9216 Bytes<br \/>CARACTER\u00cdSTICAS DE SOFTWARE<br \/>Quality of Service Soporta prioridad 802.1p CoS\/DSCP<br \/>Soporta 4 queues prioritarios<br \/>Programaci\u00f3n de queque: SP, WRR, SP+WRR<br \/>Puerto\/Flujo basado en L\u00edmite de Velocidad<br \/>Voz VLAN<br \/>L2 Features IGMP Snooping V1\/V2\/V3<br \/>802.3ad LACP (hasta 6 grupos de agregaci\u00f3n,<br \/>conteniendo 4 puertos por grupo)<br \/>\u00c1rbol de Extensi\u00f3n STP\/RSTP\/MSTP<br \/>LLDP, LLDP-MED<br \/>BPDU Filtrado\/Guardia<br \/>Protecci\u00f3n TC\/Ra\u00edz<br \/>Detecci\u00f3n Loop back<br \/>Control de Flujo 802.3x<br \/>L2 Multicast 512 IPv4,IPv6 shared multicast groups<br \/>IGMP Snooping<br \/>&#8211; IGMP v1\/v2\/v3 Snooping<br \/>&#8211; Fast Leave<br \/>&#8211; IGMP Snooping Querier<br \/>&#8211; IGMP Authentication<br \/>&#8211; Static Group Config<br \/>MLD Snooping<br \/>&#8211; MLD v1\/v2 Snooping<br \/>&#8211; Fast Leave<br \/>&#8211; MLD Snooping Querier<br \/>&#8211; Static Group Config<br \/>Multicast VLAN Registration<br \/>Multicast Filtering<br \/>IPv6 Support IPv6 Dual IPv4\/IPv6<br \/>Multicast Listener Discovery(MLD) Snooping<br \/>IPv6 neighbor discovery (ND)<br \/>Path maximum transmission unit (MTU) discovery<br \/>Internet Control Message Protocol (ICMP) version 6<br \/>TCPv6\/UDPv6<br \/>IPv6 applications<br \/>&#8211; DHCPv6 Client<br \/>&#8211; Ping6<br \/>&#8211; Tracert6<br \/>&#8211; Telnet(v6)<br \/>&#8211; IPv6 SNMP<br \/>&#8211; IPv6 SSH<br \/>&#8211; IPv6 SSL<br \/>&#8211; Http\/Https<br \/>&#8211; IPv6 TFTP<br \/>VLAN Soporta Hasta 512 VLANs simult\u00e1neamente (fuera de 4K VLAN IDs)<br \/>Access Control List filtrado de paquetes L2 ~ L4 basado en origen y el<br \/>destino<br \/>de direcci\u00f3n MAC, direcci\u00f3n IP, puertos TCP \/ UDP<br \/>Security SSH v1\/v2<br \/>SSL v2\/v3\/TLSv1<br \/>Seguridad de Puerto<br \/>Broadcast\/Multicast\/unicast Desconocido Control de Tormentas<br \/>Management GUI basada en Web y Administraci\u00f3n CLI<br \/>SNMP v1\/v2c\/v3, compatible con MIBs p\u00fablico y MIBs privada de TP-LINK<br \/>RMON (grupos 1, 2, 3, 9)<br \/>Monitoreo CPU<br \/>Duplicaci\u00f3n de Puerto<br \/>Ajuste de Tiempo: SNTP<br \/>Actualizaci\u00f3n de Firmware: TFTP &#038; Web<br \/>Diagn\u00f3stico del Sistema: VCT<br \/>SYSLOG &#038; Public MIBS<br \/>MIBs MIB II (RFC1213)<br \/>Interface MIB (RFC2233)<br \/>Ethernet Interface MIB (RFC1643)<br \/>Bridge MIB (RFC1493)<br \/>P\/Q-Bridge MIB (RFC2674)<br \/>RMON MIB (RFC2819)<br \/>RMON2 MIB (RFC2021)<br \/>Radius Accounting Client MIB (RFC2620)<br \/>Radius Authentication Client MIB (RFC2618)<br \/>Remote Ping, Traceroute MIB (RFC2925)<br \/>Support TP-Link private MIBs<br \/>OTHERS<br \/>Certification CE, FCC, RoHS<br \/>Package Contents T1500-28PCT<br \/>Cable de Alimentaci\u00f3n<br \/>Gu\u00eda de Instalaci\u00f3n<br \/>CD de Instalaci\u00f3n<br \/>Kit para Montaje en Rack<br \/>Patas de Goma<br \/>System Requirements Microsoft\u00ae Windows\u00ae XP, Vista Windows 7 o<br \/>Windows 8, MAC\u00ae OS, NetWare\u00ae, UNIX\u00ae o Linux.<br \/>Environment Temperatura de Funcionamiento: 0~40 (32~104),<br \/>Temperatura de Almacenamiento: -40~70 (-40~158)<br \/>Humedad de Funcionamiento: 10%~90% sin condensaci\u00f3n<br \/>Humedad de Almacenamiento: 5%~90% sin condensaci\u00f3n<\/p>\n","protected":false},"excerpt":{"rendered":"<p>Switch 24 puertos 10 &#8211; 100mbps + 4ptos gigabit poetp &#8211; link<\/p>\n","protected":false},"featured_media":239069,"comment_status":"open","ping_status":"open","template":"","meta":{"_et_pb_use_builder":"","_et_pb_old_content":"","_et_gb_content_width":""},"product_brand":[3946],"product_cat":[2058,3261,3270,3955],"product_tag":[3264,3273,3948],"class_list":{"0":"post-239068","1":"product","2":"type-product","3":"status-publish","4":"has-post-thumbnail","6":"product_brand-tp-link","7":"product_cat-dispositivos","8":"product_cat-redes","9":"product_cat-switch","10":"product_cat-tp-link-switch","11":"product_tag-redes","12":"product_tag-switch","13":"product_tag-tp-link","14":"product_shipping_class-2059","15":"pa_canon-digital-impuesto-incluido-de-0-e","16":"pa_categoria-redes","17":"pa_marca-tp-link","18":"pa_peso-3957","19":"pa_referencia-tl-sl2428p","21":"first","22":"instock","23":"sale","24":"taxable","25":"shipping-taxable","26":"purchasable","27":"product-type-simple"},"_links":{"self":[{"href":"https:\/\/linkxa.es\/linkshop\/wp-json\/wp\/v2\/product\/239068","targetHints":{"allow":["GET"]}}],"collection":[{"href":"https:\/\/linkxa.es\/linkshop\/wp-json\/wp\/v2\/product"}],"about":[{"href":"https:\/\/linkxa.es\/linkshop\/wp-json\/wp\/v2\/types\/product"}],"replies":[{"embeddable":true,"href":"https:\/\/linkxa.es\/linkshop\/wp-json\/wp\/v2\/comments?post=239068"}],"wp:featuredmedia":[{"embeddable":true,"href":"https:\/\/linkxa.es\/linkshop\/wp-json\/wp\/v2\/media\/239069"}],"wp:attachment":[{"href":"https:\/\/linkxa.es\/linkshop\/wp-json\/wp\/v2\/media?parent=239068"}],"wp:term":[{"taxonomy":"product_brand","embeddable":true,"href":"https:\/\/linkxa.es\/linkshop\/wp-json\/wp\/v2\/product_brand?post=239068"},{"taxonomy":"product_cat","embeddable":true,"href":"https:\/\/linkxa.es\/linkshop\/wp-json\/wp\/v2\/product_cat?post=239068"},{"taxonomy":"product_tag","embeddable":true,"href":"https:\/\/linkxa.es\/linkshop\/wp-json\/wp\/v2\/product_tag?post=239068"}],"curies":[{"name":"wp","href":"https:\/\/api.w.org\/{rel}","templated":true}]}}