{"id":239070,"date":"2025-09-01T07:21:00","date_gmt":"2025-09-01T07:21:00","guid":{"rendered":"https:\/\/linkxa.es\/contratacion\/producto\/tarjeta-red-ethernet-pci-express-10-100\/"},"modified":"2025-12-08T11:56:30","modified_gmt":"2025-12-08T11:56:30","slug":"tarjeta-red-ethernet-pci-express-10-100","status":"publish","type":"product","link":"https:\/\/linkxa.es\/linkshop\/producto\/tarjeta-red-ethernet-pci-express-10-100\/","title":{"rendered":"Tarjeta red ethernet pci &#8211; express 10 100"},"content":{"rendered":"<div style=\"text-align: center; margin-bottom: 20px;\">\n<h2 style=\"font-size: 22px; font-weight: 600; margin: 0; color: #333;\">Tp &#8211; link\u00a0|\u00a0 Tarjetas de red<\/h2>\n<p><strong>Tarjeta de red ethernet pci &#8211; express 10 &#8211; 100 &#8211; 1000 rj 45 tp &#8211; link perfil bajo<\/strong><\/p>\n<\/div>\n<p style=\"max-width: 700px; margin: 0px auto 30px; font-size: 18px; line-height: 1.6; color: #555555; font-style: italic; text-align: left;\">?Soporte Wake-on-LAN<br \/>?Negociaci\u00f3n de velocidad y MDI\/MDIX autom\u00e1ticos<br \/>?Soporta control de flujo IEEE 802.3x en modo Full Duplex y Back-Pressure en<br \/>modo Half Duplex<br \/>?Soporta prioridad IEEE 802.1p Layer 2 y etiquetado de VLAN IEEE802.1q<br \/>?Soporta funciones de ahorro de energ\u00eda cuando el equipo est\u00e1 apagado o<br \/>desconectado<br \/>?DOS\/Win98SE\/Me\/2000\/XP\/Vista\/Linux\/Novell Netware<br \/>Standards and Protocols IEEE 802.3, 802.3u, 802.3ab, 802.3x, 802.1Q, 802.1p<br \/>CSMA \/ CD, TCP \/ IP<br \/>Interface PCI Express de 32 bits<br \/>1 puerto RJ45 a 10\/100\/1000 Mbps<\/p>\n<p>Network Media 10BASE-T: cable UTP categor\u00eda 3, 4, 5 (100 metros m\u00e1ximo)<br \/>EIA\/TIA-568 100O STP (m\u00e1ximo 100 m)<br \/>100BASE-TX: cable UTP categor\u00edas 5, 5e (m\u00e1ximo 100 metros)<br \/>EIA\/TIA-568 100O STP (m\u00e1ximo 100 m)<br \/>1000Base-T: cables UTP categor\u00eda 5, 5e (m\u00e1ximo 100 metros)<\/p>\n<p>Data Rates 10\/100\/1000Mbps para el modo Half-Duplex<br \/>20\/200\/2000Mbps para el modo Full-Duplex<\/p>\n<p>LED Indicator 1000 Mbps estado de enlace\/actividad, 100 Mbps<br \/>enlace\/actividad, 10 Mbps enlace\/actividad<br \/>Flow Control Control de flujo IEEE 802.3x (Full-Duplex)<br \/>OTHERS<br \/>Certification CE, FCC, RoHS<br \/>Package Contents Adaptador de red Gigabit PCI Express TG-3468<br \/>CD de utilidades<br \/>Gu\u00eda r\u00e1pida de instalaci\u00f3n<\/p>\n<p>System Requirements Windows 7 (32\/64 bits), Windows Vista (32\/64 bits),<br \/>Windows XP (32\/64 bits)<br \/>Environment Temperatura de funcionamiento: 0?~40? (32?~104?)<br \/>Temperatura de almacenamiento: -40?~70? (-40?~158?)<br \/>Humedad de funcionamiento: 10%~90% sin condensaci\u00f3n<br \/>Humedad de almacenamiento: 5%~90% sin condensaci\u00f3<\/p>\n","protected":false},"excerpt":{"rendered":"<p>Tarjeta de red ethernet pci &#8211; express 10 &#8211; 100 &#8211; 1000 rj 45 tp &#8211; link perfil bajo<\/p>\n","protected":false},"featured_media":0,"comment_status":"open","ping_status":"open","template":"","meta":{"_et_pb_use_builder":"","_et_pb_old_content":"","_et_gb_content_width":""},"product_brand":[3946],"product_cat":[2058,3261,3960,3961],"product_tag":[3264,3962,3948],"class_list":{"0":"post-239070","1":"product","2":"type-product","3":"status-publish","5":"product_brand-tp-link","6":"product_cat-dispositivos","7":"product_cat-redes","8":"product_cat-tarjetas-de-red","9":"product_cat-tp-link-tarjetas-de-red","10":"product_tag-redes","11":"product_tag-tarjetas-de-red","12":"product_tag-tp-link","13":"product_shipping_class-2059","14":"pa_canon-digital-impuesto-incluido-de-0-e","15":"pa_categoria-redes","16":"pa_marca-tp-link","17":"pa_peso-3959","18":"pa_referencia-tg-3468","20":"first","21":"instock","22":"sale","23":"taxable","24":"shipping-taxable","25":"purchasable","26":"product-type-simple"},"_links":{"self":[{"href":"https:\/\/linkxa.es\/linkshop\/wp-json\/wp\/v2\/product\/239070","targetHints":{"allow":["GET"]}}],"collection":[{"href":"https:\/\/linkxa.es\/linkshop\/wp-json\/wp\/v2\/product"}],"about":[{"href":"https:\/\/linkxa.es\/linkshop\/wp-json\/wp\/v2\/types\/product"}],"replies":[{"embeddable":true,"href":"https:\/\/linkxa.es\/linkshop\/wp-json\/wp\/v2\/comments?post=239070"}],"wp:attachment":[{"href":"https:\/\/linkxa.es\/linkshop\/wp-json\/wp\/v2\/media?parent=239070"}],"wp:term":[{"taxonomy":"product_brand","embeddable":true,"href":"https:\/\/linkxa.es\/linkshop\/wp-json\/wp\/v2\/product_brand?post=239070"},{"taxonomy":"product_cat","embeddable":true,"href":"https:\/\/linkxa.es\/linkshop\/wp-json\/wp\/v2\/product_cat?post=239070"},{"taxonomy":"product_tag","embeddable":true,"href":"https:\/\/linkxa.es\/linkshop\/wp-json\/wp\/v2\/product_tag?post=239070"}],"curies":[{"name":"wp","href":"https:\/\/api.w.org\/{rel}","templated":true}]}}