{"id":239071,"date":"2025-04-13T04:17:55","date_gmt":"2025-04-13T04:17:55","guid":{"rendered":"https:\/\/linkxa.es\/contratacion\/producto\/router-inalambrcio-portatil-3g-4g-tp-link\/"},"modified":"2025-12-08T11:57:01","modified_gmt":"2025-12-08T11:57:01","slug":"router-inalambrcio-portatil-3g-4g-tp-link","status":"publish","type":"product","link":"https:\/\/linkxa.es\/linkshop\/producto\/router-inalambrcio-portatil-3g-4g-tp-link\/","title":{"rendered":"Router inalambrcio portatil 3g 4g tp &#8211; link"},"content":{"rendered":"<div style=\"text-align: center; margin-bottom: 20px;\">\n<h2 style=\"font-size: 22px; font-weight: 600; margin: 0; color: #333;\">Tp &#8211; link\u00a0|\u00a0 Routers<\/h2>\n<p><strong>Router inalambrcio portatil 3g &#8211; 4g tp &#8211; link<\/strong><\/p>\n<\/div>\n<p style=\"max-width: 700px; margin: 0px auto 30px; font-size: 18px; line-height: 1.6; color: #555555; font-style: italic; text-align: left;\">Comparta su conexi\u00f3n 3G\/4G*, compatible con m\u00e1s de 120 m\u00f3dems USB<br \/>3G\/4G UMTS\/HSPA\/EVDO probados en condiciones reales.<br \/>El tama\u00f1o y peso del TL-MR3020 lo convierten en el equipo ideal para<br \/>llev\u00e1rselo de viaje y compartir su conexi\u00f3n m\u00f3vil en cualquier lugar con<br \/>cobertura 3G\/4G*.<br \/>Velocidad inal\u00e1mbrica hasta 150 Mbps<br \/>Funciona de tres formas diferentes seg\u00fan la situaci\u00f3n: como router 3G\/4G*,<br \/>router cliente WISP y router de viaje.(AP Modelo)<br \/>El TL-MR3020 le permite estar conectado a Internet permanentemente<br \/>gracias a su modo de conexi\u00f3n redundante 3G\/4G y WAN<\/p>\n<p>* Si el dispositivo existente no admite compartir 4G, por favor, actualice a la<br \/>\u00faltima versi\u00f3n del firmware de forma manual.<br \/>Interfaces 1 10\/100Mbps WAN\/LAN Port, USB 2.0 Port for 3G\/4G<br \/>modem, a mini USB Port for power supply.<br \/>Botones Quick Setup Security Button, Reset Button, Mode Switch<br \/>Fuente de alimentaci\u00f3n externa 5VDC\/1.0A<br \/>Dimensiones (W X D X H) 2.9 x 2.6 x 0.9 in. (74 x 67 x22 mm)<br \/>Tipo de antena Internal Antenna<br \/>WIRELESS FEATURES<br \/>Est\u00e1ndares Inal\u00e1mbricos IEEE 802.11n, IEEE 802.11g, IEEE 802.11b<br \/>Frecuencia 2.4-2.4835GHz<br \/>PIRE &#038;lt,20dBm<br \/>Modos Inal\u00e1mbricos 3G Router, Travel Router (AP), WISP Client<br \/>Router<br \/>Seguridad Inal\u00e1mbrica Support 64\/128 bit WEP, WPA-PSK\/WPA2-PSK,<br \/>Wireless MAC Filtering<br \/>CARACTER\u00cdSTICAS DE SOFTWARE<br \/>DHCP Server, DHCP Client List, Address Reservation<br \/>Port Forwarding Virtual Server, Port Triggering, DMZ, UPnP<br \/>Control de acceso Parental Control, Host List, Access Schedule, Rule<br \/>Management<br \/>Seguridad Firewall, MAC filtering, Denial of Service (DoS)<br \/>OTROS<br \/>Certificaciones CE, FCC, RoHS<br \/>Contenido del Paquete TL-MR3020 router, QIG, Power Adapter, USB<br \/>Cable, Resource CD, Ethernet Cable<br \/>Requisitos del sistema Microsoft Windows 98SE, NT, 2000, XP,<br \/>Vista or Windows 7, MAC OS, NetWare, UNIX or Linux.<br \/>Factores ambientales Operating temperature:-10?~60?<br \/>Storage Temperature: -40?~80?<br \/>Operating Humidity: 10%~90% non-condensing<br \/>Storage Humidity: 5%~90% non-condensing<\/p>\n","protected":false},"excerpt":{"rendered":"<p>Router inalambrcio portatil 3g &#8211; 4g tp &#8211; link<\/p>\n","protected":false},"featured_media":0,"comment_status":"open","ping_status":"open","template":"","meta":{"_et_pb_use_builder":"","_et_pb_old_content":"","_et_gb_content_width":""},"product_brand":[3946],"product_cat":[2058,3261,3311,3965],"product_tag":[3264,3314,3948],"class_list":{"0":"post-239071","1":"product","2":"type-product","3":"status-publish","5":"product_brand-tp-link","6":"product_cat-dispositivos","7":"product_cat-redes","8":"product_cat-routers","9":"product_cat-tp-link-routers","10":"product_tag-redes","11":"product_tag-routers","12":"product_tag-tp-link","13":"product_shipping_class-2059","14":"pa_canon-digital-impuesto-incluido-de-0-e","15":"pa_categoria-redes","16":"pa_marca-tp-link","17":"pa_peso-3964","18":"pa_referencia-tl-mr3020","20":"first","21":"instock","22":"sale","23":"taxable","24":"shipping-taxable","25":"purchasable","26":"product-type-simple"},"_links":{"self":[{"href":"https:\/\/linkxa.es\/linkshop\/wp-json\/wp\/v2\/product\/239071","targetHints":{"allow":["GET"]}}],"collection":[{"href":"https:\/\/linkxa.es\/linkshop\/wp-json\/wp\/v2\/product"}],"about":[{"href":"https:\/\/linkxa.es\/linkshop\/wp-json\/wp\/v2\/types\/product"}],"replies":[{"embeddable":true,"href":"https:\/\/linkxa.es\/linkshop\/wp-json\/wp\/v2\/comments?post=239071"}],"wp:attachment":[{"href":"https:\/\/linkxa.es\/linkshop\/wp-json\/wp\/v2\/media?parent=239071"}],"wp:term":[{"taxonomy":"product_brand","embeddable":true,"href":"https:\/\/linkxa.es\/linkshop\/wp-json\/wp\/v2\/product_brand?post=239071"},{"taxonomy":"product_cat","embeddable":true,"href":"https:\/\/linkxa.es\/linkshop\/wp-json\/wp\/v2\/product_cat?post=239071"},{"taxonomy":"product_tag","embeddable":true,"href":"https:\/\/linkxa.es\/linkshop\/wp-json\/wp\/v2\/product_tag?post=239071"}],"curies":[{"name":"wp","href":"https:\/\/api.w.org\/{rel}","templated":true}]}}