{"id":239072,"date":"2025-01-25T20:57:46","date_gmt":"2025-01-25T20:57:46","guid":{"rendered":"https:\/\/linkxa.es\/contratacion\/producto\/router-wifi-300-mbps-tl-mr6400-2-4\/"},"modified":"2025-12-08T11:57:32","modified_gmt":"2025-12-08T11:57:32","slug":"router-wifi-300-mbps-tl-mr6400-2-4","status":"publish","type":"product","link":"https:\/\/linkxa.es\/linkshop\/producto\/router-wifi-300-mbps-tl-mr6400-2-4\/","title":{"rendered":"Router wifi 300 mbps tl &#8211; mr6400 2.4"},"content":{"rendered":"<div style=\"text-align: center; margin-bottom: 20px;\">\n<h2 style=\"font-size: 22px; font-weight: 600; margin: 0; color: #333;\">Tp &#8211; link\u00a0|\u00a0 Routers<\/h2>\n<p><strong>Router wifi 300 mbps tl &#8211; mr6400 2.4 ghz 3g 4g tp &#8211; link<\/strong><\/p>\n<\/div>\n<p style=\"max-width: 700px; margin: 0px auto 30px; font-size: 18px; line-height: 1.6; color: #555555; font-style: italic; text-align: left;\">CARACTER\u00cdSTICAS DE HARDWARE<br \/>Interfaz 3 Puertos LAN 10\/100Mbps, 1 Puerto LAN\/WAN 10\/100Mbps y 1<br \/>Ranura para Tarjeta SIM<br \/>Botones Bot\u00f3n WPS\/Reset, Bot\u00f3n Wi-Fi On\/Off y Bot\u00f3n Power On\/Off<br \/>External Power Supply(EU) 9V\/0.85A<br \/>External Power Supply(APAC) 12V\/1A<br \/>Dimensiones 202 x 141 x 33.6 mm. (7.95 x 5.55 x 1.32 in).<br \/>Tipo de Antena V3\/APAC: 2 antenas 4G LTE Internas<br \/>V4\/V2\/V1: 2 antenas 4G LTE desmontables externas<br \/>CARACTER\u00cdSTICAS INAL\u00c1MBRICAS<br \/>Est\u00e1ndares Inal\u00e1mbricos IEEE 802.11b\/g\/n 2.4GHz<br \/>Frecuencia 2.4GHz<br \/>Tasa de Se\u00f1al 300Mbps en 2.4GHz<br \/>Sensibilidad de Recepci\u00f3n 11g 54M: -74dBm<br \/>11n HT20: -71dBm<br \/>11n HT40: -67dBm<br \/>Potencia de Transmisi\u00f3n CE: &#038;lt,20dBm(2.4GHz)<br \/>Funciones Inal\u00e1mbricas Habilitar\/Deshabilitar la Emisi\u00f3n Inal\u00e1mbrica, WDS<br \/>Bridge, WMM y<br \/>Estad\u00edsticas Inal\u00e1mbricas<br \/>Seguridad Inal\u00e1mbrica Encriptaciones 64\/128-bit WEP, WPA\/WPA2 y WPA-<br \/>PSK\/WPA2-PSK<br \/>Network Type (V1) 4G: FDD-LTE B1\/B3\/B7\/B8\/B20<br \/>(2100\/1800\/2600\/900\/800MHz)<br \/>TDD-LTE B38\/B40 (2600\/2300MHz)<br \/>3G: DC-HSPA+\/HSPA+\/HSPA\/UMTS B1\/B8 (2100\/900MHz)<br \/>2G: EDGE\/GPRS\/GSM Quad Band (850\/900\/1800\/1900MHz)<br \/>Network Type (V2) 4G: FDD-LTE B1\/B3\/B7\/B8\/B20<br \/>(2100\/1800\/2600\/900\/800MHz)<br \/>TDD-LTE B38\/B40 (2600\/2300MHz)<br \/>3G: DC-HSPA+\/HSPA+\/HSPA\/UMTS B1\/B8 (2100\/900MHz)<br \/>2G: EDGE\/GPRS\/GSM Quad Band (850\/900\/1800\/1900MHz)<br \/>Network Type (V3) 4G: FDD-LTE B1\/B3\/B7\/B8\/B20<br \/>(2100\/1800\/2600\/900\/800MHz)<br \/>TDD-LTE B38\/B39\/B40\/B41 (2600\/1900\/2300\/2500MHz)<br \/>3G: DC-HSPA+\/HSPA+\/HSPA\/UMTS B1\/B8 (2100\/900MHz)<br \/>Network Type(APAC V3) 4G: FDD-LTE B1\/B3\/B5\/B7\/B8\/B20\/B28<br \/>(2100\/1800\/850\/2600\/900\/800\/700MHz)<br \/>TDD-LTE B38\/B39\/B40\/B41 (2600\/1900\/2300\/2500MHz)<br \/>3G: DC-HSPA+\/HSPA+\/HSPA\/UMTS B1\/B5\/B8 (2100\/850\/900MHz)<br \/>Tipo de Red 4G: FDD-LTE B1\/B3\/B7\/B8\/B20 (2100\/1800\/2600\/900\/800MHz)<br \/>TDD-LTE B38\/B39\/B40\/B41 (2600\/1900\/2300\/2500MHz)<br \/>3G: DC-HSPA+\/HSPA+\/HSPA\/UMTS B1\/B8 (2100\/900MHz)<br \/>CARACTER\u00cdSTICAS DE SOFTWARE<br \/>Modo de Funcionamiento Router 3G\/4G y Router Inal\u00e1mbrico<br \/>Gesti\u00f3n Control de Acceso, Gesti\u00f3n Local, Gesti\u00f3n Remota y Reboot Agendado<br \/>Tipo de Conexi\u00f3n WAN IP Din\u00e1mica\/Est\u00e1tica\/PPPoE\/PPTP(Dual<br \/>Access)\/L2TP(Dual Access)<br \/>DHCP Server, Client, DHCP Client List, Address Reservation<br \/>Reenv\u00edo de Puertos Servidor Virtual, Port Triggering, UPnP y DMZ<br \/>DNS Din\u00e1mico DynDns, NO-IP<br \/>VPN PPTP VPN, IPSec VPN , OpenVPN<br \/>Control de Acceso Control Parental, Control de Gesti\u00f3n Local<br \/>Seguridad Firewall DoS, Firewall SPI, Filtrado de Direcci\u00f3n IP\/Dominios y<br \/>Vinculaci\u00f3n de Direcci\u00f3n IP y MAC<br \/>Protocolos Soporta IPv4 e IPv6<br \/>Red de Invitados 1 Red de Invitados en 2.4GHz<br \/>Otros<br \/>Certificaciones CE, FCC, RoHS<br \/>Contenido del Paquete Router 4G LTE Inal\u00e1mbrico N a 300Mbps, TL-MR6400<br \/>Cable Ethernet RJ45<br \/>Fuente de Alimentaci\u00f3n<br \/>Gu\u00eda de Instalaci\u00f3n R\u00e1pida<br \/>Requisitos del sistema Microsoft Windows 98SE, NT, 2000, XP, Vista o<br \/>Windows 7, 8, 8.1,<br \/>MAC OS, NetWare, UNIX o Linux<\/p>\n<p>Navegadores Internet Explorer 11, Firefox 12.0, Chrome 20.0,<br \/>Safari 4.0 o superiores u otros navegadores que tengan Java<br \/>Tarjeta SIM<br \/>Factores Ambientales Temperatura de Funcionamiento: 0~40 (32 ~104)<br \/>Temperatura de Almacenamiento: -40~70 (-40 ~158)<br \/>Humedad de Funcionamiento: 10%~90% sin condensaci\u00f3n<br \/>Humedad de Almacenamiento: 5%~90% sin condensaci\u00f3n<\/p>\n","protected":false},"excerpt":{"rendered":"<p>Router wifi 300 mbps tl &#8211; mr6400 2.4 ghz 3g 4g tp &#8211; link<\/p>\n","protected":false},"featured_media":239073,"comment_status":"open","ping_status":"open","template":"","meta":{"_et_pb_use_builder":"","_et_pb_old_content":"","_et_gb_content_width":""},"product_brand":[3946],"product_cat":[2058,3261,3311,3965],"product_tag":[3264,3314,3948],"class_list":{"0":"post-239072","1":"product","2":"type-product","3":"status-publish","4":"has-post-thumbnail","6":"product_brand-tp-link","7":"product_cat-dispositivos","8":"product_cat-redes","9":"product_cat-routers","10":"product_cat-tp-link-routers","11":"product_tag-redes","12":"product_tag-routers","13":"product_tag-tp-link","14":"product_shipping_class-2059","15":"pa_canon-digital-impuesto-incluido-de-0-e","16":"pa_categoria-redes","17":"pa_marca-tp-link","18":"pa_peso-3967","19":"pa_referencia-tl-mr6400","21":"first","22":"instock","23":"sale","24":"taxable","25":"shipping-taxable","26":"purchasable","27":"product-type-simple"},"_links":{"self":[{"href":"https:\/\/linkxa.es\/linkshop\/wp-json\/wp\/v2\/product\/239072","targetHints":{"allow":["GET"]}}],"collection":[{"href":"https:\/\/linkxa.es\/linkshop\/wp-json\/wp\/v2\/product"}],"about":[{"href":"https:\/\/linkxa.es\/linkshop\/wp-json\/wp\/v2\/types\/product"}],"replies":[{"embeddable":true,"href":"https:\/\/linkxa.es\/linkshop\/wp-json\/wp\/v2\/comments?post=239072"}],"wp:featuredmedia":[{"embeddable":true,"href":"https:\/\/linkxa.es\/linkshop\/wp-json\/wp\/v2\/media\/239073"}],"wp:attachment":[{"href":"https:\/\/linkxa.es\/linkshop\/wp-json\/wp\/v2\/media?parent=239072"}],"wp:term":[{"taxonomy":"product_brand","embeddable":true,"href":"https:\/\/linkxa.es\/linkshop\/wp-json\/wp\/v2\/product_brand?post=239072"},{"taxonomy":"product_cat","embeddable":true,"href":"https:\/\/linkxa.es\/linkshop\/wp-json\/wp\/v2\/product_cat?post=239072"},{"taxonomy":"product_tag","embeddable":true,"href":"https:\/\/linkxa.es\/linkshop\/wp-json\/wp\/v2\/product_tag?post=239072"}],"curies":[{"name":"wp","href":"https:\/\/api.w.org\/{rel}","templated":true}]}}