{"id":239075,"date":"2025-08-12T07:02:04","date_gmt":"2025-08-12T07:02:04","guid":{"rendered":"https:\/\/linkxa.es\/contratacion\/producto\/pack-x2-adaptadores-red-linea-electrica\/"},"modified":"2025-12-08T11:57:58","modified_gmt":"2025-12-08T11:57:58","slug":"pack-x2-adaptadores-red-linea-electrica","status":"publish","type":"product","link":"https:\/\/linkxa.es\/linkshop\/producto\/pack-x2-adaptadores-red-linea-electrica\/","title":{"rendered":"Pack x2 adaptadores red linea electrica"},"content":{"rendered":"<div style=\"text-align: center; margin-bottom: 20px;\">\n<h2 style=\"font-size: 22px; font-weight: 600; margin: 0; color: #333;\">Tp &#8211; link\u00a0|\u00a0 Extensores de red<\/h2>\n<p><strong>Pack x2 adaptadores de red linea electrica 500mbps powerline con enchufe tp &#8211; link<\/strong><\/p>\n<\/div>\n<p style=\"max-width: 700px; margin: 0px auto 30px; font-size: 18px; line-height: 1.6; color: #555555; font-style: italic; text-align: left;\">Conforme con el est\u00e1ndar HomePlug AV, tasa de transferencia de datos de<br \/>alta velocidad hasta 500Mbps, ideal para streaming de v\u00eddeo en HD y juegos<br \/>en red<br \/>Enchufe incorporado que permite alimentar otros aparatos el\u00e9ctricos<br \/>Filtro de corriente para un mejor rendimiento de la comunicaci\u00f3n Powerline<br \/>Sin necesidad de nuevos cables, utiliza la instalaci\u00f3n el\u00e9ctrica existente<br \/>Alcance de hasta 300 metros a trav\u00e9s del circuito el\u00e9ctrico de la casa, lo<br \/>que proporciona unas mejores prestaciones cuando se atraviesan paredes o<br \/>techos<br \/>Plug and Play, no son necesarios nuevos cables o configuraci\u00f3n alguna<br \/>odo patentado de ahorro de energ\u00eda que reduce autom\u00e1ticamente el<br \/>consumo hasta en un 85%<br \/>Encriptaci\u00f3n AES de 128 bits para asegurar la red: basta con pulsar un<br \/>bot\u00f3n en los dispositivos emparejados<br \/>La funci\u00f3n QoS integrada asegura la calidad de las aplicaciones m\u00e1s<br \/>sensibles en relaci\u00f3n al ancho de banda tales como voz, video y juegos online<br \/>Soporte para transmisiones IP multicast gestionadas por IGMP,<br \/>optimizaci\u00f3n de streaming IPTV<br \/>CARACTER\u00cdSTICAS DE HARDWARE<br \/>Est\u00e1ndares y protocolos HomePlug AV, IEEE802.3, IEEE802.3u<br \/>Interfaces 1* 10\/100Mbps Ethernet Port, Power Socket<br \/>Tipo de Enchufe EU, UK, FR<br \/>LED Alimentaci\u00f3n, Powerline, Ethernet<br \/>Botones Bot\u00f3n de Emparejamiento<br \/>Dimensiones (W X D X H) 3.7 x 2.3 x 1.7 pul. (95 x 58 x 42 mm)<br \/>Power Consumption &#038;lt,2.2W<br \/>Alcance 300 metros dentro de la casa<br \/>CARACTER\u00cdSTICAS DE SOFTWARE<br \/>Tecnolog\u00eda de modulaci\u00f3n OFDM<br \/>Encriptaci\u00f3n Encriptaci\u00f3n AES de 128-bits<br \/>OTROS<br \/>Certificaciones CE, FCC, RoHS<br \/>Contenido del Paquete 2 adaptadores Powerline AV500 con enchufe<br \/>incorporado<br \/>TL-PA4010P<br \/>Cable Ethernet RJ-45 de 2 metros<br \/>Gu\u00eda R\u00e1pida de Instalaci\u00f3n<br \/>CD de Utilidades<br \/>Requisitos del sistema Windows 8\/7\/Vista\/XP\/2000, Mac OS, Linux*<br \/>Factores ambientales Temperatura de funcionamiento: 0?~40?<br \/>(32?~104?)<br \/>Temperatura de almacenamiento: -40?~70? (-40?~158?)<br \/>Humedad de funcionamiento: 10%~90% sin condensaci\u00f3n<br \/>Humedad de almacenamiento: 5%~90% sin condensaci\u00f3n<\/p>\n","protected":false},"excerpt":{"rendered":"<p>Pack x2 adaptadores de red linea electrica 500mbps powerline con enchufe tp &#8211; link<\/p>\n","protected":false},"featured_media":0,"comment_status":"open","ping_status":"open","template":"","meta":{"_et_pb_use_builder":"","_et_pb_old_content":"","_et_gb_content_width":""},"product_brand":[3946],"product_cat":[2058,3262,3261,3970],"product_tag":[3265,3264,3948],"class_list":{"0":"post-239075","1":"product","2":"type-product","3":"status-publish","5":"product_brand-tp-link","6":"product_cat-dispositivos","7":"product_cat-extensores-de-red","8":"product_cat-redes","9":"product_cat-tp-link-extensores-de-red","10":"product_tag-extensores-de-red","11":"product_tag-redes","12":"product_tag-tp-link","13":"product_shipping_class-2059","14":"pa_canon-digital-impuesto-incluido-de-0-e","15":"pa_categoria-redes","16":"pa_marca-tp-link","17":"pa_peso-3969","18":"pa_referencia-tl-pa4010pkit","20":"first","21":"instock","22":"sale","23":"taxable","24":"shipping-taxable","25":"purchasable","26":"product-type-simple"},"_links":{"self":[{"href":"https:\/\/linkxa.es\/linkshop\/wp-json\/wp\/v2\/product\/239075","targetHints":{"allow":["GET"]}}],"collection":[{"href":"https:\/\/linkxa.es\/linkshop\/wp-json\/wp\/v2\/product"}],"about":[{"href":"https:\/\/linkxa.es\/linkshop\/wp-json\/wp\/v2\/types\/product"}],"replies":[{"embeddable":true,"href":"https:\/\/linkxa.es\/linkshop\/wp-json\/wp\/v2\/comments?post=239075"}],"wp:attachment":[{"href":"https:\/\/linkxa.es\/linkshop\/wp-json\/wp\/v2\/media?parent=239075"}],"wp:term":[{"taxonomy":"product_brand","embeddable":true,"href":"https:\/\/linkxa.es\/linkshop\/wp-json\/wp\/v2\/product_brand?post=239075"},{"taxonomy":"product_cat","embeddable":true,"href":"https:\/\/linkxa.es\/linkshop\/wp-json\/wp\/v2\/product_cat?post=239075"},{"taxonomy":"product_tag","embeddable":true,"href":"https:\/\/linkxa.es\/linkshop\/wp-json\/wp\/v2\/product_tag?post=239075"}],"curies":[{"name":"wp","href":"https:\/\/api.w.org\/{rel}","templated":true}]}}