{"id":239079,"date":"2025-01-14T14:50:29","date_gmt":"2025-01-14T14:50:29","guid":{"rendered":"https:\/\/linkxa.es\/contratacion\/producto\/switch-5-puertos-mini-10-100\/"},"modified":"2025-12-08T11:58:59","modified_gmt":"2025-12-08T11:58:59","slug":"switch-5-puertos-mini-10-100","status":"publish","type":"product","link":"https:\/\/linkxa.es\/linkshop\/producto\/switch-5-puertos-mini-10-100\/","title":{"rendered":"Switch 5 puertos mini 10 100"},"content":{"rendered":"<div style=\"text-align: center; margin-bottom: 20px;\">\n<h2 style=\"font-size: 22px; font-weight: 600; margin: 0; color: #333;\">Tp &#8211; link\u00a0|\u00a0 Switch<\/h2>\n<p><strong>Switch 5 puertos mini 10 &#8211; 100 tp &#8211; link<\/strong><\/p>\n<\/div>\n<p style=\"max-width: 700px; margin: 0px auto 30px; font-size: 18px; line-height: 1.6; color: #555555; font-style: italic; text-align: left;\">* Innovadora tecnolog\u00eda de eficiencia energ\u00e9tica para ahorrar energ\u00eda<br \/>hasta un 70%<br \/>* Es compatible con IEEE 802.3x control de flujo para modo Full D\u00faplex y<br \/>contrapresi\u00f3n para modo Medio-D\u00faplex<br \/>* Sin bloqueo arquitectura de conmutaci\u00f3n que env\u00eda y filtra paquetes a<br \/>velocidad de cable para un m\u00e1ximo rendimiento<br \/>* Auto-MDI\/MDIX elimina la necesidad de cables crossover<br \/>* Es compatible con direcci\u00f3n MAC auto-aprendizaje y auto-envejecimiento<br \/>* Auto-negociaci\u00f3n puertos que faciliten la integraci\u00f3n inteligente entre<br \/>10Mbps, 100Mbps y 1000Mbps hardware<br \/>* Dise\u00f1o sin ventilador garantiza un funcionamiento silencioso<br \/>* Escritorio o en la pared de dise\u00f1o<br \/>* Dise\u00f1o Plug and Play facilita la instalaci\u00f3nHARDWARE FEATURES<br \/>Interface 5 10\/100Mbps RJ45 Ports<br \/>AUTO Negotiation\/AUTO MDI\/MDIX<br \/>External Power Supply 100-240VAC, 50\/60Hz<br \/>Dimensions (W X D X H) 4.1 x 2.8 x 0.9 in. (103.5 x 70 x 22 mm)<br \/>SOFTWARE FEATURES<br \/>Transfer Method Store and Forward<br \/>Advanced Functions Green Technology, saving power up to 60%<br \/>802.3X Flow Control, Back Pressure<br \/>Auto-Uplink Every Port<br \/>OTHERS<br \/>Certification FCC, CE, RoHs<br \/>Package Contents 5-Port 10\/100Mbps Desktop Switch<br \/>Power Adapter<br \/>User Guide<br \/>Environment Operating Temperature: 0?~40? (32?~104?),<br \/>Storage Temperature: -40?~70? (-40?~158?),<br \/>Operating Humidity: 10%~90% non-condensing,<br \/>Storage Humidity: 5%~90% non-condensing<\/p>\n","protected":false},"excerpt":{"rendered":"<p>Switch 5 puertos mini 10 &#8211; 100 tp &#8211; link<\/p>\n","protected":false},"featured_media":0,"comment_status":"open","ping_status":"open","template":"","meta":{"_et_pb_use_builder":"","_et_pb_old_content":"","_et_gb_content_width":""},"product_brand":[3946],"product_cat":[2058,3261,3270,3955],"product_tag":[3264,3273,3948],"class_list":{"0":"post-239079","1":"product","2":"type-product","3":"status-publish","5":"product_brand-tp-link","6":"product_cat-dispositivos","7":"product_cat-redes","8":"product_cat-switch","9":"product_cat-tp-link-switch","10":"product_tag-redes","11":"product_tag-switch","12":"product_tag-tp-link","13":"product_shipping_class-2059","14":"pa_canon-digital-impuesto-incluido-de-0-e","15":"pa_categoria-redes","16":"pa_marca-tp-link","17":"pa_peso-3974","18":"pa_referencia-tl-sf1005d","20":"first","21":"instock","22":"sale","23":"taxable","24":"shipping-taxable","25":"purchasable","26":"product-type-simple"},"_links":{"self":[{"href":"https:\/\/linkxa.es\/linkshop\/wp-json\/wp\/v2\/product\/239079","targetHints":{"allow":["GET"]}}],"collection":[{"href":"https:\/\/linkxa.es\/linkshop\/wp-json\/wp\/v2\/product"}],"about":[{"href":"https:\/\/linkxa.es\/linkshop\/wp-json\/wp\/v2\/types\/product"}],"replies":[{"embeddable":true,"href":"https:\/\/linkxa.es\/linkshop\/wp-json\/wp\/v2\/comments?post=239079"}],"wp:attachment":[{"href":"https:\/\/linkxa.es\/linkshop\/wp-json\/wp\/v2\/media?parent=239079"}],"wp:term":[{"taxonomy":"product_brand","embeddable":true,"href":"https:\/\/linkxa.es\/linkshop\/wp-json\/wp\/v2\/product_brand?post=239079"},{"taxonomy":"product_cat","embeddable":true,"href":"https:\/\/linkxa.es\/linkshop\/wp-json\/wp\/v2\/product_cat?post=239079"},{"taxonomy":"product_tag","embeddable":true,"href":"https:\/\/linkxa.es\/linkshop\/wp-json\/wp\/v2\/product_tag?post=239079"}],"curies":[{"name":"wp","href":"https:\/\/api.w.org\/{rel}","templated":true}]}}