{"id":239088,"date":"2025-07-26T03:49:51","date_gmt":"2025-07-26T03:49:51","guid":{"rendered":"https:\/\/linkxa.es\/contratacion\/producto\/switch-8-puertos-10-100-1000\/"},"modified":"2025-12-08T12:01:26","modified_gmt":"2025-12-08T12:01:26","slug":"switch-8-puertos-10-100-1000","status":"publish","type":"product","link":"https:\/\/linkxa.es\/linkshop\/producto\/switch-8-puertos-10-100-1000\/","title":{"rendered":"Switch 8 puertos 10 100 1000"},"content":{"rendered":"<div style=\"text-align: center; margin-bottom: 20px;\">\n<h2 style=\"font-size: 22px; font-weight: 600; margin: 0; color: #333;\">Tp &#8211; link\u00a0|\u00a0 Switch<\/h2>\n<p><strong>Switch 8 puertos 10 &#8211; 100 &#8211; 1000 tp &#8211; link<\/strong><\/p>\n<\/div>\n<p style=\"max-width: 700px; margin: 0px auto 30px; font-size: 18px; line-height: 1.6; color: #555555; font-style: italic; text-align: left;\">* Innovadora tecnolog\u00eda de eficiencia energ\u00e9tica para ahorrar energ\u00eda<br \/>hasta un 80%<br \/>* Es compatible con IEEE 802.3x control de flujo para modo Full D\u00faplex y<br \/>contrapresi\u00f3n para modo Medio-D\u00faplex<br \/>* Arquitectura de conmutaci\u00f3n Sin bloqueo que env\u00eda y filtra paquetes a<br \/>velocidad de cable para un m\u00e1ximo rendimiento<br \/>* Capacidad de conmutaci\u00f3n 16 Gbps<br \/>* Marco Jumbo 9K mejora el rendimiento de grandes transferencias de<br \/>datos<br \/>* Auto-MDI\/MDIX elimina la necesidad de cables cruzados<br \/>* Es compatible con direcci\u00f3n MAC auto-aprendizaje y auto-envejecimiento<br \/>* Auto-negociaci\u00f3n puertos que faciliten la integraci\u00f3n inteligente entre<br \/>10Mbps, 100Mbps y 1000Mbps hardware.<br \/>* Dise\u00f1o sin ventilador garantiza un funcionamiento silencioso<br \/>* Dise\u00f1o de escritorio o en la pared<br \/>* Dise\u00f1o Plug and Play facilita la instalaci\u00f3n<br \/>HARDWARE FEATURES<br \/>Interface 8 puertos RJ45 10\/100\/1000Mbps<br \/>Negociaci\u00f3n autom\u00e1tica \/ Auto MDI \/ MDIX<br \/>External Power Supply 100-240VAC, 50\/60Hz<br \/>Dimensions ( W x D x H ) 6.5*4.3*1.1 in. (165mm*108mm*28mm)<br \/>SOFTWARE FEATURES<br \/>Transfer Method Almacena y env\u00eda<br \/>MAC Address Table 8K<br \/>Advanced Functions tecnolog\u00eda verde, ahorro de energ\u00eda hasta un<br \/>80%<br \/>Control de flujo 802.3x, la contrapresi\u00f3n<br \/>Auto-Uplink cada puerto<br \/>OTHERS<br \/>Certification FCC, CE, RoHs<br \/>Package Contents Gigabit Switch de 8 puertos de escritorio<br \/>Adaptador de corriente<br \/>Gu\u00eda del usuario<br \/>Environment Temperatura de funcionamiento : 0? ~ 40? (32? ~ 104?),<br \/>Temperatura de almacenamiento: -40? ~ 70? (-40? ~ 158?)<br \/>Humedad de funcionamiento: 10% ~ 90% sin condensaci\u00f3n<br \/>Humedad de almacenamiento: 5% ~ 90% sin condensaci\u00f3n<\/p>\n","protected":false},"excerpt":{"rendered":"<p>Switch 8 puertos 10 &#8211; 100 &#8211; 1000 tp &#8211; link<\/p>\n","protected":false},"featured_media":0,"comment_status":"open","ping_status":"open","template":"","meta":{"_et_pb_use_builder":"","_et_pb_old_content":"","_et_gb_content_width":""},"product_brand":[3946],"product_cat":[2058,3261,3270,3955],"product_tag":[3264,3273,3948],"class_list":{"0":"post-239088","1":"product","2":"type-product","3":"status-publish","5":"product_brand-tp-link","6":"product_cat-dispositivos","7":"product_cat-redes","8":"product_cat-switch","9":"product_cat-tp-link-switch","10":"product_tag-redes","11":"product_tag-switch","12":"product_tag-tp-link","13":"product_shipping_class-2059","14":"pa_canon-digital-impuesto-incluido-de-0-e","15":"pa_categoria-redes","16":"pa_marca-tp-link","17":"pa_peso-3983","18":"pa_referencia-tl-sg1008d","20":"first","21":"instock","22":"sale","23":"taxable","24":"shipping-taxable","25":"purchasable","26":"product-type-simple"},"_links":{"self":[{"href":"https:\/\/linkxa.es\/linkshop\/wp-json\/wp\/v2\/product\/239088","targetHints":{"allow":["GET"]}}],"collection":[{"href":"https:\/\/linkxa.es\/linkshop\/wp-json\/wp\/v2\/product"}],"about":[{"href":"https:\/\/linkxa.es\/linkshop\/wp-json\/wp\/v2\/types\/product"}],"replies":[{"embeddable":true,"href":"https:\/\/linkxa.es\/linkshop\/wp-json\/wp\/v2\/comments?post=239088"}],"wp:attachment":[{"href":"https:\/\/linkxa.es\/linkshop\/wp-json\/wp\/v2\/media?parent=239088"}],"wp:term":[{"taxonomy":"product_brand","embeddable":true,"href":"https:\/\/linkxa.es\/linkshop\/wp-json\/wp\/v2\/product_brand?post=239088"},{"taxonomy":"product_cat","embeddable":true,"href":"https:\/\/linkxa.es\/linkshop\/wp-json\/wp\/v2\/product_cat?post=239088"},{"taxonomy":"product_tag","embeddable":true,"href":"https:\/\/linkxa.es\/linkshop\/wp-json\/wp\/v2\/product_tag?post=239088"}],"curies":[{"name":"wp","href":"https:\/\/api.w.org\/{rel}","templated":true}]}}