{"id":239093,"date":"2025-10-21T09:45:25","date_gmt":"2025-10-21T09:45:25","guid":{"rendered":"https:\/\/linkxa.es\/contratacion\/producto\/switch-16-puertos-10-100-1000-3\/"},"modified":"2025-12-08T12:03:27","modified_gmt":"2025-12-08T12:03:27","slug":"switch-16-puertos-10-100-1000-3","status":"publish","type":"product","link":"https:\/\/linkxa.es\/linkshop\/producto\/switch-16-puertos-10-100-1000-3\/","title":{"rendered":"Switch 16 puertos 10 100 1000"},"content":{"rendered":"<div style=\"text-align: center; margin-bottom: 20px;\">\n<h2 style=\"font-size: 22px; font-weight: 600; margin: 0; color: #333;\">Tp &#8211; link\u00a0|\u00a0 Switch<\/h2>\n<p><strong>Switch 16 puertos 10 &#8211; 100 &#8211; 1000 tp &#8211; link<\/strong><\/p>\n<\/div>\n<p style=\"max-width: 700px; margin: 0px auto 30px; font-size: 18px; line-height: 1.6; color: #555555; font-style: italic; text-align: left;\">Los16 puertos de 10\/100\/1000Mbps proporcionan transferencias<br \/>instant\u00e1neas de archivos grandes<br \/>La tecnolog\u00eda innovadora de eficiencia energ\u00e9tica reduce el consumo de<br \/>energ\u00eda de hasta el 40%<br \/>El Control de Flujo IEEE 802.3x proporciona una transferencia de datos<br \/>confiable<br \/>La Estructura (Frame) Jumbo 10K mejora el desempe\u00f1o de transferencia<br \/>de datos grandes.<br \/>El efectivo monitoreo de la red mediante la Duplicaci\u00f3n de Puertos,<br \/>Prevenci\u00f3n de Bucle y Diagn\u00f3stico por Cable<br \/>QoS basado en el Puerto y etiquetas permite un tr\u00e1fico sin problemas<br \/>sensible a retrasos.<br \/>La gran variedad de caracter\u00edsticas de VLAN mejora la seguridad de la red<br \/>mediante la segmentaci\u00f3n de tr\u00e1fico<br \/>IGMP Snooping optimiza las aplicaciones multicast<br \/>Est\u00e1ndares y Protocolos IEEE 802.3, IEEE 802.3u, IEEE 802.3ab, IEEE<br \/>802.3x, IEEE 802.1q, IEEE 802.1p<br \/>Interface 16 Puertos RJ45 de10\/100\/1000Mbps<br \/>AUTO Negociaci\u00f3n\/AUTO MDI\/MDIX<br \/>Medios de Red 10BASE-T: cable UTP categor\u00eda 3, 4, 5 (m\u00e1ximo 100m)<br \/>EIA\/TIA-568 100O STP (m\u00e1ximo 100m)<br \/>100BASE-TX: cable UTP categor\u00eda 5, 5e (m\u00e1ximo 100m)<br \/>EIA\/TIA-568 100O STP (m\u00e1ximo 100m)<br \/>1000BASE-T: cable UTP categor\u00eda 5, 5e, 6 o cable superior (m\u00e1ximo 100m)<br \/>EIA\/TIA-568 100O STP (m\u00e1ximo 100m)<br \/>Fan Quantity Sin ventilador<br \/>Dimensiones (W X D X H) 11.6*7.1*1.7 pulg. (294*180*44 mm)<br \/>Suministro de Energ\u00eda El\u00e9ctrica 100-240VAC, 50\/60Hz<br \/>RENDIMIENTO<br \/>Switching Capacity 32Gbps<br \/>Tabla de Direcciones MAC 8K<br \/>Memoria Buffer del Paquete 512KB<br \/>Velocidad de Reenv\u00edo del Paquete 23.8Mpps<br \/>Estructura Jumbo 10240Bytes<br \/>CARACTER\u00cdSTICAS DEL SOFTWARE<br \/>Calidad de Servicio Soporta la prioridad basada en Puerto \/802.1p<br \/>Soporta 4 colas de prioridad<br \/>L\u00edmite de Velocidad<br \/>Control de Tormentas<br \/>Caracter\u00edsticas de L2 IGMP Snooping<br \/>Agregaci\u00f3n de Enlaces<br \/>Duplicaci\u00f3n de Puertos (Port Mirroring)<br \/>Diagn\u00f3sticos de Cable<br \/>Prevenci\u00f3n de Bucle<br \/>VLAN Soporta hasta 32 VLANs simult\u00e1neamente (a trav\u00e9s de IDs de 4K<br \/>VLAN)<br \/>VLAN MTU\/Puerto\/Etiqueta<br \/>M\u00e9todo de Transmisi\u00f3n Almacenamiento y Reenv\u00edo<br \/>OTROS<br \/>Certificaci\u00f3n FCC, CE<br \/>Contenido del Paquete TL-SG1016DE<br \/>Cable de alimentaci\u00f3n<br \/>Gu\u00eda de Instalaci\u00f3n<br \/>CD de Recursos<br \/>Kit de Base de Soporte<br \/>Patas de Goma<br \/>Requisitos del Sistema Microsoft Windows 98SE, NT, 2000, XP,<br \/>Vista Windows 7 \u00f3 Windows 8, MAC OS, NetWare, UNIX \u00f3 Linux.<br \/>Ambiente Temperatura de Operaci\u00f3n: 0?~40? (32?~104?),<br \/>Temperatura de Almacenamiento: -40?~70? (-40?~158?)<br \/>Humedad de Funcionamiento: 10%~90% sin condensaci\u00f3n<br \/>Humedad de Almacenamiento: 5%~90% sin condensaci\u00f3n<\/p>\n","protected":false},"excerpt":{"rendered":"<p>Switch 16 puertos 10 &#8211; 100 &#8211; 1000 tp &#8211; link<\/p>\n","protected":false},"featured_media":0,"comment_status":"open","ping_status":"open","template":"","meta":{"_et_pb_use_builder":"","_et_pb_old_content":"","_et_gb_content_width":""},"product_brand":[3946],"product_cat":[2058,3261,3270,3955],"product_tag":[3264,3273,3948],"class_list":{"0":"post-239093","1":"product","2":"type-product","3":"status-publish","5":"product_brand-tp-link","6":"product_cat-dispositivos","7":"product_cat-redes","8":"product_cat-switch","9":"product_cat-tp-link-switch","10":"product_tag-redes","11":"product_tag-switch","12":"product_tag-tp-link","13":"product_shipping_class-2059","14":"pa_canon-digital-impuesto-incluido-de-0-e","15":"pa_categoria-redes","16":"pa_marca-tp-link","17":"pa_peso-3991","18":"pa_referencia-tl-sg1016de","20":"first","21":"instock","22":"sale","23":"taxable","24":"shipping-taxable","25":"purchasable","26":"product-type-simple"},"_links":{"self":[{"href":"https:\/\/linkxa.es\/linkshop\/wp-json\/wp\/v2\/product\/239093","targetHints":{"allow":["GET"]}}],"collection":[{"href":"https:\/\/linkxa.es\/linkshop\/wp-json\/wp\/v2\/product"}],"about":[{"href":"https:\/\/linkxa.es\/linkshop\/wp-json\/wp\/v2\/types\/product"}],"replies":[{"embeddable":true,"href":"https:\/\/linkxa.es\/linkshop\/wp-json\/wp\/v2\/comments?post=239093"}],"wp:attachment":[{"href":"https:\/\/linkxa.es\/linkshop\/wp-json\/wp\/v2\/media?parent=239093"}],"wp:term":[{"taxonomy":"product_brand","embeddable":true,"href":"https:\/\/linkxa.es\/linkshop\/wp-json\/wp\/v2\/product_brand?post=239093"},{"taxonomy":"product_cat","embeddable":true,"href":"https:\/\/linkxa.es\/linkshop\/wp-json\/wp\/v2\/product_cat?post=239093"},{"taxonomy":"product_tag","embeddable":true,"href":"https:\/\/linkxa.es\/linkshop\/wp-json\/wp\/v2\/product_tag?post=239093"}],"curies":[{"name":"wp","href":"https:\/\/api.w.org\/{rel}","templated":true}]}}