{"id":239095,"date":"2025-05-01T17:59:36","date_gmt":"2025-05-01T17:59:36","guid":{"rendered":"https:\/\/linkxa.es\/contratacion\/producto\/switch-24-puertos-10-100-1000\/"},"modified":"2025-12-08T12:04:30","modified_gmt":"2025-12-08T12:04:30","slug":"switch-24-puertos-10-100-1000","status":"publish","type":"product","link":"https:\/\/linkxa.es\/linkshop\/producto\/switch-24-puertos-10-100-1000\/","title":{"rendered":"Switch 24 puertos 10 100 1000"},"content":{"rendered":"<div style=\"text-align: center; margin-bottom: 20px;\">\n<h2 style=\"font-size: 22px; font-weight: 600; margin: 0; color: #333;\">Tp &#8211; link\u00a0|\u00a0 Switch<\/h2>\n<p><strong>Switch 24 puertos 10 &#8211; 100 &#8211; 1000 tp &#8211; link<\/strong><\/p>\n<\/div>\n<p style=\"max-width: 700px; margin: 0px auto 30px; font-size: 18px; line-height: 1.6; color: #555555; font-style: italic; text-align: left;\">Switch para sobremesa\/bastidor con 24 puertos Gigabit TL-SG1024D<\/p>\n<p>24 puertos a 10\/100\/1000 Mbps<br \/>Innovadora tecnolog\u00eda de eficiencia energ\u00e9tica que ahorra hasta un 20% de<br \/>energ\u00eda<br \/>Soporta aprendizaje de direcciones MAC (Auto-Learning) y negociaci\u00f3n<br \/>MDI\/MDIX autom\u00e1tica<br \/>Dise\u00f1o Plug &#038; Play<\/p>\n<p>Para qu\u00e9 sirve este producto<\/p>\n<p>El Switch TL-SG1024D Gigabit Ethernet le ofrece una soluci\u00f3n de alto<br \/>rendimiento, bajo costo, f\u00e1cil de usar, sin fisuras y est\u00e1ndar para mejorar su red<br \/>antigua a una red a 1000Mbps. Todos los puertos soportan auto MDI \/ MDIX por<br \/>lo que no hay necesidad de preocuparse por el tipo de cable, s\u00f3lo tiene que<br \/>enchufar y listo. Por otra parte, con la innovadora tecnolog\u00eda de eficiencia<br \/>energ\u00e9tica, el TL-SG1024D puede ahorrar hasta un 25% del consumo de energ\u00eda,<br \/>y como el 80% del material de embalaje puede ser reciclado es una soluci\u00f3n<br \/>ecol\u00f3gica para su red de negocios.<br \/>Tecnolog\u00eda de eficiencia energ\u00e9tica de TP-LINK<\/p>\n<p>Este Switch Gigabit TL-SG1024D de nueva generaci\u00f3n cuenta con las \u00faltimas e<br \/>innovadoras tecnolog\u00edas de eficiencia energ\u00e9tica que pueden ampliar en gran<br \/>medida su capacidad de red con mucho menos consumo. \u00c9ste ajusta<br \/>autom\u00e1ticamente el consumo de energ\u00eda de acuerdo con el estado del enlace<br \/>para limitar la huella de carbono de su red. Tambi\u00e9n cumple con la DE RoHS de<br \/>la UE, que proh\u00edbe el uso de ciertos materiales peligrosos. Adem\u00e1s, el 80% del<br \/>material de embalaje puede ser reciclado.<br \/>Alto rendimiento<\/p>\n<p>Todos sus 24 puertos son Gigabit RJ-45 que proporcionan una gran<br \/>transferencia de archivos y tambi\u00e9n son compatible con dispositivos Ethernet de<br \/>10Mbps y 100Mbps. Con su arquitectura de no bloqueo, el TL-SG1024D redirige<br \/>y filtra paquetes a la m\u00e1xima velocidad del cable para un rendimiento m\u00e1ximo.<br \/>Con su paquete Jumbo 10KB, el rendimiento de grandes transferencias de<br \/>archivos se mejora considerablemente. El control de flujo IEEE 802.3x para el<br \/>modo Full Duplex y la contrapresi\u00f3n para el modo Half Duplex alivian la<br \/>congesti\u00f3n del tr\u00e1fico y hacen el trabajo del TL-SG1024D fiable. Es una opci\u00f3n<br \/>perfecta para actualizar su red a Gigabit al tiempo que protege correctamente su<br \/>inversi\u00f3n anterior.<br \/>F\u00e1cil de usar<\/p>\n<p>Las caracter\u00edsticas autom\u00e1ticas de este Switch Gigabit hacen la instalaci\u00f3n plug<br \/>and play y sin complicaciones. No se requiere ninguna configuraci\u00f3n. Su auto<br \/>MDI \/ MDIX elimina la necesidad de cables cruzados y su auto-negociaci\u00f3n en<br \/>cada puerto detecta la velocidad de enlace de un dispositivo de red (10, 100 o<br \/>1000 Mbps) y ajusta de forma inteligente para una compatibilidad y rendimiento<br \/>\u00f3ptimos.<\/p>\n<p>Innovadora tecnolog\u00eda de eficiencia energ\u00e9tica que ahorra hasta un 20% de<br \/>energ\u00eda<br \/>Soporta control de flujo IEEE 802.3x en modo Full Duplex y Back-Pressure en<br \/>modo Half Duplex<br \/>Arquitectura de switching sin bloqueos para el reenv\u00edo y filtrado de paquetes<br \/>a la m\u00e1xima velocidad del cable para obtener un rendimiento \u00f3ptimo.<br \/>Capacidad de switching de 48 Gbps<br \/>Incorpora 10 K de jumbo frame que mejora el rendimiento de las<br \/>transferencias de archivos de gran tama\u00f1o<br \/>La detecci\u00f3n autom\u00e1tica MDI\/MDIX hace innecesario el uso de cables<br \/>cruzados.<br \/>Soporta aprendizaje y caducidad autom\u00e1ticas de direcciones MAC (Auto-<br \/>Learning y Auto-aging)<br \/>Funci\u00f3n de switching Store-and-Forward<br \/>Integraci\u00f3n inteligente del hardware de 10 Mbps, 100 Mbps y 1000 Mbps<br \/>gracias a la negociaci\u00f3n autom\u00e1tica de puertos.<br \/>Dise\u00f1ado para poder ser montado en bastidor o usarse como equipo de<br \/>sobremesa<br \/>Instalaci\u00f3n sencilla mediante Plug and Play<\/p>\n<p>CARACTER\u00cdSTICAS DE HARDWARE<br \/>Est\u00e1ndares y Protocolos IEEE 802.3i, IEEE 802.3u, IEEE 802.3ab , IEEE 802.3x<br \/>Interfaz 24 puertos RJ45 a 10\/100\/1000 Mbps con negociaci\u00f3n autom\u00e1tica<br \/>(MDI\/MDIX autom\u00e1tico)<br \/>Medios de Red 10BASE-T: cable UTP categor\u00eda 3, 4, 5 (100 metros m\u00e1ximo)<br \/>100BASE-TX\/1000BASE-T: cable UTP categor\u00eda 5, 5e o above cable (m\u00e1ximo 100<br \/>metros)<br \/>Cantidad de Ventiladores Sin ventilador<br \/>Fuente de Alimentaci\u00f3n 100-240VAC, 50\/60Hz<br \/>Consumo de Potencia M\u00e1ximo: 14.6W (220V\/50Hz)<br \/>Dimensiones 11,6*7,1*1,7 pulgadas (294*180*44 mm)<br \/>RENDIMIENTO<br \/>Capacidad de Conmutaci\u00f3n 48Gbps<br \/>Tasa de Reenv\u00edo de Paquetes 35.7Mpps<br \/>Tabla de Direcciones MAC 8K<br \/>Memoria del Buffer de Paquete<br \/>Jumbo Frame 10KB<br \/>Tecnolog\u00eda Ecol\u00f3gica Innovadora tecnolog\u00eda de eficiencia energ\u00e9tica que<br \/>ahorra hasta un 25% de energ\u00eda<br \/>M\u00e9todo de Transferencia Store-and-Forward<br \/>Otros<br \/>Certificaciones FCC, CE, RoHS<br \/>Contenido del Paquete Switch para sobremesa\/bastidor con 24 puertos<br \/>Gigabit<br \/>Cable de alimentaci\u00f3n<br \/>Manual de usuario<br \/>Rackmount Kits<br \/>Rubber Feet<br \/>Requisitos del sistema Microsoft Windows XP, Vista, Windows 7 or<br \/>Windows 8, MAC OS, NetWare, UNIX or Linux.<br \/>Factores Ambientales Temperatura de funcionamiento: 0~40<br \/>(32~104),<br \/>Temperatura de almacenamiento: -40~70 (-40~158),<br \/>Humedad de funcionamiento: 10%~90% sin condensaci\u00f3n,<br \/>Humedad de almacenamiento: 5%~90% sin condensaci\u00f3n<\/p>\n","protected":false},"excerpt":{"rendered":"<p>Switch 24 puertos 10 &#8211; 100 &#8211; 1000 tp &#8211; link<\/p>\n","protected":false},"featured_media":239096,"comment_status":"open","ping_status":"open","template":"","meta":{"_et_pb_use_builder":"","_et_pb_old_content":"","_et_gb_content_width":""},"product_brand":[3946],"product_cat":[2058,3261,3270,3955],"product_tag":[3264,3273,3948],"class_list":{"0":"post-239095","1":"product","2":"type-product","3":"status-publish","4":"has-post-thumbnail","6":"product_brand-tp-link","7":"product_cat-dispositivos","8":"product_cat-redes","9":"product_cat-switch","10":"product_cat-tp-link-switch","11":"product_tag-redes","12":"product_tag-switch","13":"product_tag-tp-link","14":"product_shipping_class-2059","15":"pa_canon-digital-impuesto-incluido-de-0-e","16":"pa_categoria-redes","17":"pa_marca-tp-link","18":"pa_peso-3994","19":"pa_referencia-tl-sg1024d","21":"first","22":"instock","23":"sale","24":"taxable","25":"shipping-taxable","26":"purchasable","27":"product-type-simple"},"_links":{"self":[{"href":"https:\/\/linkxa.es\/linkshop\/wp-json\/wp\/v2\/product\/239095","targetHints":{"allow":["GET"]}}],"collection":[{"href":"https:\/\/linkxa.es\/linkshop\/wp-json\/wp\/v2\/product"}],"about":[{"href":"https:\/\/linkxa.es\/linkshop\/wp-json\/wp\/v2\/types\/product"}],"replies":[{"embeddable":true,"href":"https:\/\/linkxa.es\/linkshop\/wp-json\/wp\/v2\/comments?post=239095"}],"wp:featuredmedia":[{"embeddable":true,"href":"https:\/\/linkxa.es\/linkshop\/wp-json\/wp\/v2\/media\/239096"}],"wp:attachment":[{"href":"https:\/\/linkxa.es\/linkshop\/wp-json\/wp\/v2\/media?parent=239095"}],"wp:term":[{"taxonomy":"product_brand","embeddable":true,"href":"https:\/\/linkxa.es\/linkshop\/wp-json\/wp\/v2\/product_brand?post=239095"},{"taxonomy":"product_cat","embeddable":true,"href":"https:\/\/linkxa.es\/linkshop\/wp-json\/wp\/v2\/product_cat?post=239095"},{"taxonomy":"product_tag","embeddable":true,"href":"https:\/\/linkxa.es\/linkshop\/wp-json\/wp\/v2\/product_tag?post=239095"}],"curies":[{"name":"wp","href":"https:\/\/api.w.org\/{rel}","templated":true}]}}