{"id":239097,"date":"2025-11-16T11:52:42","date_gmt":"2025-11-16T11:52:42","guid":{"rendered":"https:\/\/linkxa.es\/contratacion\/producto\/switch-24-puertos-10-100-1000-2\/"},"modified":"2025-12-08T12:04:59","modified_gmt":"2025-12-08T12:04:59","slug":"switch-24-puertos-10-100-1000-2","status":"publish","type":"product","link":"https:\/\/linkxa.es\/linkshop\/producto\/switch-24-puertos-10-100-1000-2\/","title":{"rendered":"Switch 24 puertos 10 100 1000"},"content":{"rendered":"<div style=\"text-align: center; margin-bottom: 20px;\">\n<h2 style=\"font-size: 22px; font-weight: 600; margin: 0; color: #333;\">Tp &#8211; link\u00a0|\u00a0 Switch<\/h2>\n<p><strong>Switch 24 puertos 10 &#8211; 100 &#8211; 1000 tp &#8211; link tl &#8211; sg1024de<\/strong><\/p>\n<\/div>\n<p style=\"max-width: 700px; margin: 0px auto 30px; font-size: 18px; line-height: 1.6; color: #555555; font-style: italic; text-align: left;\">24 puertos 10\/100\/1000Mbps ofrecen grandes transferencias de archivos<br \/>instant\u00e1neas La tecnolog\u00eda de eficiencia energ\u00e9tica reduce el consumo de<br \/>energ\u00eda hasta en un 40% El control de flujo IEEE 802.3x proporciona<br \/>transferencias de datos fiables La tecnolog\u00eda Jumbo Packet Frames mejora<br \/>el rendimiento de las transferencias de datos de gran tama\u00f1o Con<br \/>monitorizaci\u00f3n de red efectiva a trav\u00e9s de Port Mirroring, Loop Prevention y<br \/>diagn\u00f3sticos de cable QoS basado en puerto y en etiquetas habilitan tr\u00e1fico<br \/>sensible con suaves latencias Las caracter\u00edsticas de VLAN mejoran la<br \/>seguridad de la red a trav\u00e9s de la segmentaci\u00f3n del tr\u00e1fico Snooping IGMP<br \/>que optimiza las aplicaciones de multidifusi\u00f3n Descripci\u00f3n del<br \/>producto TP-LINK JetStream TL-SG1024DE &#8211; conmutador &#8211; 24 puertos &#8211;<br \/>montaje en rack Tipo de dispositivo Conmutador &#8211; 24 puertos Tipo<br \/>incluido Montaje en rack Subtipo Gigabit Ethernet Puertos 24 x<br \/>10\/100\/1000 Rendimiento Capacidad de conmutaci\u00f3n:48 Gbps \u00a6 Velocidad de<br \/>reenv\u00edo:35.7 Mpps Tama\u00f1o de tabla de direcci\u00f3n MAC 8K de entradas<br \/>Admite carcasa Jumbo 10 240 bytes<br \/>Caracter\u00edsticas Negociaci\u00f3n autom\u00e1tica,se\u00f1al ascendente autom\u00e1tica<br \/>(MDI\/MDI-X autom\u00e1tico),snooping IGMP,copia de puertos,store and<br \/>forward,sin ventilador,prevenci\u00f3n de trabillas Cumplimiento de normas IEEE<br \/>802.3,IEEE 802.3u,IEEE 802.1Q,IEEE 802.3ab,IEEE 802.3x,IEEE 801.1p<br \/>Alimentaci\u00f3n CA 120\/230 V (50\/60 Hz) Dimensiones (Ancho x Profundidad x<br \/>Altura) 29.4 cm x 18 cm x 4.4 cm<\/p>\n","protected":false},"excerpt":{"rendered":"<p>Switch 24 puertos 10 &#8211; 100 &#8211; 1000 tp &#8211; link tl &#8211; sg1024de<\/p>\n","protected":false},"featured_media":0,"comment_status":"open","ping_status":"open","template":"","meta":{"_et_pb_use_builder":"","_et_pb_old_content":"","_et_gb_content_width":""},"product_brand":[3946],"product_cat":[2058,3261,3270,3955],"product_tag":[3264,3273,3948],"class_list":{"0":"post-239097","1":"product","2":"type-product","3":"status-publish","5":"product_brand-tp-link","6":"product_cat-dispositivos","7":"product_cat-redes","8":"product_cat-switch","9":"product_cat-tp-link-switch","10":"product_tag-redes","11":"product_tag-switch","12":"product_tag-tp-link","13":"product_shipping_class-2059","14":"pa_canon-digital-impuesto-incluido-de-0-e","15":"pa_categoria-redes","16":"pa_marca-tp-link","17":"pa_peso-3996","18":"pa_referencia-tl-sg1024de","20":"first","21":"instock","22":"sale","23":"taxable","24":"shipping-taxable","25":"purchasable","26":"product-type-simple"},"_links":{"self":[{"href":"https:\/\/linkxa.es\/linkshop\/wp-json\/wp\/v2\/product\/239097","targetHints":{"allow":["GET"]}}],"collection":[{"href":"https:\/\/linkxa.es\/linkshop\/wp-json\/wp\/v2\/product"}],"about":[{"href":"https:\/\/linkxa.es\/linkshop\/wp-json\/wp\/v2\/types\/product"}],"replies":[{"embeddable":true,"href":"https:\/\/linkxa.es\/linkshop\/wp-json\/wp\/v2\/comments?post=239097"}],"wp:attachment":[{"href":"https:\/\/linkxa.es\/linkshop\/wp-json\/wp\/v2\/media?parent=239097"}],"wp:term":[{"taxonomy":"product_brand","embeddable":true,"href":"https:\/\/linkxa.es\/linkshop\/wp-json\/wp\/v2\/product_brand?post=239097"},{"taxonomy":"product_cat","embeddable":true,"href":"https:\/\/linkxa.es\/linkshop\/wp-json\/wp\/v2\/product_cat?post=239097"},{"taxonomy":"product_tag","embeddable":true,"href":"https:\/\/linkxa.es\/linkshop\/wp-json\/wp\/v2\/product_tag?post=239097"}],"curies":[{"name":"wp","href":"https:\/\/api.w.org\/{rel}","templated":true}]}}