{"id":239102,"date":"2025-10-20T09:57:26","date_gmt":"2025-10-20T09:57:26","guid":{"rendered":"https:\/\/linkxa.es\/contratacion\/producto\/switch-28-puertos-10-100-1000\/"},"modified":"2025-12-08T12:06:30","modified_gmt":"2025-12-08T12:06:30","slug":"switch-28-puertos-10-100-1000","status":"publish","type":"product","link":"https:\/\/linkxa.es\/linkshop\/producto\/switch-28-puertos-10-100-1000\/","title":{"rendered":"Switch 28 puertos 10 100 1000"},"content":{"rendered":"<div style=\"text-align: center; margin-bottom: 20px;\">\n<h2 style=\"font-size: 22px; font-weight: 600; margin: 0; color: #333;\">Tp &#8211; link\u00a0|\u00a0 Switch<\/h2>\n<p><strong>Switch 28 puertos 10 &#8211; 100 &#8211; 1000 poe 250w +4 sfp gestion l2+ tp &#8211; link<\/strong><\/p>\n<\/div>\n<p style=\"max-width: 700px; margin: 0px auto 30px; font-size: 18px; line-height: 1.6; color: #555555; font-style: italic; text-align: left;\">Rendimiento PoE+ de hasta 250W: puertos PoE + compatibles con 24<br \/>802.3at \/ af con una fuente de alimentaci\u00f3n total de 250 W *.<br \/>Puertos Gigabit completos: los puertos PoE + de 24 gigabit y las ranuras<br \/>SFP de 4 gigabit proporcionan conexiones de alta velocidad.<br \/>Integrado en Omada SDN: Zero-Touch Provisioning (ZTP) **,<br \/>Administraci\u00f3n centralizada en la nube y Monitorizaci\u00f3n inteligente.<br \/>Administraci\u00f3n centralizada: acceso a la nube y aplicaci\u00f3n Omada para<br \/>una comodidad y administraci\u00f3n f\u00e1ciles.<br \/>Enrutamiento est\u00e1tico: ayuda a enrutar el tr\u00e1fico interno para un uso m\u00e1s<br \/>eficiente de los recursos de la red.<br \/>Estrategias de seguridad s\u00f3lidas: enlace de puertos IP-MAC, ACL,<br \/>seguridad de puertos, defensa DoS, control de tormentas, DHCP Snooping,<br \/>802.1X, autenticaci\u00f3n de radio y m\u00e1s.<br \/>Optimice las aplicaciones de voz y video: L2 \/ L3 \/ L4 QoS e IGMP<br \/>snooping.<br \/>IPv6: soporte IPv6 con doble pila IPv4 \/ IPv6, indagaci\u00f3n MLD,<br \/>descubrimiento de vecinos IPv6.<br \/>CARACTER\u00cdSTICAS DE HARDWARE<br \/>Est\u00e1ndares y Protocolos IEEE 802.3i, IEEE 802.3u, IEEE 802.3ab, IEEE802.3z, IEEE<br \/>802.3ad, IEEE 802.3x, IEEE 802.3az, IEEE 802.1d, IEEE 802.1s, IEEE 802.1w, IEEE<br \/>802.1q, IEEE 802.1p, IEEE 802.1x<br \/>Interfaz 24 puertos RJ45 10\/100\/1000 Mbps (Negociaci\u00f3n autom\u00e1tica \/ Auto<br \/>MDI \/ MDIX)<br \/>4 ranuras SFP Gigabit<br \/>Medios de Red 10BASE-T: cable UTP categor\u00eda 3, 4, 5 (m\u00e1ximo 100 m)<br \/>100BASE-TX \/ 1000Base-T: cable UTP categor\u00eda 5, 5e o superior (m\u00e1ximo 100<br \/>m) 1000BASE-X: MMF, SMF<br \/>Cantidad de Ventiladores 2<br \/>Puertos PoE+ (RJ45) Est\u00e1ndar: compatible con 802.3at \/ af<br \/>Puertos PoE +: 24 puertos<br \/>Suministro PoE: 250 W<br \/>Dimensiones 440 220 44 mm (17.3 8.7 1.73 in)<br \/>Montaje Montaje en rack<br \/>Consumo de Potencia M\u00e1ximo 32.1 W (110 V\/ 60 Hz with no PD connected)<br \/>308.6 W (110 V\/ 60 Hz with 250 W PD connected)<br \/>Max Heat Dissipation 109.53 BTU\/h (with no PD connected)<br \/>1052.94 BTU\/h (with 250 W PD connected)<br \/>RENDIMIENTO<br \/>Ancho de Banda \/ Backplane 56 Gbps<br \/>Tasa de Reenv\u00edo de Paquetes 41.7 Mpps<br \/>Tabla de Direcciones MAC 8K<br \/>Memoria del Buffer de Paquete 4.1 Mbit<br \/>Jumbo Frame 9KB<br \/>CARACTER\u00cdSTICAS DE SOFTWARE<br \/>Calidad de Servicio Soporta prioridad 802.1p CoS \/ DSCP<br \/>Soporta 8 colas prioritarias<br \/>Programaci\u00f3n de cola: SP, WRR, SP + WRR<br \/>Limitaci\u00f3n de velocidad basada en puerto \/ flujo<br \/>IPv6 QoS<br \/>VLAN de voz<br \/>Caracter\u00edsticas L2 y L2+ Static Routing<br \/>DHCP Relay<br \/>DHCP Server<br \/>IGMP Snooping V1\/V2\/V3<br \/>802.3ad LACP (Up to 8 aggregation groups, containing 8 ports per group)<br \/>Spanning Tree STP\/RSTP\/MSTP<br \/>BPDU Filtering\/Guard<br \/>TC\/Root Protect<br \/>Loopback detection<br \/>802.3x Flow Control<br \/>LLDP, LLDP-MED<br \/>VLAN Admite hasta 4K VLAN simult\u00e1neamente (fuera de las ID de VLAN 4K)<br \/>MAC \/ VLAN basada en protocolo<br \/>Lista de Control de Acceso Filtrado de paquetes L2 L4<br \/>MAC ACL<br \/>IP ACL<br \/>ACL combinado<br \/>IPv6 ACL<br \/>Seguridad AAA<br \/>Port Security<br \/>DHCP Snooping<br \/>IP-MAC-Port Binding<br \/>IPv6-MAC-Port Binding<br \/>ARP Inspection<br \/>802.1x and Radius Authentication<br \/>SSH v1\/v2<br \/>SSL v3\/TLSv1.2<br \/>Broadcast\/Multicast\/Unknown-unicast Storm Control<br \/>Dos Defend<br \/>IPv6 Doble pila IPv4 \/ IPv6<br \/>Snooping de descubrimiento de escucha de multidifusi\u00f3n (MLD)<br \/>Descubrimiento de vecinos IPv6 (ND)<br \/>Descubrimiento de la unidad de transmisi\u00f3n m\u00e1xima de ruta (MTU)<br \/>Protocolo de mensajes de control de Internet (ICMP) versi\u00f3n 6<br \/>TCPv6 \/ UDPv6<br \/>Aplicaciones IPv6 DHCPv6 Client<br \/>Ping6<br \/>Tracert6<br \/>Telnet (v6)<br \/>IPv6 SNMP<br \/>IPv6 SSH<br \/>IPv6 SSL<br \/>Http\/Https<br \/>IPv6 TFTP<br \/>GESTI\u00d3N<br \/>Omada App Si<br \/>Centralized Management Omada Cloud-Based Controller<br \/>Omada Hardware Controller (OC300)<br \/>Omada Hardware Controller (OC200)<br \/>Omada Software Controller<br \/>Cloud Access S\u00ed (a trav\u00e9s de OC300, OC200, Controlador Omada en la Nube o<br \/>Controlador Omada Software)<br \/>Management Features Gesti\u00f3n de GUI y CLI basada en web<br \/>SNMP v1 \/ v2c \/ v3, compatible con MIB p\u00fablicas y MIB privadas TP-Link<br \/>RMON (1, 2, 3, 9 grupos)<br \/>Monitoreo de la CPU<br \/>Port Mirroring<br \/>Actualizaci\u00f3n de firmware: TFTP y web<br \/>Diagn\u00f3stico del sistema: VCT<br \/>SYSLOG y MIBS p\u00fablicos<br \/>Imagen dual<br \/>EEE<br \/>Otros<br \/>Certificaciones CE, FCC, RoHS<br \/>Contenido del Paquete TL-SG2428P<br \/>Power Cord<br \/>Installation Guide<br \/>Rackmount Kit<br \/>Rubber Feet<br \/>Requisitos del sistema Microsoft Windows XP, Vista or Windows 7,<br \/>Windows 8, Windows 10, MAC OS, NetWare, UNIX or Linux.<br \/>Factores Ambientales Temperatura de Funcionamiento: 0~40<br \/>(32~104)<br \/>Temperatura de Almacenamiento: -40~70 (-40~158)<br \/>Humedad de Funcionamiento: 10%~90% sin condensaci\u00f3n<br \/>Humedad de Almacenamiento: 5%~90% sin condensaci\u00f3n<br \/>Para m\u00e1s informaci\u00f3n sobre su versi\u00f3n de hardware, por favor, vaya a la<br \/>p\u00e1gina de soporte, y consulte el datasheet de su versi\u00f3n.<\/p>\n<p>*Los c\u00e1lculos del presupuesto PoE se basan en pruebas de laboratorio. El<br \/>presupuesto real de energ\u00eda PoE no est\u00e1 garantizado y variar\u00e1 como<br \/>resultado de las limitaciones del cliente y los factores ambientales.<\/p>\n<p>** El aprovisionamiento Zero-Touch requiere el uso del controlador basado<br \/>en la nube Omada<\/p>\n","protected":false},"excerpt":{"rendered":"<p>Switch 28 puertos 10 &#8211; 100 &#8211; 1000 poe 250w +4 sfp gestion l2+ tp &#8211; link<\/p>\n","protected":false},"featured_media":0,"comment_status":"open","ping_status":"open","template":"","meta":{"_et_pb_use_builder":"","_et_pb_old_content":"","_et_gb_content_width":""},"product_brand":[3946],"product_cat":[2058,3261,3270,3955],"product_tag":[3264,3273,3948],"class_list":{"0":"post-239102","1":"product","2":"type-product","3":"status-publish","5":"product_brand-tp-link","6":"product_cat-dispositivos","7":"product_cat-redes","8":"product_cat-switch","9":"product_cat-tp-link-switch","10":"product_tag-redes","11":"product_tag-switch","12":"product_tag-tp-link","13":"product_shipping_class-2059","14":"pa_canon-digital-impuesto-incluido-de-0-e","15":"pa_categoria-redes","16":"pa_marca-tp-link","17":"pa_peso-4002","18":"pa_referencia-tl-sg2428p","20":"first","21":"instock","22":"sale","23":"taxable","24":"shipping-taxable","25":"purchasable","26":"product-type-simple"},"_links":{"self":[{"href":"https:\/\/linkxa.es\/linkshop\/wp-json\/wp\/v2\/product\/239102","targetHints":{"allow":["GET"]}}],"collection":[{"href":"https:\/\/linkxa.es\/linkshop\/wp-json\/wp\/v2\/product"}],"about":[{"href":"https:\/\/linkxa.es\/linkshop\/wp-json\/wp\/v2\/types\/product"}],"replies":[{"embeddable":true,"href":"https:\/\/linkxa.es\/linkshop\/wp-json\/wp\/v2\/comments?post=239102"}],"wp:attachment":[{"href":"https:\/\/linkxa.es\/linkshop\/wp-json\/wp\/v2\/media?parent=239102"}],"wp:term":[{"taxonomy":"product_brand","embeddable":true,"href":"https:\/\/linkxa.es\/linkshop\/wp-json\/wp\/v2\/product_brand?post=239102"},{"taxonomy":"product_cat","embeddable":true,"href":"https:\/\/linkxa.es\/linkshop\/wp-json\/wp\/v2\/product_cat?post=239102"},{"taxonomy":"product_tag","embeddable":true,"href":"https:\/\/linkxa.es\/linkshop\/wp-json\/wp\/v2\/product_tag?post=239102"}],"curies":[{"name":"wp","href":"https:\/\/api.w.org\/{rel}","templated":true}]}}