{"id":239103,"date":"2025-05-31T09:27:32","date_gmt":"2025-05-31T09:27:32","guid":{"rendered":"https:\/\/linkxa.es\/contratacion\/producto\/punto-acceso-inalambrico-n-300-mbps\/"},"modified":"2025-12-08T12:07:01","modified_gmt":"2025-12-08T12:07:01","slug":"punto-acceso-inalambrico-n-300-mbps","status":"publish","type":"product","link":"https:\/\/linkxa.es\/linkshop\/producto\/punto-acceso-inalambrico-n-300-mbps\/","title":{"rendered":"Punto acceso inalambrico n 300 mbps"},"content":{"rendered":"<div style=\"text-align: center; margin-bottom: 20px;\">\n<h2 style=\"font-size: 22px; font-weight: 600; margin: 0; color: #333;\">Tp &#8211; link\u00a0|\u00a0 Puntos de acceso<\/h2>\n<p><strong>Punto de acceso inalambrico n 300 mbps tp link<\/strong><\/p>\n<\/div>\n<p style=\"max-width: 700px; margin: 0px auto 30px; font-size: 18px; line-height: 1.6; color: #555555; font-style: italic; text-align: left;\">Punto de acceso inal\u00e1mbrico N a 300 Mbps TL-WA801N<\/p>\n<p>Velocidad de transmisi\u00f3n inal\u00e1mbrica de 300 Mbps, provee una<br \/>experiencia inal\u00e1mbrica N fluida<br \/>Es compatible con m\u00faltiples modos de operaci\u00f3n: Punto de acceso,<br \/>Cliente, Universal \/ Repetidor WDS, Puente Inal\u00e1mbrico<br \/>F\u00e1cil configuraci\u00f3n de una conexi\u00f3n segura encriptada WPA al presionar el<br \/>bot\u00f3n QSS<br \/>Instalaci\u00f3n flexible: hasta 30 metros (100 pies) de distancia utilizando el<br \/>inyector Power over Ethernet suministrado<\/p>\n<p>Para qu\u00e9 sirve este producto<\/p>\n<p>El punto de acceso inal\u00e1mbrico N TL-WA801ND de TP-LINK est\u00e1 dise\u00f1ado<br \/>para establecer o ampliar una red inal\u00e1mbrica N de alta velocidad escalable<br \/>o para conectar varios dispositivos Ethernet tales como consolas de<br \/>videojuegos, reproductores multimedia, impresoras o dispositivos de<br \/>almacenamiento en red a una red inal\u00e1mbrica. Soporta una gran variedad<br \/>funciones y configuraciones: m\u00e1s flexibilidad para su red. Ya puede disfrutar<br \/>de una mejor experiencia en Internet a la hora de descargar contenidos,<br \/>jugar, transmitir v\u00eddeo o cualquier otra funcionalidad.<br \/>Tecnolog\u00eda inal\u00e1mbrica N: velocidad y cobertura<\/p>\n<p>El equipo adopta la avanzada tecnolog\u00eda MIMO (Multi Input Multi Output)<br \/>compatible con el est\u00e1ndar IEEE 802.11n. Para ello, emplea simult\u00e1neamente<br \/>dos antenas tanto en la transmisi\u00f3n como en la recepci\u00f3n de datos. De este<br \/>modo, se evitan interferencias y la degradaci\u00f3n de la se\u00f1al cuando \u00e9sta se<br \/>transmite a largas distancias o a trav\u00e9s de barreras f\u00edsicas dentro de, por<br \/>ejemplo, una oficina o apartamento. Como consecuencia, se obtiene una<br \/>gran mejora en las prestaciones inal\u00e1mbricas, incluso en edificios<br \/>construidos en acero y hormig\u00f3n. Como resultado de todo ello, es capaz de<br \/>captar f\u00e1cilmente una se\u00f1al inal\u00e1mbrica emitida a larga distancia a<br \/>diferencia de si se utiliza un dispositivo 11g de la anterior generaci\u00f3n.<br \/>M\u00faltiples modos de funcionamiento:<br \/>redes inal\u00e1mbricas f\u00e1ciles de desplegar<\/p>\n<p>Funciona como cliente de punto de acceso, bridge, repetidor y punto de<br \/>acceso. De esta forma, podr\u00e1 adecuarlo din\u00e1micamente a sus necesidades<br \/>de acceso inal\u00e1mbrico seg\u00fan la situaci\u00f3n. Los distintos modos de<br \/>funcionamiento le permiten tambi\u00e9n desplegar una red inal\u00e1mbrica en<br \/>ubicaciones dif\u00edciles de cablear o eliminar zonas sin cobertura inal\u00e1mbrica.<br \/>Flexibilidad de instalaci\u00f3n gracias al<br \/>modo de alimentaci\u00f3n pasiva PoE<\/p>\n<p>El TL-WR801ND puede ser alimentado mediante un cable Ethernet para<br \/>enviar datos y suministrar alimentaci\u00f3n el\u00e9ctrica simult\u00e1neamente a la<br \/>ubicaci\u00f3n del punto de acceso hasta una distancia de unos 30 metros. Esta<br \/>funcionalidad posibilita distintas opciones de instalaci\u00f3n. De este modo,<br \/>puede colocar el punto de acceso en la ubicaci\u00f3n m\u00e1s conveniente, tal como<br \/>la pared o el techo de su oficina, para poder obtener el mejor nivel posible de<br \/>se\u00f1al.<br \/>CARACTER\u00cdSTICAS DE HARDWARE<br \/>Interfaz Un puerto Ethernet 10\/100 Mbps (RJ45)<br \/>Soporte para PoE pasivo<br \/>Botones Bot\u00f3n On\/Off<br \/>Bot\u00f3n WPS<br \/>Bot\u00f3n Reset<br \/>Fuente de Alimentaci\u00f3n Externa 9VDC \/ 0.6A<br \/>Est\u00e1ndares Inal\u00e1mbricos IEEE 802.11n, IEEE 802.11g, IEEE 802.11b<br \/>Dimensiones 7.1 4.9 1.4 in. (181 125 36mm)<br \/>Tipo de Antena 2 * Antenas 5dBi Omnidireccional (RP-SMA)<br \/>CARACTER\u00cdSTICAS INAL\u00c1MBRICAS<br \/>Frecuencia 2.4-2.4835GHz<br \/>Tasa de Se\u00f1al 11n: Hasta 300Mbps (din\u00e1mico)<br \/>11g: hasta 54Mbps (din\u00e1mico)<br \/>11b: hasta 11Mbps (din\u00e1mico)<br \/>Sensibilidad de Recepci\u00f3n 270M: -68dBm@10% PER<br \/>130M: -68dBm@10% PER<br \/>108M: -68dBm@10% PER<br \/>54M: -68dBm@10% PER<br \/>11M: -85dBm@8% PER<br \/>6M: -88dBm@10% PER<br \/>1M: -90dBm@8% PER<br \/>Potencia de Transmisi\u00f3n &#038;lt,20dBm(EIRP)<br \/>Modos Inal\u00e1mbricos Punto de acceso<br \/>M\u00faltiples SSID<br \/>Modo cliente<br \/>Modo Repetidor<br \/>Bridge con Modo AP<br \/>Funciones Inal\u00e1mbricas Enable\/Disable Wireless Radio<br \/>MAC Address Filter<br \/>Seguridad Inal\u00e1mbrica 64\/128\/152-bit WEP \/ WPA \/ WPA2,WPA-PSK \/<br \/>WPA2-PSK<br \/>Calidad de Servicio WMM<br \/>Gesti\u00f3n SNMP<br \/>Funciones Avanzadas Soporte PoE hasta 30 metros<br \/>Otros<br \/>Certificaciones CE, FCC, RoHS<br \/>Contenido del Paquete Punto de acceso inal\u00e1mbrico TL-WA801ND<br \/>2 antenas Omnidireccional<br \/>Fuente de alimentaci\u00f3n<br \/>Inyector de alimentaci\u00f3n PoE<br \/>CD de recursos<br \/>Gu\u00eda de instalaci\u00f3n r\u00e1pida<br \/>Cable Ethernet RJ45<br \/>Requisitos del sistema Microsoft Windows 98SE, NT, 2000, XP, Vista<br \/>o Windows 7, 10,<br \/>MAC OS, NetWare, UNIX o Linux.<br \/>Factores Ambientales Temperatura de funcionamiento: 0 ~ 40<br \/>(32 ~ 104)<br \/>Temperatura de almacenamiento: -40 ~ 70 (-40 ~ 158)<br \/>Humedad de funcionamiento: 10% ~ 90% sin condensaci\u00f3n<br \/>Humedad de almacenamiento: 5% ~ 90% sin condensaci\u00f3n<\/p>\n","protected":false},"excerpt":{"rendered":"<p>Punto de acceso inalambrico n 300 mbps tp link<\/p>\n","protected":false},"featured_media":239104,"comment_status":"open","ping_status":"open","template":"","meta":{"_et_pb_use_builder":"","_et_pb_old_content":"","_et_gb_content_width":""},"product_brand":[3946],"product_cat":[2058,3299,3261,4005],"product_tag":[3302,3264,3948],"class_list":{"0":"post-239103","1":"product","2":"type-product","3":"status-publish","4":"has-post-thumbnail","6":"product_brand-tp-link","7":"product_cat-dispositivos","8":"product_cat-puntos-de-acceso","9":"product_cat-redes","10":"product_cat-tp-link-puntos-de-acceso","11":"product_tag-puntos-de-acceso","12":"product_tag-redes","13":"product_tag-tp-link","14":"product_shipping_class-2059","15":"pa_canon-digital-impuesto-incluido-de-0-e","16":"pa_categoria-redes","17":"pa_marca-tp-link","18":"pa_peso-4004","19":"pa_referencia-tl-wa801n","21":"first","22":"instock","23":"sale","24":"taxable","25":"shipping-taxable","26":"purchasable","27":"product-type-simple"},"_links":{"self":[{"href":"https:\/\/linkxa.es\/linkshop\/wp-json\/wp\/v2\/product\/239103","targetHints":{"allow":["GET"]}}],"collection":[{"href":"https:\/\/linkxa.es\/linkshop\/wp-json\/wp\/v2\/product"}],"about":[{"href":"https:\/\/linkxa.es\/linkshop\/wp-json\/wp\/v2\/types\/product"}],"replies":[{"embeddable":true,"href":"https:\/\/linkxa.es\/linkshop\/wp-json\/wp\/v2\/comments?post=239103"}],"wp:featuredmedia":[{"embeddable":true,"href":"https:\/\/linkxa.es\/linkshop\/wp-json\/wp\/v2\/media\/239104"}],"wp:attachment":[{"href":"https:\/\/linkxa.es\/linkshop\/wp-json\/wp\/v2\/media?parent=239103"}],"wp:term":[{"taxonomy":"product_brand","embeddable":true,"href":"https:\/\/linkxa.es\/linkshop\/wp-json\/wp\/v2\/product_brand?post=239103"},{"taxonomy":"product_cat","embeddable":true,"href":"https:\/\/linkxa.es\/linkshop\/wp-json\/wp\/v2\/product_cat?post=239103"},{"taxonomy":"product_tag","embeddable":true,"href":"https:\/\/linkxa.es\/linkshop\/wp-json\/wp\/v2\/product_tag?post=239103"}],"curies":[{"name":"wp","href":"https:\/\/api.w.org\/{rel}","templated":true}]}}