{"id":239107,"date":"2025-01-20T00:13:25","date_gmt":"2025-01-20T00:13:25","guid":{"rendered":"https:\/\/linkxa.es\/contratacion\/producto\/repetidor-cobertura-wifi-300-mbps-tp-link\/"},"modified":"2025-12-08T12:07:27","modified_gmt":"2025-12-08T12:07:27","slug":"repetidor-cobertura-wifi-300-mbps-tp-link","status":"publish","type":"product","link":"https:\/\/linkxa.es\/linkshop\/producto\/repetidor-cobertura-wifi-300-mbps-tp-link\/","title":{"rendered":"Repetidor cobertura wifi 300 mbps tp &#8211; link"},"content":{"rendered":"<div style=\"text-align: center; margin-bottom: 20px;\">\n<h2 style=\"font-size: 22px; font-weight: 600; margin: 0; color: #333;\">Tp &#8211; link\u00a0|\u00a0 Extensores de red<\/h2>\n<p><strong>Repetidor de cobertura wifi 300 mbps tp &#8211; link tl &#8211; wa850re<\/strong><\/p>\n<\/div>\n<p style=\"max-width: 700px; margin: 0px auto 30px; font-size: 18px; line-height: 1.6; color: #555555; font-style: italic; text-align: left;\">El modo Extensor de Rango amplifica la se\u00f1al inal\u00e1mbrica hasta zonas<br \/>donde antes no llegaba o que son dif\u00edciles de cablear<br \/>El dise\u00f1o de tama\u00f1o en miniatura para montaje en pared del dispositivo<br \/>facilita la instalaci\u00f3n y hace flexible su traslado.<br \/>Extiende f\u00e1cilmente la cobertura inal\u00e1mbrica con solo pulsar el bot\u00f3n<br \/>Range Extender<br \/>Su Indicador Luminoso Inteligente de Se\u00f1al ayudar a encontrar la ubicaci\u00f3n<br \/>id\u00f3nea para colocar el extensor de rango<br \/>El puerto Ethernet permite al Extensor funcionar como un adaptador<br \/>inal\u00e1mbrico para conectar dispositivos cableados<br \/>Las tasas de transferencia inal\u00e1mbrica a 300Mbps son ideales para<br \/>streaming de video, juegos en red y llamadas por Internet<br \/>Soporta login basado en nombre de dominio (http:\/\/tplinkextender.net)<br \/>para gesti\u00f3n avanzada<br \/>Compatible con otros dispositivos inal\u00e1mbricos 802.11n\/g\/b<br \/>Las encriptaciones avanzadas WEP 64\/128\/152-bit, WPA-PSK \/ WPA2-PSK<br \/>eprotegen su red contra amenazas de seguridad<br \/>CARACTER\u00cdSTICAS DE HARDWARE<br \/>Interfaz 1 puerto Ethernet 10\/100M (RJ45)<br \/>Tipo de Enchufe EU<br \/>Botones Bot\u00f3n RE (Range Extender), Bot\u00f3n de Reset<br \/>Est\u00e1ndares Inal\u00e1mbricos IEEE 802.11n, IEEE 802.11g, IEEE 802.11b<br \/>Antenas 2 * internas<br \/>Dimensions ( W x D x H ) 4.3x 2.6 x 3.0in. (110.0 x 65.8 x 75.2mm)<br \/>Power Consumption Unos 3W<br \/>WIRELESS FEATURES<br \/>Frecuencia 2.4~2.4835GHz<br \/>Tasas de transferencia 11n: Hasta 300Mbps (din\u00e1mica)<br \/>11g: Hasta 54Mbps (din\u00e1mica)<br \/>11b: Hasta 11Mbps (din\u00e1mica)<br \/>EIRP &#038;lt, 20 dBm (PIRE)<br \/>Sensibilidad de Recepci\u00f3n 270M: -68dBm@10% PER<br \/>130M: -68dBm@10% PER<br \/>108M: -68dBm@10% PER<br \/>54M: -68dBm@10% PER<br \/>11M: -85dBm@8% PER<br \/>6M: -88dBm@10% PER<br \/>1M: -90dBm@8% PER<br \/>Modos Inal\u00e1mbricos Range Extender<br \/>Funciones Inal\u00e1mbricas WMM (Wi-Fi Multimedia)<br \/>Filtro de direcciones MAC inal\u00e1mbricas<br \/>Estad\u00edsticas inal\u00e1mbricas<br \/>Funci\u00f3n Login por Dominio<br \/>Seguridad Inal\u00e1mbrica WEP 64\/128\/152-bit<br \/>WPA-PSK \/ WPA2-PSK<br \/>OTROS<br \/>Certificaciones CE, RoHS<br \/>Contenido del Paquete Extensor de Rango Universal Inal\u00e1mbrico N a<br \/>300Mbps TL-WA850RE<br \/>Cable Ethernet RJ-45<br \/>CD de utilidades<br \/>Gu\u00eda R\u00e1pida de Instalaci\u00f3n<br \/>Requisitos del sistema Microsoft Windows 98SE, NT, 2000, XP, Vista<br \/>o Windows 7, 8, MAC OS, NetWare, UNIX o Linux.<br \/>Factores ambientales Temperatura de Funcionamiento: 0C~40C<br \/>(32F~104F)<br \/>Temperatura de Almacenamiento: -40C~70C (-40F~158F)<br \/>Humedad de Funcionamiento: 10%~90% sin condensaci\u00f3n<br \/>Humedad de Almacenamiento: 5%~90% sin condensaci\u00f3n<\/p>\n","protected":false},"excerpt":{"rendered":"<p>Repetidor de cobertura wifi 300 mbps tp &#8211; link tl &#8211; wa850re<\/p>\n","protected":false},"featured_media":0,"comment_status":"open","ping_status":"open","template":"","meta":{"_et_pb_use_builder":"","_et_pb_old_content":"","_et_gb_content_width":""},"product_brand":[3946],"product_cat":[2058,3262,3261,3970],"product_tag":[3265,3264,3948],"class_list":{"0":"post-239107","1":"product","2":"type-product","3":"status-publish","5":"product_brand-tp-link","6":"product_cat-dispositivos","7":"product_cat-extensores-de-red","8":"product_cat-redes","9":"product_cat-tp-link-extensores-de-red","10":"product_tag-extensores-de-red","11":"product_tag-redes","12":"product_tag-tp-link","13":"product_shipping_class-2059","14":"pa_canon-digital-impuesto-incluido-de-0-e","15":"pa_categoria-redes","16":"pa_marca-tp-link","17":"pa_peso-4007","18":"pa_referencia-tl-wa850re","20":"first","21":"instock","22":"sale","23":"taxable","24":"shipping-taxable","25":"purchasable","26":"product-type-simple"},"_links":{"self":[{"href":"https:\/\/linkxa.es\/linkshop\/wp-json\/wp\/v2\/product\/239107","targetHints":{"allow":["GET"]}}],"collection":[{"href":"https:\/\/linkxa.es\/linkshop\/wp-json\/wp\/v2\/product"}],"about":[{"href":"https:\/\/linkxa.es\/linkshop\/wp-json\/wp\/v2\/types\/product"}],"replies":[{"embeddable":true,"href":"https:\/\/linkxa.es\/linkshop\/wp-json\/wp\/v2\/comments?post=239107"}],"wp:attachment":[{"href":"https:\/\/linkxa.es\/linkshop\/wp-json\/wp\/v2\/media?parent=239107"}],"wp:term":[{"taxonomy":"product_brand","embeddable":true,"href":"https:\/\/linkxa.es\/linkshop\/wp-json\/wp\/v2\/product_brand?post=239107"},{"taxonomy":"product_cat","embeddable":true,"href":"https:\/\/linkxa.es\/linkshop\/wp-json\/wp\/v2\/product_cat?post=239107"},{"taxonomy":"product_tag","embeddable":true,"href":"https:\/\/linkxa.es\/linkshop\/wp-json\/wp\/v2\/product_tag?post=239107"}],"curies":[{"name":"wp","href":"https:\/\/api.w.org\/{rel}","templated":true}]}}