{"id":239109,"date":"2025-05-02T18:50:01","date_gmt":"2025-05-02T18:50:01","guid":{"rendered":"https:\/\/linkxa.es\/contratacion\/producto\/extensor-cobertura-wifi-300mbsp-tp-link\/"},"modified":"2025-12-08T12:08:29","modified_gmt":"2025-12-08T12:08:29","slug":"extensor-cobertura-wifi-300mbsp-tp-link","status":"publish","type":"product","link":"https:\/\/linkxa.es\/linkshop\/producto\/extensor-cobertura-wifi-300mbsp-tp-link\/","title":{"rendered":"Extensor cobertura wifi 300mbsp tp &#8211; link"},"content":{"rendered":"<div style=\"text-align: center; margin-bottom: 20px;\">\n<h2 style=\"font-size: 22px; font-weight: 600; margin: 0; color: #333;\">Tp &#8211; link\u00a0|\u00a0 Extensores de red<\/h2>\n<p><strong>Extensor de cobertura wifi 300mbsp tp &#8211; link<\/strong><\/p>\n<\/div>\n<p style=\"max-width: 700px; margin: 0px auto 30px; font-size: 18px; line-height: 1.6; color: #555555; font-style: italic; text-align: left;\">Aumenta la cobertura Wi-Fi existente para repartir conexiones<br \/>inal\u00e1mbricas y cableadas de manera r\u00e1pida y fiable<br \/>Antenas externas para un conexi\u00f3n Wi-Fi m\u00e1s r\u00e1pida y fiable<br \/>Soporta el modo AP con el que podr\u00e1s crear un nuevo punto de acceso Wi-<br \/>Fi<br \/>Extiende tu cobertura Wi-Fi de forma sencilla pulsando el bot\u00f3n ?Range<br \/>Extender?<br \/>Configura la Programaci\u00f3n para el Ahorro de Energ\u00eda del extensor de<br \/>cobertura<br \/>La aplicaci\u00f3n Tether permite un acceso y gesti\u00f3n f\u00e1cil de manera mediante<br \/>los dispositivos m\u00f3viles<br \/>Funciona con cualquier Router Wi-Fi<\/p>\n<p>CARACTER\u00cdSTICAS DE HARDWARE<br \/>Tipo de Enchufe EU, UK, US<br \/>Interfaz 1 Puerto Ethernet RJ45 10\/100M<br \/>Botones Bot\u00f3n RE (Range Extender) y Bot\u00f3n Reset<br \/>Consumo de Potencia 3W aproximadamente<br \/>Antenas 2 Antenas externas<br \/>Dimensiones 52 x 34 x 65mm. (2.0x 1.3 x 2.6in)<br \/>Caracter\u00edsticas Inal\u00e1mbricas<br \/>Est\u00e1ndares Inal\u00e1mbricos IEEE 802.11n, IEEE 802.11g, IEEE 802.11b<br \/>Frecuencia 2.4~2.4835GHz<br \/>Tasa de Se\u00f1al 11n: Hasta 300Mbps (din\u00e1mico)<br \/>11g: Hasta 54Mbps (din\u00e1mico)<br \/>11b: Hasta 11Mbps (din\u00e1mico)<br \/>Sensibilidad de Recepci\u00f3n 270M: &#038;lt,-68dBm@10% PER<br \/>130M: &#038;lt,-68dBm@10% PER<br \/>108M: &#038;lt,-68dBm@10% PER<br \/>54M: &#038;lt,-68dBm@10% PER<br \/>11M: &#038;lt,-68dBm@8% PER<br \/>6M: &#038;lt,-68dBm@10% PER<br \/>1M: &#038;lt,-68dBm@8% PER<br \/>Potencia de Transmisi\u00f3n &#038;lt, 20 dBm (EIRP)<br \/>Modos Inal\u00e1mbrico Extensor de Cobertura y Modo AP<br \/>Funciones Inal\u00e1mbricas Filtrado Inal\u00e1mbrico de Direcciones MAC<br \/>Funci\u00f3n de Acceso a Dominio<br \/>Control de Potencia de Transmisi\u00f3n<br \/>Seguridad Inal\u00e1mbrica 64\/128\/152-bit WEP<br \/>WPA-PSK \/ WPA2-PSK<br \/>Otros<br \/>Certificaciones CE, RoHS<br \/>Contenido del Paquete Extensor de Cobertura Wi-Fi a 300Mbps Tl-<br \/>WA855RE<br \/>Cable Ethernet RJ-45<br \/>Gu\u00eda de Instalaci\u00f3n R\u00e1pida<br \/>Requisitos del sistema Microsoft Windows 98SE, NT, 2000, XP, Vista<br \/>o Windows 7, 8, 8.1, 10, Mac OS, NetWare, UNIX o Linux.<\/p>\n","protected":false},"excerpt":{"rendered":"<p>Extensor de cobertura wifi 300mbsp tp &#8211; link<\/p>\n","protected":false},"featured_media":0,"comment_status":"open","ping_status":"open","template":"","meta":{"_et_pb_use_builder":"","_et_pb_old_content":"","_et_gb_content_width":""},"product_brand":[3946],"product_cat":[2058,3262,3261,3970],"product_tag":[3265,3264,3948],"class_list":{"0":"post-239109","1":"product","2":"type-product","3":"status-publish","5":"product_brand-tp-link","6":"product_cat-dispositivos","7":"product_cat-extensores-de-red","8":"product_cat-redes","9":"product_cat-tp-link-extensores-de-red","10":"product_tag-extensores-de-red","11":"product_tag-redes","12":"product_tag-tp-link","13":"product_shipping_class-2059","14":"pa_canon-digital-impuesto-incluido-de-0-e","15":"pa_categoria-redes","16":"pa_marca-tp-link","17":"pa_peso-4010","18":"pa_referencia-tl-wa855re","20":"first","21":"instock","22":"sale","23":"taxable","24":"shipping-taxable","25":"purchasable","26":"product-type-simple"},"_links":{"self":[{"href":"https:\/\/linkxa.es\/linkshop\/wp-json\/wp\/v2\/product\/239109","targetHints":{"allow":["GET"]}}],"collection":[{"href":"https:\/\/linkxa.es\/linkshop\/wp-json\/wp\/v2\/product"}],"about":[{"href":"https:\/\/linkxa.es\/linkshop\/wp-json\/wp\/v2\/types\/product"}],"replies":[{"embeddable":true,"href":"https:\/\/linkxa.es\/linkshop\/wp-json\/wp\/v2\/comments?post=239109"}],"wp:attachment":[{"href":"https:\/\/linkxa.es\/linkshop\/wp-json\/wp\/v2\/media?parent=239109"}],"wp:term":[{"taxonomy":"product_brand","embeddable":true,"href":"https:\/\/linkxa.es\/linkshop\/wp-json\/wp\/v2\/product_brand?post=239109"},{"taxonomy":"product_cat","embeddable":true,"href":"https:\/\/linkxa.es\/linkshop\/wp-json\/wp\/v2\/product_cat?post=239109"},{"taxonomy":"product_tag","embeddable":true,"href":"https:\/\/linkxa.es\/linkshop\/wp-json\/wp\/v2\/product_tag?post=239109"}],"curies":[{"name":"wp","href":"https:\/\/api.w.org\/{rel}","templated":true}]}}