{"id":239110,"date":"2024-12-20T00:47:19","date_gmt":"2024-12-20T00:47:19","guid":{"rendered":"https:\/\/linkxa.es\/contratacion\/producto\/repetidor-extensor-cobertura-wifi-300mbps-con\/"},"modified":"2025-12-08T12:09:02","modified_gmt":"2025-12-08T12:09:02","slug":"repetidor-extensor-cobertura-wifi-300mbps-con","status":"publish","type":"product","link":"https:\/\/linkxa.es\/linkshop\/producto\/repetidor-extensor-cobertura-wifi-300mbps-con\/","title":{"rendered":"Repetidor extensor cobertura wifi 300mbps con"},"content":{"rendered":"<div style=\"text-align: center; margin-bottom: 20px;\">\n<h2 style=\"font-size: 22px; font-weight: 600; margin: 0; color: #333;\">Tp &#8211; link\u00a0|\u00a0 Extensores de red<\/h2>\n<p><strong>Repetidor &#8211; extensor de cobertura wifi 300mbps con enchufe tp &#8211; link<\/strong><\/p>\n<\/div>\n<p style=\"max-width: 700px; margin: 0px auto 30px; font-size: 18px; line-height: 1.6; color: #555555; font-style: italic; text-align: left;\">El modo Extensor de Cobertura amplifica la se\u00f1al inal\u00e1mbrica<br \/>perfectamente hasta zonas donde antes no llegaba o que son dif\u00edciles de<br \/>cablear<br \/>Su dise\u00f1o de tama\u00f1o en miniatura para montaje en pared facilita la<br \/>instalaci\u00f3n y permite un traslado flexible<br \/>Su enchufe extra le asegura de que no pierde ninguna toma de corriente<br \/>2 antenas externas fijas le proporcionan una cobertura WiFi excelente y<br \/>una alta fiabilidad<br \/>Ampl\u00ede f\u00e1cilmente la cobertura inal\u00e1mbrica con s\u00f3lo pulsar el bot\u00f3n Range<br \/>Extender<br \/>CARACTER\u00cdSTICAS DE HARDWARE<br \/>Est\u00e1ndares y protocolos IEEE 802.11n, IEEE 802.11g, IEEE 802.11b<br \/>Interfaces 1 puerto 10\/100Mbps Ethernet (RJ45)<br \/>Tipo de Enchufe EU, UK, US<br \/>Botones Bot\u00f3n RE (Range Extender), Bot\u00f3n de Reset<br \/>Antenas 2 externas<br \/>Dimensiones (W X D X H) 4.3x 2.6 x 3.0in. (110.0 x 65.8 x 75.2mm)<br \/>Consumo de potencia Alrededor de 3W<br \/>CARACTER\u00cdSTICAS INAL\u00c1MBRICAS<br \/>Frecuencia 2.4~2.4835GHz<br \/>Tasas de transferencia 11n: Hasta 300Mbps (Din\u00e1mico)<br \/>11g: Hasta 54Mbps (Din\u00e1mico)<br \/>11b: Hasta 11Mbps (Din\u00e1mico)<br \/>PIRE &#038;lt, 20 dBm (PIRE)<br \/>Sensibilidad de Recepci\u00f3n 270M: -69dBm@10% PER<br \/>130M: -69dBm@10% PER<br \/>108M: -69dBm@10% PER<br \/>54M: -69dBm@10% PER<br \/>11M: -86Bm@8% PER<br \/>6M: -89dBm@10% PER<br \/>1M: -91dBm@8% PER<br \/>Modos Inal\u00e1mbricos Extensor de Rango<br \/>Funciones Inal\u00e1mbricas WMM (Wi-Fi Multimedia)<br \/>Filtro de direcciones MAC<br \/>Estad\u00edsticas inal\u00e1mbricas<br \/>Funci\u00f3n de Login por Dominio<br \/>Seguridad Inal\u00e1mbrica 64\/128\/152-bit WEP<br \/>WPA-PSK \/ WPA2-PSK<br \/>OTROS<br \/>Certificaciones CE, RoHS<br \/>Contenido del Paquete Extensor de Cobertura WiFi Universal a<br \/>300Mbps con enchufe adicional TL-WA860RE<br \/>Cable Ethernet RJ-45<br \/>CD de utilidades<br \/>Gu\u00eda R\u00e1pida de Instalaci\u00f3n<br \/>Requisitos del sistema Microsoft Windows 98SE, NT, 2000, XP, Vista<br \/>or Windows 7, 8, Mac OS, NetWare, UNIX or Linux.<br \/>Factores ambientales Temperatura de Funcionamiento: 0C~40C<br \/>(32F~104F)<br \/>Temperatura de Almacenamiento: -40C~70C (-40F~158F)<br \/>Humedad de Funcionamiento: 10%~90% sin condensaci\u00f3n<br \/>Humedad de Almacenamiento: 5%~90% sin condensaci\u00f3n<\/p>\n","protected":false},"excerpt":{"rendered":"<p>Repetidor &#8211; extensor de cobertura wifi 300mbps con enchufe tp &#8211; link<\/p>\n","protected":false},"featured_media":0,"comment_status":"open","ping_status":"open","template":"","meta":{"_et_pb_use_builder":"","_et_pb_old_content":"","_et_gb_content_width":""},"product_brand":[3946],"product_cat":[2058,3262,3261,3970],"product_tag":[3265,3264,3948],"class_list":{"0":"post-239110","1":"product","2":"type-product","3":"status-publish","5":"product_brand-tp-link","6":"product_cat-dispositivos","7":"product_cat-extensores-de-red","8":"product_cat-redes","9":"product_cat-tp-link-extensores-de-red","10":"product_tag-extensores-de-red","11":"product_tag-redes","12":"product_tag-tp-link","13":"product_shipping_class-2059","14":"pa_canon-digital-impuesto-incluido-de-0-e","15":"pa_categoria-redes","16":"pa_marca-tp-link","17":"pa_peso-3931","18":"pa_referencia-tl-wa860re","20":"first","21":"instock","22":"sale","23":"taxable","24":"shipping-taxable","25":"purchasable","26":"product-type-simple"},"_links":{"self":[{"href":"https:\/\/linkxa.es\/linkshop\/wp-json\/wp\/v2\/product\/239110","targetHints":{"allow":["GET"]}}],"collection":[{"href":"https:\/\/linkxa.es\/linkshop\/wp-json\/wp\/v2\/product"}],"about":[{"href":"https:\/\/linkxa.es\/linkshop\/wp-json\/wp\/v2\/types\/product"}],"replies":[{"embeddable":true,"href":"https:\/\/linkxa.es\/linkshop\/wp-json\/wp\/v2\/comments?post=239110"}],"wp:attachment":[{"href":"https:\/\/linkxa.es\/linkshop\/wp-json\/wp\/v2\/media?parent=239110"}],"wp:term":[{"taxonomy":"product_brand","embeddable":true,"href":"https:\/\/linkxa.es\/linkshop\/wp-json\/wp\/v2\/product_brand?post=239110"},{"taxonomy":"product_cat","embeddable":true,"href":"https:\/\/linkxa.es\/linkshop\/wp-json\/wp\/v2\/product_cat?post=239110"},{"taxonomy":"product_tag","embeddable":true,"href":"https:\/\/linkxa.es\/linkshop\/wp-json\/wp\/v2\/product_tag?post=239110"}],"curies":[{"name":"wp","href":"https:\/\/api.w.org\/{rel}","templated":true}]}}