{"id":239113,"date":"2025-02-11T02:46:58","date_gmt":"2025-02-11T02:46:58","guid":{"rendered":"https:\/\/linkxa.es\/contratacion\/producto\/tarjeta-pci-express-wifi-150mbps-tp-link\/"},"modified":"2025-12-08T12:10:35","modified_gmt":"2025-12-08T12:10:35","slug":"tarjeta-pci-express-wifi-150mbps-tp-link","status":"publish","type":"product","link":"https:\/\/linkxa.es\/linkshop\/producto\/tarjeta-pci-express-wifi-150mbps-tp-link\/","title":{"rendered":"Tarjeta pci express wifi 150mbps tp &#8211; link"},"content":{"rendered":"<div style=\"text-align: center; margin-bottom: 20px;\">\n<h2 style=\"font-size: 22px; font-weight: 600; margin: 0; color: #333;\">Tp &#8211; link\u00a0|\u00a0 Tarjetas de red wifi<\/h2>\n<p><strong>Tarjeta pci express wifi 150mbps tp &#8211; link<\/strong><\/p>\n<\/div>\n<p style=\"max-width: 700px; margin: 0px auto 30px; font-size: 18px; line-height: 1.6; color: #555555; font-style: italic; text-align: left;\">Adaptador Inal\u00e1mbrico PCI Express a 150 Mbps TL-WN781ND<\/p>\n<p>Velocidad de transmisi\u00f3n inal\u00e1mbrica hasta 150 Mbps<br \/>Interface PCI Express<br \/>Conexiones con seguridad avanzada mediante encriptaci\u00f3n WPA\/WPA2<br \/>La utilidad incluida le permite gestionar el equipo con facilidad<\/p>\n<p>CARACTER\u00cdSTICAS DE HARDWARE<br \/>Interfaz PCI Express<br \/>Dimensiones 4.8 x 3.1 x 0.8in. (120.8 x 78.5 x 21.5mm)<br \/>Tipo de Antena Desmontable omnidireccional (RP-SMA)<br \/>Ganancia de Antena 2dBi<br \/>CARACTER\u00cdSTICAS INAL\u00c1MBRICAS<br \/>Est\u00e1ndares Inal\u00e1mbricos IEEE 802.11n, IEEE 802.11g, IEEE 802.11b<br \/>Frecuencia 2.400-2.4835GHz<br \/>Tasa de Se\u00f1al 11n: Hasta 150Mbps (din\u00e1mico)<br \/>11g: hasta 54Mbps (din\u00e1mico)<br \/>11b: hasta 11Mbps (din\u00e1mico)<br \/>Sensibilidad de Recepci\u00f3n 130M: -68dBm@10% PER<br \/>108M: -68dBm@10% PER<br \/>54M: -68dBm@10% PER<br \/>11M: -85dBm@8% PER<br \/>6M: -88dBm@10% PER<br \/>1M: -90dBm@8% PER<br \/>Potencia de Transmisi\u00f3n &#038;lt,20dBm(EIRP)<br \/>Modos Inal\u00e1mbricos &#038;lt,20dBm(EIRP)<br \/>Seguridad Inal\u00e1mbrica Compatible con 64\/128 bit WEP, WPA-PSK\/WPA2-<br \/>PSK<br \/>Tecnolog\u00eda de Modulaci\u00f3n DBPSK, DQPSK, CCK, OFDM, 16-QAM, 64-QAM<br \/>Otros<br \/>Certificaciones CE, FCC, RoHS<br \/>Contenido del Paquete Adaptador inal\u00e1mbrico<br \/>Antena desmontable omnidireccional<br \/>CD de utilidades<br \/>Gu\u00eda r\u00e1pida de instalaci\u00f3n<br \/>Requisitos del sistema Windows 8(32\/64bits),Windows 7(32\/64bits),<br \/>Windows Vista(32\/64bits), Windows XP(32\/64bits), Windows 2000<br \/>Factores Ambientales Temperatura de funcionamiento: 0~40<br \/>(32~104)<br \/>Temperatura de almacenamiento: -40~70 (-40~158)<br \/>Humedad de funcionamiento: 10%~90% sin condensaci\u00f3n<br \/>Humedad de almacenamiento: 5%~90% sin condensaci\u00f3n<\/p>\n","protected":false},"excerpt":{"rendered":"<p>Tarjeta pci express wifi 150mbps tp &#8211; link<\/p>\n","protected":false},"featured_media":239114,"comment_status":"open","ping_status":"open","template":"","meta":{"_et_pb_use_builder":"","_et_pb_old_content":"","_et_gb_content_width":""},"product_brand":[3946],"product_cat":[2058,3261,4016,4017],"product_tag":[3264,4018,3948],"class_list":{"0":"post-239113","1":"product","2":"type-product","3":"status-publish","4":"has-post-thumbnail","6":"product_brand-tp-link","7":"product_cat-dispositivos","8":"product_cat-redes","9":"product_cat-tarjetas-de-red-wifi","10":"product_cat-tp-link-tarjetas-de-red-wifi","11":"product_tag-redes","12":"product_tag-tarjetas-de-red-wifi","13":"product_tag-tp-link","14":"product_shipping_class-2059","15":"pa_canon-digital-impuesto-incluido-de-0-e","16":"pa_categoria-redes","17":"pa_marca-tp-link","18":"pa_peso-3445","19":"pa_referencia-tl-wn781nd","21":"first","22":"instock","23":"sale","24":"taxable","25":"shipping-taxable","26":"purchasable","27":"product-type-simple"},"_links":{"self":[{"href":"https:\/\/linkxa.es\/linkshop\/wp-json\/wp\/v2\/product\/239113","targetHints":{"allow":["GET"]}}],"collection":[{"href":"https:\/\/linkxa.es\/linkshop\/wp-json\/wp\/v2\/product"}],"about":[{"href":"https:\/\/linkxa.es\/linkshop\/wp-json\/wp\/v2\/types\/product"}],"replies":[{"embeddable":true,"href":"https:\/\/linkxa.es\/linkshop\/wp-json\/wp\/v2\/comments?post=239113"}],"wp:featuredmedia":[{"embeddable":true,"href":"https:\/\/linkxa.es\/linkshop\/wp-json\/wp\/v2\/media\/239114"}],"wp:attachment":[{"href":"https:\/\/linkxa.es\/linkshop\/wp-json\/wp\/v2\/media?parent=239113"}],"wp:term":[{"taxonomy":"product_brand","embeddable":true,"href":"https:\/\/linkxa.es\/linkshop\/wp-json\/wp\/v2\/product_brand?post=239113"},{"taxonomy":"product_cat","embeddable":true,"href":"https:\/\/linkxa.es\/linkshop\/wp-json\/wp\/v2\/product_cat?post=239113"},{"taxonomy":"product_tag","embeddable":true,"href":"https:\/\/linkxa.es\/linkshop\/wp-json\/wp\/v2\/product_tag?post=239113"}],"curies":[{"name":"wp","href":"https:\/\/api.w.org\/{rel}","templated":true}]}}