{"id":239115,"date":"2025-06-16T23:21:59","date_gmt":"2025-06-16T23:21:59","guid":{"rendered":"https:\/\/linkxa.es\/contratacion\/producto\/adaptador-usb-2-0-wifi-300-mbps-2\/"},"modified":"2025-12-08T12:10:55","modified_gmt":"2025-12-08T12:10:55","slug":"adaptador-usb-2-0-wifi-300-mbps-2","status":"publish","type":"product","link":"https:\/\/linkxa.es\/linkshop\/producto\/adaptador-usb-2-0-wifi-300-mbps-2\/","title":{"rendered":"Adaptador usb 2.0 wifi 300 mbps"},"content":{"rendered":"<div style=\"text-align: center; margin-bottom: 20px;\">\n<h2 style=\"font-size: 22px; font-weight: 600; margin: 0; color: #333;\">Tp &#8211; link\u00a0|\u00a0 Adaptadores usb red<\/h2>\n<p><strong>Adaptador usb 2.0 wifi 300 mbps con base 2 antenas tp &#8211; link<\/strong><\/p>\n<\/div>\n<p style=\"max-width: 700px; margin: 0px auto 30px; font-size: 18px; line-height: 1.6; color: #555555; font-style: italic; text-align: left;\">Para qu\u00e9 sirve este producto<br \/>El TL-WN8200ND de TP-LINK es un adaptador inal\u00e1mbrico de alta potencia a<br \/>300Mbps que permite a los usuarios disponer en sus equipos port\u00e1tiles o de<br \/>sobremesa de unas capacidades inal\u00e1mbricas extremadamente potentes<br \/>para proporcionar un rendimiento mejorado. El adaptador ofrece un elevado<br \/>nivel de potencia para multiplicar por 10 el alcance de los adaptadores<br \/>convencionales. Una de las caracter\u00edsticas m\u00e1s interesantes del<br \/>TL-WN8200ND es gran capacidad de penetraci\u00f3n, que permite asegurar que<br \/>la se\u00f1al seguir\u00e1 siendo estable aunque traspase m\u00faltiples paredes o plantas<br \/>del edificio.<br \/>Alta Potencia para una mayor penetrabilidad<br \/>Gracias a su elevada potencia de transmisi\u00f3n, el TL-WN8200ND proporciona<br \/>un alcance hasta 10 veces mayor que un adaptador USB est\u00e1ndar. Adem\u00e1s,<br \/>el TL-WN8200ND posee una incre\u00edble y potente penetrabilidad, que le permite<br \/>liberarse de las limitaciones impuestas por las paredes o suelos del edificio<br \/>a la hora de acceder a Internet.<br \/>\u00d3ptimo nivel de sensibilidad para la estabilidad de se\u00f1al<br \/>El TL-WN8200ND dispone de un \u00f3ptimo nivel de sensibilidad que le permite<br \/>alejarse del punto de acceso manteniendo la misma intensidad de se\u00f1al<br \/>inal\u00e1mbrica. De este modo, cuando utilice el TL-WN8200ND, no tendr\u00e1 que<br \/>estar buscando continuamente la mejor ubicaci\u00f3n para su port\u00e1til ya que<br \/>podr\u00e1 captar la se\u00f1al f\u00e1cilmente gracias a su excelente sensibilidad.<br \/>Doble Antena externa desmontable de 5 dBi<br \/>Las dos antenas externas de alta ganancia aseguran una mejor capacidad<br \/>de transmisi\u00f3n y recepci\u00f3n. Pueden ser rotadas y ajustadas en distintas<br \/>direcciones seg\u00fan los diferentes entornos. Si es necesario un mejor<br \/>rendimiento, las antenas pueden ser sustituidas por distintos modelos para<br \/>interior o exterior (mediante el conector RP-SMA est\u00e1ndar) y obtener una<br \/>mayor flexibilidad y una cobertura m\u00e1s amplia.<br \/>Configuraci\u00f3n de seguridad mediante un simple bot\u00f3n<br \/>El TL-WN8200ND soporta Wi-Fi Protected Setup (WPS), que permite a los<br \/>usuarios tan s\u00f3lo pulsando el bot\u00f3n externo ?WPS? establecer<br \/>instant\u00e1neamente una conexi\u00f3n altamente segura. Este m\u00e9todo no s\u00f3lo es<br \/>m\u00e1s r\u00e1pido que las configuraciones habituales de seguridad, sino que<br \/>adem\u00e1s es m\u00e1s c\u00f3modo ya que los usuarios no tienen que memorizar<br \/>contrase\u00f1a alguna.<br \/>Elegante dise\u00f1o de sobremesa y cable de extensi\u00f3n USB de 1,5 m<br \/>Adem\u00e1s de su apariencia elegante y moderna, el dise\u00f1o de sobremesa del<br \/>TL-WN8200ND facilita la recepci\u00f3n de la se\u00f1al en algunos entornos, lo que<br \/>permite disfrutar de una se\u00f1al robusta y estable. El TL-WN8200ND incluye<br \/>tambi\u00e9n un cable de extensi\u00f3n USB de 1,5 metros que permite una<br \/>instalaci\u00f3n m\u00e1s flexible, incluso cuando se utiliza para un equipo de<br \/>sobremesa.<br \/>Incluye un CD de utilidades para facilitar la instalaci\u00f3n<br \/>El TL-WN8200ND incluye un CD de utilidades que le ayuda a realizar la<br \/>instalaci\u00f3n del software y configurar los par\u00e1metros de red, incluyendo<br \/>aquellos relativos a la seguridad y la conexi\u00f3n inal\u00e1mbrica. Gracias a \u00e9l, la<br \/>configuraci\u00f3n resulta muy sencilla, incluso para los usuarios menos<br \/>experimentados.<\/p>\n","protected":false},"excerpt":{"rendered":"<p>Adaptador usb 2.0 wifi 300 mbps con base 2 antenas tp &#8211; link<\/p>\n","protected":false},"featured_media":0,"comment_status":"open","ping_status":"open","template":"","meta":{"_et_pb_use_builder":"","_et_pb_old_content":"","_et_gb_content_width":""},"product_brand":[3946],"product_cat":[3266,2058,3261,3947],"product_tag":[3268,3264,3948],"class_list":{"0":"post-239115","1":"product","2":"type-product","3":"status-publish","5":"product_brand-tp-link","6":"product_cat-adaptadores-usb-red","7":"product_cat-dispositivos","8":"product_cat-redes","9":"product_cat-tp-link","10":"product_tag-adaptadores-usb-red","11":"product_tag-redes","12":"product_tag-tp-link","13":"product_shipping_class-2059","14":"pa_canon-digital-impuesto-incluido-de-0-e","15":"pa_categoria-redes","16":"pa_marca-tp-link","17":"pa_peso-3430","18":"pa_referencia-tl-wn8200nd","20":"first","21":"instock","22":"sale","23":"taxable","24":"shipping-taxable","25":"purchasable","26":"product-type-simple"},"_links":{"self":[{"href":"https:\/\/linkxa.es\/linkshop\/wp-json\/wp\/v2\/product\/239115","targetHints":{"allow":["GET"]}}],"collection":[{"href":"https:\/\/linkxa.es\/linkshop\/wp-json\/wp\/v2\/product"}],"about":[{"href":"https:\/\/linkxa.es\/linkshop\/wp-json\/wp\/v2\/types\/product"}],"replies":[{"embeddable":true,"href":"https:\/\/linkxa.es\/linkshop\/wp-json\/wp\/v2\/comments?post=239115"}],"wp:attachment":[{"href":"https:\/\/linkxa.es\/linkshop\/wp-json\/wp\/v2\/media?parent=239115"}],"wp:term":[{"taxonomy":"product_brand","embeddable":true,"href":"https:\/\/linkxa.es\/linkshop\/wp-json\/wp\/v2\/product_brand?post=239115"},{"taxonomy":"product_cat","embeddable":true,"href":"https:\/\/linkxa.es\/linkshop\/wp-json\/wp\/v2\/product_cat?post=239115"},{"taxonomy":"product_tag","embeddable":true,"href":"https:\/\/linkxa.es\/linkshop\/wp-json\/wp\/v2\/product_tag?post=239115"}],"curies":[{"name":"wp","href":"https:\/\/api.w.org\/{rel}","templated":true}]}}