{"id":239117,"date":"2025-09-22T17:00:32","date_gmt":"2025-09-22T17:00:32","guid":{"rendered":"https:\/\/linkxa.es\/contratacion\/producto\/adaptador-usb-2-0-wifi-300-mbps-4\/"},"modified":"2025-12-08T12:11:59","modified_gmt":"2025-12-08T12:11:59","slug":"adaptador-usb-2-0-wifi-300-mbps-4","status":"publish","type":"product","link":"https:\/\/linkxa.es\/linkshop\/producto\/adaptador-usb-2-0-wifi-300-mbps-4\/","title":{"rendered":"Adaptador usb 2.0 wifi 300 mbps"},"content":{"rendered":"<div style=\"text-align: center; margin-bottom: 20px;\">\n<h2 style=\"font-size: 22px; font-weight: 600; margin: 0; color: #333;\">Tp &#8211; link\u00a0|\u00a0 Adaptadores usb red<\/h2>\n<p><strong>Adaptador usb 2.0 wifi 300 mbps tp &#8211; link<\/strong><\/p>\n<\/div>\n<p style=\"max-width: 700px; margin: 0px auto 30px; font-size: 18px; line-height: 1.6; color: #555555; font-style: italic; text-align: left;\">* Velocidad inal\u00e1mbrica de datos de 300Mbps ideal para la transmisi\u00f3n de<br \/>v\u00eddeo, juegos en l\u00ednea y llamadas por Internet<br \/>* Dos antenas externas proporcionar una mayor recepci\u00f3n y el rendimiento<br \/>de la transmisi\u00f3n en comparaci\u00f3n con una antena interna<br \/>* F\u00e1cil con un solo toque de encriptaci\u00f3n inal\u00e1mbrica de seguridad con el<br \/>bot\u00f3n de Configuraci\u00f3n r\u00e1pida de seguridad<br \/>* Es compatible con seguridad WPA\/WPA2 y WEP de 64\/128\/152 como bit<br \/>de encriptaci\u00f3n<br \/>* Ofrece Mini-USB<br \/>* Es compatible con modo de infraestructura y Ad-Hoc<br \/>* Compatible con Windows 2000\/XP\/Vista\/7<br \/>* Totalmente compatible con todos los productos IEEE 802.11b\/g\/n<br \/>* Compatible con Sony PSP X-link para juegos en l\u00ednea para Windows XP<br \/>* Incluye un CD el cual proporciona una f\u00e1cil instalaci\u00f3n y sin problemas y<br \/>configuraci\u00f3n HARDWARE FEATURES<br \/>Interface Mini USB 2.0<br \/>Button Bot\u00f3n QSS \/ Software<br \/>Dimensions ( W x D x H ) 3.5 x 2.7 x 0.7 in. (90 x 68 x 16.8mm)<br \/>Antenna Type antena omnidireccional dual<br \/>Antenna Gain 3dBi<br \/>WIRELESS FEATURES<br \/>Wireless Standards IEEE 802.11n, IEEE 802.11g, IEEE 802.11b<br \/>Frequency 2.400-2.4835GHz<br \/>Signal Rate 11n: Hasta 300Mbps (din\u00e1mico)<br \/>11g: hasta 54Mbps (din\u00e1mico)<br \/>11b: hasta 11Mbps (din\u00e1mico)<br \/>EIRP &#038;lt,20dBm(EIRP)<br \/>Reception Sensitivity 270M: -68dBm@10% PER<br \/>130M: -68dBm@10% PER<br \/>108M: -68dBm@10% PER<br \/>54M: -68dBm@10% PER<br \/>11M: -85dBm@8% PER<br \/>6M: -88dBm@10% PER<br \/>1M: -90dBm@8% PER<br \/>Wireless Modes Modo inal\u00e1mbrico \/ infraestructura<br \/>Wireless Security Compatible con 64\/128 bit WEP, WPA-PSK\/WPA2-PSK<br \/>Filtrado de direcciones MAC inal\u00e1mbrico<br \/>Modulation Technology DBPSK, DQPSK, CCK, OFDM, 16-QAM, 64-QAM<br \/>Advanced Functions WMM<br \/>OTHERS<br \/>Certification CE, FCC, RoHS<br \/>Package Contents Adaptador Inal\u00e1mbrico TL-WN822N<br \/>CD de recursos<br \/>Cable USB<br \/>Gu\u00eda de instalaci\u00f3n r\u00e1pida<br \/>Cable de extensi\u00f3n USB 1.5 m<br \/>System Requirements Windows 7(32\/64bits), Windows<br \/>Vista(32\/64bits), Windows XP(32\/64bits)<br \/>Environment Temperatura de funcionamiento: 0? ~ 40? (32? ~ 104?)<br \/>Temperatura de almacenamiento: -40? ~ 70? (-40? ~ 158?)<br \/>Humedad de funcionamiento: 10% ~ 90% sin condensaci\u00f3n<br \/>Humedad de almacenamiento: 5% ~ 90% sin condensaci\u00f3n<\/p>\n","protected":false},"excerpt":{"rendered":"<p>Adaptador usb 2.0 wifi 300 mbps tp &#8211; link<\/p>\n","protected":false},"featured_media":0,"comment_status":"open","ping_status":"open","template":"","meta":{"_et_pb_use_builder":"","_et_pb_old_content":"","_et_gb_content_width":""},"product_brand":[3946],"product_cat":[3266,2058,3261,3947],"product_tag":[3268,3264,3948],"class_list":{"0":"post-239117","1":"product","2":"type-product","3":"status-publish","5":"product_brand-tp-link","6":"product_cat-adaptadores-usb-red","7":"product_cat-dispositivos","8":"product_cat-redes","9":"product_cat-tp-link","10":"product_tag-adaptadores-usb-red","11":"product_tag-redes","12":"product_tag-tp-link","13":"product_shipping_class-2059","14":"pa_canon-digital-impuesto-incluido-de-0-e","15":"pa_categoria-redes","16":"pa_marca-tp-link","17":"pa_peso-4023","18":"pa_referencia-tl-wn822n","20":"first","21":"instock","22":"sale","23":"taxable","24":"shipping-taxable","25":"purchasable","26":"product-type-simple"},"_links":{"self":[{"href":"https:\/\/linkxa.es\/linkshop\/wp-json\/wp\/v2\/product\/239117","targetHints":{"allow":["GET"]}}],"collection":[{"href":"https:\/\/linkxa.es\/linkshop\/wp-json\/wp\/v2\/product"}],"about":[{"href":"https:\/\/linkxa.es\/linkshop\/wp-json\/wp\/v2\/types\/product"}],"replies":[{"embeddable":true,"href":"https:\/\/linkxa.es\/linkshop\/wp-json\/wp\/v2\/comments?post=239117"}],"wp:attachment":[{"href":"https:\/\/linkxa.es\/linkshop\/wp-json\/wp\/v2\/media?parent=239117"}],"wp:term":[{"taxonomy":"product_brand","embeddable":true,"href":"https:\/\/linkxa.es\/linkshop\/wp-json\/wp\/v2\/product_brand?post=239117"},{"taxonomy":"product_cat","embeddable":true,"href":"https:\/\/linkxa.es\/linkshop\/wp-json\/wp\/v2\/product_cat?post=239117"},{"taxonomy":"product_tag","embeddable":true,"href":"https:\/\/linkxa.es\/linkshop\/wp-json\/wp\/v2\/product_tag?post=239117"}],"curies":[{"name":"wp","href":"https:\/\/api.w.org\/{rel}","templated":true}]}}