{"id":239118,"date":"2025-09-05T00:39:14","date_gmt":"2025-09-05T00:39:14","guid":{"rendered":"https:\/\/linkxa.es\/contratacion\/producto\/tarjeta-pci-express-wifi-300mbp-tp-link\/"},"modified":"2025-12-08T12:12:30","modified_gmt":"2025-12-08T12:12:30","slug":"tarjeta-pci-express-wifi-300mbp-tp-link","status":"publish","type":"product","link":"https:\/\/linkxa.es\/linkshop\/producto\/tarjeta-pci-express-wifi-300mbp-tp-link\/","title":{"rendered":"Tarjeta pci express wifi 300mbp tp &#8211; link"},"content":{"rendered":"<div style=\"text-align: center; margin-bottom: 20px;\">\n<h2 style=\"font-size: 22px; font-weight: 600; margin: 0; color: #333;\">Tp &#8211; link\u00a0|\u00a0 Tarjetas de red wifi<\/h2>\n<p><strong>Tarjeta pci express wifi 300mbp tp &#8211; link<\/strong><\/p>\n<\/div>\n<p style=\"max-width: 700px; margin: 0px auto 30px; font-size: 18px; line-height: 1.6; color: #555555; font-style: italic; text-align: left;\">* Velocidad inal\u00e1mbrica N de hasta 300 Mbps es ideal para la<br \/>difusi\u00f3n de v\u00eddeo, juegos en l\u00ednea y las llamadas por Internet<br \/>* 2T2R MIMO ofrece mayor rendimiento en la gama convencional<br \/>versus 1T1R<br \/>* F\u00e1cil configuraci\u00f3n de una conexi\u00f3n inal\u00e1mbrica de alta seguridad<br \/>con software embebido QSS<br \/>* Es compatible con 64\/128 WEP, WPA \/ WPA2\/WPA-PSK\/WPA2-PSK<br \/>(TKIP \/ AES), Es compatible con IEEE 802.1X<br \/>* Compatible con Windows 7 32\/64 bits, Windows XP 32\/64, 32\/64 bits<br \/>Windows Vista, Windows 2000<br \/>* Es compatible con ad-hoc y modo infraestructura<br \/>* Compatible con Sony PSP X-Link para el juego alegre en l\u00ednea para<br \/>Windows XP<br \/>* Paquete de utilidades que permite una instalaci\u00f3n r\u00e1pida y sin<br \/>complicaciones<br \/>* Perfectamente compatible con los productos 802.11n\/b\/g<br \/>Interface PCI Express(x1)<br \/>Dimensions ( W x D x H ) 4.8 x 3.1 x 0.8in. (120.8 x 78.5 x 21.5mm)<br \/>Antenna Type Detachable Omni Directional (RP-SMA)<br \/>Antenna Gain 2dBi<br \/>WIRELESS FEATURES<br \/>Wireless Standards IEEE 802.11n, IEEE 802.11g, IEEE 802.11b<br \/>Frequency 2.400-2.4835GHz<br \/>Signal Rate 11n: Up to 300Mbps(dynamic)<br \/>11g: Up to 54Mbps(dynamic)<br \/>11b: Up to 11Mbps(dynamic)<br \/>EIRP &#038;lt,20dBm(EIRP)<br \/>Reception Sensitivity 270M: -68dBm@10% PER<br \/>130M: -68dBm@10% PER<br \/>108M: -73dBm@10% PER<br \/>54M: -73dBm@10% PER<br \/>11M: -89dBm@8% PER<br \/>6M: -87dBm@10% PER<br \/>1M: -90dBm@8% PER<br \/>Wireless Modes Ad-Hoc \/ Infrastructure mode<br \/>Wireless Security Support 64\/128 bit WEP, WPA-PSK\/WPA2-PSK<br \/>Modulation Technology DBPSK, DQPSK, CCK, OFDM, 16-QAM, 64-QAM<br \/>OTHERS<br \/>Certification CE, FCC, RoHS<br \/>Package Contents Wireless Adapter<br \/>2x Detachable Omni directional antenna<br \/>Resource CD<br \/>Quick Installation Guide<br \/>System Requirements Windows 7(32\/64bits), Windows<br \/>Vista(32\/64bits), Windows XP(32\/64bits)<br \/>Environment Operating Temperature: 0?~40? (32?~104?)<br \/>Storage Temperature: -40?~70? (-40?~158?)<br \/>Operating Humidity: 10%~90% non-condensing<br \/>Storage Humidity: 5%~90% non-condensing<\/p>\n","protected":false},"excerpt":{"rendered":"<p>Tarjeta pci express wifi 300mbp tp &#8211; link<\/p>\n","protected":false},"featured_media":0,"comment_status":"open","ping_status":"open","template":"","meta":{"_et_pb_use_builder":"","_et_pb_old_content":"","_et_gb_content_width":""},"product_brand":[3946],"product_cat":[2058,3261,4016,4017],"product_tag":[3264,4018,3948],"class_list":{"0":"post-239118","1":"product","2":"type-product","3":"status-publish","5":"product_brand-tp-link","6":"product_cat-dispositivos","7":"product_cat-redes","8":"product_cat-tarjetas-de-red-wifi","9":"product_cat-tp-link-tarjetas-de-red-wifi","10":"product_tag-redes","11":"product_tag-tarjetas-de-red-wifi","12":"product_tag-tp-link","13":"product_shipping_class-2059","14":"pa_canon-digital-impuesto-incluido-de-0-e","15":"pa_categoria-redes","16":"pa_marca-tp-link","17":"pa_peso-4025","18":"pa_referencia-tl-wn881nd","20":"first","21":"instock","22":"sale","23":"taxable","24":"shipping-taxable","25":"purchasable","26":"product-type-simple"},"_links":{"self":[{"href":"https:\/\/linkxa.es\/linkshop\/wp-json\/wp\/v2\/product\/239118","targetHints":{"allow":["GET"]}}],"collection":[{"href":"https:\/\/linkxa.es\/linkshop\/wp-json\/wp\/v2\/product"}],"about":[{"href":"https:\/\/linkxa.es\/linkshop\/wp-json\/wp\/v2\/types\/product"}],"replies":[{"embeddable":true,"href":"https:\/\/linkxa.es\/linkshop\/wp-json\/wp\/v2\/comments?post=239118"}],"wp:attachment":[{"href":"https:\/\/linkxa.es\/linkshop\/wp-json\/wp\/v2\/media?parent=239118"}],"wp:term":[{"taxonomy":"product_brand","embeddable":true,"href":"https:\/\/linkxa.es\/linkshop\/wp-json\/wp\/v2\/product_brand?post=239118"},{"taxonomy":"product_cat","embeddable":true,"href":"https:\/\/linkxa.es\/linkshop\/wp-json\/wp\/v2\/product_cat?post=239118"},{"taxonomy":"product_tag","embeddable":true,"href":"https:\/\/linkxa.es\/linkshop\/wp-json\/wp\/v2\/product_tag?post=239118"}],"curies":[{"name":"wp","href":"https:\/\/api.w.org\/{rel}","templated":true}]}}