{"id":239120,"date":"2025-04-17T08:03:28","date_gmt":"2025-04-17T08:03:28","guid":{"rendered":"https:\/\/linkxa.es\/contratacion\/producto\/pack-1-adaptador-red-wifi-1\/"},"modified":"2025-12-08T12:13:31","modified_gmt":"2025-12-08T12:13:31","slug":"pack-1-adaptador-red-wifi-1","status":"publish","type":"product","link":"https:\/\/linkxa.es\/linkshop\/producto\/pack-1-adaptador-red-wifi-1\/","title":{"rendered":"Pack 1 adaptador red wifi +1"},"content":{"rendered":"<div style=\"text-align: center; margin-bottom: 20px;\">\n<h2 style=\"font-size: 22px; font-weight: 600; margin: 0; color: #333;\">Tp &#8211; link\u00a0|\u00a0 Extensores de red<\/h2>\n<p><strong>Pack 1 adaptador de red wifi +1 normal 500mbps linea electrica powerline tp &#8211; link<\/strong><\/p>\n<\/div>\n<p style=\"max-width: 700px; margin: 0px auto 30px; font-size: 18px; line-height: 1.6; color: #555555; font-style: italic; text-align: left;\">KIT de Extensi\u00f3n Powerline AV500 Inal\u00e1mbrico N a 300Mbps con 2 puertos,<br \/>incluye 1 TL-WPA4220 y 1 TL-PA4010, tasa de transferencia Powerline<br \/>hasta 500Mbps, Plug and Play, 2 puertos Fast Ethernet, soporta m\u00faltiples<br \/>flujos IPTV El bot\u00f3n de clonado Wi-Fi simplifica su configuraci\u00f3n Wi-Fi y le<br \/>ayuda a construir una red dom\u00e9stica unificada y sin cortes<br \/>El est\u00e1ndar HomePlug AV proporciona transmisi\u00f3n de datos a alta<br \/>velocidad hasta 500Mbps sobre el cableado el\u00e9ctrico existente en el hogar,<br \/>ideal para streaming de v\u00eddeo HD o 3D sin retardos y juegos en red<br \/>Extiende las conexiones inal\u00e1mbricas a 300Mbps a zonas previamente<br \/>inaccesibles de su hogar y oficina<br \/>Alcance de hasta 300 metros a trav\u00e9s del circuito el\u00e9ctrico de la casa<br \/>F\u00e1cil de instalar, simplemente enchufar, emparejar y adelante<br \/>Encriptaci\u00f3n AES de 128-bits sencilla, con solo pulsar el bot\u00f3n de<br \/>?Emparejamiento?<br \/>Soporte para transmisiones IP multicast IGMP gestionadas, que<br \/>optimizan el streaming IPTV<br \/>Est\u00e1ndares y protocolos HomePlug AV, IEEE802.3, IEEE802.3u,<br \/>IEEE802.11b\/g\/n<br \/>Interfaces 2 puertos Ethernet 10\/100Mbps<br \/>Tipo de Enchufe EU, UK, US, AR<br \/>Botones Pair, Reset, Wi-Fi\/Wi-Fi Clone<br \/>Indicador LED PWR, PLC, ETH, Wi-Fi\/Wi-Fi Clone<br \/>Dimensiones (W X D X H) 3.7 x 2.1 x 1.6 in. (945440mm)<br \/>Alcance 300 metros a trav\u00e9s del circuito el\u00e9ctrico<br \/>CARACTER\u00cdSTICAS DE SOFTWARE<br \/>Tecnolog\u00eda de modulaci\u00f3n OFDM (PLC)<br \/>Encriptaci\u00f3n Seguridad Powerline:<br \/>AES 128-bits<br \/>Seguridad Wireless:<br \/>Encriptaci\u00f3n WEP, WPA\/WPA2, WPA-PSK\/WPA2-PSK<br \/>OTROS<br \/>Certificaciones CE, FCC, RoHS<br \/>Contenido del Paquete Adaptadores Powerline Ethernet TL-WPA4220<br \/>&#038; TL-PA4010<br \/>Cable Ethernet (RJ45) de 2 m<br \/>CD de utilidades<br \/>Gu\u00eda r\u00e1pida de instalaci\u00f3n<br \/>Requisitos del sistema Windows 2000\/XP\/2003\/Vista, Windows 7\/8,<br \/>Mac, Linux<br \/>Factores ambientales Temperatura de funcionamiento: 0?~40?<br \/>(32?~104?)<br \/>Temperatura de almacenamiento: -40?~70? (-40?~158?)<br \/>Humedad de funcionamiento: 10%~90% sin condensaci\u00f3n<br \/>Humedad de almacenamiento: 5%~90% sin condensaci\u00f3n<\/p>\n","protected":false},"excerpt":{"rendered":"<p>Pack 1 adaptador de red wifi +1 normal 500mbps linea electrica powerline tp &#8211; link<\/p>\n","protected":false},"featured_media":0,"comment_status":"open","ping_status":"open","template":"","meta":{"_et_pb_use_builder":"","_et_pb_old_content":"","_et_gb_content_width":""},"product_brand":[3946],"product_cat":[2058,3262,3261,3970],"product_tag":[3265,3264,3948],"class_list":{"0":"post-239120","1":"product","2":"type-product","3":"status-publish","5":"product_brand-tp-link","6":"product_cat-dispositivos","7":"product_cat-extensores-de-red","8":"product_cat-redes","9":"product_cat-tp-link-extensores-de-red","10":"product_tag-extensores-de-red","11":"product_tag-redes","12":"product_tag-tp-link","13":"product_shipping_class-2059","14":"pa_canon-digital-impuesto-incluido-de-0-e","15":"pa_categoria-redes","16":"pa_marca-tp-link","17":"pa_peso-4029","18":"pa_referencia-tl-wpa4220kit","20":"first","21":"instock","22":"sale","23":"taxable","24":"shipping-taxable","25":"purchasable","26":"product-type-simple"},"_links":{"self":[{"href":"https:\/\/linkxa.es\/linkshop\/wp-json\/wp\/v2\/product\/239120","targetHints":{"allow":["GET"]}}],"collection":[{"href":"https:\/\/linkxa.es\/linkshop\/wp-json\/wp\/v2\/product"}],"about":[{"href":"https:\/\/linkxa.es\/linkshop\/wp-json\/wp\/v2\/types\/product"}],"replies":[{"embeddable":true,"href":"https:\/\/linkxa.es\/linkshop\/wp-json\/wp\/v2\/comments?post=239120"}],"wp:attachment":[{"href":"https:\/\/linkxa.es\/linkshop\/wp-json\/wp\/v2\/media?parent=239120"}],"wp:term":[{"taxonomy":"product_brand","embeddable":true,"href":"https:\/\/linkxa.es\/linkshop\/wp-json\/wp\/v2\/product_brand?post=239120"},{"taxonomy":"product_cat","embeddable":true,"href":"https:\/\/linkxa.es\/linkshop\/wp-json\/wp\/v2\/product_cat?post=239120"},{"taxonomy":"product_tag","embeddable":true,"href":"https:\/\/linkxa.es\/linkshop\/wp-json\/wp\/v2\/product_tag?post=239120"}],"curies":[{"name":"wp","href":"https:\/\/api.w.org\/{rel}","templated":true}]}}