{"id":239128,"date":"2025-05-29T12:40:27","date_gmt":"2025-05-29T12:40:27","guid":{"rendered":"https:\/\/linkxa.es\/contratacion\/producto\/switch-24-puertos-10-100-1000-3\/"},"modified":"2025-12-08T12:16:01","modified_gmt":"2025-12-08T12:16:01","slug":"switch-24-puertos-10-100-1000-3","status":"publish","type":"product","link":"https:\/\/linkxa.es\/linkshop\/producto\/switch-24-puertos-10-100-1000-3\/","title":{"rendered":"Switch 24 puertos 10 100 1000"},"content":{"rendered":"<div style=\"text-align: center; margin-bottom: 20px;\">\n<h2 style=\"font-size: 22px; font-weight: 600; margin: 0; color: #333;\">Tp &#8211; link\u00a0|\u00a0 Switch<\/h2>\n<p><strong>Switch 24 puertos 10 &#8211; 100 &#8211; 1000 + 4 sfp l2 tp &#8211; link<\/strong><\/p>\n<\/div>\n<p style=\"max-width: 700px; margin: 0px auto 30px; font-size: 18px; line-height: 1.6; color: #555555; font-style: italic; text-align: left;\">Switch administrado JetStream de 24 puertos Gigabit L2 con 4 ranuras SFP<\/p>\n<p>Puertos Gigabit: 24 puertos RJ45 gigabit y 4 ranuras SFP gigabit proporcionan<br \/>conexiones de alta velocidad.<br \/>Integrado en Omada SDN: aprovisionamiento sin intervenci\u00f3n (ZTP) *,<br \/>administraci\u00f3n centralizada de la nube y monitorizaci\u00f3n inteligente.<br \/>Gesti\u00f3n centralizada: acceso a la nube y aplicaci\u00f3n Omada para una m\u00e1xima<br \/>comodidad y una gesti\u00f3n sencilla.<br \/>Enrutamiento est\u00e1tico: ayuda a enrutar el tr\u00e1fico interno para un uso m\u00e1s<br \/>eficiente de los recursos de la red.<br \/>Estrategias de seguridad s\u00f3lidas: enlace de puerto IP-MAC, ACL, seguridad de<br \/>puerto, defensa DoS, control de tormentas, DHCP snooping, 802.1X,<br \/>autenticaci\u00f3n Radius y m\u00e1s.<br \/>Optimizaci\u00f3n de voz y video: QoS L2 \/ L3 \/ L4 e IGMP snooping.<br \/>Administraci\u00f3n independiente: Web, CLI (puerto de consola, Telnet, SSH),<br \/>SNMP, RMON e imagen dual brindan potentes capacidades de administraci\u00f3n<\/p>\n","protected":false},"excerpt":{"rendered":"<p>Switch 24 puertos 10 &#8211; 100 &#8211; 1000 + 4 sfp l2 tp &#8211; link<\/p>\n","protected":false},"featured_media":0,"comment_status":"open","ping_status":"open","template":"","meta":{"_et_pb_use_builder":"","_et_pb_old_content":"","_et_gb_content_width":""},"product_brand":[3946],"product_cat":[2058,3261,3270,3955],"product_tag":[3264,3273,3948],"class_list":{"0":"post-239128","1":"product","2":"type-product","3":"status-publish","5":"product_brand-tp-link","6":"product_cat-dispositivos","7":"product_cat-redes","8":"product_cat-switch","9":"product_cat-tp-link-switch","10":"product_tag-redes","11":"product_tag-switch","12":"product_tag-tp-link","13":"product_shipping_class-2059","14":"pa_canon-digital-impuesto-incluido-de-0-e","15":"pa_categoria-redes","16":"pa_marca-tp-link","17":"pa_peso-4038","18":"pa_referencia-tlsg3428","20":"first","21":"instock","22":"sale","23":"taxable","24":"shipping-taxable","25":"purchasable","26":"product-type-simple"},"_links":{"self":[{"href":"https:\/\/linkxa.es\/linkshop\/wp-json\/wp\/v2\/product\/239128","targetHints":{"allow":["GET"]}}],"collection":[{"href":"https:\/\/linkxa.es\/linkshop\/wp-json\/wp\/v2\/product"}],"about":[{"href":"https:\/\/linkxa.es\/linkshop\/wp-json\/wp\/v2\/types\/product"}],"replies":[{"embeddable":true,"href":"https:\/\/linkxa.es\/linkshop\/wp-json\/wp\/v2\/comments?post=239128"}],"wp:attachment":[{"href":"https:\/\/linkxa.es\/linkshop\/wp-json\/wp\/v2\/media?parent=239128"}],"wp:term":[{"taxonomy":"product_brand","embeddable":true,"href":"https:\/\/linkxa.es\/linkshop\/wp-json\/wp\/v2\/product_brand?post=239128"},{"taxonomy":"product_cat","embeddable":true,"href":"https:\/\/linkxa.es\/linkshop\/wp-json\/wp\/v2\/product_cat?post=239128"},{"taxonomy":"product_tag","embeddable":true,"href":"https:\/\/linkxa.es\/linkshop\/wp-json\/wp\/v2\/product_tag?post=239128"}],"curies":[{"name":"wp","href":"https:\/\/api.w.org\/{rel}","templated":true}]}}