{"id":239129,"date":"2025-09-16T01:18:54","date_gmt":"2025-09-16T01:18:54","guid":{"rendered":"https:\/\/linkxa.es\/contratacion\/producto\/kit-adaptadores-powerline-ac-tp-link-tl-wpa7517\/"},"modified":"2025-12-08T12:16:34","modified_gmt":"2025-12-08T12:16:34","slug":"kit-adaptadores-powerline-ac-tp-link-tl-wpa7517","status":"publish","type":"product","link":"https:\/\/linkxa.es\/linkshop\/producto\/kit-adaptadores-powerline-ac-tp-link-tl-wpa7517\/","title":{"rendered":"Kit adaptadores powerline ac tp &#8211; link tl &#8211; wpa7517"},"content":{"rendered":"<div style=\"text-align: center; margin-bottom: 20px;\">\n<h2 style=\"font-size: 22px; font-weight: 600; margin: 0; color: #333;\">Tp &#8211; link\u00a0|\u00a0 Extensores de red<\/h2>\n<p><strong>Kit de adaptadores powerline ac tp &#8211; link tl &#8211; wpa7517 kit dual band<\/strong><\/p>\n<\/div>\n<p style=\"max-width: 700px; margin: 0px auto 30px; font-size: 18px; line-height: 1.6; color: #555555; font-style: italic; text-align: left;\">\n<p>Cumple con el est\u00e1ndar Homeplug AV2: proporciona a los usuarios tasas de<br \/>transferencia de datos estables y de alta velocidad de hasta 1000 Mbps en una<br \/>longitud de l\u00ednea de hasta 300 metros<br \/>Wi-Fi 802.11ac de doble banda: el Wi-Fi de doble banda AC750 (433 Mbps a 5<br \/>GHz y 300 Mbps a 2,4 GHz) permite la transmisi\u00f3n, los juegos, el env\u00edo de correos<br \/>electr\u00f3nicos, la navegaci\u00f3n y la publicaci\u00f3n en sus dispositivos inal\u00e1mbricos en<br \/>toda su casa<br \/>Sincronizaci\u00f3n autom\u00e1tica de Wi-Fi: simplemente copie la configuraci\u00f3n de Wi-<br \/>Fi de su enrutador y aplique los cambios en la red el\u00e9ctrica segura con Wi-Fi<br \/>Clone y Wi-Fi Move<br \/>Puerto Gigabit Ethernet: proporciona conexiones por cable confiables de alta<br \/>velocidad para consolas de juegos, televisores inteligentes y NAS<br \/>Plug, Pair and Play: configure r\u00e1pidamente una red Powerline segura<br \/>TL-WPA7517 KIT transforma el circuito el\u00e9ctrico existente de su hogar en una red<br \/>Gigabit y lleva la red cableada e inal\u00e1mbrica a cualquier lugar donde haya una<br \/>toma de corriente.<\/p>\n<p>&#038;gt, No es necesario taladrar o instalar cables<br \/>&#038;gt, La red atraviesa paredes y suelos<br \/>&#038;gt, Ampl\u00ede la cobertura agregando m\u00e1s extensores<br \/>&#038;gt, Los adaptadores Powerline deben implementarse en conjuntos de dos o m\u00e1s<br \/>y estar conectados al mismo circuito el\u00e9ctrico<br \/>CARACTER\u00cdSTICAS DE HARDWARE<br \/>Tipo de Enchufe EU<br \/>Est\u00e1ndares y Protocolos HomePlug AV2, HomePlug AV, IEEE 1901, IEEE 802.3,<br \/>IEEE 802.3u,<br \/>IEEE 802.3ab, IEEE 802.11b\/g\/n (2.4GHz), IEEE 802.11a\/n\/ac (5GHz)<br \/>Interfaz TL-WPA7517: 1 puerto Ethernet<br \/>TL-PA7017: 1 puerto Ethernet<br \/>Botones Pair, Reset, Wi-Fi Clone, LED On\/Off<br \/>Consumo de Potencia TL-WPA7517: M\u00e1ximo: 11 W, t\u00edpico: 6,5 W<br \/>TL-PA7017: M\u00e1ximo: 2,9 W, t\u00edpico: 2,6 W<br \/>Indicador de LED Power, Powerline, Ethernet, Wi-Fi (2.4GHz), Wi-Fi (5GHz)<br \/>Dimensiones TL-WPA7517: 2.7 1.4 4.9 in. (69.5 35 124.1 mm)<br \/>TL-PA7017: 2.0 1.1 2.6 in. (52 28.5 65 mm)<br \/>Alcance Hasta 300 metros \/ 1000 pies sobre el cableado el\u00e9ctrico existente<br \/>Compatibilidad Compatible con todos los adaptadores powerline est\u00e1ndar<br \/>HomePlug AV y AV2<br \/>Velocidades de Transmisi\u00f3n Powerline: Hasta 1000 Mbps<br \/>Ethernet: 10\/100\/1000 Mbps<br \/>CARACTER\u00cdSTICAS INAL\u00c1MBRICAS<br \/>Seguridad Inal\u00e1mbrica Encriptaciones WPA-PSK \/ WPA2-PSK, WEP<br \/>CARACTER\u00cdSTICAS DE SOFTWARE<br \/>Gesti\u00f3n tpPLC: Scan the QR code to download TP-Link tpPLC App.<br \/>Or download new tpPLC Utility on PCs: www.tp-link.com.<br \/>Tecnolog\u00eda de Modulaci\u00f3n OFDM (PLC)<br \/>Encriptaci\u00f3n Powerline: cifrado AES de 128 bits<br \/>Inal\u00e1mbrico: WPA-PSK \/ WPA2-PSK, Encriptaciones WEP<br \/>Otros<br \/>Certificaciones CE, RoHS<br \/>Contenido del Paquete Kit AV1000 Powerline Wi-Fi: TL-WPA7517 y TL-PA7017<br \/>Cable Ethernet 2<br \/>Gu\u00eda de Instalaci\u00f3n R\u00e1pida<br \/>Requisitos del sistema Windows 10\/8.1\/8\/7\/Vista\/XP, Mac OS, Linux<br \/>Factores Ambientales Temperatura de funcionamiento: 0 C ~ 40 C (32 F<br \/>~ 104 F)<br \/>Humedad de funcionamiento: 10% ~ 90% sin condensaci\u00f3n<br \/>Para m\u00e1s informaci\u00f3n sobre su versi\u00f3n de hardware, por favor, vaya a la p\u00e1gina<br \/>de soporte, y consulte el datasheet de su versi\u00f3n.<\/p>\n<p>* 1. Compatible con todos los adaptadores Powerline est\u00e1ndar HomePlug AV y<br \/>AV2. Es posible que este producto no sea compatible con enrutadores o puertas<br \/>de enlace con firmware que se haya modificado, est\u00e9 basado en programas de<br \/>c\u00f3digo abierto o no sea est\u00e1ndar o est\u00e9 desactualizado.<\/p>\n<p>* 2. Las velocidades m\u00e1ximas de se\u00f1al inal\u00e1mbrica son las velocidades f\u00edsicas<br \/>derivadas de las especificaciones del est\u00e1ndar IEEE 802.11. El rendimiento real de<br \/>datos inal\u00e1mbricos y la cobertura inal\u00e1mbrica no est\u00e1n garantizados y variar\u00e1n<br \/>como resultado de 1) factores ambientales, incluidos materiales de construcci\u00f3n,<br \/>objetos f\u00edsicos y obst\u00e1culos, 2) condiciones de la red, incluidas interferencias<br \/>locales, volumen y densidad de tr\u00e1fico, ubicaci\u00f3n del producto, complejidad de la<br \/>red y sobrecarga de la red, y 3) limitaciones del cliente, incluido el rendimiento<br \/>nominal, la ubicaci\u00f3n, la conexi\u00f3n, la calidad y la condici\u00f3n del cliente.<\/p>\n<p>* 3. Las velocidades m\u00e1ximas de se\u00f1al de Powerline son las velocidades f\u00edsicas<br \/>derivadas de las especificaciones de HomeplugAV \/ AV2. El rendimiento real de<br \/>datos de Powerline y el rango de Powerline no est\u00e1n garantizados y variar\u00e1n como<br \/>resultado de las condiciones de la red y los factores ambientales, incluida la<br \/>interferencia el\u00e9ctrica, el volumen de tr\u00e1fico y la sobrecarga de la red, el<br \/>disyuntor AFCI y el Powerline ubicado en un circuito separado.<\/p>\n","protected":false},"excerpt":{"rendered":"<p>Kit de adaptadores powerline ac tp &#8211; link tl &#8211; wpa7517 kit dual band<\/p>\n","protected":false},"featured_media":239130,"comment_status":"open","ping_status":"open","template":"","meta":{"_et_pb_use_builder":"","_et_pb_old_content":"","_et_gb_content_width":""},"product_brand":[3946],"product_cat":[2058,3262,3261,3970],"product_tag":[3265,3264,3948],"class_list":{"0":"post-239129","1":"product","2":"type-product","3":"status-publish","4":"has-post-thumbnail","6":"product_brand-tp-link","7":"product_cat-dispositivos","8":"product_cat-extensores-de-red","9":"product_cat-redes","10":"product_cat-tp-link-extensores-de-red","11":"product_tag-extensores-de-red","12":"product_tag-redes","13":"product_tag-tp-link","14":"product_shipping_class-2059","15":"pa_canon-digital-impuesto-incluido-de-0-e","16":"pa_categoria-redes","17":"pa_marca-tp-link","18":"pa_peso-4040","19":"pa_referencia-tlwpa7517kit","21":"first","22":"instock","23":"sale","24":"taxable","25":"shipping-taxable","26":"purchasable","27":"product-type-simple"},"_links":{"self":[{"href":"https:\/\/linkxa.es\/linkshop\/wp-json\/wp\/v2\/product\/239129","targetHints":{"allow":["GET"]}}],"collection":[{"href":"https:\/\/linkxa.es\/linkshop\/wp-json\/wp\/v2\/product"}],"about":[{"href":"https:\/\/linkxa.es\/linkshop\/wp-json\/wp\/v2\/types\/product"}],"replies":[{"embeddable":true,"href":"https:\/\/linkxa.es\/linkshop\/wp-json\/wp\/v2\/comments?post=239129"}],"wp:featuredmedia":[{"embeddable":true,"href":"https:\/\/linkxa.es\/linkshop\/wp-json\/wp\/v2\/media\/239130"}],"wp:attachment":[{"href":"https:\/\/linkxa.es\/linkshop\/wp-json\/wp\/v2\/media?parent=239129"}],"wp:term":[{"taxonomy":"product_brand","embeddable":true,"href":"https:\/\/linkxa.es\/linkshop\/wp-json\/wp\/v2\/product_brand?post=239129"},{"taxonomy":"product_cat","embeddable":true,"href":"https:\/\/linkxa.es\/linkshop\/wp-json\/wp\/v2\/product_cat?post=239129"},{"taxonomy":"product_tag","embeddable":true,"href":"https:\/\/linkxa.es\/linkshop\/wp-json\/wp\/v2\/product_tag?post=239129"}],"curies":[{"name":"wp","href":"https:\/\/api.w.org\/{rel}","templated":true}]}}