{"id":239131,"date":"2025-11-20T20:22:57","date_gmt":"2025-11-20T20:22:57","guid":{"rendered":"https:\/\/linkxa.es\/contratacion\/producto\/tarjeta-pci-express-wifie-archer-tx50e\/"},"modified":"2025-12-08T12:17:02","modified_gmt":"2025-12-08T12:17:02","slug":"tarjeta-pci-express-wifie-archer-tx50e","status":"publish","type":"product","link":"https:\/\/linkxa.es\/linkshop\/producto\/tarjeta-pci-express-wifie-archer-tx50e\/","title":{"rendered":"Tarjeta pci express wifie archer tx50e"},"content":{"rendered":"<div style=\"text-align: center; margin-bottom: 20px;\">\n<h2 style=\"font-size: 22px; font-weight: 600; margin: 0; color: #333;\">Tp &#8211; link\u00a0|\u00a0 Tarjetas de red wifi<\/h2>\n<p><strong>Tarjeta pci express wifie archer tx50e ax3000 dual band ac2402 mbps &#038; bluetooth 5.0<\/strong><\/p>\n<\/div>\n<p style=\"max-width: 700px; margin: 0px auto 30px; font-size: 18px; line-height: 1.6; color: #555555; font-style: italic; text-align: left;\">Adaptador PCIe AX3000 Wi-Fi 6 Bluetooth 5.0<\/p>\n<p>Velocidad Sin Oponentes Wi-Fi 6Rompe la barrera del gigabit con velocidad<br \/>de hasta 2402 Mbps (5 GHz) + 574 Mbps (2.4 GHz)<br \/>Experiencia Flu\u00edda75% menos de latencia asegura una ultra respuesta en<br \/>juegos, video llamadas sin interrupciones y transmisiones en directo perfectas<br \/>Conexiones SegurasEl chipset Intel\u00ae Wi-Fi 6 ofrece un Wi-Fi m\u00e1s r\u00e1pido y<br \/>limpio que desbloquea el todo el potencial de tu router Wi-Fi 6<br \/>Cobertura de Se\u00f1al M\u00e1s Amplia Conecta a tu Wi-Fi en m\u00e1s zonas de tu casa<br \/>con las 2 antenas externas de alta ganancia que aseguran una gran cobertura y<br \/>estabilidad mejorada<br \/>Bluetooth 5.0La \u00faltima tecnolog\u00eda Bluetooth alcanza velocidades 2\u00d7<br \/>superiores y una cobertura 4\u00d7 m\u00e1s amplia que el BT 4.2<br \/>Seguridad MejoradaLas \u00faltimas mejoras de seguridad WPA3 proporciona<br \/>protecci\u00f3n mejorada en seguridad de contrase\u00f1a personal<br \/>Dise\u00f1o al DetalleEl disipador t\u00e9rmico y el revestimiento de oro especializados<br \/>est\u00e1n dise\u00f1ados para mejorar la estabilidad y la confiabilidad incluso en<br \/>ambientes calurosos<br \/>Compatibilidad con Versiones Anteriores Soporte total con los est\u00e1ndar<br \/>802.11ac\/a\/b\/g\/n<br \/>CARACTER\u00cdSTICAS DE HARDWARE<br \/>Dimensions 95.2 x 120.8 x 21.5 mm<br \/>(3.7 x 4.8 x 0.8 in)<br \/>Tipo de Antena Two High-Gain Dual Band Antennas<br \/>Chipset Intel Wi-Fi 6 Chipset<br \/>CARACTER\u00cdSTICAS INAL\u00c1MBRICAS<br \/>Est\u00e1ndares Inal\u00e1mbricos IEEE 802.11ax\/ac\/n\/a 5 GHz<br \/>IEEE 802.11ax\/n\/g\/b 2.4 GHz<br \/>Bluetooth 5.0\/4.2\/4.0<br \/>WLAN Signal Rate 5 GHz<br \/>11ax: Up to 2402 Mbps(dynamic)<br \/>11ac: Up to 1733 Mbps(dynamic)<br \/>11n: Up to 300 Mbps(dynamic)<br \/>11a: Up to 54 Mbps(dynamic)<\/p>\n<p>2.4 GHz<br \/>11ax: Up to 574 Mbps(dynamic)<br \/>11n: Up to 300 Mbps(dynamic)<br \/>11g: Up to 54 Mbps(dynamic)<br \/>11b: Up to 11 Mbps(dynamic)<br \/>WLAN Reception Sensitivity 5 GHz :<br \/>11ax HT160-56.25dBm<br \/>11ax HT80: -59dBm<br \/>11ax HT40: -62.25dBm<br \/>11ax HT20: -65dBm<\/p>\n<p>11ac HT160-62dBm<br \/>11ac HT80: -65.5dBm<br \/>11ac HT40: -69.75dBm<br \/>11ac HT20: -73.75dBm<br \/>11n HT40: -74.5dBm<br \/>11n HT20: -77.5dBm<br \/>11a 54Mbps: -77.75dBm<br \/>11a 6Mbps: -94.5dBm<\/p>\n<p>2.4GHz :<br \/>11ax HT40: -60.75dBm<br \/>11ax HT20: -63.75dBm<br \/>11n HT40: -73dBm<br \/>11n HT20: -76.25dBm<br \/>11g 54Mbps: -76.5dBm<br \/>11b 11Mbps: -89dBm<br \/>WLAN Transmit Power 5 GHz : 27dBm(FCC) \/ 23dBm(CE) (EIRP)<br \/>2.4 GHz : 26dBm(FCC) \/ 20dBm(CE) (EIRP)<br \/>WLAN Modes Modo de infraestructura<br \/>Seguridad Inal\u00e1mbrica Soporte 64\/128 bit WEP, WPA\/WAP2\/WPA3, WPA-<br \/>PSK\/WPA2-PSK, 802.1x<br \/>Tecnolog\u00eda de Modulaci\u00f3n DBPSK, DQPSK, CCK, OFDM, 16-QAM, 64-QAM, 256-<br \/>QAM, 1024QAM<br \/>Bluetooth Profiles Archer TX50E soporta los perfile nativos BT implementados en<br \/>Windows 10.<br \/>Para la \u00faltima informaci\u00f3n sobre los perfiles BT en Windows 10, consultar:<br \/>https:\/\/support.microsoft.com\/en-us\/help\/10568\/windows-10-supported-<br \/>bluetooth-profiles<br \/>Otros<br \/>Certificaciones CE, FCC, RoHS<br \/>Contenido del Paquete Archer TX50E<br \/>Dos Antenas de alta Ganancia 5 dBi<br \/>Soporte Bajo Perfil<br \/>Bluetooth Header Cable<br \/>Gu\u00eda de Instalaci\u00f3n R\u00e1pida<br \/>CD de Recursos<br \/>Requisitos del sistema Solamente Windows 10(64-bit)<br \/>Factores Ambientales Temperatura de Operaci\u00f3n: 0~40 (32~104)<br \/>Temperatura de Almacenamiento: -40~70 (-40~158)<br \/>Humedad de Operaci\u00f3n: 10%~90% sin condensaci\u00f3n<br \/>Humedad de Almacenamiento: 5%~90% sin condensaci\u00f3n<\/p>\n","protected":false},"excerpt":{"rendered":"<p>Tarjeta pci express wifie archer tx50e ax3000 dual band ac2402 mbps &#038; bluetooth 5.0<\/p>\n","protected":false},"featured_media":0,"comment_status":"open","ping_status":"open","template":"","meta":{"_et_pb_use_builder":"","_et_pb_old_content":"","_et_gb_content_width":""},"product_brand":[3946],"product_cat":[2058,3261,4016,4017],"product_tag":[3264,4018,3948],"class_list":{"0":"post-239131","1":"product","2":"type-product","3":"status-publish","5":"product_brand-tp-link","6":"product_cat-dispositivos","7":"product_cat-redes","8":"product_cat-tarjetas-de-red-wifi","9":"product_cat-tp-link-tarjetas-de-red-wifi","10":"product_tag-redes","11":"product_tag-tarjetas-de-red-wifi","12":"product_tag-tp-link","13":"product_shipping_class-2059","14":"pa_canon-digital-impuesto-incluido-de-0-e","15":"pa_categoria-redes","16":"pa_marca-tp-link","17":"pa_peso-4042","18":"pa_referencia-tpl-archertx50e","20":"first","21":"instock","22":"sale","23":"taxable","24":"shipping-taxable","25":"purchasable","26":"product-type-simple"},"_links":{"self":[{"href":"https:\/\/linkxa.es\/linkshop\/wp-json\/wp\/v2\/product\/239131","targetHints":{"allow":["GET"]}}],"collection":[{"href":"https:\/\/linkxa.es\/linkshop\/wp-json\/wp\/v2\/product"}],"about":[{"href":"https:\/\/linkxa.es\/linkshop\/wp-json\/wp\/v2\/types\/product"}],"replies":[{"embeddable":true,"href":"https:\/\/linkxa.es\/linkshop\/wp-json\/wp\/v2\/comments?post=239131"}],"wp:attachment":[{"href":"https:\/\/linkxa.es\/linkshop\/wp-json\/wp\/v2\/media?parent=239131"}],"wp:term":[{"taxonomy":"product_brand","embeddable":true,"href":"https:\/\/linkxa.es\/linkshop\/wp-json\/wp\/v2\/product_brand?post=239131"},{"taxonomy":"product_cat","embeddable":true,"href":"https:\/\/linkxa.es\/linkshop\/wp-json\/wp\/v2\/product_cat?post=239131"},{"taxonomy":"product_tag","embeddable":true,"href":"https:\/\/linkxa.es\/linkshop\/wp-json\/wp\/v2\/product_tag?post=239131"}],"curies":[{"name":"wp","href":"https:\/\/api.w.org\/{rel}","templated":true}]}}