{"id":239132,"date":"2025-04-01T06:38:48","date_gmt":"2025-04-01T06:38:48","guid":{"rendered":"https:\/\/linkxa.es\/contratacion\/producto\/switch-8-puertos-10-100-1000-2\/"},"modified":"2025-12-08T12:17:33","modified_gmt":"2025-12-08T12:17:33","slug":"switch-8-puertos-10-100-1000-2","status":"publish","type":"product","link":"https:\/\/linkxa.es\/linkshop\/producto\/switch-8-puertos-10-100-1000-2\/","title":{"rendered":"Switch 8 puertos 10 100 1000"},"content":{"rendered":"<div style=\"text-align: center; margin-bottom: 20px;\">\n<h2 style=\"font-size: 22px; font-weight: 600; margin: 0; color: #333;\">Tp &#8211; link\u00a0|\u00a0 Switch<\/h2>\n<p><strong>Switch 8 puertos 10 &#8211; 100 &#8211; 1000 l2 tp &#8211; link<\/strong><\/p>\n<\/div>\n<p style=\"max-width: 700px; margin: 0px auto 30px; font-size: 18px; line-height: 1.6; color: #555555; font-style: italic; text-align: left;\">\n<p>Conexiones Gigabit Ethernet en todos los puertos que proporcionan la<br \/>m\u00e1xima velocidad de transferencia de datos<br \/>Estrategia de seguridad integrada incluyendo VLAN 802.1Q, ACL, Seguridad<br \/>por Puerto y Control de Tormentas que ayudan a proteger la inversi\u00f3n en el<br \/>\u00e1rea LAN QoS L2 \/ L3 \/ L4 e IGMP snooping que optimizan las aplicaciones de<br \/>v\u00eddeo y voz<br \/>Modos de gesti\u00f3n v\u00eda WEB \/ CLI, SNMP, RMON que traen numerosas funciones<br \/>de administraci\u00f3n<br \/>Innovadora tecnolog\u00eda de eficiencia energ\u00e9tica que ahorra hasta un 65% del<br \/>consumo de energ\u00eda<br \/>CARACTER\u00cdSTICAS DE HARDWARE<br \/>Est\u00e1ndares y Protocolos IEEE 802.3i, IEEE 802.3u, IEEE 802.3ab,<br \/>IEEE 802.3ad, IEEE 802.3x, IEEE 802.1d, IEEE 802.1s,<br \/>IEEE 802.1w, IEEE 802.1q, IEEE 802.1p<br \/>Interfaz 8 Puertos RJ45 10\/100\/1000Mbps<br \/>(Auto-negociaci\u00f3n\/Auto MDI\/MDIX)<br \/>Medios de Red 10Base-T: UTP cable categor\u00eda 3, 4, 5 (m\u00e1ximo 100m)<br \/>100Base-TX\/1000Base-T: UTP cable categor\u00eda 5, 5e o superior<br \/>(m\u00e1ximo 100m)<br \/>Cantidad de Ventiladores Sin ventilador<br \/>Fuente de Alimentaci\u00f3n 100 ~ 240 VCA, 50\/60 Hz<br \/>Adaptador de corriente externo (salida: 12VDC \/ 1A)<br \/>Consumo de Potencia M\u00e1ximo: 6.42W (220V\/50 Hz)<br \/>Dimensiones 209 * 126 * 26 mm (8.2* 4.9* 1,0 pulg)<br \/>RENDIMIENTO<br \/>Ancho de Banda \/ Backplane 16Gbps<br \/>Tasa de Reenv\u00edo de Paquetes 11.9Mpps<br \/>Tabla de Direcciones MAC 8k<br \/>Jumbo Frame 9216 Bytes<br \/>CARACTER\u00cdSTICAS DE SOFTWARE<br \/>Calidad de Servicio Soporta 802.1p CoS \/ Prioridad DSCP<br \/>Soporta 4 Colas de Prioridad<br \/>Programaci\u00f3n por colas: SP, WRR, SP + WRR<br \/>Limitaci\u00f3n de taasa basado en Flujo \/ Puerto<br \/>VLAN para Voz<br \/>Caracter\u00edsticas L2 IGMP Snooping V1\/V2\/V3<br \/>LACP 802.3ad (hasta 6 grupos de agregaci\u00f3n, contiendo 4 puertos por grupo)<br \/>Spanning Tree STP\/RSTP\/MSTP<br \/>Filtrado\/Guarda de BPDU<br \/>Protecci\u00f3n TC\/Root<br \/>Detecci\u00f3n Loop Back<br \/>Control de Flujo 802.3x<br \/>VLAN Soporta hasta 512 VLANs simult\u00e1neamente (de hasta 4 K de IDs de VLAN)<br \/>Lista de Control de Acceso L2 ~L4 paquete filtrado basado en origen y destino<br \/>Direcci\u00f3n MAC, direcci\u00f3n IP, puertos TCP\/UDP, 802.1P,<br \/>DSCP, protocolo y VLAN ID<br \/>Basado en Rango de Tiempo<br \/>Seguridad SSH v1 \/ v2<br \/>SSL v2 \/ v3 \/ TLSv1<br \/>Seguridad Portuaria<br \/>Control de tormentas de difusi\u00f3n \/ multidifusi\u00f3n \/ unidifusi\u00f3n desconocida<br \/>Autenticaci\u00f3n 802.1xy Radius Enlace IP-Mac-Port-VID Inspecci\u00f3n ARP<br \/>Indagaci\u00f3n DHCP Defensa DoS<br \/>Gesti\u00f3n Gesti\u00f3n basada en Web GUI y CLI<br \/>SNMP v1\/v2c\/v3, compatible con MIBs p\u00fablicas y MIBs privadas de TP-LINK<br \/>RMON (grupos 1, 2, 3, 9)<br \/>Monitorizaci\u00f3n de CPU<br \/>Port Mirroring<br \/>Ajuste del Tiempo: SNTP<br \/>Actualizaci\u00f3n del Firmware: TFTP y Web<br \/>Sistema de Diagn\u00f3stico: APV<br \/>SYSLOG y MIBS P\u00fablicas<br \/>Otros<br \/>Certificaciones CE, FCC, RoHS<br \/>Contenido del Paquete TL-SG2008<br \/>Adaptador de Corriente<br \/>Gu\u00eda de Instalaci\u00f3n R\u00e1pida<br \/>CD de Recursos<br \/>Pies de Goma<br \/>Requisitos del sistema Microsoft Windows 98SE, NT, 2000, XP, Vista or<br \/>Windows 7, MAC OS, NetWare, UNIX or Linux.<br \/>Factores Ambientales Temperatura de Funcionamiento: 0 \u00ba C ~ 40 \u00ba C (32~<br \/>104),<br \/>Temperatura de Almacenamiento: -40\u00ba C ~ 70 \u00ba C (-40~ 158)<br \/>Humedad de Funcionamiento: 10% ~ 90% sin condensaci\u00f3n<br \/>Humedad de Almacenamiento: 5% ~ 90% sin condensaci\u00f3n<\/p>\n","protected":false},"excerpt":{"rendered":"<p>Switch 8 puertos 10 &#8211; 100 &#8211; 1000 l2 tp &#8211; link<\/p>\n","protected":false},"featured_media":0,"comment_status":"open","ping_status":"open","template":"","meta":{"_et_pb_use_builder":"","_et_pb_old_content":"","_et_gb_content_width":""},"product_brand":[3946],"product_cat":[2058,3261,3270,3955],"product_tag":[3264,3273,3948],"class_list":{"0":"post-239132","1":"product","2":"type-product","3":"status-publish","5":"product_brand-tp-link","6":"product_cat-dispositivos","7":"product_cat-redes","8":"product_cat-switch","9":"product_cat-tp-link-switch","10":"product_tag-redes","11":"product_tag-switch","12":"product_tag-tp-link","13":"product_shipping_class-2059","14":"pa_canon-digital-impuesto-incluido-de-0-e","15":"pa_categoria-redes","16":"pa_marca-tp-link","17":"pa_peso-4044","18":"pa_referencia-tpl-tl-sg2008","20":"first","21":"instock","22":"sale","23":"taxable","24":"shipping-taxable","25":"purchasable","26":"product-type-simple"},"_links":{"self":[{"href":"https:\/\/linkxa.es\/linkshop\/wp-json\/wp\/v2\/product\/239132","targetHints":{"allow":["GET"]}}],"collection":[{"href":"https:\/\/linkxa.es\/linkshop\/wp-json\/wp\/v2\/product"}],"about":[{"href":"https:\/\/linkxa.es\/linkshop\/wp-json\/wp\/v2\/types\/product"}],"replies":[{"embeddable":true,"href":"https:\/\/linkxa.es\/linkshop\/wp-json\/wp\/v2\/comments?post=239132"}],"wp:attachment":[{"href":"https:\/\/linkxa.es\/linkshop\/wp-json\/wp\/v2\/media?parent=239132"}],"wp:term":[{"taxonomy":"product_brand","embeddable":true,"href":"https:\/\/linkxa.es\/linkshop\/wp-json\/wp\/v2\/product_brand?post=239132"},{"taxonomy":"product_cat","embeddable":true,"href":"https:\/\/linkxa.es\/linkshop\/wp-json\/wp\/v2\/product_cat?post=239132"},{"taxonomy":"product_tag","embeddable":true,"href":"https:\/\/linkxa.es\/linkshop\/wp-json\/wp\/v2\/product_tag?post=239132"}],"curies":[{"name":"wp","href":"https:\/\/api.w.org\/{rel}","templated":true}]}}