{"id":239136,"date":"2025-04-13T04:17:47","date_gmt":"2025-04-13T04:17:47","guid":{"rendered":"https:\/\/linkxa.es\/contratacion\/producto\/pack-x2-adaptadores-red-linea-electrica-2\/"},"modified":"2025-12-08T12:18:31","modified_gmt":"2025-12-08T12:18:31","slug":"pack-x2-adaptadores-red-linea-electrica-2","status":"publish","type":"product","link":"https:\/\/linkxa.es\/linkshop\/producto\/pack-x2-adaptadores-red-linea-electrica-2\/","title":{"rendered":"Pack x2 adaptadores red linea electrica"},"content":{"rendered":"<div style=\"text-align: center; margin-bottom: 20px;\">\n<h2 style=\"font-size: 22px; font-weight: 600; margin: 0; color: #333;\">Tp &#8211; link\u00a0|\u00a0 Extensores de red<\/h2>\n<p><strong>Pack x2 adaptadores de red linea electrica 500mbps powerline tp &#8211; link tl &#8211; pa4010kit<\/strong><\/p>\n<\/div>\n<p style=\"max-width: 700px; margin: 0px auto 30px; font-size: 18px; line-height: 1.6; color: #555555; font-style: italic; text-align: left;\">Conforme con el est\u00e1ndar HomePlug AV, tasas de transferencia de datos a<br \/>alta velocidad de hasta 500Mbps<br \/>Dise\u00f1o en miniatura, m\u00e1s peque\u00f1o que la mayor\u00eda de los adaptadores<br \/>Powerline del mercado, se integra perfectamente con los enchufes de la<br \/>pared<br \/>Sin necesidad de nuevos cables, Instalaci\u00f3n Plug and Play sencilla, no<br \/>requiere configuraci\u00f3n<br \/>Modo patentado de ahorro de energ\u00eda que reduce autom\u00e1ticamente el<br \/>consumo hasta en un 85%*<br \/>Tipo de Enchufe EU, UK, US<br \/>Est\u00e1ndares y Protocolos HomePlug AV, IEEE802.3, IEEE802.3u<br \/>Interfaces 1 Puerto Ethernet 10\/100Mbps<br \/>Interfaces 1*10\/100Mbps Ethernet Port<br \/>Bot\u00f3n Bot\u00f3n de emparejamiento<br \/>Dimensiones (655228.5mm)<br \/>Consumo de Potencia M\u00e1ximo: 5W (220V\/50Hz)<br \/>Modo Standard: 4.60W (220V\/50Hz)<br \/>Modo en Espera: 0.72W (220V\/50Hz)<br \/>Indicador de LED PWR, PLC, ETH<br \/>Alcance 300M dentro de la casa<br \/>Caracter\u00edsticas de Software<br \/>Tecnolog\u00eda Modulaci\u00f3n OFDM<br \/>Encriptaci\u00f3n Encriptaci\u00f3n AES de 128-bits<br \/>Otros<br \/>Certificaciones CE, FCC, RoHS<br \/>Contenido del Paquete Adaptador Powerline Ethernet<br \/>Cable Ethernet (RJ45)<br \/>CD de utilidades,<br \/>Gu\u00eda de Instalaci\u00f3n R\u00e1pida<br \/>Requisitos del sistema Windows 8\/7\/Vista\/XP\/2000, Mac, Linux<br \/>Ambiente Temperatura de funcionamiento: 0?~40? (32?~104?)<br \/>Temperatura de almacenamiento: -40?~70? (-40?~158?)<br \/>Humedad de funcionamiento: 10%~90% sin condensaci\u00f3n<br \/>Humedad de almacenamiento: 5%~90% sin condensaci\u00f3n<\/p>\n","protected":false},"excerpt":{"rendered":"<p>Pack x2 adaptadores de red linea electrica 500mbps powerline tp &#8211; link tl &#8211; pa4010kit<\/p>\n","protected":false},"featured_media":0,"comment_status":"open","ping_status":"open","template":"","meta":{"_et_pb_use_builder":"","_et_pb_old_content":"","_et_gb_content_width":""},"product_brand":[3946],"product_cat":[2058,3262,3261,3970],"product_tag":[3265,3264,3948],"class_list":{"0":"post-239136","1":"product","2":"type-product","3":"status-publish","5":"product_brand-tp-link","6":"product_cat-dispositivos","7":"product_cat-extensores-de-red","8":"product_cat-redes","9":"product_cat-tp-link-extensores-de-red","10":"product_tag-extensores-de-red","11":"product_tag-redes","12":"product_tag-tp-link","13":"product_shipping_class-2088","14":"pa_canon-digital-impuesto-incluido-de-0-e","15":"pa_categoria-redes","16":"pa_marca-tp-link","17":"pa_peso-4048","18":"pa_referencia-tl-pa4010kit","20":"first","21":"instock","22":"sale","23":"taxable","24":"shipping-taxable","25":"purchasable","26":"product-type-simple"},"_links":{"self":[{"href":"https:\/\/linkxa.es\/linkshop\/wp-json\/wp\/v2\/product\/239136","targetHints":{"allow":["GET"]}}],"collection":[{"href":"https:\/\/linkxa.es\/linkshop\/wp-json\/wp\/v2\/product"}],"about":[{"href":"https:\/\/linkxa.es\/linkshop\/wp-json\/wp\/v2\/types\/product"}],"replies":[{"embeddable":true,"href":"https:\/\/linkxa.es\/linkshop\/wp-json\/wp\/v2\/comments?post=239136"}],"wp:attachment":[{"href":"https:\/\/linkxa.es\/linkshop\/wp-json\/wp\/v2\/media?parent=239136"}],"wp:term":[{"taxonomy":"product_brand","embeddable":true,"href":"https:\/\/linkxa.es\/linkshop\/wp-json\/wp\/v2\/product_brand?post=239136"},{"taxonomy":"product_cat","embeddable":true,"href":"https:\/\/linkxa.es\/linkshop\/wp-json\/wp\/v2\/product_cat?post=239136"},{"taxonomy":"product_tag","embeddable":true,"href":"https:\/\/linkxa.es\/linkshop\/wp-json\/wp\/v2\/product_tag?post=239136"}],"curies":[{"name":"wp","href":"https:\/\/api.w.org\/{rel}","templated":true}]}}