{"id":239143,"date":"2025-02-12T21:30:59","date_gmt":"2025-02-12T21:30:59","guid":{"rendered":"https:\/\/linkxa.es\/contratacion\/producto\/inyector-poe-tp-link\/"},"modified":"2025-12-08T12:20:00","modified_gmt":"2025-12-08T12:20:00","slug":"inyector-poe-tp-link","status":"publish","type":"product","link":"https:\/\/linkxa.es\/linkshop\/producto\/inyector-poe-tp-link\/","title":{"rendered":"Inyector poe tp &#8211; link"},"content":{"rendered":"<div style=\"text-align: center; margin-bottom: 20px;\">\n<h2 style=\"font-size: 22px; font-weight: 600; margin: 0; color: #333;\">Tp &#8211; link\u00a0|\u00a0 Accesorios redes<\/h2>\n<p><strong>Inyector poe tp &#8211; link<\/strong><\/p>\n<\/div>\n<p style=\"max-width: 700px; margin: 0px auto 30px; font-size: 18px; line-height: 1.6; color: #555555; font-style: italic; text-align: left;\">Cumple con el est\u00e1dar IEEE 802.3af<br \/>Suministra alimentaci\u00f3n el\u00e9ctrica hasta una distancia de 100 metros<br \/>Identificaci\u00f3n autom\u00e1tica de los requisitos necesarios de alimentaci\u00f3n<br \/>Plug-and-Play, no requiere de ninguna configuraci\u00f3n<br \/>Fuente externa de alimentaci\u00f3n<br \/>Interfaz 1 puerto de red RJ45 a 10\/100 Mbps<br \/>Negociaci\u00f3n autom\u00e1tica, MDI\/MDIX autom\u00e1tico<br \/>Network Media 10BASE-T: cable UTP categor\u00eda 3, 4, 5 (100 metros<br \/>m\u00e1ximo)<br \/>EIA\/TIA-568 100O STP (m\u00e1ximo 100 m)<br \/>100BASE-TX: cable UTP categor\u00edas 5, 5e (m\u00e1ximo 100 metros)<br \/>EIA\/TIA-568 100O STP (m\u00e1ximo 100 m)<br \/>Dimensions (W X D X H) 3.2*2.1*0.9 in.(80.8*54*24 mm)<br \/>LED Indicator PWR (alimentaci\u00f3n)<br \/>Power Supply 15,4 W (m\u00e1ximo 48 V DC)<br \/>SOFTWARE FEATURES<br \/>Basic Function Soporta dispositivos compatibles con el est\u00e1ndar IEEE<br \/>802.3af<br \/>Suministra alimentaci\u00f3n el\u00e9ctrica hasta 100 metros<br \/>Identifica autom\u00e1ticamente los requisitos de alimentaci\u00f3n necesarios<br \/>OTROS<br \/>Certificaciones FCC, CE<br \/>Requisitos del sistema Microsoft Windows 98SE, NT, 2000, XP,<br \/>Vista o Windows 7, MAC OS, NetWare, UNIX o Linux.<br \/>Factores ambientales Temperatura de funcionamiento: 0? ~ 40? (32?<br \/>~ 104?)<br \/>Temperatura de almacenamiento: -40? ~ 70? (-40? ~ 158?)<br \/>Humedad: 10% ~ 90% sin condensaci\u00f3n<br \/>Humedad de almacenamiento: 5% ~ 90% sin condensaci\u00f3n<\/p>\n","protected":false},"excerpt":{"rendered":"<p>Inyector poe tp &#8211; link<\/p>\n","protected":false},"featured_media":0,"comment_status":"open","ping_status":"open","template":"","meta":{"_et_pb_use_builder":"","_et_pb_old_content":"","_et_gb_content_width":""},"product_brand":[3946],"product_cat":[3280,2058,3261,4053],"product_tag":[3283,3264,3948],"class_list":{"0":"post-239143","1":"product","2":"type-product","3":"status-publish","5":"product_brand-tp-link","6":"product_cat-accesorios-redes","7":"product_cat-dispositivos","8":"product_cat-redes","9":"product_cat-tp-link-accesorios-redes","10":"product_tag-accesorios-redes","11":"product_tag-redes","12":"product_tag-tp-link","13":"product_shipping_class-2088","14":"pa_canon-digital-impuesto-incluido-de-0-e","15":"pa_categoria-redes","16":"pa_marca-tp-link","17":"pa_peso-4055","18":"pa_referencia-tl-poe150s","20":"first","21":"instock","22":"sale","23":"taxable","24":"shipping-taxable","25":"purchasable","26":"product-type-simple"},"_links":{"self":[{"href":"https:\/\/linkxa.es\/linkshop\/wp-json\/wp\/v2\/product\/239143","targetHints":{"allow":["GET"]}}],"collection":[{"href":"https:\/\/linkxa.es\/linkshop\/wp-json\/wp\/v2\/product"}],"about":[{"href":"https:\/\/linkxa.es\/linkshop\/wp-json\/wp\/v2\/types\/product"}],"replies":[{"embeddable":true,"href":"https:\/\/linkxa.es\/linkshop\/wp-json\/wp\/v2\/comments?post=239143"}],"wp:attachment":[{"href":"https:\/\/linkxa.es\/linkshop\/wp-json\/wp\/v2\/media?parent=239143"}],"wp:term":[{"taxonomy":"product_brand","embeddable":true,"href":"https:\/\/linkxa.es\/linkshop\/wp-json\/wp\/v2\/product_brand?post=239143"},{"taxonomy":"product_cat","embeddable":true,"href":"https:\/\/linkxa.es\/linkshop\/wp-json\/wp\/v2\/product_cat?post=239143"},{"taxonomy":"product_tag","embeddable":true,"href":"https:\/\/linkxa.es\/linkshop\/wp-json\/wp\/v2\/product_tag?post=239143"}],"curies":[{"name":"wp","href":"https:\/\/api.w.org\/{rel}","templated":true}]}}