{"id":239144,"date":"2025-07-31T09:59:49","date_gmt":"2025-07-31T09:59:49","guid":{"rendered":"https:\/\/linkxa.es\/contratacion\/producto\/switch-8-puertos-10-100-4\/"},"modified":"2025-12-08T12:20:31","modified_gmt":"2025-12-08T12:20:31","slug":"switch-8-puertos-10-100-4","status":"publish","type":"product","link":"https:\/\/linkxa.es\/linkshop\/producto\/switch-8-puertos-10-100-4\/","title":{"rendered":"Switch 8 puertos 10 100 4"},"content":{"rendered":"<div style=\"text-align: center; margin-bottom: 20px;\">\n<h2 style=\"font-size: 22px; font-weight: 600; margin: 0; color: #333;\">Tp &#8211; link\u00a0|\u00a0 Switch<\/h2>\n<p><strong>Switch 8 puertos 10 &#8211; 100 4 ptos poe tp &#8211; link<\/strong><\/p>\n<\/div>\n<p style=\"max-width: 700px; margin: 0px auto 30px; font-size: 18px; line-height: 1.6; color: #555555; font-style: italic; text-align: left;\">Para qu\u00e9 sirve este producto<\/p>\n<p>El switch PoE de sobremesa con 8 puertos a 10\/100 Mbps TL-SF1008P<br \/>permite conectar entre s\u00ed dispositivos de red de un modo sencillo. Incorpora<br \/>puertos compatibles tanto con Fast Ethernet a 100 Mbps como Ethernet a 10<br \/>Mbps.<br \/>C\u00f3mo funciona<\/p>\n<p>4 de los 8 puertos RJ45 con negociaci\u00f3n autom\u00e1tica (del puerto 1 al 4) del<br \/>switch soportan el modo Power over Ethernet (PoE). Estos puertos PoE<br \/>detectan autom\u00e1ticamente la presencia de dispositivos PoE compatibles con<br \/>el est\u00e1ndar IEEE 802.3af y les suministran alimentaci\u00f3n el\u00e9ctrica. Con la<br \/>tecnolog\u00eda PoE, la energ\u00eda el\u00e9ctrica se transmite junto a los datos a trav\u00e9s de<br \/>un solo cable, lo que permite llevar la red a aquellos puntos en los que no se<br \/>disponga de conexiones o tomas de corriente el\u00e9ctrica. De este modo, podr\u00e1<br \/>instalar de un modo permanente dispositivos tales como puntos de acceso,<br \/>c\u00e1maras IP, tel\u00e9fonos IP, etc.<br \/>Protecci\u00f3n contra sobrecargas<\/p>\n<p>El TL-SF1008P dispone de una funci\u00f3n de prioridad* que ayuda a proteger el<br \/>equipo cuando se produce una sobrecarga en la alimentaci\u00f3n del sistema. Si<br \/>el consumo de todos los equipos PoE es mayor o igual que 53 W, se<br \/>establece una prioridad de alimentaci\u00f3n entre los puertos PoE en funci\u00f3n de<br \/>la cual el equipo interrumpe la alimentaci\u00f3n en el puerto que posea una<br \/>menor prioridad.<br \/>Funci\u00f3n de prioridad en los puertos<\/p>\n<p>*Prioridad (puerto 1 &#038;gt, puerto 2 &#038;gt, puerto 3 &#038;gt, puerto 4): Esta funci\u00f3n le ayuda a<br \/>proteger el sistema si se produce una sobrecarga. Por ejemplo, los puertos<br \/>1, 2 y 4 est\u00e1n utilizando 15,4 W (el nivel m\u00e1ximo de alimentaci\u00f3n por puerto<br \/>es de 15,4 W) por lo que el suministro del sistema es de 46,2 W en total (el<br \/>led que PoE max se ilumina en rojo). Si se conecta un dispositivo PoE que<br \/>consume 10 W en el puerto 3, el equipo desconecta la alimentaci\u00f3n del<br \/>puerto 4 para protegerse. De este modo, los puertos 1 y 2 consumir\u00e1n 15,4<br \/>W, el puerto 3 utilizar\u00e1 10 W y no se suministrar\u00e1 alimentaci\u00f3n al puerto 4.<br \/>F\u00e1cil de usar<\/p>\n<p>El TL-SF1008P es f\u00e1cil de instalar y utilizar No requiere ning\u00fan tipo de<br \/>configuraci\u00f3n o instalaci\u00f3n. El switch PoE de sobremesa con 8 puertos<br \/>10\/100 Mbps TL-SF1008P de TP-LINK ofrece un rendimiento y calidad<br \/>excepcionales por lo que resulta una excelente opci\u00f3n para ampliar tanto su<br \/>red dom\u00e9stica como la de su oficina.<br \/>Interfaz 8 puertos RJ45 a 10\/100 Mbps<br \/>Negociaci\u00f3n autom\u00e1tica, MDI\/MDIX autom\u00e1tico<br \/>Network Media 10BASE-T: cable UTP categor\u00eda 3, 4, 5 (100 metros<br \/>m\u00e1ximo)<br \/>EIA\/TIA-568 100O STP (m\u00e1ximo 100 m)<br \/>100BASE-TX: cable UTP categor\u00edas 5, 5e (m\u00e1ximo 100 metros)<br \/>EIA\/TIA-568 100O STP (m\u00e1ximo 100 m)<br \/>PoE Ports (RJ45) 4<br \/>Backbound Bandwidth 1.6Gbps<br \/>Mac Address Table 1K<br \/>External Power Supply Fuente externa de alimentaci\u00f3n (salida: 48 V DC<br \/>\/ 1,25 A)<br \/>Dimensions (W X D X H) 6,7*3,9*1,1 pulgadas (171*98*27 mm)<br \/>SOFTWARE FEATURES<br \/>Transmission Method Store-And-Forward<br \/>Advanced Functions Soporta dispositivos compatibles con el<br \/>est\u00e1ndar IEEE 802.3af<br \/>Funci\u00f3n de prioridad<br \/>Aprendizaje y caducidad autom\u00e1ticas de direcciones MAC (Auto-Learning y<br \/>Auto-aging)<br \/>Control de flujo IEEE 802.3x en modo Full Duplex y Back-Pressure en modo<br \/>Half Duplex<br \/>OTROS<br \/>Certificaciones FCC, CE<br \/>Contenido del Paquete Router cable\/DSL, gu\u00eda r\u00e1pida de instalaci\u00f3n, CD<br \/>de utilidades, adaptador de corriente, cable Ethernet RJ-45, tarjeta de<br \/>garant\u00eda<br \/>Consumption 5,8 W (m\u00e1ximo sin ning\u00fan dispositivo conectado)<br \/>58 W (m\u00e1ximo con dispositivos conectados con un consumo de 53 W)<br \/>Factores ambientales Temperatura de funcionamiento: 0?~40?<br \/>(32?~104?)<br \/>Temperatura de almacenamiento: -40?~70? (-40?~158?)<br \/>Humedad de funcionamiento: 10%~90% sin condensaci\u00f3n<br \/>Humedad de almacenamiento: 5%~90% sin condensaci\u00f3n<\/p>\n","protected":false},"excerpt":{"rendered":"<p>Switch 8 puertos 10 &#8211; 100 4 ptos poe tp &#8211; link<\/p>\n","protected":false},"featured_media":0,"comment_status":"open","ping_status":"open","template":"","meta":{"_et_pb_use_builder":"","_et_pb_old_content":"","_et_gb_content_width":""},"product_brand":[3946],"product_cat":[2058,3261,3270,3955],"product_tag":[3264,3273,3948],"class_list":{"0":"post-239144","1":"product","2":"type-product","3":"status-publish","5":"product_brand-tp-link","6":"product_cat-dispositivos","7":"product_cat-redes","8":"product_cat-switch","9":"product_cat-tp-link-switch","10":"product_tag-redes","11":"product_tag-switch","12":"product_tag-tp-link","13":"product_shipping_class-2088","14":"pa_canon-digital-impuesto-incluido-de-0-e","15":"pa_categoria-redes","16":"pa_marca-tp-link","17":"pa_peso-3639","18":"pa_referencia-tl-sf1008p","20":"first","21":"instock","22":"sale","23":"taxable","24":"shipping-taxable","25":"purchasable","26":"product-type-simple"},"_links":{"self":[{"href":"https:\/\/linkxa.es\/linkshop\/wp-json\/wp\/v2\/product\/239144","targetHints":{"allow":["GET"]}}],"collection":[{"href":"https:\/\/linkxa.es\/linkshop\/wp-json\/wp\/v2\/product"}],"about":[{"href":"https:\/\/linkxa.es\/linkshop\/wp-json\/wp\/v2\/types\/product"}],"replies":[{"embeddable":true,"href":"https:\/\/linkxa.es\/linkshop\/wp-json\/wp\/v2\/comments?post=239144"}],"wp:attachment":[{"href":"https:\/\/linkxa.es\/linkshop\/wp-json\/wp\/v2\/media?parent=239144"}],"wp:term":[{"taxonomy":"product_brand","embeddable":true,"href":"https:\/\/linkxa.es\/linkshop\/wp-json\/wp\/v2\/product_brand?post=239144"},{"taxonomy":"product_cat","embeddable":true,"href":"https:\/\/linkxa.es\/linkshop\/wp-json\/wp\/v2\/product_cat?post=239144"},{"taxonomy":"product_tag","embeddable":true,"href":"https:\/\/linkxa.es\/linkshop\/wp-json\/wp\/v2\/product_tag?post=239144"}],"curies":[{"name":"wp","href":"https:\/\/api.w.org\/{rel}","templated":true}]}}